{"id":2703,"date":"2018-09-05T09:04:02","date_gmt":"2018-09-05T08:04:02","guid":{"rendered":"https:\/\/www.karibiandescanso.com\/?page_id=2703"},"modified":"2026-03-17T10:00:44","modified_gmt":"2026-03-17T09:00:44","slug":"oeko-tex","status":"publish","type":"page","link":"https:\/\/karibiandescanso.com\/fr\/oeko-tex\/","title":{"rendered":"Oeko-Tex"},"content":{"rendered":"<p>[vc_row css_animation=&#8221;&#8221; row_type=&#8221;row&#8221; use_row_as_full_screen_section=&#8221;no&#8221; type=&#8221;full_width&#8221; angled_section=&#8221;no&#8221; text_align=&#8221;left&#8221; background_image_as_pattern=&#8221;without_pattern&#8221; css=&#8221;.vc_custom_1536135295053{background-color: #ffffff !important;}&#8221; z_index=&#8221;&#8221;][vc_column][vc_single_image image=&#8221;2705&#8243; img_size=&#8221;full&#8221; alignment=&#8221;center&#8221; qode_css_animation=&#8221;&#8221;][vc_empty_space height=&#8221;60px&#8221;][vc_column_text]<\/p>\n<h4 style=\"text-align: center;\">OEKO-TEX STANDARD 2017OK1452<\/h4>\n<p>[\/vc_column_text][vc_empty_space height=&#8221;30px&#8221;][vc_row_inner row_type=&#8221;row&#8221; type=&#8221;grid&#8221; text_align=&#8221;left&#8221; css_animation=&#8221;&#8221;][vc_column_inner][vc_column_text]<\/p>\n<p style=\"text-align: justify;\">Karibian Descanso poss\u00e8de le Certificat OEKO-TEX 2017OK1452 AITEX. Le certificat Oeko-tex Standard 100 est l\u00b4\u00e9tiquette \u00e9cologique leader mondial pour certifier les articles textiles qui sont libres de substances nocives.<\/p>\n<p>&nbsp;<\/p>\n<p style=\"text-align: justify;\">La norme Oeko-Tex Standard 100 est un syst\u00e8me d\u00b4essais et certification unifi\u00e9 \u00e0 niveau mondial pour produits textiles pendant toutes les \u00e9tapes du processus de fabrication. Les analyses des substances toxiques incluent; substances interdits et r\u00e9gies par la loi, produits chimiques dangereux pour la sant\u00e9, ainsi que param\u00e9tr\u00e9s pr\u00e9ventifs. Ce certificat signifie plus de s\u00e9curit\u00e9 des produits et un syst\u00e8me interne de garantie de qualit\u00e9, dans lequel, les produits analys\u00e9s peuvent \u00eatre diff\u00e9renci\u00e9s avec la marque OEKO-TEX pour les producteurs.<\/p>\n<p>&nbsp;<\/p>\n<p style=\"text-align: justify;\">Le slogan <strong>\u00abTextiles de confiance<\/strong><strong>\u00bb<\/strong>; est synonyme de responsabilit\u00e9, s\u00e9curit\u00e9 et transparence pendant la production textile. Chez Karibian Descanso, nous sommes conscients de l\u2019importance du repos et de son impact sur la sant\u00e9.<\/p>\n<p>[\/vc_column_text][\/vc_column_inner][\/vc_row_inner][vc_empty_space height=&#8221;40px&#8221;][vc_single_image image=&#8221;18464&#8243; img_size=&#8221;medium&#8221; alignment=&#8221;center&#8221; qode_css_animation=&#8221;&#8221;][vc_empty_space height=&#8221;40px&#8221;][vc_row_inner row_type=&#8221;row&#8221; type=&#8221;grid&#8221; text_align=&#8221;left&#8221; css_animation=&#8221;&#8221;][vc_column_inner][vc_column_text]<\/p>\n<p style=\"text-align: justify;\"><strong>Pour-quoi il faut l\u00b4exiger?<\/strong><\/p>\n<p>&nbsp;<\/p>\n<p style=\"text-align: justify;\">Le certificat Oeko-Tex v\u00e9rifie tous les composants du produit, et certifie qu\u00b4ils ne poss\u00e8dent pas des substances nocives pour la sant\u00e9.<\/p>\n<p>&nbsp;<\/p>\n<p style=\"text-align: justify;\"><strong>Qu\u00b4est-ce que \u00e7a veut dire pour nous, comme consommateur?<\/strong><\/p>\n<p>&nbsp;<\/p>\n<p style=\"text-align: justify;\">Comme consommateur, nous avons la tranquillit\u00e9 d\u00b4avoir achet\u00e9 un produit, qui a pass\u00e9 un test exhaustive et que nous donnera la s\u00fbret\u00e9 que le produit n\u00b4a pas de substances nocives pour la sant\u00e9.<\/p>\n<p>&nbsp;<\/p>\n<p style=\"text-align: justify;\"><strong>Est-ce que si un seul composant du produit poss\u00e8de le certificat, tout le produit poss\u00e8de la certification?<\/strong><\/p>\n<p>&nbsp;<\/p>\n<p style=\"text-align: justify;\">Non, si un composant de votre v\u00eatement, comme la cr\u00e9maill\u00e8re d\u00b4une veste, poss\u00e8de la certification Oeko-Tex, \u00e7a ne veut pas dire que les autres composants, comme les tissus, les boutons ou le fil aient ce certificat.<\/p>\n<p style=\"text-align: justify;\">N\u00e9anmoins, tous les composants de nos matelas, comme les mousses de polyur\u00e9thane de haute r\u00e9silience avec densit\u00e9s entre 28-55kg, les noyaux \u00e0 ressorts ensach\u00e9s, les visco\u00e9lastiques avec densit\u00e9s entre 50-80 kg, les tissus en polyester combin\u00e9s avec des fibres naturelles comme le Tencel, la laine de m\u00e9rinos, le lin, le cashmere, le coton,\u2026 et mat\u00e9riaux comme le fil, les cr\u00e9maill\u00e8res, les bourrelets et les \u00e9tiquettes sont certifi\u00e9s par Oeko-Tex.<\/p>\n<p>&nbsp;<\/p>\n<p style=\"text-align: justify;\"><strong>Est-ce que si vous achetez un produit avec ce certificat, investissez-vous en qualit\u00e9 et tranquillit\u00e9?<\/strong><\/p>\n<p>&nbsp;<\/p>\n<p style=\"text-align: justify;\">Bien s\u00fbr, acheter un produit avec ce certificat est synonyme d\u00b4investir en qualit\u00e9 et sant\u00e9.<\/p>\n<p>&nbsp;<\/p>\n<p><strong>Est-ce qu<\/strong><strong>\u2019<\/strong><strong>il est n\u00e9cessaire de renouveler la validit\u00e9 du certificat?<\/strong><\/p>\n<p>&nbsp;<\/p>\n<p style=\"text-align: justify;\">L\u2019institut ou l\u2019organisme de certification comp\u00e9tent d\u00e9livre le certificat Oeko-Tex valable 12 mois. Il atteste que les articles indiqu\u00e9s ont \u00e9t\u00e9 v\u00e9rifi\u00e9s avec succ\u00e8s conform\u00e9ment \u00e0 la norme et qu\u2019ils remplissent toutes les conditions requises.<\/p>\n<p>[\/vc_column_text][vc_empty_space height=&#8221;40px&#8221;]<a  itemprop=\"url\" href=\"https:\/\/karibiandescanso.com\/wp-content\/uploads\/2026\/03\/Certificado-OEKO-TEX-2026_Frances_compressed.pdf\" target=\"_blank\"  class=\"qbutton  default\" style=\"\">R\u00c9NOVATION OEKO-TEX 2017OK1452 (2026)<\/a>[\/vc_column_inner][\/vc_row_inner][vc_empty_space height=&#8221;40px&#8221;][vc_single_image image=&#8221;18462&#8243; img_size=&#8221;full&#8221; alignment=&#8221;center&#8221; qode_css_animation=&#8221;&#8221;][vc_empty_space height=&#8221;40px&#8221;][\/vc_column][\/vc_row]<\/p>\n","protected":false},"excerpt":{"rendered":"<p>[vc_row css_animation=&#8221;&#8221; row_type=&#8221;row&#8221; use_row_as_full_screen_section=&#8221;no&#8221; type=&#8221;full_width&#8221; angled_section=&#8221;no&#8221; text_align=&#8221;left&#8221; background_image_as_pattern=&#8221;without_pattern&#8221; css=&#8221;.vc_custom_1536135295053{background-color: #ffffff !important;}&#8221; z_index=&#8221;&#8221;][vc_column][vc_single_image image=&#8221;2705&#8243; img_size=&#8221;full&#8221; alignment=&#8221;center&#8221; qode_css_animation=&#8221;&#8221;][vc_empty_space height=&#8221;60px&#8221;][vc_column_text] OEKO-TEX STANDARD 2017OK1452 [\/vc_column_text][vc_empty_space height=&#8221;30px&#8221;][vc_row_inner row_type=&#8221;row&#8221; type=&#8221;grid&#8221; text_align=&#8221;left&#8221; css_animation=&#8221;&#8221;][vc_column_inner][vc_column_text] Karibian Descanso poss\u00e8de le Certificat OEKO-TEX 2017OK1452 AITEX. Le certificat Oeko-tex Standard 100 est l\u00b4\u00e9tiquette \u00e9cologique leader mondial pour&#8230;<\/p>\n","protected":false},"author":1,"featured_media":0,"parent":0,"menu_order":0,"comment_status":"closed","ping_status":"closed","template":"full_width.php","meta":{"footnotes":""},"class_list":["post-2703","page","type-page","status-publish","hentry"],"yoast_head":"<!-- This site is optimized with the Yoast SEO plugin v27.0 - https:\/\/yoast.com\/product\/yoast-seo-wordpress\/ -->\n<title>Oeko-Tex - Karibian Descanso<\/title>\n<meta name=\"robots\" content=\"index, follow, max-snippet:-1, max-image-preview:large, max-video-preview:-1\" \/>\n<link rel=\"canonical\" href=\"https:\/\/karibiandescanso.com\/oeko-tex\/\" \/>\n<meta property=\"og:locale\" content=\"fr_FR\" \/>\n<meta property=\"og:type\" content=\"article\" \/>\n<meta property=\"og:title\" content=\"Oeko-Tex - Karibian Descanso\" \/>\n<meta property=\"og:description\" content=\"[vc_row css_animation=&#8221;&#8221; row_type=&#8221;row&#8221; use_row_as_full_screen_section=&#8221;no&#8221; type=&#8221;full_width&#8221; angled_section=&#8221;no&#8221; text_align=&#8221;left&#8221; background_image_as_pattern=&#8221;without_pattern&#8221; css=&#8221;.vc_custom_1536135295053{background-color: #ffffff !important;}&#8221; z_index=&#8221;&#8221;][vc_column][vc_single_image image=&#8221;2705&#8243; img_size=&#8221;full&#8221; alignment=&#8221;center&#8221; qode_css_animation=&#8221;&#8221;][vc_empty_space height=&#8221;60px&#8221;][vc_column_text] OEKO-TEX STANDARD 2017OK1452 [\/vc_column_text][vc_empty_space height=&#8221;30px&#8221;][vc_row_inner row_type=&#8221;row&#8221; type=&#8221;grid&#8221; text_align=&#8221;left&#8221; css_animation=&#8221;&#8221;][vc_column_inner][vc_column_text] Karibian Descanso poss\u00e8de le Certificat OEKO-TEX 2017OK1452 AITEX. Le certificat Oeko-tex Standard 100 est l\u00b4\u00e9tiquette \u00e9cologique leader mondial pour...\" \/>\n<meta property=\"og:url\" content=\"https:\/\/karibiandescanso.com\/oeko-tex\/\" \/>\n<meta property=\"og:site_name\" content=\"Karibian Descanso\" \/>\n<meta property=\"article:modified_time\" content=\"2026-03-17T09:00:44+00:00\" \/>\n<meta name=\"twitter:card\" content=\"summary_large_image\" \/>\n<meta name=\"twitter:label1\" content=\"Dur\u00e9e de lecture estim\u00e9e\" \/>\n\t<meta name=\"twitter:data1\" content=\"3 minutes\" \/>\n<script type=\"application\/ld+json\" class=\"yoast-schema-graph\">{\"@context\":\"https:\/\/schema.org\",\"@graph\":[{\"@type\":\"WebPage\",\"@id\":\"https:\/\/karibiandescanso.com\/oeko-tex\/\",\"url\":\"https:\/\/karibiandescanso.com\/oeko-tex\/\",\"name\":\"Oeko-Tex - Karibian Descanso\",\"isPartOf\":{\"@id\":\"https:\/\/karibiandescanso.com\/#website\"},\"datePublished\":\"2018-09-05T08:04:02+00:00\",\"dateModified\":\"2026-03-17T09:00:44+00:00\",\"breadcrumb\":{\"@id\":\"https:\/\/karibiandescanso.com\/oeko-tex\/#breadcrumb\"},\"inLanguage\":\"fr-FR\",\"potentialAction\":[{\"@type\":\"ReadAction\",\"target\":[\"https:\/\/karibiandescanso.com\/oeko-tex\/\"]}]},{\"@type\":\"BreadcrumbList\",\"@id\":\"https:\/\/karibiandescanso.com\/oeko-tex\/#breadcrumb\",\"itemListElement\":[{\"@type\":\"ListItem\",\"position\":1,\"name\":\"Portada\",\"item\":\"https:\/\/karibiandescanso.com\/\"},{\"@type\":\"ListItem\",\"position\":2,\"name\":\"Oeko-Tex\"}]},{\"@type\":\"WebSite\",\"@id\":\"https:\/\/karibiandescanso.com\/#website\",\"url\":\"https:\/\/karibiandescanso.com\/\",\"name\":\"Karibian Descanso\",\"description\":\"O\u00f9 est le repos\",\"potentialAction\":[{\"@type\":\"SearchAction\",\"target\":{\"@type\":\"EntryPoint\",\"urlTemplate\":\"https:\/\/karibiandescanso.com\/?s={search_term_string}\"},\"query-input\":{\"@type\":\"PropertyValueSpecification\",\"valueRequired\":true,\"valueName\":\"search_term_string\"}}],\"inLanguage\":\"fr-FR\"}]}<\/script>\n<!-- \/ Yoast SEO plugin. -->","yoast_head_json":{"title":"Oeko-Tex - Karibian Descanso","robots":{"index":"index","follow":"follow","max-snippet":"max-snippet:-1","max-image-preview":"max-image-preview:large","max-video-preview":"max-video-preview:-1"},"canonical":"https:\/\/karibiandescanso.com\/oeko-tex\/","og_locale":"fr_FR","og_type":"article","og_title":"Oeko-Tex - Karibian Descanso","og_description":"[vc_row css_animation=&#8221;&#8221; row_type=&#8221;row&#8221; use_row_as_full_screen_section=&#8221;no&#8221; type=&#8221;full_width&#8221; angled_section=&#8221;no&#8221; text_align=&#8221;left&#8221; background_image_as_pattern=&#8221;without_pattern&#8221; css=&#8221;.vc_custom_1536135295053{background-color: #ffffff !important;}&#8221; z_index=&#8221;&#8221;][vc_column][vc_single_image image=&#8221;2705&#8243; img_size=&#8221;full&#8221; alignment=&#8221;center&#8221; qode_css_animation=&#8221;&#8221;][vc_empty_space height=&#8221;60px&#8221;][vc_column_text] OEKO-TEX STANDARD 2017OK1452 [\/vc_column_text][vc_empty_space height=&#8221;30px&#8221;][vc_row_inner row_type=&#8221;row&#8221; type=&#8221;grid&#8221; text_align=&#8221;left&#8221; css_animation=&#8221;&#8221;][vc_column_inner][vc_column_text] Karibian Descanso poss\u00e8de le Certificat OEKO-TEX 2017OK1452 AITEX. Le certificat Oeko-tex Standard 100 est l\u00b4\u00e9tiquette \u00e9cologique leader mondial pour...","og_url":"https:\/\/karibiandescanso.com\/oeko-tex\/","og_site_name":"Karibian Descanso","article_modified_time":"2026-03-17T09:00:44+00:00","twitter_card":"summary_large_image","twitter_misc":{"Dur\u00e9e de lecture estim\u00e9e":"3 minutes"},"schema":{"@context":"https:\/\/schema.org","@graph":[{"@type":"WebPage","@id":"https:\/\/karibiandescanso.com\/oeko-tex\/","url":"https:\/\/karibiandescanso.com\/oeko-tex\/","name":"Oeko-Tex - Karibian Descanso","isPartOf":{"@id":"https:\/\/karibiandescanso.com\/#website"},"datePublished":"2018-09-05T08:04:02+00:00","dateModified":"2026-03-17T09:00:44+00:00","breadcrumb":{"@id":"https:\/\/karibiandescanso.com\/oeko-tex\/#breadcrumb"},"inLanguage":"fr-FR","potentialAction":[{"@type":"ReadAction","target":["https:\/\/karibiandescanso.com\/oeko-tex\/"]}]},{"@type":"BreadcrumbList","@id":"https:\/\/karibiandescanso.com\/oeko-tex\/#breadcrumb","itemListElement":[{"@type":"ListItem","position":1,"name":"Portada","item":"https:\/\/karibiandescanso.com\/"},{"@type":"ListItem","position":2,"name":"Oeko-Tex"}]},{"@type":"WebSite","@id":"https:\/\/karibiandescanso.com\/#website","url":"https:\/\/karibiandescanso.com\/","name":"Karibian Descanso","description":"O\u00f9 est le repos","potentialAction":[{"@type":"SearchAction","target":{"@type":"EntryPoint","urlTemplate":"https:\/\/karibiandescanso.com\/?s={search_term_string}"},"query-input":{"@type":"PropertyValueSpecification","valueRequired":true,"valueName":"search_term_string"}}],"inLanguage":"fr-FR"}]}},"_links":{"self":[{"href":"https:\/\/karibiandescanso.com\/fr\/wp-json\/wp\/v2\/pages\/2703","targetHints":{"allow":["GET"]}}],"collection":[{"href":"https:\/\/karibiandescanso.com\/fr\/wp-json\/wp\/v2\/pages"}],"about":[{"href":"https:\/\/karibiandescanso.com\/fr\/wp-json\/wp\/v2\/types\/page"}],"author":[{"embeddable":true,"href":"https:\/\/karibiandescanso.com\/fr\/wp-json\/wp\/v2\/users\/1"}],"replies":[{"embeddable":true,"href":"https:\/\/karibiandescanso.com\/fr\/wp-json\/wp\/v2\/comments?post=2703"}],"version-history":[{"count":0,"href":"https:\/\/karibiandescanso.com\/fr\/wp-json\/wp\/v2\/pages\/2703\/revisions"}],"wp:attachment":[{"href":"https:\/\/karibiandescanso.com\/fr\/wp-json\/wp\/v2\/media?parent=2703"}],"curies":[{"name":"wp","href":"https:\/\/api.w.org\/{rel}","templated":true}]}}