{"id":2725,"date":"2018-09-11T10:15:14","date_gmt":"2018-09-11T09:15:14","guid":{"rendered":"https:\/\/www.karibiandescanso.com\/?page_id=2725"},"modified":"2023-03-10T15:10:05","modified_gmt":"2023-03-10T14:10:05","slug":"viscoelasticas-2","status":"publish","type":"page","link":"https:\/\/karibiandescanso.com\/fr\/materiales\/viscoelasticas-2\/","title":{"rendered":"Visco\u00e9lastiques"},"content":{"rendered":"<p>[vc_row css_animation=&#8221;&#8221; row_type=&#8221;row&#8221; use_row_as_full_screen_section=&#8221;no&#8221; type=&#8221;full_width&#8221; angled_section=&#8221;no&#8221; text_align=&#8221;left&#8221; background_image_as_pattern=&#8221;without_pattern&#8221;][vc_column][vc_single_image image=&#8221;3159&#8243; img_size=&#8221;full&#8221; alignment=&#8221;center&#8221; qode_css_animation=&#8221;&#8221;][vc_empty_space height=&#8221;55px&#8221;][vc_column_text]<\/p>\n<h4 style=\"text-align: center;\">VISCO\u00c9LASTIQUES<\/h4>\n<p>[\/vc_column_text][vc_empty_space height=&#8221;20px&#8221;][vc_row_inner row_type=&#8221;row&#8221; type=&#8221;grid&#8221; text_align=&#8221;left&#8221; css_animation=&#8221;&#8221;][vc_column_inner][vc_column_text]<\/p>\n<p style=\"text-align: justify;\">Chez Karibian Descanso, nous s\u00e9lectionnons avec soin les mat\u00e9riaux d\u2019origine naturelle, pour donner des sensations uniques \u00e0 votre repos, en pr\u00e9servant la temp\u00e9rature du corps et en traitant efficacement l\u2019humidit\u00e9. La visco\u00e9lastique a r\u00e9volutionn\u00e9 le monde du repos gr\u00e2ce \u00e0 ses propri\u00e9t\u00e9s et avantages. Le comportement correct d\u2019un bon matelas visco\u00e9lastique peut se r\u00e9sumer en deux facteurs: une r\u00e9cup\u00e9ration lente (effet m\u00e9moire) et une thermo-r\u00e9activit\u00e9 (plus la sensation de froid est importante, plus il durcit et vice versa). Les visco\u00e9lastiques sont respirants et procurent au dormeur un repos de qualit\u00e9, alliant douceur et propri\u00e9t\u00e9s hypoallerg\u00e9niques, sans oublier qu\u2019ils sont respectueux de l\u2019environnement.<\/p>\n<p>[\/vc_column_text][\/vc_column_inner][\/vc_row_inner][vc_empty_space height=&#8221;50px&#8221;][\/vc_column][\/vc_row][vc_row css_animation=&#8221;&#8221; row_type=&#8221;row&#8221; use_row_as_full_screen_section=&#8221;no&#8221; type=&#8221;full_width&#8221; angled_section=&#8221;no&#8221; text_align=&#8221;left&#8221; background_image_as_pattern=&#8221;without_pattern&#8221;][vc_column][vc_single_image image=&#8221;2730&#8243; img_size=&#8221;full&#8221; alignment=&#8221;center&#8221; qode_css_animation=&#8221;&#8221;][vc_empty_space height=&#8221;55px&#8221;][vc_column_text]<\/p>\n<h4 style=\"text-align: center;\">VISCO THERM ESSENCE 80 KG.<\/h4>\n<p>[\/vc_column_text][vc_empty_space height=&#8221;20px&#8221;][vc_row_inner row_type=&#8221;row&#8221; type=&#8221;grid&#8221; text_align=&#8221;left&#8221; css_animation=&#8221;&#8221;][vc_column_inner][vc_column_text]<\/p>\n<p style=\"text-align: justify;\">Visco\u00e9lastique haute densit\u00e9, 80 kg\/m\u00b3 pour les dormeurs les plus exigeants. Une mousse \u00e0 m\u00e9moire de forme, fabriqu\u00e9e \u00e0 partir de mati\u00e8res premi\u00e8res de premi\u00e8re qualit\u00e9. Cette visco\u00e9lastique est la combinaison parfaite entre densit\u00e9 et r\u00e9sistance, elle offre \u00e9galement une parfaite adaptabilit\u00e9 au corps, une sensation de confort in\u00e9gal\u00e9e et un repos r\u00e9parateur.<\/p>\n<p>[\/vc_column_text][\/vc_column_inner][\/vc_row_inner][vc_empty_space height=&#8221;50px&#8221;][\/vc_column][\/vc_row][vc_row css_animation=&#8221;&#8221; row_type=&#8221;row&#8221; use_row_as_full_screen_section=&#8221;no&#8221; type=&#8221;full_width&#8221; angled_section=&#8221;no&#8221; text_align=&#8221;left&#8221; background_image_as_pattern=&#8221;without_pattern&#8221;][vc_column][vc_single_image image=&#8221;2728&#8243; img_size=&#8221;full&#8221; alignment=&#8221;center&#8221; qode_css_animation=&#8221;&#8221;][vc_empty_space height=&#8221;55px&#8221;][vc_column_text]<\/p>\n<h4 style=\"text-align: center;\">ELASTIC SENSE MEMORY 60 KG.<\/h4>\n<p>[\/vc_column_text][vc_empty_space height=&#8221;20px&#8221;][vc_row_inner row_type=&#8221;row&#8221; type=&#8221;grid&#8221; text_align=&#8221;left&#8221; css_animation=&#8221;&#8221;][vc_column_inner][vc_column_text]<\/p>\n<p style=\"text-align: justify;\">Visco\u00e9lastique avec une densit\u00e9 de 60 kg\/m\u00b3. Une mousse \u00e0 m\u00e9moire de forme de derni\u00e8re g\u00e9n\u00e9ration, \u00e0 base d\u2019huiles naturels et de mati\u00e8res premi\u00e8res de haute qualit\u00e9, qui am\u00e9liorent la porosit\u00e9 et la ventilation interne du matelas. Ce mat\u00e9riau a une structure mol\u00e9culaire sp\u00e9ciale pour une adaptation parfaite au corps. Une m\u00e9moire de forme, avec une excellente porosit\u00e9 et transpiration, qui favorise un repos beaucoup plus agr\u00e9able et r\u00e9parateur. De plus, gr\u00e2ce \u00e0 son effet thermosensible, il s\u2019adapte au contact avec la chaleur du corps, offrant un effet m\u00e9moire. Cela signifie qu\u2019avec le froid le mat\u00e9riau durcit et avec la chaleur la visco\u00e9lastique se ramollit.<\/p>\n<p>[\/vc_column_text][\/vc_column_inner][\/vc_row_inner][vc_empty_space height=&#8221;50px&#8221;][\/vc_column][\/vc_row][vc_row css_animation=&#8221;&#8221; row_type=&#8221;row&#8221; use_row_as_full_screen_section=&#8221;no&#8221; type=&#8221;full_width&#8221; angled_section=&#8221;no&#8221; text_align=&#8221;left&#8221; background_image_as_pattern=&#8221;without_pattern&#8221;][vc_column][vc_single_image image=&#8221;2727&#8243; img_size=&#8221;full&#8221; alignment=&#8221;center&#8221; qode_css_animation=&#8221;&#8221;][vc_empty_space height=&#8221;55px&#8221;][vc_column_text]<\/p>\n<h4 style=\"text-align: center;\">BIO VISCOSOYA 50 KG.<\/h4>\n<p>[\/vc_column_text][vc_empty_space height=&#8221;20px&#8221;][vc_row_inner row_type=&#8221;row&#8221; type=&#8221;grid&#8221; text_align=&#8221;left&#8221; css_animation=&#8221;&#8221;][vc_column_inner][vc_column_text]<\/p>\n<p style=\"text-align: justify;\">Visco\u00e9lastique avec une densit\u00e9 de 50 kg\/m\u00b3. Un produit naturel avec des mati\u00e8res premi\u00e8res de premi\u00e8re qualit\u00e9, fusionn\u00e9es avec des graines d\u2019huile de soya de haute qualit\u00e9, qui apportent un degr\u00e9 suppl\u00e9mentaire d\u2019\u00e9cologie et plus de r\u00e9sistance au passage du temps. Gr\u00e2ce \u00e0 ses propri\u00e9t\u00e9s physiques exceptionnelles, cette visco\u00e9lastique maintient la m\u00e9moire du corps humain pour un repos agr\u00e9able. Cette visco\u00e9lastique compte aussi avec un effet thermosensible, qui s\u2019adapte au contact avec la chaleur du corps, offrant un effet m\u00e9moire. Cet effet signifie qu\u2019avec le froid et les basses temp\u00e9ratures, le mat\u00e9riau durcit, et inversement, avec la chaleur et les hautes temp\u00e9ratures il se ramollit.<\/p>\n<p>[\/vc_column_text][\/vc_column_inner][\/vc_row_inner][vc_empty_space height=&#8221;50px&#8221;][\/vc_column][\/vc_row][vc_row css_animation=&#8221;&#8221; row_type=&#8221;row&#8221; use_row_as_full_screen_section=&#8221;no&#8221; type=&#8221;full_width&#8221; angled_section=&#8221;no&#8221; text_align=&#8221;left&#8221; background_image_as_pattern=&#8221;without_pattern&#8221;][vc_column][vc_single_image image=&#8221;2731&#8243; img_size=&#8221;full&#8221; alignment=&#8221;center&#8221; qode_css_animation=&#8221;&#8221;][vc_empty_space height=&#8221;55px&#8221;][vc_column_text]<\/p>\n<h4 style=\"text-align: center;\">VISCO THERMESSENZE 50 KG.<\/h4>\n<p>[\/vc_column_text][vc_empty_space height=&#8221;20px&#8221;][vc_row_inner row_type=&#8221;row&#8221; type=&#8221;grid&#8221; text_align=&#8221;left&#8221; css_animation=&#8221;&#8221;][vc_column_inner][vc_column_text]<\/p>\n<p style=\"text-align: justify;\">Visco\u00e9lastique avec une densit\u00e9 de 50 kg\/m\u00b3. Une composition dynamique, compos\u00e9e de mat\u00e9riaux de premi\u00e8re qualit\u00e9, avec une structure cellulaire ouverte, permettant d\u2019obtenir un mat\u00e9riel qui am\u00e9liore la respirabilit\u00e9 et l\u2019adaptabilit\u00e9 dans chaque mouvement des diff\u00e9rentes phases du repos. Cette visco\u00e9lastique, gr\u00e2ce \u00e0 son effet thermosensible qui s\u2019adapte au contact avec la chaleur corporelle, offre un effet m\u00e9moire et un degr\u00e9 de fermet\u00e9 suppl\u00e9mentaire, distribuant le poids uniform\u00e9ment sur la surface de contact, diminuant la pression corporelle et procurant un repos plus profond et r\u00e9parateur.<\/p>\n<p>[\/vc_column_text][\/vc_column_inner][\/vc_row_inner][vc_empty_space height=&#8221;50px&#8221;][\/vc_column][\/vc_row]<\/p>\n","protected":false},"excerpt":{"rendered":"<p>[vc_row css_animation=&#8221;&#8221; row_type=&#8221;row&#8221; use_row_as_full_screen_section=&#8221;no&#8221; type=&#8221;full_width&#8221; angled_section=&#8221;no&#8221; text_align=&#8221;left&#8221; background_image_as_pattern=&#8221;without_pattern&#8221;][vc_column][vc_single_image image=&#8221;3159&#8243; img_size=&#8221;full&#8221; alignment=&#8221;center&#8221; qode_css_animation=&#8221;&#8221;][vc_empty_space height=&#8221;55px&#8221;][vc_column_text] VISCO\u00c9LASTIQUES [\/vc_column_text][vc_empty_space height=&#8221;20px&#8221;][vc_row_inner row_type=&#8221;row&#8221; type=&#8221;grid&#8221; text_align=&#8221;left&#8221; css_animation=&#8221;&#8221;][vc_column_inner][vc_column_text] Chez Karibian Descanso, nous s\u00e9lectionnons avec soin les mat\u00e9riaux d\u2019origine naturelle, pour donner des sensations uniques \u00e0 votre repos, en pr\u00e9servant la temp\u00e9rature du corps&#8230;<\/p>\n","protected":false},"author":1,"featured_media":0,"parent":168,"menu_order":0,"comment_status":"closed","ping_status":"closed","template":"full_width.php","meta":{"footnotes":""},"class_list":["post-2725","page","type-page","status-publish","hentry"],"yoast_head":"<!-- This site is optimized with the Yoast SEO plugin v27.0 - https:\/\/yoast.com\/product\/yoast-seo-wordpress\/ -->\n<title>Visco\u00e9lastiques - Karibian Descanso<\/title>\n<meta name=\"robots\" content=\"index, follow, max-snippet:-1, max-image-preview:large, max-video-preview:-1\" \/>\n<link rel=\"canonical\" href=\"https:\/\/karibiandescanso.com\/materiales\/viscoelasticas-2\/\" \/>\n<meta property=\"og:locale\" content=\"fr_FR\" \/>\n<meta property=\"og:type\" content=\"article\" \/>\n<meta property=\"og:title\" content=\"Visco\u00e9lastiques - Karibian Descanso\" \/>\n<meta property=\"og:description\" content=\"[vc_row css_animation=&#8221;&#8221; row_type=&#8221;row&#8221; use_row_as_full_screen_section=&#8221;no&#8221; type=&#8221;full_width&#8221; angled_section=&#8221;no&#8221; text_align=&#8221;left&#8221; background_image_as_pattern=&#8221;without_pattern&#8221;][vc_column][vc_single_image image=&#8221;3159&#8243; img_size=&#8221;full&#8221; alignment=&#8221;center&#8221; qode_css_animation=&#8221;&#8221;][vc_empty_space height=&#8221;55px&#8221;][vc_column_text] VISCO\u00c9LASTIQUES [\/vc_column_text][vc_empty_space height=&#8221;20px&#8221;][vc_row_inner row_type=&#8221;row&#8221; type=&#8221;grid&#8221; text_align=&#8221;left&#8221; css_animation=&#8221;&#8221;][vc_column_inner][vc_column_text] Chez Karibian Descanso, nous s\u00e9lectionnons avec soin les mat\u00e9riaux d\u2019origine naturelle, pour donner des sensations uniques \u00e0 votre repos, en pr\u00e9servant la temp\u00e9rature du corps...\" \/>\n<meta property=\"og:url\" content=\"https:\/\/karibiandescanso.com\/materiales\/viscoelasticas-2\/\" \/>\n<meta property=\"og:site_name\" content=\"Karibian Descanso\" \/>\n<meta property=\"article:modified_time\" content=\"2023-03-10T14:10:05+00:00\" \/>\n<meta name=\"twitter:card\" content=\"summary_large_image\" \/>\n<meta name=\"twitter:label1\" content=\"Dur\u00e9e de lecture estim\u00e9e\" \/>\n\t<meta name=\"twitter:data1\" content=\"13 minutes\" \/>\n<script type=\"application\/ld+json\" class=\"yoast-schema-graph\">{\"@context\":\"https:\/\/schema.org\",\"@graph\":[{\"@type\":\"WebPage\",\"@id\":\"https:\/\/karibiandescanso.com\/materiales\/viscoelasticas-2\/\",\"url\":\"https:\/\/karibiandescanso.com\/materiales\/viscoelasticas-2\/\",\"name\":\"Visco\u00e9lastiques - Karibian Descanso\",\"isPartOf\":{\"@id\":\"https:\/\/karibiandescanso.com\/#website\"},\"datePublished\":\"2018-09-11T09:15:14+00:00\",\"dateModified\":\"2023-03-10T14:10:05+00:00\",\"breadcrumb\":{\"@id\":\"https:\/\/karibiandescanso.com\/materiales\/viscoelasticas-2\/#breadcrumb\"},\"inLanguage\":\"fr-FR\",\"potentialAction\":[{\"@type\":\"ReadAction\",\"target\":[\"https:\/\/karibiandescanso.com\/materiales\/viscoelasticas-2\/\"]}]},{\"@type\":\"BreadcrumbList\",\"@id\":\"https:\/\/karibiandescanso.com\/materiales\/viscoelasticas-2\/#breadcrumb\",\"itemListElement\":[{\"@type\":\"ListItem\",\"position\":1,\"name\":\"Portada\",\"item\":\"https:\/\/karibiandescanso.com\/\"},{\"@type\":\"ListItem\",\"position\":2,\"name\":\"Materiales\",\"item\":\"https:\/\/karibiandescanso.com\/materiales\/\"},{\"@type\":\"ListItem\",\"position\":3,\"name\":\"Viscoel\u00e1sticas\"}]},{\"@type\":\"WebSite\",\"@id\":\"https:\/\/karibiandescanso.com\/#website\",\"url\":\"https:\/\/karibiandescanso.com\/\",\"name\":\"Karibian Descanso\",\"description\":\"O\u00f9 est le repos\",\"potentialAction\":[{\"@type\":\"SearchAction\",\"target\":{\"@type\":\"EntryPoint\",\"urlTemplate\":\"https:\/\/karibiandescanso.com\/?s={search_term_string}\"},\"query-input\":{\"@type\":\"PropertyValueSpecification\",\"valueRequired\":true,\"valueName\":\"search_term_string\"}}],\"inLanguage\":\"fr-FR\"}]}<\/script>\n<!-- \/ Yoast SEO plugin. -->","yoast_head_json":{"title":"Visco\u00e9lastiques - Karibian Descanso","robots":{"index":"index","follow":"follow","max-snippet":"max-snippet:-1","max-image-preview":"max-image-preview:large","max-video-preview":"max-video-preview:-1"},"canonical":"https:\/\/karibiandescanso.com\/materiales\/viscoelasticas-2\/","og_locale":"fr_FR","og_type":"article","og_title":"Visco\u00e9lastiques - Karibian Descanso","og_description":"[vc_row css_animation=&#8221;&#8221; row_type=&#8221;row&#8221; use_row_as_full_screen_section=&#8221;no&#8221; type=&#8221;full_width&#8221; angled_section=&#8221;no&#8221; text_align=&#8221;left&#8221; background_image_as_pattern=&#8221;without_pattern&#8221;][vc_column][vc_single_image image=&#8221;3159&#8243; img_size=&#8221;full&#8221; alignment=&#8221;center&#8221; qode_css_animation=&#8221;&#8221;][vc_empty_space height=&#8221;55px&#8221;][vc_column_text] VISCO\u00c9LASTIQUES [\/vc_column_text][vc_empty_space height=&#8221;20px&#8221;][vc_row_inner row_type=&#8221;row&#8221; type=&#8221;grid&#8221; text_align=&#8221;left&#8221; css_animation=&#8221;&#8221;][vc_column_inner][vc_column_text] Chez Karibian Descanso, nous s\u00e9lectionnons avec soin les mat\u00e9riaux d\u2019origine naturelle, pour donner des sensations uniques \u00e0 votre repos, en pr\u00e9servant la temp\u00e9rature du corps...","og_url":"https:\/\/karibiandescanso.com\/materiales\/viscoelasticas-2\/","og_site_name":"Karibian Descanso","article_modified_time":"2023-03-10T14:10:05+00:00","twitter_card":"summary_large_image","twitter_misc":{"Dur\u00e9e de lecture estim\u00e9e":"13 minutes"},"schema":{"@context":"https:\/\/schema.org","@graph":[{"@type":"WebPage","@id":"https:\/\/karibiandescanso.com\/materiales\/viscoelasticas-2\/","url":"https:\/\/karibiandescanso.com\/materiales\/viscoelasticas-2\/","name":"Visco\u00e9lastiques - Karibian Descanso","isPartOf":{"@id":"https:\/\/karibiandescanso.com\/#website"},"datePublished":"2018-09-11T09:15:14+00:00","dateModified":"2023-03-10T14:10:05+00:00","breadcrumb":{"@id":"https:\/\/karibiandescanso.com\/materiales\/viscoelasticas-2\/#breadcrumb"},"inLanguage":"fr-FR","potentialAction":[{"@type":"ReadAction","target":["https:\/\/karibiandescanso.com\/materiales\/viscoelasticas-2\/"]}]},{"@type":"BreadcrumbList","@id":"https:\/\/karibiandescanso.com\/materiales\/viscoelasticas-2\/#breadcrumb","itemListElement":[{"@type":"ListItem","position":1,"name":"Portada","item":"https:\/\/karibiandescanso.com\/"},{"@type":"ListItem","position":2,"name":"Materiales","item":"https:\/\/karibiandescanso.com\/materiales\/"},{"@type":"ListItem","position":3,"name":"Viscoel\u00e1sticas"}]},{"@type":"WebSite","@id":"https:\/\/karibiandescanso.com\/#website","url":"https:\/\/karibiandescanso.com\/","name":"Karibian Descanso","description":"O\u00f9 est le repos","potentialAction":[{"@type":"SearchAction","target":{"@type":"EntryPoint","urlTemplate":"https:\/\/karibiandescanso.com\/?s={search_term_string}"},"query-input":{"@type":"PropertyValueSpecification","valueRequired":true,"valueName":"search_term_string"}}],"inLanguage":"fr-FR"}]}},"_links":{"self":[{"href":"https:\/\/karibiandescanso.com\/fr\/wp-json\/wp\/v2\/pages\/2725","targetHints":{"allow":["GET"]}}],"collection":[{"href":"https:\/\/karibiandescanso.com\/fr\/wp-json\/wp\/v2\/pages"}],"about":[{"href":"https:\/\/karibiandescanso.com\/fr\/wp-json\/wp\/v2\/types\/page"}],"author":[{"embeddable":true,"href":"https:\/\/karibiandescanso.com\/fr\/wp-json\/wp\/v2\/users\/1"}],"replies":[{"embeddable":true,"href":"https:\/\/karibiandescanso.com\/fr\/wp-json\/wp\/v2\/comments?post=2725"}],"version-history":[{"count":0,"href":"https:\/\/karibiandescanso.com\/fr\/wp-json\/wp\/v2\/pages\/2725\/revisions"}],"up":[{"embeddable":true,"href":"https:\/\/karibiandescanso.com\/fr\/wp-json\/wp\/v2\/pages\/168"}],"wp:attachment":[{"href":"https:\/\/karibiandescanso.com\/fr\/wp-json\/wp\/v2\/media?parent=2725"}],"curies":[{"name":"wp","href":"https:\/\/api.w.org\/{rel}","templated":true}]}}