{"id":2736,"date":"2018-09-11T10:29:31","date_gmt":"2018-09-11T09:29:31","guid":{"rendered":"https:\/\/www.karibiandescanso.com\/?page_id=2736"},"modified":"2023-03-07T11:55:20","modified_gmt":"2023-03-07T10:55:20","slug":"hr","status":"publish","type":"page","link":"https:\/\/karibiandescanso.com\/fr\/materiales\/hr\/","title":{"rendered":"HR"},"content":{"rendered":"<p>[vc_row css_animation=&#8221;&#8221; row_type=&#8221;row&#8221; use_row_as_full_screen_section=&#8221;no&#8221; type=&#8221;full_width&#8221; angled_section=&#8221;no&#8221; text_align=&#8221;left&#8221; background_image_as_pattern=&#8221;without_pattern&#8221;][vc_column][vc_single_image image=&#8221;3156&#8243; img_size=&#8221;full&#8221; alignment=&#8221;center&#8221; qode_css_animation=&#8221;&#8221;][vc_empty_space height=&#8221;55px&#8221;][vc_column_text]<\/p>\n<h4 style=\"text-align: center;\">HR<\/h4>\n<p>[\/vc_column_text][vc_empty_space height=&#8221;20px&#8221;][vc_row_inner row_type=&#8221;row&#8221; type=&#8221;grid&#8221; text_align=&#8221;left&#8221; css_animation=&#8221;&#8221;][vc_column_inner][vc_column_text]<\/p>\n<p style=\"text-align: justify;\">Chez Karibian Descanso, nous travaillons pour \u00eatre un r\u00e9f\u00e9rent dans le secteur du repos, pour \u00e7a, nous choisissons les meilleurs mat\u00e9riaux et qualit\u00e9s du march\u00e9 et les combinons avec l\u2019innovation et la technologie plus avanc\u00e9e. HR est une nouvelle g\u00e9n\u00e9ration de mousses caract\u00e9ris\u00e9s par sa fermet\u00e9 et s\u2019adaptabilit\u00e9. Le mousse HR comprend les densit\u00e9s \u00e0 partir de 25 kg. La densit\u00e9 est mesur\u00e9e en relation \u00abpoids et volume\u00bb. Nous vous offrons un large \u00e9ventail de sensations pour confectionner votre sommeil sur mesure.<\/p>\n<p>[\/vc_column_text][\/vc_column_inner][\/vc_row_inner][vc_empty_space height=&#8221;50px&#8221;][\/vc_column][\/vc_row][vc_row css_animation=&#8221;&#8221; row_type=&#8221;row&#8221; use_row_as_full_screen_section=&#8221;no&#8221; type=&#8221;full_width&#8221; angled_section=&#8221;no&#8221; text_align=&#8221;left&#8221; background_image_as_pattern=&#8221;without_pattern&#8221;][vc_column][vc_single_image image=&#8221;2747&#8243; img_size=&#8221;full&#8221; alignment=&#8221;center&#8221; qode_css_animation=&#8221;&#8221;][vc_empty_space height=&#8221;55px&#8221;][vc_column_text]<\/p>\n<h4 style=\"text-align: center;\">HR60 ELASTIC SENSE PUR<\/h4>\n<p>[\/vc_column_text][vc_empty_space height=&#8221;20px&#8221;][vc_row_inner row_type=&#8221;row&#8221; type=&#8221;grid&#8221; text_align=&#8221;left&#8221; css_animation=&#8221;&#8221;][vc_column_inner][vc_column_text]<\/p>\n<p style=\"text-align: justify;\">HR 60 kg\/m\u00b3 pour les plus exigeants, cette mousse est fabriqu\u00e9 avec mati\u00e8res premi\u00e8res exclusives de premier niveau fusionn\u00e9s avec l\u2019extrait de la fleur d\u2019oranger. HR avec une souplesse extra qui offre une sensation de confort incomparable, gr\u00e2ce \u00e0 la haute densit\u00e9 s\u2019agit d\u2019un mat\u00e9riel tr\u00e8s r\u00e9sistant et durable. L\u2019extrait de la fleur d\u2019oranger poss\u00e8de des propri\u00e9t\u00e9s qui font de cette mousse HR un produit unique, qui vous aidera \u00e0 trouver le sommeil rapidement, gr\u00e2ce \u00e0 ses vertus aromatiques qui \u00e9quilibrent le corps et la t\u00eate.<\/p>\n<p>[\/vc_column_text][\/vc_column_inner][\/vc_row_inner][vc_empty_space height=&#8221;50px&#8221;][\/vc_column][\/vc_row][vc_row css_animation=&#8221;&#8221; row_type=&#8221;row&#8221; use_row_as_full_screen_section=&#8221;no&#8221; type=&#8221;full_width&#8221; angled_section=&#8221;no&#8221; text_align=&#8221;left&#8221; background_image_as_pattern=&#8221;without_pattern&#8221;][vc_column][vc_single_image image=&#8221;2745&#8243; img_size=&#8221;full&#8221; alignment=&#8221;center&#8221; qode_css_animation=&#8221;&#8221;][vc_empty_space height=&#8221;55px&#8221;][vc_column_text]<\/p>\n<h4 style=\"text-align: center;\">HR50 VIOLET SOYA ELASTIC-PUR<\/h4>\n<p>[\/vc_column_text][vc_empty_space height=&#8221;20px&#8221;][vc_row_inner row_type=&#8221;row&#8221; type=&#8221;grid&#8221; text_align=&#8221;left&#8221; css_animation=&#8221;&#8221;][vc_column_inner][vc_column_text]<\/p>\n<p style=\"text-align: justify;\">HR 50 kg\/m\u00b3 en couleur violette, fabriqu\u00e9e \u00e0 base de soya et compos\u00e9e avec polyols sp\u00e9ciaux qui apportent un 30% plus de r\u00e9silience et de r\u00e9sistance que les mousses HR conventionnelles. Gr\u00e2ce \u00e0 sa base de soya nous obtenons une mousse plus \u00e9cologique et plus r\u00e9sistant au passage du temps. Les caract\u00e9ristiques principales de cette mousse sont la fermet\u00e9 et la couleur violette.<\/p>\n<p>[\/vc_column_text][\/vc_column_inner][\/vc_row_inner][vc_empty_space height=&#8221;50px&#8221;][\/vc_column][\/vc_row][vc_row css_animation=&#8221;&#8221; row_type=&#8221;row&#8221; use_row_as_full_screen_section=&#8221;no&#8221; type=&#8221;full_width&#8221; angled_section=&#8221;no&#8221; text_align=&#8221;left&#8221; background_image_as_pattern=&#8221;without_pattern&#8221;][vc_column][vc_single_image image=&#8221;2746&#8243; img_size=&#8221;full&#8221; alignment=&#8221;center&#8221; qode_css_animation=&#8221;&#8221;][vc_empty_space height=&#8221;55px&#8221;][vc_column_text]<\/p>\n<h4 style=\"text-align: center;\">HR50 WINE SOYA ELASTIC-PUR<\/h4>\n<p>[\/vc_column_text][vc_empty_space height=&#8221;20px&#8221;][vc_row_inner row_type=&#8221;row&#8221; type=&#8221;grid&#8221; text_align=&#8221;left&#8221; css_animation=&#8221;&#8221;][vc_column_inner][vc_column_text]<\/p>\n<p style=\"text-align: justify;\">HR 50 kg\/m\u00b3 en couleur vin, fabriqu\u00e9e \u00e0 base de soya et compos\u00e9e avec polyols sp\u00e9ciaux qui apportent un 30% plus de r\u00e9silience et de r\u00e9sistance que les mousses HR conventionnelles. HR50 win, \u00e0 base de soja fournit un degr\u00e9 suppl\u00e9mentaire d&#8217;\u00e9cologie et de meilleurs r\u00e9sultats \u00e0 la r\u00e9sistance au vieillissement, caract\u00e9ris\u00e9 par sa fermet\u00e9 et sa couleur de vin intense, procurant une sensation suppl\u00e9mentaire de fermet\u00e9.<\/p>\n<p>[\/vc_column_text][\/vc_column_inner][\/vc_row_inner][vc_empty_space height=&#8221;50px&#8221;][\/vc_column][\/vc_row][vc_row css_animation=&#8221;&#8221; row_type=&#8221;row&#8221; use_row_as_full_screen_section=&#8221;no&#8221; type=&#8221;full_width&#8221; angled_section=&#8221;no&#8221; text_align=&#8221;left&#8221; background_image_as_pattern=&#8221;without_pattern&#8221;][vc_column][vc_single_image image=&#8221;2744&#8243; img_size=&#8221;full&#8221; alignment=&#8221;center&#8221; qode_css_animation=&#8221;&#8221;][vc_empty_space height=&#8221;55px&#8221;][vc_column_text]<\/p>\n<h4 style=\"text-align: center;\">HR45 GEL THERM<\/h4>\n<p>[\/vc_column_text][vc_empty_space height=&#8221;20px&#8221;][vc_row_inner row_type=&#8221;row&#8221; type=&#8221;grid&#8221; text_align=&#8221;left&#8221; css_animation=&#8221;&#8221;][vc_column_inner][vc_column_text]<\/p>\n<p style=\"text-align: justify;\">HR 45 kg\/m\u00b3 compos\u00e9e du gel. Les millions de cellules ouvertes qui composent sa structure et les propri\u00e9t\u00e9s athermiques du gel sont la combinaison id\u00e9ale pour les dormeurs plus exigeants par rapport \u00e0 la chaleur, parce que le gel \u00e9vite le surchauffe du corps. Ce m\u00e9lange de produits offre adaptabilit\u00e9 totale et une articulation facile. Gel therm est un r\u00e9gulateur de la temp\u00e9rature qui combine la qualit\u00e9 avec la durabilit\u00e9 et la fra\u00eecheur.<\/p>\n<p>[\/vc_column_text][\/vc_column_inner][\/vc_row_inner][vc_empty_space height=&#8221;50px&#8221;][\/vc_column][\/vc_row][vc_row css_animation=&#8221;&#8221; row_type=&#8221;row&#8221; use_row_as_full_screen_section=&#8221;no&#8221; type=&#8221;full_width&#8221; angled_section=&#8221;no&#8221; text_align=&#8221;left&#8221; background_image_as_pattern=&#8221;without_pattern&#8221;][vc_column][vc_single_image image=&#8221;2743&#8243; img_size=&#8221;full&#8221; alignment=&#8221;center&#8221; qode_css_animation=&#8221;&#8221;][vc_empty_space height=&#8221;55px&#8221;][vc_column_text]<\/p>\n<h4 style=\"text-align: center;\">HR42 HIPERFLEX<\/h4>\n<p>[\/vc_column_text][vc_empty_space height=&#8221;20px&#8221;][vc_row_inner row_type=&#8221;row&#8221; type=&#8221;grid&#8221; text_align=&#8221;left&#8221; css_animation=&#8221;&#8221;][vc_column_inner][vc_column_text]<\/p>\n<p style=\"text-align: justify;\">HR 42 kg\/m\u00b3 pour les plus exigeants, fabriqu\u00e9e avec des polyols sp\u00e9ciaux et avec une r\u00e9silience de plus du 30% que les mousses HR conventionnelles. Gr\u00e2ce \u00e0 sa structure cellulaire tr\u00e8s ouverte cette mousse offre une bonne respirabilit\u00e9 et une lib\u00e9ration de la chaleur plus rapide. Par ailleurs, Hiperflex est une mousse tr\u00e8s souple et r\u00e9sistante au passage du temps, \u00e0 l\u2019humidit\u00e9 et aux hautes temp\u00e9ratures.<\/p>\n<p>[\/vc_column_text][\/vc_column_inner][\/vc_row_inner][vc_empty_space height=&#8221;50px&#8221;][\/vc_column][\/vc_row][vc_row css_animation=&#8221;&#8221; row_type=&#8221;row&#8221; use_row_as_full_screen_section=&#8221;no&#8221; type=&#8221;full_width&#8221; angled_section=&#8221;no&#8221; text_align=&#8221;left&#8221; background_image_as_pattern=&#8221;without_pattern&#8221;][vc_column][vc_single_image image=&#8221;2742&#8243; img_size=&#8221;full&#8221; alignment=&#8221;center&#8221; qode_css_animation=&#8221;&#8221;][vc_empty_space height=&#8221;55px&#8221;][vc_column_text]<\/p>\n<h4 style=\"text-align: center;\">HR40 SOFT SOYA PUR<\/h4>\n<p>[\/vc_column_text][vc_empty_space height=&#8221;20px&#8221;][vc_row_inner row_type=&#8221;row&#8221; type=&#8221;grid&#8221; text_align=&#8221;left&#8221; css_animation=&#8221;&#8221;][vc_column_inner][vc_column_text]<\/p>\n<p style=\"text-align: justify;\">HR 40 kg\/m\u00b3, haute r\u00e9silience caract\u00e9ris\u00e9e par la souplesse et un toucher sp\u00e9cial, gr\u00e2ce \u00e0 sa structure cellulaire. Une HR innovante avec une fermet\u00e9 ad\u00e9quat qui offre une adaptabilit\u00e9 progressive et un repos parfait, par ailleurs d\u2019une respirabilit\u00e9 maximal. Un produit naturel qui fournit de la r\u00e9sistance au passage du temps, et respecte l\u2019environnement parce que quelques composants chimiques sont chang\u00e9s par l\u2019huile de soya.<\/p>\n<p>[\/vc_column_text][\/vc_column_inner][\/vc_row_inner][vc_empty_space height=&#8221;50px&#8221;][\/vc_column][\/vc_row][vc_row css_animation=&#8221;&#8221; row_type=&#8221;row&#8221; use_row_as_full_screen_section=&#8221;no&#8221; type=&#8221;full_width&#8221; angled_section=&#8221;no&#8221; text_align=&#8221;left&#8221; background_image_as_pattern=&#8221;without_pattern&#8221;][vc_column][vc_single_image image=&#8221;2741&#8243; img_size=&#8221;full&#8221; alignment=&#8221;center&#8221; qode_css_animation=&#8221;&#8221;][vc_empty_space height=&#8221;55px&#8221;][vc_column_text]<\/p>\n<h4 style=\"text-align: center;\">HR 35<\/h4>\n<p>[\/vc_column_text][vc_empty_space height=&#8221;20px&#8221;][vc_row_inner row_type=&#8221;row&#8221; type=&#8221;grid&#8221; text_align=&#8221;left&#8221; css_animation=&#8221;&#8221;][vc_column_inner][vc_column_text]<\/p>\n<p style=\"text-align: justify;\">HR 35 kg\/m\u00b3 compte avec une structure de cellules ouvertes, lesquelles am\u00e9liorent la respirabilit\u00e9 et la circulation de l\u2019air \u00e0 l\u2019int\u00e9rieur. Une mousse de fermet\u00e9 et soutien moyenne, mais r\u00e9sistante \u00e0 l\u2019humidit\u00e9 et aux hautes temp\u00e9ratures.<\/p>\n<p>[\/vc_column_text][\/vc_column_inner][\/vc_row_inner][vc_empty_space height=&#8221;50px&#8221;][\/vc_column][\/vc_row]<\/p>\n","protected":false},"excerpt":{"rendered":"<p>[vc_row css_animation=&#8221;&#8221; row_type=&#8221;row&#8221; use_row_as_full_screen_section=&#8221;no&#8221; type=&#8221;full_width&#8221; angled_section=&#8221;no&#8221; text_align=&#8221;left&#8221; background_image_as_pattern=&#8221;without_pattern&#8221;][vc_column][vc_single_image image=&#8221;3156&#8243; img_size=&#8221;full&#8221; alignment=&#8221;center&#8221; qode_css_animation=&#8221;&#8221;][vc_empty_space height=&#8221;55px&#8221;][vc_column_text] HR [\/vc_column_text][vc_empty_space height=&#8221;20px&#8221;][vc_row_inner row_type=&#8221;row&#8221; type=&#8221;grid&#8221; text_align=&#8221;left&#8221; css_animation=&#8221;&#8221;][vc_column_inner][vc_column_text] Chez Karibian Descanso, nous travaillons pour \u00eatre un r\u00e9f\u00e9rent dans le secteur du repos, pour \u00e7a, nous choisissons les meilleurs mat\u00e9riaux et qualit\u00e9s du march\u00e9&#8230;<\/p>\n","protected":false},"author":1,"featured_media":0,"parent":168,"menu_order":0,"comment_status":"closed","ping_status":"closed","template":"full_width.php","meta":{"footnotes":""},"class_list":["post-2736","page","type-page","status-publish","hentry"],"yoast_head":"<!-- This site is optimized with the Yoast SEO plugin v27.0 - https:\/\/yoast.com\/product\/yoast-seo-wordpress\/ -->\n<title>HR - Karibian Descanso<\/title>\n<meta name=\"robots\" content=\"index, follow, max-snippet:-1, max-image-preview:large, max-video-preview:-1\" \/>\n<link rel=\"canonical\" href=\"https:\/\/karibiandescanso.com\/materiales\/hr\/\" \/>\n<meta property=\"og:locale\" content=\"fr_FR\" \/>\n<meta property=\"og:type\" content=\"article\" \/>\n<meta property=\"og:title\" content=\"HR - Karibian Descanso\" \/>\n<meta property=\"og:description\" content=\"[vc_row css_animation=&#8221;&#8221; row_type=&#8221;row&#8221; use_row_as_full_screen_section=&#8221;no&#8221; type=&#8221;full_width&#8221; angled_section=&#8221;no&#8221; text_align=&#8221;left&#8221; background_image_as_pattern=&#8221;without_pattern&#8221;][vc_column][vc_single_image image=&#8221;3156&#8243; img_size=&#8221;full&#8221; alignment=&#8221;center&#8221; qode_css_animation=&#8221;&#8221;][vc_empty_space height=&#8221;55px&#8221;][vc_column_text] HR [\/vc_column_text][vc_empty_space height=&#8221;20px&#8221;][vc_row_inner row_type=&#8221;row&#8221; type=&#8221;grid&#8221; text_align=&#8221;left&#8221; css_animation=&#8221;&#8221;][vc_column_inner][vc_column_text] Chez Karibian Descanso, nous travaillons pour \u00eatre un r\u00e9f\u00e9rent dans le secteur du repos, pour \u00e7a, nous choisissons les meilleurs mat\u00e9riaux et qualit\u00e9s du march\u00e9...\" \/>\n<meta property=\"og:url\" content=\"https:\/\/karibiandescanso.com\/materiales\/hr\/\" \/>\n<meta property=\"og:site_name\" content=\"Karibian Descanso\" \/>\n<meta property=\"article:modified_time\" content=\"2023-03-07T10:55:20+00:00\" \/>\n<meta name=\"twitter:card\" content=\"summary_large_image\" \/>\n<meta name=\"twitter:label1\" content=\"Dur\u00e9e de lecture estim\u00e9e\" \/>\n\t<meta name=\"twitter:data1\" content=\"3 minutes\" \/>\n<script type=\"application\/ld+json\" class=\"yoast-schema-graph\">{\"@context\":\"https:\/\/schema.org\",\"@graph\":[{\"@type\":\"WebPage\",\"@id\":\"https:\/\/karibiandescanso.com\/materiales\/hr\/\",\"url\":\"https:\/\/karibiandescanso.com\/materiales\/hr\/\",\"name\":\"HR - Karibian Descanso\",\"isPartOf\":{\"@id\":\"https:\/\/karibiandescanso.com\/#website\"},\"datePublished\":\"2018-09-11T09:29:31+00:00\",\"dateModified\":\"2023-03-07T10:55:20+00:00\",\"breadcrumb\":{\"@id\":\"https:\/\/karibiandescanso.com\/materiales\/hr\/#breadcrumb\"},\"inLanguage\":\"fr-FR\",\"potentialAction\":[{\"@type\":\"ReadAction\",\"target\":[\"https:\/\/karibiandescanso.com\/materiales\/hr\/\"]}]},{\"@type\":\"BreadcrumbList\",\"@id\":\"https:\/\/karibiandescanso.com\/materiales\/hr\/#breadcrumb\",\"itemListElement\":[{\"@type\":\"ListItem\",\"position\":1,\"name\":\"Portada\",\"item\":\"https:\/\/karibiandescanso.com\/\"},{\"@type\":\"ListItem\",\"position\":2,\"name\":\"Materiales\",\"item\":\"https:\/\/karibiandescanso.com\/materiales\/\"},{\"@type\":\"ListItem\",\"position\":3,\"name\":\"HR\"}]},{\"@type\":\"WebSite\",\"@id\":\"https:\/\/karibiandescanso.com\/#website\",\"url\":\"https:\/\/karibiandescanso.com\/\",\"name\":\"Karibian Descanso\",\"description\":\"O\u00f9 est le repos\",\"potentialAction\":[{\"@type\":\"SearchAction\",\"target\":{\"@type\":\"EntryPoint\",\"urlTemplate\":\"https:\/\/karibiandescanso.com\/?s={search_term_string}\"},\"query-input\":{\"@type\":\"PropertyValueSpecification\",\"valueRequired\":true,\"valueName\":\"search_term_string\"}}],\"inLanguage\":\"fr-FR\"}]}<\/script>\n<!-- \/ Yoast SEO plugin. -->","yoast_head_json":{"title":"HR - Karibian Descanso","robots":{"index":"index","follow":"follow","max-snippet":"max-snippet:-1","max-image-preview":"max-image-preview:large","max-video-preview":"max-video-preview:-1"},"canonical":"https:\/\/karibiandescanso.com\/materiales\/hr\/","og_locale":"fr_FR","og_type":"article","og_title":"HR - Karibian Descanso","og_description":"[vc_row css_animation=&#8221;&#8221; row_type=&#8221;row&#8221; use_row_as_full_screen_section=&#8221;no&#8221; type=&#8221;full_width&#8221; angled_section=&#8221;no&#8221; text_align=&#8221;left&#8221; background_image_as_pattern=&#8221;without_pattern&#8221;][vc_column][vc_single_image image=&#8221;3156&#8243; img_size=&#8221;full&#8221; alignment=&#8221;center&#8221; qode_css_animation=&#8221;&#8221;][vc_empty_space height=&#8221;55px&#8221;][vc_column_text] HR [\/vc_column_text][vc_empty_space height=&#8221;20px&#8221;][vc_row_inner row_type=&#8221;row&#8221; type=&#8221;grid&#8221; text_align=&#8221;left&#8221; css_animation=&#8221;&#8221;][vc_column_inner][vc_column_text] Chez Karibian Descanso, nous travaillons pour \u00eatre un r\u00e9f\u00e9rent dans le secteur du repos, pour \u00e7a, nous choisissons les meilleurs mat\u00e9riaux et qualit\u00e9s du march\u00e9...","og_url":"https:\/\/karibiandescanso.com\/materiales\/hr\/","og_site_name":"Karibian Descanso","article_modified_time":"2023-03-07T10:55:20+00:00","twitter_card":"summary_large_image","twitter_misc":{"Dur\u00e9e de lecture estim\u00e9e":"3 minutes"},"schema":{"@context":"https:\/\/schema.org","@graph":[{"@type":"WebPage","@id":"https:\/\/karibiandescanso.com\/materiales\/hr\/","url":"https:\/\/karibiandescanso.com\/materiales\/hr\/","name":"HR - Karibian Descanso","isPartOf":{"@id":"https:\/\/karibiandescanso.com\/#website"},"datePublished":"2018-09-11T09:29:31+00:00","dateModified":"2023-03-07T10:55:20+00:00","breadcrumb":{"@id":"https:\/\/karibiandescanso.com\/materiales\/hr\/#breadcrumb"},"inLanguage":"fr-FR","potentialAction":[{"@type":"ReadAction","target":["https:\/\/karibiandescanso.com\/materiales\/hr\/"]}]},{"@type":"BreadcrumbList","@id":"https:\/\/karibiandescanso.com\/materiales\/hr\/#breadcrumb","itemListElement":[{"@type":"ListItem","position":1,"name":"Portada","item":"https:\/\/karibiandescanso.com\/"},{"@type":"ListItem","position":2,"name":"Materiales","item":"https:\/\/karibiandescanso.com\/materiales\/"},{"@type":"ListItem","position":3,"name":"HR"}]},{"@type":"WebSite","@id":"https:\/\/karibiandescanso.com\/#website","url":"https:\/\/karibiandescanso.com\/","name":"Karibian Descanso","description":"O\u00f9 est le repos","potentialAction":[{"@type":"SearchAction","target":{"@type":"EntryPoint","urlTemplate":"https:\/\/karibiandescanso.com\/?s={search_term_string}"},"query-input":{"@type":"PropertyValueSpecification","valueRequired":true,"valueName":"search_term_string"}}],"inLanguage":"fr-FR"}]}},"_links":{"self":[{"href":"https:\/\/karibiandescanso.com\/fr\/wp-json\/wp\/v2\/pages\/2736","targetHints":{"allow":["GET"]}}],"collection":[{"href":"https:\/\/karibiandescanso.com\/fr\/wp-json\/wp\/v2\/pages"}],"about":[{"href":"https:\/\/karibiandescanso.com\/fr\/wp-json\/wp\/v2\/types\/page"}],"author":[{"embeddable":true,"href":"https:\/\/karibiandescanso.com\/fr\/wp-json\/wp\/v2\/users\/1"}],"replies":[{"embeddable":true,"href":"https:\/\/karibiandescanso.com\/fr\/wp-json\/wp\/v2\/comments?post=2736"}],"version-history":[{"count":0,"href":"https:\/\/karibiandescanso.com\/fr\/wp-json\/wp\/v2\/pages\/2736\/revisions"}],"up":[{"embeddable":true,"href":"https:\/\/karibiandescanso.com\/fr\/wp-json\/wp\/v2\/pages\/168"}],"wp:attachment":[{"href":"https:\/\/karibiandescanso.com\/fr\/wp-json\/wp\/v2\/media?parent=2736"}],"curies":[{"name":"wp","href":"https:\/\/api.w.org\/{rel}","templated":true}]}}