{"id":2749,"date":"2018-09-11T10:40:20","date_gmt":"2018-09-11T09:40:20","guid":{"rendered":"https:\/\/www.karibiandescanso.com\/?page_id=2749"},"modified":"2023-12-05T15:10:59","modified_gmt":"2023-12-05T14:10:59","slug":"muelles","status":"publish","type":"page","link":"https:\/\/karibiandescanso.com\/fr\/materiales\/muelles\/","title":{"rendered":"Ressorts"},"content":{"rendered":"<p>[vc_row css_animation=&#8221;&#8221; row_type=&#8221;row&#8221; use_row_as_full_screen_section=&#8221;no&#8221; type=&#8221;full_width&#8221; angled_section=&#8221;no&#8221; text_align=&#8221;left&#8221; background_image_as_pattern=&#8221;without_pattern&#8221;][vc_column][vc_single_image image=&#8221;2754&#8243; img_size=&#8221;full&#8221; alignment=&#8221;center&#8221; qode_css_animation=&#8221;&#8221; qode_hover_animation=&#8221;zoom_in&#8221;][vc_empty_space height=&#8221;55px&#8221;][vc_column_text]<\/p>\n<h4 style=\"text-align: center;\">RESSORTS<\/h4>\n<p>[\/vc_column_text][vc_empty_space height=&#8221;20px&#8221;][vc_row_inner row_type=&#8221;row&#8221; type=&#8221;grid&#8221; text_align=&#8221;left&#8221; css_animation=&#8221;&#8221;][vc_column_inner][vc_column_text]<\/p>\n<p style=\"text-align: justify;\">Les ressorts sont une science pure, ils sont les charg\u00e9s de soulager les tensions et de soutenir notre repos. Des ressorts de premi\u00e8re qualit\u00e9, agissant en parfaite harmonie, seront les responsables de maintenir votre corps bien align\u00e9, s\u2019adaptant \u00e0 vous et vous offrant tout le soutien et une relaxation pleine.<\/p>\n<p>&nbsp;<\/p>\n<p style=\"text-align: justify;\">Ce qui fait l\u2019excellence du syst\u00e8me de ressorts n\u2019est pas le nombre de ressorts, sinon les diff\u00e9rents types de ressorts utilis\u00e9s, comment ils sont r\u00e9partis et comment ils se combinent avec les couches de mat\u00e9riaux naturels. La technologie la plus pr\u00e9cise \u00e9quilibre les diff\u00e9rentes variables afin d\u2019obtenir un r\u00e9sultat optimal lors de la conception des syst\u00e8mes de ressorts. Chacun de ces syst\u00e8mes implique des calculs m\u00e9ticuleux pour soulager le stress, et le soutien n\u00e9cessaire pour assurer une exp\u00e9rience de sommeil sup\u00e9rieure \u00e0 chaque fois.<\/p>\n<p>&nbsp;<\/p>\n<p style=\"text-align: justify;\">Les matelas les plus modernes combinent les avantages de diff\u00e9rents mat\u00e9riaux pour augmenter le confort ou ajouter des caract\u00e9ristiques au couchage. Ils existent diff\u00e9rentes combinaisons de \u00abgarnissage + visco\u00e9lastique + ressorts ensach\u00e9s\u00bb qui peuvent offrir tr\u00e8s bons r\u00e9sultats. La visco\u00e9lastique dans le garnissage, donne au matelas une grande adaptabilit\u00e9, un facteur tr\u00e8s important \u00e0 prendre en compte, si vous souffrez des probl\u00e8mes de circulation.<\/p>\n<p>[\/vc_column_text][\/vc_column_inner][\/vc_row_inner][vc_empty_space height=&#8221;50px&#8221;][\/vc_column][\/vc_row][vc_row css_animation=&#8221;&#8221; row_type=&#8221;row&#8221; use_row_as_full_screen_section=&#8221;no&#8221; type=&#8221;full_width&#8221; angled_section=&#8221;no&#8221; text_align=&#8221;left&#8221; background_image_as_pattern=&#8221;without_pattern&#8221;][vc_column][vc_single_image image=&#8221;3100&#8243; img_size=&#8221;full&#8221; alignment=&#8221;center&#8221; qode_css_animation=&#8221;&#8221;][vc_empty_space height=&#8221;55px&#8221;][vc_column_text]<\/p>\n<h4 style=\"text-align: center;\">RESSORTS ENSACH\u00c9S<\/h4>\n<p>[\/vc_column_text][vc_empty_space height=&#8221;20px&#8221;][vc_row_inner row_type=&#8221;row&#8221; type=&#8221;grid&#8221; text_align=&#8221;left&#8221; css_animation=&#8221;&#8221;][vc_column_inner][vc_column_text]<\/p>\n<p style=\"text-align: justify;\">Les matelas de ressorts ensach\u00e9s sont constitu\u00e9s de ressorts en forme de spirale ind\u00e9pendants, situ\u00e9s \u00e0 l&#8217;int\u00e9rieur de petits sacs, envelopp\u00e9s individuellement dans un tissu. Tout cela fait que chaque printemps se d\u00e9place ind\u00e9pendamment des autres d&#8217;une mani\u00e8re unique.<\/p>\n<p>&nbsp;<\/p>\n<p style=\"text-align: justify;\">Ce syst\u00e8me offre de nombreux avantages: le traitement thermique sp\u00e9cial appliqu\u00e9 \u00e0 l\u2019acier r\u00e9organise la structure m\u00e9tallique des ressorts, ce qui garantit leur maintien, leur \u00e9lasticit\u00e9 et leur forme exacte, tout en conservant leur position initiale apr\u00e8s compression. Chaque printemps est contenu dans de petits sacs respirants, qui permettent \u00e0 l&#8217;air de circuler \u00e0 travers tout le matelas, ce qui rend la temp\u00e9rature id\u00e9ale pour dormir. De cette fa\u00e7on, nous pouvons profiter d&#8217;un sommeil sans interruption, ce qui se traduit par un sommeil r\u00e9parateur.<\/p>\n<p>[\/vc_column_text][\/vc_column_inner][\/vc_row_inner][vc_empty_space height=&#8221;50px&#8221;][\/vc_column][\/vc_row][vc_row css_animation=&#8221;&#8221; row_type=&#8221;row&#8221; use_row_as_full_screen_section=&#8221;no&#8221; type=&#8221;full_width&#8221; angled_section=&#8221;no&#8221; text_align=&#8221;left&#8221; background_image_as_pattern=&#8221;without_pattern&#8221;][vc_column][vc_single_image image=&#8221;3102&#8243; img_size=&#8221;full&#8221; alignment=&#8221;center&#8221; qode_css_animation=&#8221;&#8221;][vc_empty_space height=&#8221;55px&#8221;][vc_column_text]<\/p>\n<h4 style=\"text-align: center;\">IND\u00c9PENDANCE DE MOUVEMENT<\/h4>\n<p>[\/vc_column_text][vc_empty_space height=&#8221;20px&#8221;][vc_row_inner row_type=&#8221;row&#8221; type=&#8221;grid&#8221; text_align=&#8221;left&#8221; css_animation=&#8221;&#8221;][vc_column_inner][vc_column_text]<\/p>\n<p style=\"text-align: justify;\">Profitez d\u2019un sommeil r\u00e9parateur sans interruption, gr\u00e2ce \u00e0 un syst\u00e8me de ressorts dans lequel le mouvement se fait de fa\u00e7on ind\u00e9pendant et en douceur. En r\u00e9duisant le frottement entre les ressorts, un plus grand confort est assur\u00e9. Dans ce syst\u00e8me, chaque ressort fonctionne individuellement, absorbant le poids sans le r\u00e9partir sur le reste des ressorts.<\/p>\n<p>&nbsp;<\/p>\n<p style=\"text-align: justify;\">Ce type de matelas offre un confort sup\u00e9rieur, surtout pour ceux qui dorment en couple, car les changements de position sont \u00e0 peine perceptibles. La r\u00e9duction du frottement entre les ressorts fait la diff\u00e9rence par rapport des autres syst\u00e8mes de ressorts, car chaque ressort fonctionne ind\u00e9pendamment des autres, absorbant tout le poids, sans le distribuer au reste des ressorts.<\/p>\n<p>&nbsp;<\/p>\n<p style=\"text-align: justify;\">Cette ind\u00e9pendance signifie que le matelas s\u2019adapte parfaitement \u00e0 la personne et est parfait pour dormir en couple, puisqu\u2019il offre une ind\u00e9pendance de chaque c\u00f4t\u00e9 sans perdre sa respirabilit\u00e9, am\u00e9liorant le confort du matelas et augmentant consid\u00e9rablement la qualit\u00e9 du repos.<\/p>\n<p>[\/vc_column_text][\/vc_column_inner][\/vc_row_inner][vc_empty_space height=&#8221;50px&#8221;][\/vc_column][\/vc_row]<\/p>\n","protected":false},"excerpt":{"rendered":"<p>[vc_row css_animation=&#8221;&#8221; row_type=&#8221;row&#8221; use_row_as_full_screen_section=&#8221;no&#8221; type=&#8221;full_width&#8221; angled_section=&#8221;no&#8221; text_align=&#8221;left&#8221; background_image_as_pattern=&#8221;without_pattern&#8221;][vc_column][vc_single_image image=&#8221;2754&#8243; img_size=&#8221;full&#8221; alignment=&#8221;center&#8221; qode_css_animation=&#8221;&#8221; qode_hover_animation=&#8221;zoom_in&#8221;][vc_empty_space height=&#8221;55px&#8221;][vc_column_text] RESSORTS [\/vc_column_text][vc_empty_space height=&#8221;20px&#8221;][vc_row_inner row_type=&#8221;row&#8221; type=&#8221;grid&#8221; text_align=&#8221;left&#8221; css_animation=&#8221;&#8221;][vc_column_inner][vc_column_text] Les ressorts sont une science pure, ils sont les charg\u00e9s de soulager les tensions et de soutenir notre repos. Des ressorts de premi\u00e8re qualit\u00e9,&#8230;<\/p>\n","protected":false},"author":1,"featured_media":0,"parent":168,"menu_order":0,"comment_status":"closed","ping_status":"closed","template":"full_width.php","meta":{"footnotes":""},"class_list":["post-2749","page","type-page","status-publish","hentry"],"yoast_head":"<!-- This site is optimized with the Yoast SEO plugin v27.0 - https:\/\/yoast.com\/product\/yoast-seo-wordpress\/ -->\n<title>Ressorts - Karibian Descanso<\/title>\n<meta name=\"robots\" content=\"index, follow, max-snippet:-1, max-image-preview:large, max-video-preview:-1\" \/>\n<link rel=\"canonical\" href=\"https:\/\/karibiandescanso.com\/materiales\/muelles\/\" \/>\n<meta property=\"og:locale\" content=\"fr_FR\" \/>\n<meta property=\"og:type\" content=\"article\" \/>\n<meta property=\"og:title\" content=\"Ressorts - Karibian Descanso\" \/>\n<meta property=\"og:description\" content=\"[vc_row css_animation=&#8221;&#8221; row_type=&#8221;row&#8221; use_row_as_full_screen_section=&#8221;no&#8221; type=&#8221;full_width&#8221; angled_section=&#8221;no&#8221; text_align=&#8221;left&#8221; background_image_as_pattern=&#8221;without_pattern&#8221;][vc_column][vc_single_image image=&#8221;2754&#8243; img_size=&#8221;full&#8221; alignment=&#8221;center&#8221; qode_css_animation=&#8221;&#8221; qode_hover_animation=&#8221;zoom_in&#8221;][vc_empty_space height=&#8221;55px&#8221;][vc_column_text] RESSORTS [\/vc_column_text][vc_empty_space height=&#8221;20px&#8221;][vc_row_inner row_type=&#8221;row&#8221; type=&#8221;grid&#8221; text_align=&#8221;left&#8221; css_animation=&#8221;&#8221;][vc_column_inner][vc_column_text] Les ressorts sont une science pure, ils sont les charg\u00e9s de soulager les tensions et de soutenir notre repos. Des ressorts de premi\u00e8re qualit\u00e9,...\" \/>\n<meta property=\"og:url\" content=\"https:\/\/karibiandescanso.com\/materiales\/muelles\/\" \/>\n<meta property=\"og:site_name\" content=\"Karibian Descanso\" \/>\n<meta property=\"article:modified_time\" content=\"2023-12-05T14:10:59+00:00\" \/>\n<meta name=\"twitter:card\" content=\"summary_large_image\" \/>\n<meta name=\"twitter:label1\" content=\"Dur\u00e9e de lecture estim\u00e9e\" \/>\n\t<meta name=\"twitter:data1\" content=\"13 minutes\" \/>\n<script type=\"application\/ld+json\" class=\"yoast-schema-graph\">{\"@context\":\"https:\/\/schema.org\",\"@graph\":[{\"@type\":\"WebPage\",\"@id\":\"https:\/\/karibiandescanso.com\/materiales\/muelles\/\",\"url\":\"https:\/\/karibiandescanso.com\/materiales\/muelles\/\",\"name\":\"Ressorts - Karibian Descanso\",\"isPartOf\":{\"@id\":\"https:\/\/karibiandescanso.com\/#website\"},\"datePublished\":\"2018-09-11T09:40:20+00:00\",\"dateModified\":\"2023-12-05T14:10:59+00:00\",\"breadcrumb\":{\"@id\":\"https:\/\/karibiandescanso.com\/materiales\/muelles\/#breadcrumb\"},\"inLanguage\":\"fr-FR\",\"potentialAction\":[{\"@type\":\"ReadAction\",\"target\":[\"https:\/\/karibiandescanso.com\/materiales\/muelles\/\"]}]},{\"@type\":\"BreadcrumbList\",\"@id\":\"https:\/\/karibiandescanso.com\/materiales\/muelles\/#breadcrumb\",\"itemListElement\":[{\"@type\":\"ListItem\",\"position\":1,\"name\":\"Portada\",\"item\":\"https:\/\/karibiandescanso.com\/\"},{\"@type\":\"ListItem\",\"position\":2,\"name\":\"Materiales\",\"item\":\"https:\/\/karibiandescanso.com\/materiales\/\"},{\"@type\":\"ListItem\",\"position\":3,\"name\":\"Muelles\"}]},{\"@type\":\"WebSite\",\"@id\":\"https:\/\/karibiandescanso.com\/#website\",\"url\":\"https:\/\/karibiandescanso.com\/\",\"name\":\"Karibian Descanso\",\"description\":\"O\u00f9 est le repos\",\"potentialAction\":[{\"@type\":\"SearchAction\",\"target\":{\"@type\":\"EntryPoint\",\"urlTemplate\":\"https:\/\/karibiandescanso.com\/?s={search_term_string}\"},\"query-input\":{\"@type\":\"PropertyValueSpecification\",\"valueRequired\":true,\"valueName\":\"search_term_string\"}}],\"inLanguage\":\"fr-FR\"}]}<\/script>\n<!-- \/ Yoast SEO plugin. -->","yoast_head_json":{"title":"Ressorts - Karibian Descanso","robots":{"index":"index","follow":"follow","max-snippet":"max-snippet:-1","max-image-preview":"max-image-preview:large","max-video-preview":"max-video-preview:-1"},"canonical":"https:\/\/karibiandescanso.com\/materiales\/muelles\/","og_locale":"fr_FR","og_type":"article","og_title":"Ressorts - Karibian Descanso","og_description":"[vc_row css_animation=&#8221;&#8221; row_type=&#8221;row&#8221; use_row_as_full_screen_section=&#8221;no&#8221; type=&#8221;full_width&#8221; angled_section=&#8221;no&#8221; text_align=&#8221;left&#8221; background_image_as_pattern=&#8221;without_pattern&#8221;][vc_column][vc_single_image image=&#8221;2754&#8243; img_size=&#8221;full&#8221; alignment=&#8221;center&#8221; qode_css_animation=&#8221;&#8221; qode_hover_animation=&#8221;zoom_in&#8221;][vc_empty_space height=&#8221;55px&#8221;][vc_column_text] RESSORTS [\/vc_column_text][vc_empty_space height=&#8221;20px&#8221;][vc_row_inner row_type=&#8221;row&#8221; type=&#8221;grid&#8221; text_align=&#8221;left&#8221; css_animation=&#8221;&#8221;][vc_column_inner][vc_column_text] Les ressorts sont une science pure, ils sont les charg\u00e9s de soulager les tensions et de soutenir notre repos. Des ressorts de premi\u00e8re qualit\u00e9,...","og_url":"https:\/\/karibiandescanso.com\/materiales\/muelles\/","og_site_name":"Karibian Descanso","article_modified_time":"2023-12-05T14:10:59+00:00","twitter_card":"summary_large_image","twitter_misc":{"Dur\u00e9e de lecture estim\u00e9e":"13 minutes"},"schema":{"@context":"https:\/\/schema.org","@graph":[{"@type":"WebPage","@id":"https:\/\/karibiandescanso.com\/materiales\/muelles\/","url":"https:\/\/karibiandescanso.com\/materiales\/muelles\/","name":"Ressorts - Karibian Descanso","isPartOf":{"@id":"https:\/\/karibiandescanso.com\/#website"},"datePublished":"2018-09-11T09:40:20+00:00","dateModified":"2023-12-05T14:10:59+00:00","breadcrumb":{"@id":"https:\/\/karibiandescanso.com\/materiales\/muelles\/#breadcrumb"},"inLanguage":"fr-FR","potentialAction":[{"@type":"ReadAction","target":["https:\/\/karibiandescanso.com\/materiales\/muelles\/"]}]},{"@type":"BreadcrumbList","@id":"https:\/\/karibiandescanso.com\/materiales\/muelles\/#breadcrumb","itemListElement":[{"@type":"ListItem","position":1,"name":"Portada","item":"https:\/\/karibiandescanso.com\/"},{"@type":"ListItem","position":2,"name":"Materiales","item":"https:\/\/karibiandescanso.com\/materiales\/"},{"@type":"ListItem","position":3,"name":"Muelles"}]},{"@type":"WebSite","@id":"https:\/\/karibiandescanso.com\/#website","url":"https:\/\/karibiandescanso.com\/","name":"Karibian Descanso","description":"O\u00f9 est le repos","potentialAction":[{"@type":"SearchAction","target":{"@type":"EntryPoint","urlTemplate":"https:\/\/karibiandescanso.com\/?s={search_term_string}"},"query-input":{"@type":"PropertyValueSpecification","valueRequired":true,"valueName":"search_term_string"}}],"inLanguage":"fr-FR"}]}},"_links":{"self":[{"href":"https:\/\/karibiandescanso.com\/fr\/wp-json\/wp\/v2\/pages\/2749","targetHints":{"allow":["GET"]}}],"collection":[{"href":"https:\/\/karibiandescanso.com\/fr\/wp-json\/wp\/v2\/pages"}],"about":[{"href":"https:\/\/karibiandescanso.com\/fr\/wp-json\/wp\/v2\/types\/page"}],"author":[{"embeddable":true,"href":"https:\/\/karibiandescanso.com\/fr\/wp-json\/wp\/v2\/users\/1"}],"replies":[{"embeddable":true,"href":"https:\/\/karibiandescanso.com\/fr\/wp-json\/wp\/v2\/comments?post=2749"}],"version-history":[{"count":0,"href":"https:\/\/karibiandescanso.com\/fr\/wp-json\/wp\/v2\/pages\/2749\/revisions"}],"up":[{"embeddable":true,"href":"https:\/\/karibiandescanso.com\/fr\/wp-json\/wp\/v2\/pages\/168"}],"wp:attachment":[{"href":"https:\/\/karibiandescanso.com\/fr\/wp-json\/wp\/v2\/media?parent=2749"}],"curies":[{"name":"wp","href":"https:\/\/api.w.org\/{rel}","templated":true}]}}