{"id":2756,"date":"2018-09-11T10:55:19","date_gmt":"2018-09-11T09:55:19","guid":{"rendered":"https:\/\/www.karibiandescanso.com\/?page_id=2756"},"modified":"2023-03-10T15:16:59","modified_gmt":"2023-03-10T14:16:59","slug":"breeze","status":"publish","type":"page","link":"https:\/\/karibiandescanso.com\/fr\/materiales\/breeze\/","title":{"rendered":"Breeze"},"content":{"rendered":"<p>[vc_row css_animation=&#8221;&#8221; row_type=&#8221;row&#8221; use_row_as_full_screen_section=&#8221;no&#8221; type=&#8221;full_width&#8221; angled_section=&#8221;no&#8221; text_align=&#8221;left&#8221; background_image_as_pattern=&#8221;without_pattern&#8221; css=&#8221;.vc_custom_1536659952504{background-color: #ffffff !important;}&#8221; z_index=&#8221;&#8221;][vc_column][vc_single_image image=&#8221;3092&#8243; img_size=&#8221;full&#8221; alignment=&#8221;center&#8221; qode_css_animation=&#8221;&#8221; qode_hover_animation=&#8221;zoom_in&#8221;][vc_empty_space height=&#8221;55px&#8221;][vc_column_text]<\/p>\n<h4 style=\"text-align: center;\">BREEZE TECHNOLOGY<\/h4>\n<p>[\/vc_column_text][vc_empty_space height=&#8221;20px&#8221;][vc_row_inner row_type=&#8221;row&#8221; type=&#8221;grid&#8221; text_align=&#8221;left&#8221; css_animation=&#8221;&#8221;][vc_column_inner][vc_column_text]<\/p>\n<p style=\"text-align: justify;\"><strong>Qu\u2019est-ce que c\u2019est Breeze Technology?<\/strong> Il s\u2019agit d\u2019un syst\u00e8me innovant, enregistr\u00e9 et brevet\u00e9, de micro-perforations verticales en noyaux HR + Visco\u00e9lastiques avec des densit\u00e9s sup\u00e9rieures \u00e0 35 kg\/m\u00b3, pour le client le plus exigeant.<\/p>\n<p>&nbsp;<\/p>\n<p style=\"text-align: justify;\">Les mod\u00e8les de repos avec la technologie Breeze, sont de caract\u00e8re doux dans ce premier contact, une fois couch\u00e9s pendant quelques secondes, deux sensations peuvent \u00eatre appr\u00e9ci\u00e9es\u00a0; la progression de l\u2019adaptabilit\u00e9 du visco 80 kg et la fermet\u00e9 de notre noyau Hiperflex 42 kg. \u00c9galement, gr\u00e2ce \u00e0 la nouvelle technologie en mousse respirante, appel\u00e9e Gel-Therm 45 kg\/m\u00b3, exclusive \u00e0 Karibian Descanso. Cette technologie fournit une couche de confort tr\u00e8s douce et confortable dans le rembourrage, mais ce qui es encore plus important est sa capacit\u00e9 \u00e0 r\u00e9guler la sensation thermo-physiologique (c\u00b4est-\u00e0-dire, une grande plage d\u2019\u00e9vacuation de la chaleur et de l\u2019humidit\u00e9 accumul\u00e9e dans le garnissage), Gel-Therm nous permet, donc, de r\u00e9guler la sensation de fra\u00eecheur.<\/p>\n<p>&nbsp;<\/p>\n<p style=\"text-align: justify;\">Le visco Therm-Essence de 80 kg, est une visco\u00e9lastique de premi\u00e8re qualit\u00e9, tant par la qualit\u00e9 du mat\u00e9riel que par la densit\u00e9 de 80 kg\/m3. Il poss\u00e8de un toucher moyen et une grande capacit\u00e9 d\u2019adaptation (progression pendant le couchage et une grande adaptabilit\u00e9).<\/p>\n<p>[\/vc_column_text][\/vc_column_inner][\/vc_row_inner][vc_empty_space height=&#8221;50px&#8221;][vc_single_image image=&#8221;3093&#8243; img_size=&#8221;full&#8221; alignment=&#8221;center&#8221; qode_css_animation=&#8221;&#8221;][vc_empty_space height=&#8221;30px&#8221;][vc_row_inner row_type=&#8221;row&#8221; type=&#8221;grid&#8221; text_align=&#8221;left&#8221; css_animation=&#8221;&#8221;][vc_column_inner][vc_column_text]<\/p>\n<p style=\"text-align: justify;\">Une grande respirabilit\u00e9 gr\u00e2ce \u00e0 ses 364 canaux de ventilation vertical, pour des mesures de plus de 150 cm. Avec notre mousse technique HR42 Hiperflex, sp\u00e9cialement dessin\u00e9e avec un pore tr\u00e8s ouvert, pour am\u00e9liorer la ventilation. En plus nous incluons notre r\u00e9volutionnaire mousse Gel-Therm, qui am\u00e9liore le confort par rapport aux autres produits sur le march\u00e9.<\/p>\n<p>&nbsp;<\/p>\n<p style=\"text-align: justify;\">Adaptabilit\u00e9 maximale \u00e0 toutes les zones du corps, le syst\u00e8me Breeze Technology utilise deux calibres diff\u00e9rents de micro-perforations, de 9 mm et de 13 mm de diam\u00e8tre, qui sont d\u00e9finis sur toute la longueur et la largeur du matelas, am\u00e9liorant surtout l\u2019adaptabilit\u00e9 des deux principales zones de charge du corps, l\u2019\u00e9paule et la hanche, afin que la colonne vert\u00e9brale soit align\u00e9e.<\/p>\n<p style=\"text-align: justify;\">La technologie des matelas de la s\u00e9rie Breeze ajoute une ventilation extraordinaire \u00e0 l\u2019ergonomie propre de la mousse visco\u00e9lastique.\u00c0 l\u2019exception du tissu ext\u00e9rieur, l\u2019ensemble du matelas est recouvert de plus de 300 canaux de ventilation. Sa ventilation r\u00e9gule la temp\u00e9rature et l\u2019humidit\u00e9, obtenant un matelas confortable et frais et emp\u00eachant la prolif\u00e9ration des acariens.<\/p>\n<p>&nbsp;<\/p>\n<p style=\"text-align: justify;\">Les principales caract\u00e9ristiques et propri\u00e9t\u00e9s de la Technologie Breeze; r\u00e9duction et soulagement des points de pression, r\u00e9gulation de la temp\u00e9rature et de l\u2019humidit\u00e9, mat\u00e9riaux de haute qualit\u00e9, pour tous les poids, pour les personnes qui souffrent de chaleur excessive pendant les phases de repos, et pour les plus exigeants avec le confort et la respirabilit\u00e9.<\/p>\n<p>[\/vc_column_text][\/vc_column_inner][\/vc_row_inner][vc_empty_space height=&#8221;30px&#8221;][vc_single_image image=&#8221;3177&#8243; img_size=&#8221;full&#8221; alignment=&#8221;center&#8221; qode_css_animation=&#8221;&#8221;][\/vc_column][\/vc_row]<\/p>\n","protected":false},"excerpt":{"rendered":"<p>[vc_row css_animation=&#8221;&#8221; row_type=&#8221;row&#8221; use_row_as_full_screen_section=&#8221;no&#8221; type=&#8221;full_width&#8221; angled_section=&#8221;no&#8221; text_align=&#8221;left&#8221; background_image_as_pattern=&#8221;without_pattern&#8221; css=&#8221;.vc_custom_1536659952504{background-color: #ffffff !important;}&#8221; z_index=&#8221;&#8221;][vc_column][vc_single_image image=&#8221;3092&#8243; img_size=&#8221;full&#8221; alignment=&#8221;center&#8221; qode_css_animation=&#8221;&#8221; qode_hover_animation=&#8221;zoom_in&#8221;][vc_empty_space height=&#8221;55px&#8221;][vc_column_text] BREEZE TECHNOLOGY [\/vc_column_text][vc_empty_space height=&#8221;20px&#8221;][vc_row_inner row_type=&#8221;row&#8221; type=&#8221;grid&#8221; text_align=&#8221;left&#8221; css_animation=&#8221;&#8221;][vc_column_inner][vc_column_text] Qu\u2019est-ce que c\u2019est Breeze Technology? Il s\u2019agit d\u2019un syst\u00e8me innovant, enregistr\u00e9 et brevet\u00e9, de micro-perforations verticales en noyaux HR&#8230;<\/p>\n","protected":false},"author":1,"featured_media":0,"parent":168,"menu_order":0,"comment_status":"closed","ping_status":"closed","template":"full_width.php","meta":{"footnotes":""},"class_list":["post-2756","page","type-page","status-publish","hentry"],"yoast_head":"<!-- This site is optimized with the Yoast SEO plugin v27.0 - https:\/\/yoast.com\/product\/yoast-seo-wordpress\/ -->\n<title>Breeze - Karibian Descanso<\/title>\n<meta name=\"robots\" content=\"index, follow, max-snippet:-1, max-image-preview:large, max-video-preview:-1\" \/>\n<link rel=\"canonical\" href=\"https:\/\/karibiandescanso.com\/materiales\/breeze\/\" \/>\n<meta property=\"og:locale\" content=\"fr_FR\" \/>\n<meta property=\"og:type\" content=\"article\" \/>\n<meta property=\"og:title\" content=\"Breeze - Karibian Descanso\" \/>\n<meta property=\"og:description\" content=\"[vc_row css_animation=&#8221;&#8221; row_type=&#8221;row&#8221; use_row_as_full_screen_section=&#8221;no&#8221; type=&#8221;full_width&#8221; angled_section=&#8221;no&#8221; text_align=&#8221;left&#8221; background_image_as_pattern=&#8221;without_pattern&#8221; css=&#8221;.vc_custom_1536659952504{background-color: #ffffff !important;}&#8221; z_index=&#8221;&#8221;][vc_column][vc_single_image image=&#8221;3092&#8243; img_size=&#8221;full&#8221; alignment=&#8221;center&#8221; qode_css_animation=&#8221;&#8221; qode_hover_animation=&#8221;zoom_in&#8221;][vc_empty_space height=&#8221;55px&#8221;][vc_column_text] BREEZE TECHNOLOGY [\/vc_column_text][vc_empty_space height=&#8221;20px&#8221;][vc_row_inner row_type=&#8221;row&#8221; type=&#8221;grid&#8221; text_align=&#8221;left&#8221; css_animation=&#8221;&#8221;][vc_column_inner][vc_column_text] Qu\u2019est-ce que c\u2019est Breeze Technology? Il s\u2019agit d\u2019un syst\u00e8me innovant, enregistr\u00e9 et brevet\u00e9, de micro-perforations verticales en noyaux HR...\" \/>\n<meta property=\"og:url\" content=\"https:\/\/karibiandescanso.com\/materiales\/breeze\/\" \/>\n<meta property=\"og:site_name\" content=\"Karibian Descanso\" \/>\n<meta property=\"article:modified_time\" content=\"2023-03-10T14:16:59+00:00\" \/>\n<meta name=\"twitter:card\" content=\"summary_large_image\" \/>\n<meta name=\"twitter:label1\" content=\"Dur\u00e9e de lecture estim\u00e9e\" \/>\n\t<meta name=\"twitter:data1\" content=\"2 minutes\" \/>\n<script type=\"application\/ld+json\" class=\"yoast-schema-graph\">{\"@context\":\"https:\/\/schema.org\",\"@graph\":[{\"@type\":\"WebPage\",\"@id\":\"https:\/\/karibiandescanso.com\/materiales\/breeze\/\",\"url\":\"https:\/\/karibiandescanso.com\/materiales\/breeze\/\",\"name\":\"Breeze - Karibian Descanso\",\"isPartOf\":{\"@id\":\"https:\/\/karibiandescanso.com\/#website\"},\"datePublished\":\"2018-09-11T09:55:19+00:00\",\"dateModified\":\"2023-03-10T14:16:59+00:00\",\"breadcrumb\":{\"@id\":\"https:\/\/karibiandescanso.com\/materiales\/breeze\/#breadcrumb\"},\"inLanguage\":\"fr-FR\",\"potentialAction\":[{\"@type\":\"ReadAction\",\"target\":[\"https:\/\/karibiandescanso.com\/materiales\/breeze\/\"]}]},{\"@type\":\"BreadcrumbList\",\"@id\":\"https:\/\/karibiandescanso.com\/materiales\/breeze\/#breadcrumb\",\"itemListElement\":[{\"@type\":\"ListItem\",\"position\":1,\"name\":\"Portada\",\"item\":\"https:\/\/karibiandescanso.com\/\"},{\"@type\":\"ListItem\",\"position\":2,\"name\":\"Materiales\",\"item\":\"https:\/\/karibiandescanso.com\/materiales\/\"},{\"@type\":\"ListItem\",\"position\":3,\"name\":\"Breeze\"}]},{\"@type\":\"WebSite\",\"@id\":\"https:\/\/karibiandescanso.com\/#website\",\"url\":\"https:\/\/karibiandescanso.com\/\",\"name\":\"Karibian Descanso\",\"description\":\"O\u00f9 est le repos\",\"potentialAction\":[{\"@type\":\"SearchAction\",\"target\":{\"@type\":\"EntryPoint\",\"urlTemplate\":\"https:\/\/karibiandescanso.com\/?s={search_term_string}\"},\"query-input\":{\"@type\":\"PropertyValueSpecification\",\"valueRequired\":true,\"valueName\":\"search_term_string\"}}],\"inLanguage\":\"fr-FR\"}]}<\/script>\n<!-- \/ Yoast SEO plugin. -->","yoast_head_json":{"title":"Breeze - Karibian Descanso","robots":{"index":"index","follow":"follow","max-snippet":"max-snippet:-1","max-image-preview":"max-image-preview:large","max-video-preview":"max-video-preview:-1"},"canonical":"https:\/\/karibiandescanso.com\/materiales\/breeze\/","og_locale":"fr_FR","og_type":"article","og_title":"Breeze - Karibian Descanso","og_description":"[vc_row css_animation=&#8221;&#8221; row_type=&#8221;row&#8221; use_row_as_full_screen_section=&#8221;no&#8221; type=&#8221;full_width&#8221; angled_section=&#8221;no&#8221; text_align=&#8221;left&#8221; background_image_as_pattern=&#8221;without_pattern&#8221; css=&#8221;.vc_custom_1536659952504{background-color: #ffffff !important;}&#8221; z_index=&#8221;&#8221;][vc_column][vc_single_image image=&#8221;3092&#8243; img_size=&#8221;full&#8221; alignment=&#8221;center&#8221; qode_css_animation=&#8221;&#8221; qode_hover_animation=&#8221;zoom_in&#8221;][vc_empty_space height=&#8221;55px&#8221;][vc_column_text] BREEZE TECHNOLOGY [\/vc_column_text][vc_empty_space height=&#8221;20px&#8221;][vc_row_inner row_type=&#8221;row&#8221; type=&#8221;grid&#8221; text_align=&#8221;left&#8221; css_animation=&#8221;&#8221;][vc_column_inner][vc_column_text] Qu\u2019est-ce que c\u2019est Breeze Technology? Il s\u2019agit d\u2019un syst\u00e8me innovant, enregistr\u00e9 et brevet\u00e9, de micro-perforations verticales en noyaux HR...","og_url":"https:\/\/karibiandescanso.com\/materiales\/breeze\/","og_site_name":"Karibian Descanso","article_modified_time":"2023-03-10T14:16:59+00:00","twitter_card":"summary_large_image","twitter_misc":{"Dur\u00e9e de lecture estim\u00e9e":"2 minutes"},"schema":{"@context":"https:\/\/schema.org","@graph":[{"@type":"WebPage","@id":"https:\/\/karibiandescanso.com\/materiales\/breeze\/","url":"https:\/\/karibiandescanso.com\/materiales\/breeze\/","name":"Breeze - Karibian Descanso","isPartOf":{"@id":"https:\/\/karibiandescanso.com\/#website"},"datePublished":"2018-09-11T09:55:19+00:00","dateModified":"2023-03-10T14:16:59+00:00","breadcrumb":{"@id":"https:\/\/karibiandescanso.com\/materiales\/breeze\/#breadcrumb"},"inLanguage":"fr-FR","potentialAction":[{"@type":"ReadAction","target":["https:\/\/karibiandescanso.com\/materiales\/breeze\/"]}]},{"@type":"BreadcrumbList","@id":"https:\/\/karibiandescanso.com\/materiales\/breeze\/#breadcrumb","itemListElement":[{"@type":"ListItem","position":1,"name":"Portada","item":"https:\/\/karibiandescanso.com\/"},{"@type":"ListItem","position":2,"name":"Materiales","item":"https:\/\/karibiandescanso.com\/materiales\/"},{"@type":"ListItem","position":3,"name":"Breeze"}]},{"@type":"WebSite","@id":"https:\/\/karibiandescanso.com\/#website","url":"https:\/\/karibiandescanso.com\/","name":"Karibian Descanso","description":"O\u00f9 est le repos","potentialAction":[{"@type":"SearchAction","target":{"@type":"EntryPoint","urlTemplate":"https:\/\/karibiandescanso.com\/?s={search_term_string}"},"query-input":{"@type":"PropertyValueSpecification","valueRequired":true,"valueName":"search_term_string"}}],"inLanguage":"fr-FR"}]}},"_links":{"self":[{"href":"https:\/\/karibiandescanso.com\/fr\/wp-json\/wp\/v2\/pages\/2756","targetHints":{"allow":["GET"]}}],"collection":[{"href":"https:\/\/karibiandescanso.com\/fr\/wp-json\/wp\/v2\/pages"}],"about":[{"href":"https:\/\/karibiandescanso.com\/fr\/wp-json\/wp\/v2\/types\/page"}],"author":[{"embeddable":true,"href":"https:\/\/karibiandescanso.com\/fr\/wp-json\/wp\/v2\/users\/1"}],"replies":[{"embeddable":true,"href":"https:\/\/karibiandescanso.com\/fr\/wp-json\/wp\/v2\/comments?post=2756"}],"version-history":[{"count":0,"href":"https:\/\/karibiandescanso.com\/fr\/wp-json\/wp\/v2\/pages\/2756\/revisions"}],"up":[{"embeddable":true,"href":"https:\/\/karibiandescanso.com\/fr\/wp-json\/wp\/v2\/pages\/168"}],"wp:attachment":[{"href":"https:\/\/karibiandescanso.com\/fr\/wp-json\/wp\/v2\/media?parent=2756"}],"curies":[{"name":"wp","href":"https:\/\/api.w.org\/{rel}","templated":true}]}}