{"id":2763,"date":"2018-09-11T11:06:21","date_gmt":"2018-09-11T10:06:21","guid":{"rendered":"https:\/\/www.karibiandescanso.com\/?page_id=2763"},"modified":"2023-03-10T15:51:02","modified_gmt":"2023-03-10T14:51:02","slug":"hybrid-fusion","status":"publish","type":"page","link":"https:\/\/karibiandescanso.com\/fr\/materiales\/hybrid-fusion\/","title":{"rendered":"Hybrid Fusion"},"content":{"rendered":"<p>[vc_row css_animation=&#8221;&#8221; row_type=&#8221;row&#8221; use_row_as_full_screen_section=&#8221;no&#8221; type=&#8221;full_width&#8221; angled_section=&#8221;no&#8221; text_align=&#8221;left&#8221; background_image_as_pattern=&#8221;without_pattern&#8221;][vc_column][vc_single_image image=&#8221;3098&#8243; img_size=&#8221;full&#8221; alignment=&#8221;center&#8221; qode_css_animation=&#8221;&#8221; qode_hover_animation=&#8221;zoom_in&#8221;][vc_empty_space height=&#8221;55px&#8221;][vc_column_text]<\/p>\n<h4 style=\"text-align: center;\">HYBRID FUSION<\/h4>\n<p>[\/vc_column_text][vc_empty_space height=&#8221;20px&#8221;][vc_row_inner row_type=&#8221;row&#8221; type=&#8221;grid&#8221; text_align=&#8221;left&#8221; css_animation=&#8221;&#8221;][vc_column_inner][vc_column_text]<\/p>\n<p style=\"text-align: justify;\">Aujourd\u2019hui, beaucoup de dormeurs s\u2019informent des avantages des matelas en mousse, mais ils ne veulent pas un matelas tout en mousse. Pour ces consommateurs, chez Karibian Descanso nous avons cr\u00e9\u00e9 une gamme de matelas Hybrides. Les matelas Hybrides, combinent des ressorts ensaches individuellement avec la mousse visco\u00e9lastique pour cr\u00e9er la derni\u00e8re exp\u00e9rience du repos, permettant aux dormants obtenir les meilleurs avantages des deux mat\u00e9riaux.<\/p>\n<p>&nbsp;<\/p>\n<p style=\"text-align: justify;\">Des matelas de derni\u00e8re g\u00e9n\u00e9ration qui combinent le meilleur des deux mondes, pour une exp\u00e9rience unique, avec des tissus et des designs exclusifs, par ailleurs de diff\u00e9rents caract\u00e9ristiques et avantages, pour offrir un matelas unique. En plus d\u2019\u00eatre form\u00e9 par un syst\u00e8me de sept zones de repos, pour r\u00e9partir correctement les principales zones de poids du corps. Ces matelas offrent aussi une sensation enveloppante et libert\u00e9 de mouvement, gr\u00e2ce \u00e0 ses mousses visco\u00e9lastiques de haute densit\u00e9 et qualit\u00e9. Avec l\u2019adaptabilit\u00e9 du micro-ressort, il assure une transpiration maximale, la libert\u00e9 de mouvement et l\u2019ind\u00e9pendance de couchage, sans oublier le noyau \u00able c\u0153ur du matelas\u00bb, qui est l\u2019\u00e9l\u00e9ment qui soutient notre corps pendant le sommeil, \u00e9tant la base de la fermet\u00e9 et la stabilit\u00e9.<\/p>\n<p>&nbsp;<\/p>\n<p style=\"text-align: justify;\">Pour terminer mais tr\u00e8s important, son renfort lat\u00e9ral qui offre un soutien ferme en position assise sur les c\u00f4t\u00e9s du matelas, une combinaison des meilleures technologies et mat\u00e9riaux, pour un repos exceptionnel, qui permet une utilisation du 100% de la surface du matelas.<\/p>\n<p>[\/vc_column_text][\/vc_column_inner][\/vc_row_inner][vc_empty_space height=&#8221;50px&#8221;][\/vc_column][\/vc_row][vc_row css_animation=&#8221;&#8221; row_type=&#8221;row&#8221; use_row_as_full_screen_section=&#8221;no&#8221; type=&#8221;full_width&#8221; angled_section=&#8221;no&#8221; text_align=&#8221;left&#8221; background_image_as_pattern=&#8221;without_pattern&#8221;][vc_column][vc_single_image image=&#8221;3099&#8243; img_size=&#8221;full&#8221; alignment=&#8221;center&#8221; qode_css_animation=&#8221;&#8221;][vc_empty_space height=&#8221;55px&#8221;][vc_column_text]<\/p>\n<h4 style=\"text-align: center;\">TISSUS<\/h4>\n<p>[\/vc_column_text][vc_empty_space height=&#8221;20px&#8221;][vc_row_inner row_type=&#8221;row&#8221; type=&#8221;grid&#8221; text_align=&#8221;left&#8221; css_animation=&#8221;&#8221;][vc_column_inner][vc_column_text]<\/p>\n<p style=\"text-align: justify;\">Chez Karibian Descanso, nous utilisons des tissus organiques dans la fabrication et la confection de nos matelas. Au fil des ann\u00e9es, nous avons combin\u00e9 la technologie la plus r\u00e9cente avec ce que la nature a de mieux \u00e0 offrir, en pr\u00e9servant toute l\u2019essence des fibres naturelles pour offrir des niveaux incomparables de confort, de r\u00e9sistance et de douceur, obtenant des r\u00e9sultats qui font de l\u2019exp\u00e9rience du sommeil une exp\u00e9rience exclusive. La qualit\u00e9 du r\u00e9sultat est quelque chose que vous remarquez et ressentez avant m\u00eame de vous allonger.<\/p>\n<p>[\/vc_column_text][\/vc_column_inner][\/vc_row_inner][vc_empty_space height=&#8221;50px&#8221;][\/vc_column][\/vc_row][vc_row css_animation=&#8221;&#8221; row_type=&#8221;row&#8221; use_row_as_full_screen_section=&#8221;no&#8221; type=&#8221;full_width&#8221; angled_section=&#8221;no&#8221; text_align=&#8221;left&#8221; background_image_as_pattern=&#8221;without_pattern&#8221;][vc_column][vc_single_image image=&#8221;3097&#8243; img_size=&#8221;full&#8221; alignment=&#8221;center&#8221; qode_css_animation=&#8221;&#8221;][vc_empty_space height=&#8221;55px&#8221;][vc_column_text]<\/p>\n<h4 style=\"text-align: center;\">MICRO-RESSORTS<\/h4>\n<p>[\/vc_column_text][vc_empty_space height=&#8221;20px&#8221;][vc_row_inner row_type=&#8221;row&#8221; type=&#8221;grid&#8221; text_align=&#8221;left&#8221; css_animation=&#8221;&#8221;][vc_column_inner][vc_column_text]<\/p>\n<p style=\"text-align: justify;\">Les micro-ressorts sont consid\u00e9r\u00e9s comme un type de ressort ensach\u00e9, mais avec la particularit\u00e9 d\u2019\u00eatre plus petits. Celles-ci ont un diam\u00e8tre d\u2019environ 2 cm et se trouvent dans de petits sacs, ce qui r\u00e9duit la friction entre les ressorts et assure une grande adaptabilit\u00e9.<\/p>\n<p>&nbsp;<\/p>\n<p style=\"text-align: justify;\">Ces types de matelas, sont id\u00e9aux si nous voulons profiter les avantages des matelas \u00e0 ressorts sans perdre en confort. Par ailleurs, sa petite taille permet une plus grande adaptabilit\u00e9 et une plus grande sensation de confort. Nous obtenons ind\u00e9pendance de couchage (matelas visco\u00e9lastiques) mais sans perdre la respirabilit\u00e9 (matelas \u00e0 ressorts) et en offrant une grande autonomie.<\/p>\n<p>&nbsp;<\/p>\n<p style=\"text-align: justify;\">Certains des avantages de ce type de matelas \u00e0 micro-ressorts ensach\u00e9s, sont les suivantes: meilleure ventilation et transpiration procurant une sensation de fra\u00eecheur, ind\u00e9pendance de couchage avec libert\u00e9 de mouvement, alignement correct de la colonne vert\u00e9brale, r\u00e9duction de la pression qui fera diminuer le changement de posture, augmentation de la qualit\u00e9 du sommeil, absence de bruit, haut niveau d\u2019\u00e9lasticit\u00e9 \u00e0 chaque point, offrant plus de souplesse, confort et durabilit\u00e9.<\/p>\n<p>[\/vc_column_text][\/vc_column_inner][\/vc_row_inner][vc_empty_space height=&#8221;50px&#8221;][\/vc_column][\/vc_row][vc_row css_animation=&#8221;&#8221; row_type=&#8221;row&#8221; use_row_as_full_screen_section=&#8221;no&#8221; type=&#8221;full_width&#8221; angled_section=&#8221;no&#8221; text_align=&#8221;left&#8221; background_image_as_pattern=&#8221;without_pattern&#8221;][vc_column][vc_single_image image=&#8221;2767&#8243; img_size=&#8221;full&#8221; alignment=&#8221;center&#8221; qode_css_animation=&#8221;&#8221;][vc_empty_space height=&#8221;55px&#8221;][vc_column_text]<\/p>\n<h4 style=\"text-align: center;\">VISCO\u00c9LASTIQUES<\/h4>\n<p>[\/vc_column_text][vc_empty_space height=&#8221;20px&#8221;][vc_row_inner row_type=&#8221;row&#8221; type=&#8221;grid&#8221; text_align=&#8221;left&#8221; css_animation=&#8221;&#8221;][vc_column_inner][vc_column_text]<\/p>\n<p style=\"text-align: justify;\">Chez Karibian Descanso, nous s\u00e9lectionnons avec soin les mat\u00e9riaux, pour donner des sensations uniques \u00e0 votre repos, en pr\u00e9servant la temp\u00e9rature du corps et en traitant efficacement l\u2019humidit\u00e9. La visco\u00e9lastique a r\u00e9volutionn\u00e9 le monde du repos gr\u00e2ce \u00e0 ses propri\u00e9t\u00e9s et avantages. Le comportement correct d\u2019un bon matelas visco\u00e9lastique peut se r\u00e9sumer en deux facteurs: une r\u00e9cup\u00e9ration lente (effet m\u00e9moire) et une thermo-r\u00e9activit\u00e9 (plus la sensation de froid est importante, plus il durcit et vice versa).<\/p>\n<p>[\/vc_column_text][\/vc_column_inner][\/vc_row_inner][vc_empty_space height=&#8221;50px&#8221;][\/vc_column][\/vc_row][vc_row css_animation=&#8221;&#8221; row_type=&#8221;row&#8221; use_row_as_full_screen_section=&#8221;no&#8221; type=&#8221;full_width&#8221; angled_section=&#8221;no&#8221; text_align=&#8221;left&#8221; background_image_as_pattern=&#8221;without_pattern&#8221;][vc_column][vc_single_image image=&#8221;2768&#8243; img_size=&#8221;full&#8221; alignment=&#8221;center&#8221; qode_css_animation=&#8221;&#8221;][vc_empty_space height=&#8221;55px&#8221;][vc_column_text]<\/p>\n<h4 style=\"text-align: center;\">HR SENSATIONS SUR MESURE<\/h4>\n<p>[\/vc_column_text][vc_empty_space height=&#8221;20px&#8221;][vc_row_inner row_type=&#8221;row&#8221; type=&#8221;grid&#8221; text_align=&#8221;left&#8221; css_animation=&#8221;&#8221;][vc_column_inner][vc_column_text]<\/p>\n<p style=\"text-align: justify;\">Chez Karibian Descanso, nous travaillons pour \u00eatre un r\u00e9f\u00e9rent dans le secteur du repos, pour \u00e7a, nous choisissons les meilleurs mat\u00e9riaux et qualit\u00e9s du march\u00e9 et les combinons avec l\u2019innovation et la technologie plus avanc\u00e9e. HR est une nouvelle g\u00e9n\u00e9ration de mousses caract\u00e9ris\u00e9s par sa fermet\u00e9 et s\u2019adaptabilit\u00e9. Nous vous offrons un large \u00e9ventail de sensations pour confectionner votre sommeil sur mesure.<\/p>\n<p>[\/vc_column_text][\/vc_column_inner][\/vc_row_inner][vc_empty_space height=&#8221;50px&#8221;][\/vc_column][\/vc_row]<\/p>\n","protected":false},"excerpt":{"rendered":"<p>[vc_row css_animation=&#8221;&#8221; row_type=&#8221;row&#8221; use_row_as_full_screen_section=&#8221;no&#8221; type=&#8221;full_width&#8221; angled_section=&#8221;no&#8221; text_align=&#8221;left&#8221; background_image_as_pattern=&#8221;without_pattern&#8221;][vc_column][vc_single_image image=&#8221;3098&#8243; img_size=&#8221;full&#8221; alignment=&#8221;center&#8221; qode_css_animation=&#8221;&#8221; qode_hover_animation=&#8221;zoom_in&#8221;][vc_empty_space height=&#8221;55px&#8221;][vc_column_text] HYBRID FUSION [\/vc_column_text][vc_empty_space height=&#8221;20px&#8221;][vc_row_inner row_type=&#8221;row&#8221; type=&#8221;grid&#8221; text_align=&#8221;left&#8221; css_animation=&#8221;&#8221;][vc_column_inner][vc_column_text] Aujourd\u2019hui, beaucoup de dormeurs s\u2019informent des avantages des matelas en mousse, mais ils ne veulent pas un matelas tout en mousse. Pour ces&#8230;<\/p>\n","protected":false},"author":1,"featured_media":0,"parent":168,"menu_order":0,"comment_status":"closed","ping_status":"closed","template":"full_width.php","meta":{"footnotes":""},"class_list":["post-2763","page","type-page","status-publish","hentry"],"yoast_head":"<!-- This site is optimized with the Yoast SEO plugin v27.0 - https:\/\/yoast.com\/product\/yoast-seo-wordpress\/ -->\n<title>Hybrid Fusion - Karibian Descanso<\/title>\n<meta name=\"robots\" content=\"index, follow, max-snippet:-1, max-image-preview:large, max-video-preview:-1\" \/>\n<link rel=\"canonical\" href=\"https:\/\/karibiandescanso.com\/materiales\/hybrid-fusion\/\" \/>\n<meta property=\"og:locale\" content=\"fr_FR\" \/>\n<meta property=\"og:type\" content=\"article\" \/>\n<meta property=\"og:title\" content=\"Hybrid Fusion - Karibian Descanso\" \/>\n<meta property=\"og:description\" content=\"[vc_row css_animation=&#8221;&#8221; row_type=&#8221;row&#8221; use_row_as_full_screen_section=&#8221;no&#8221; type=&#8221;full_width&#8221; angled_section=&#8221;no&#8221; text_align=&#8221;left&#8221; background_image_as_pattern=&#8221;without_pattern&#8221;][vc_column][vc_single_image image=&#8221;3098&#8243; img_size=&#8221;full&#8221; alignment=&#8221;center&#8221; qode_css_animation=&#8221;&#8221; qode_hover_animation=&#8221;zoom_in&#8221;][vc_empty_space height=&#8221;55px&#8221;][vc_column_text] HYBRID FUSION [\/vc_column_text][vc_empty_space height=&#8221;20px&#8221;][vc_row_inner row_type=&#8221;row&#8221; type=&#8221;grid&#8221; text_align=&#8221;left&#8221; css_animation=&#8221;&#8221;][vc_column_inner][vc_column_text] Aujourd\u2019hui, beaucoup de dormeurs s\u2019informent des avantages des matelas en mousse, mais ils ne veulent pas un matelas tout en mousse. Pour ces...\" \/>\n<meta property=\"og:url\" content=\"https:\/\/karibiandescanso.com\/materiales\/hybrid-fusion\/\" \/>\n<meta property=\"og:site_name\" content=\"Karibian Descanso\" \/>\n<meta property=\"article:modified_time\" content=\"2023-03-10T14:51:02+00:00\" \/>\n<meta name=\"twitter:card\" content=\"summary_large_image\" \/>\n<meta name=\"twitter:label1\" content=\"Dur\u00e9e de lecture estim\u00e9e\" \/>\n\t<meta name=\"twitter:data1\" content=\"3 minutes\" \/>\n<script type=\"application\/ld+json\" class=\"yoast-schema-graph\">{\"@context\":\"https:\/\/schema.org\",\"@graph\":[{\"@type\":\"WebPage\",\"@id\":\"https:\/\/karibiandescanso.com\/materiales\/hybrid-fusion\/\",\"url\":\"https:\/\/karibiandescanso.com\/materiales\/hybrid-fusion\/\",\"name\":\"Hybrid Fusion - Karibian Descanso\",\"isPartOf\":{\"@id\":\"https:\/\/karibiandescanso.com\/#website\"},\"datePublished\":\"2018-09-11T10:06:21+00:00\",\"dateModified\":\"2023-03-10T14:51:02+00:00\",\"breadcrumb\":{\"@id\":\"https:\/\/karibiandescanso.com\/materiales\/hybrid-fusion\/#breadcrumb\"},\"inLanguage\":\"fr-FR\",\"potentialAction\":[{\"@type\":\"ReadAction\",\"target\":[\"https:\/\/karibiandescanso.com\/materiales\/hybrid-fusion\/\"]}]},{\"@type\":\"BreadcrumbList\",\"@id\":\"https:\/\/karibiandescanso.com\/materiales\/hybrid-fusion\/#breadcrumb\",\"itemListElement\":[{\"@type\":\"ListItem\",\"position\":1,\"name\":\"Portada\",\"item\":\"https:\/\/karibiandescanso.com\/\"},{\"@type\":\"ListItem\",\"position\":2,\"name\":\"Materiales\",\"item\":\"https:\/\/karibiandescanso.com\/materiales\/\"},{\"@type\":\"ListItem\",\"position\":3,\"name\":\"Hybrid Fusion\"}]},{\"@type\":\"WebSite\",\"@id\":\"https:\/\/karibiandescanso.com\/#website\",\"url\":\"https:\/\/karibiandescanso.com\/\",\"name\":\"Karibian Descanso\",\"description\":\"O\u00f9 est le repos\",\"potentialAction\":[{\"@type\":\"SearchAction\",\"target\":{\"@type\":\"EntryPoint\",\"urlTemplate\":\"https:\/\/karibiandescanso.com\/?s={search_term_string}\"},\"query-input\":{\"@type\":\"PropertyValueSpecification\",\"valueRequired\":true,\"valueName\":\"search_term_string\"}}],\"inLanguage\":\"fr-FR\"}]}<\/script>\n<!-- \/ Yoast SEO plugin. -->","yoast_head_json":{"title":"Hybrid Fusion - Karibian Descanso","robots":{"index":"index","follow":"follow","max-snippet":"max-snippet:-1","max-image-preview":"max-image-preview:large","max-video-preview":"max-video-preview:-1"},"canonical":"https:\/\/karibiandescanso.com\/materiales\/hybrid-fusion\/","og_locale":"fr_FR","og_type":"article","og_title":"Hybrid Fusion - Karibian Descanso","og_description":"[vc_row css_animation=&#8221;&#8221; row_type=&#8221;row&#8221; use_row_as_full_screen_section=&#8221;no&#8221; type=&#8221;full_width&#8221; angled_section=&#8221;no&#8221; text_align=&#8221;left&#8221; background_image_as_pattern=&#8221;without_pattern&#8221;][vc_column][vc_single_image image=&#8221;3098&#8243; img_size=&#8221;full&#8221; alignment=&#8221;center&#8221; qode_css_animation=&#8221;&#8221; qode_hover_animation=&#8221;zoom_in&#8221;][vc_empty_space height=&#8221;55px&#8221;][vc_column_text] HYBRID FUSION [\/vc_column_text][vc_empty_space height=&#8221;20px&#8221;][vc_row_inner row_type=&#8221;row&#8221; type=&#8221;grid&#8221; text_align=&#8221;left&#8221; css_animation=&#8221;&#8221;][vc_column_inner][vc_column_text] Aujourd\u2019hui, beaucoup de dormeurs s\u2019informent des avantages des matelas en mousse, mais ils ne veulent pas un matelas tout en mousse. Pour ces...","og_url":"https:\/\/karibiandescanso.com\/materiales\/hybrid-fusion\/","og_site_name":"Karibian Descanso","article_modified_time":"2023-03-10T14:51:02+00:00","twitter_card":"summary_large_image","twitter_misc":{"Dur\u00e9e de lecture estim\u00e9e":"3 minutes"},"schema":{"@context":"https:\/\/schema.org","@graph":[{"@type":"WebPage","@id":"https:\/\/karibiandescanso.com\/materiales\/hybrid-fusion\/","url":"https:\/\/karibiandescanso.com\/materiales\/hybrid-fusion\/","name":"Hybrid Fusion - Karibian Descanso","isPartOf":{"@id":"https:\/\/karibiandescanso.com\/#website"},"datePublished":"2018-09-11T10:06:21+00:00","dateModified":"2023-03-10T14:51:02+00:00","breadcrumb":{"@id":"https:\/\/karibiandescanso.com\/materiales\/hybrid-fusion\/#breadcrumb"},"inLanguage":"fr-FR","potentialAction":[{"@type":"ReadAction","target":["https:\/\/karibiandescanso.com\/materiales\/hybrid-fusion\/"]}]},{"@type":"BreadcrumbList","@id":"https:\/\/karibiandescanso.com\/materiales\/hybrid-fusion\/#breadcrumb","itemListElement":[{"@type":"ListItem","position":1,"name":"Portada","item":"https:\/\/karibiandescanso.com\/"},{"@type":"ListItem","position":2,"name":"Materiales","item":"https:\/\/karibiandescanso.com\/materiales\/"},{"@type":"ListItem","position":3,"name":"Hybrid Fusion"}]},{"@type":"WebSite","@id":"https:\/\/karibiandescanso.com\/#website","url":"https:\/\/karibiandescanso.com\/","name":"Karibian Descanso","description":"O\u00f9 est le repos","potentialAction":[{"@type":"SearchAction","target":{"@type":"EntryPoint","urlTemplate":"https:\/\/karibiandescanso.com\/?s={search_term_string}"},"query-input":{"@type":"PropertyValueSpecification","valueRequired":true,"valueName":"search_term_string"}}],"inLanguage":"fr-FR"}]}},"_links":{"self":[{"href":"https:\/\/karibiandescanso.com\/fr\/wp-json\/wp\/v2\/pages\/2763","targetHints":{"allow":["GET"]}}],"collection":[{"href":"https:\/\/karibiandescanso.com\/fr\/wp-json\/wp\/v2\/pages"}],"about":[{"href":"https:\/\/karibiandescanso.com\/fr\/wp-json\/wp\/v2\/types\/page"}],"author":[{"embeddable":true,"href":"https:\/\/karibiandescanso.com\/fr\/wp-json\/wp\/v2\/users\/1"}],"replies":[{"embeddable":true,"href":"https:\/\/karibiandescanso.com\/fr\/wp-json\/wp\/v2\/comments?post=2763"}],"version-history":[{"count":0,"href":"https:\/\/karibiandescanso.com\/fr\/wp-json\/wp\/v2\/pages\/2763\/revisions"}],"up":[{"embeddable":true,"href":"https:\/\/karibiandescanso.com\/fr\/wp-json\/wp\/v2\/pages\/168"}],"wp:attachment":[{"href":"https:\/\/karibiandescanso.com\/fr\/wp-json\/wp\/v2\/media?parent=2763"}],"curies":[{"name":"wp","href":"https:\/\/api.w.org\/{rel}","templated":true}]}}