{"id":2770,"date":"2018-09-11T11:09:52","date_gmt":"2018-09-11T10:09:52","guid":{"rendered":"https:\/\/www.karibiandescanso.com\/?page_id=2770"},"modified":"2023-03-10T15:43:31","modified_gmt":"2023-03-10T14:43:31","slug":"cooler-2","status":"publish","type":"page","link":"https:\/\/karibiandescanso.com\/fr\/materiales\/cooler-2\/","title":{"rendered":"Cooler"},"content":{"rendered":"<p>[vc_row css_animation=&#8221;&#8221; row_type=&#8221;row&#8221; use_row_as_full_screen_section=&#8221;no&#8221; type=&#8221;full_width&#8221; angled_section=&#8221;no&#8221; text_align=&#8221;left&#8221; background_image_as_pattern=&#8221;without_pattern&#8221;][vc_column][vc_single_image image=&#8221;2773&#8243; img_size=&#8221;full&#8221; alignment=&#8221;center&#8221; qode_css_animation=&#8221;&#8221;][vc_empty_space height=&#8221;55px&#8221;][vc_column_text]<\/p>\n<h4 style=\"text-align: center;\">TISSU COOLER<\/h4>\n<p>[\/vc_column_text][vc_empty_space height=&#8221;20px&#8221;][vc_row_inner row_type=&#8221;row&#8221; type=&#8221;grid&#8221; text_align=&#8221;left&#8221; css_animation=&#8221;&#8221;][vc_column_inner][vc_column_text]<\/p>\n<p style=\"text-align: justify;\">Chez Karibian Descanso nous avons d\u00e9velopp\u00e9 avec le fil COOLER, un matelas capable de garder la fra\u00eecheur et de donner au corps une sensation de fra\u00eecheur et de confort. Le tissu Cooler offre une sensation de fra\u00eecheur qui maximise la qualit\u00e9 du sommeil et procure \u00e9galement une atmosph\u00e8re relaxante.<\/p>\n<p>&nbsp;<\/p>\n<p style=\"text-align: justify;\">L\u2019\u00eatre humain passe un tiers de sa vie en dormant. Si nous avons \u00e7a en compte, il ne faut pas dire qu\u2019un bon repos est essentiel pour avoir une vie saine et pleine de vitalit\u00e9. La r\u00e9duction de la temp\u00e9rature corporelle, fait plus facile trouver le sommeil et am\u00e9liorer sa qualit\u00e9, mais il est parfois difficile pour notre corps de s\u2019adapter \u00e0 la temp\u00e9rature ambiante, ce qui fait difficile trouver le sommeil. Un repos de qualit\u00e9 est essentiel pour se sentir renouvel\u00e9 au d\u00e9but de chaque journ\u00e9e, donc, rester frais est essentiel pour transformer les heures de sommeil en un des moments les plus attendus.<\/p>\n<p>[\/vc_column_text][\/vc_column_inner][\/vc_row_inner][vc_empty_space height=&#8221;50px&#8221;][\/vc_column][\/vc_row][vc_row css_animation=&#8221;&#8221; row_type=&#8221;row&#8221; use_row_as_full_screen_section=&#8221;no&#8221; type=&#8221;full_width&#8221; angled_section=&#8221;no&#8221; text_align=&#8221;left&#8221; background_image_as_pattern=&#8221;without_pattern&#8221;][vc_column][vc_single_image image=&#8221;3095&#8243; img_size=&#8221;full&#8221; alignment=&#8221;center&#8221; qode_css_animation=&#8221;&#8221;][vc_empty_space height=&#8221;55px&#8221;][vc_column_text]<\/p>\n<h4 style=\"text-align: center;\">DEEP SLEEP ON A COOL BED<\/h4>\n<p>[\/vc_column_text][vc_empty_space height=&#8221;20px&#8221;][vc_row_inner row_type=&#8221;row&#8221; type=&#8221;grid&#8221; text_align=&#8221;left&#8221; css_animation=&#8221;&#8221;][vc_column_inner][vc_column_text]<\/p>\n<p style=\"text-align: justify;\">Le tissu Cooler a la capacit\u00e9 de maintenir un flux de fra\u00eecheur gr\u00e2ce \u00e0 ses caract\u00e9ristiques de conductivit\u00e9 thermique et \u00e0 sa haute valeur d\u2019absorption thermique. De plus, il offre un environnement confortable gr\u00e2ce \u00e0 sa perm\u00e9abilit\u00e9 \u00e0 la vapeur d\u2019eau. Test\u00e9 et contrast\u00e9 dans plusieurs laboratoires universitaires et accr\u00e9dit\u00e9s internationalement, il a \u00e9t\u00e9 d\u00e9montr\u00e9 que la technologie avec l\u2019innovant fil Cooler r\u00e9duit consid\u00e9rablement la temp\u00e9rature.<\/p>\n<p>[\/vc_column_text][\/vc_column_inner][\/vc_row_inner][vc_empty_space height=&#8221;50px&#8221;][\/vc_column][\/vc_row][vc_row css_animation=&#8221;&#8221; row_type=&#8221;row&#8221; use_row_as_full_screen_section=&#8221;no&#8221; type=&#8221;full_width&#8221; angled_section=&#8221;no&#8221; text_align=&#8221;left&#8221; background_image_as_pattern=&#8221;without_pattern&#8221;][vc_column][vc_single_image image=&#8221;3096&#8243; img_size=&#8221;full&#8221; alignment=&#8221;center&#8221; qode_css_animation=&#8221;&#8221;][vc_empty_space height=&#8221;55px&#8221;][vc_column_text]<\/p>\n<h4 style=\"text-align: center;\">UNE RENAISSANCE CONTINUE DE SENSATIONS<\/h4>\n<p>[\/vc_column_text][vc_empty_space height=&#8221;20px&#8221;][vc_row_inner row_type=&#8221;row&#8221; type=&#8221;grid&#8221; text_align=&#8221;left&#8221; css_animation=&#8221;&#8221;][vc_column_inner][vc_column_text]<\/p>\n<p style=\"text-align: justify;\">Ne laissez pas que la chaleur perturbe vos r\u00eaves. Sentez-vous totalement retrouv\u00e9 au d\u00e9but de chaque journ\u00e9e, gr\u00e2ce au confort maximum obtenu par le tissu Cooler et sa composition. Trouver l\u2019\u00e9quilibre parfait, gr\u00e2ce aux diff\u00e9rentes structures de mat\u00e9riaux et finitions qui am\u00e9liorent l\u2019exp\u00e9rience du repos quotidien. D\u00e9couvrez les diff\u00e9rents mod\u00e8les de confort, con\u00e7us avec le tissu exclusif Cooler. Am\u00e9liorez la qualit\u00e9 de votre repos et d\u00e9couvrez une renaissance continue de sensations, avec le confort d\u2019aujourd\u2019hui et toujours.<\/p>\n<p>[\/vc_column_text][\/vc_column_inner][\/vc_row_inner][vc_empty_space height=&#8221;50px&#8221;][\/vc_column][\/vc_row]<\/p>\n","protected":false},"excerpt":{"rendered":"<p>[vc_row css_animation=&#8221;&#8221; row_type=&#8221;row&#8221; use_row_as_full_screen_section=&#8221;no&#8221; type=&#8221;full_width&#8221; angled_section=&#8221;no&#8221; text_align=&#8221;left&#8221; background_image_as_pattern=&#8221;without_pattern&#8221;][vc_column][vc_single_image image=&#8221;2773&#8243; img_size=&#8221;full&#8221; alignment=&#8221;center&#8221; qode_css_animation=&#8221;&#8221;][vc_empty_space height=&#8221;55px&#8221;][vc_column_text] TISSU COOLER [\/vc_column_text][vc_empty_space height=&#8221;20px&#8221;][vc_row_inner row_type=&#8221;row&#8221; type=&#8221;grid&#8221; text_align=&#8221;left&#8221; css_animation=&#8221;&#8221;][vc_column_inner][vc_column_text] Chez Karibian Descanso nous avons d\u00e9velopp\u00e9 avec le fil COOLER, un matelas capable de garder la fra\u00eecheur et de donner au corps une sensation&#8230;<\/p>\n","protected":false},"author":1,"featured_media":0,"parent":168,"menu_order":0,"comment_status":"closed","ping_status":"closed","template":"full_width.php","meta":{"footnotes":""},"class_list":["post-2770","page","type-page","status-publish","hentry"],"yoast_head":"<!-- This site is optimized with the Yoast SEO plugin v27.0 - https:\/\/yoast.com\/product\/yoast-seo-wordpress\/ -->\n<title>Cooler - Karibian Descanso<\/title>\n<meta name=\"robots\" content=\"index, follow, max-snippet:-1, max-image-preview:large, max-video-preview:-1\" \/>\n<link rel=\"canonical\" href=\"https:\/\/karibiandescanso.com\/materiales\/cooler-2\/\" \/>\n<meta property=\"og:locale\" content=\"fr_FR\" \/>\n<meta property=\"og:type\" content=\"article\" \/>\n<meta property=\"og:title\" content=\"Cooler - Karibian Descanso\" \/>\n<meta property=\"og:description\" content=\"[vc_row css_animation=&#8221;&#8221; row_type=&#8221;row&#8221; use_row_as_full_screen_section=&#8221;no&#8221; type=&#8221;full_width&#8221; angled_section=&#8221;no&#8221; text_align=&#8221;left&#8221; background_image_as_pattern=&#8221;without_pattern&#8221;][vc_column][vc_single_image image=&#8221;2773&#8243; img_size=&#8221;full&#8221; alignment=&#8221;center&#8221; qode_css_animation=&#8221;&#8221;][vc_empty_space height=&#8221;55px&#8221;][vc_column_text] TISSU COOLER [\/vc_column_text][vc_empty_space height=&#8221;20px&#8221;][vc_row_inner row_type=&#8221;row&#8221; type=&#8221;grid&#8221; text_align=&#8221;left&#8221; css_animation=&#8221;&#8221;][vc_column_inner][vc_column_text] Chez Karibian Descanso nous avons d\u00e9velopp\u00e9 avec le fil COOLER, un matelas capable de garder la fra\u00eecheur et de donner au corps une sensation...\" \/>\n<meta property=\"og:url\" content=\"https:\/\/karibiandescanso.com\/materiales\/cooler-2\/\" \/>\n<meta property=\"og:site_name\" content=\"Karibian Descanso\" \/>\n<meta property=\"article:modified_time\" content=\"2023-03-10T14:43:31+00:00\" \/>\n<meta name=\"twitter:card\" content=\"summary_large_image\" \/>\n<meta name=\"twitter:label1\" content=\"Dur\u00e9e de lecture estim\u00e9e\" \/>\n\t<meta name=\"twitter:data1\" content=\"2 minutes\" \/>\n<script type=\"application\/ld+json\" class=\"yoast-schema-graph\">{\"@context\":\"https:\/\/schema.org\",\"@graph\":[{\"@type\":\"WebPage\",\"@id\":\"https:\/\/karibiandescanso.com\/materiales\/cooler-2\/\",\"url\":\"https:\/\/karibiandescanso.com\/materiales\/cooler-2\/\",\"name\":\"Cooler - Karibian Descanso\",\"isPartOf\":{\"@id\":\"https:\/\/karibiandescanso.com\/#website\"},\"datePublished\":\"2018-09-11T10:09:52+00:00\",\"dateModified\":\"2023-03-10T14:43:31+00:00\",\"breadcrumb\":{\"@id\":\"https:\/\/karibiandescanso.com\/materiales\/cooler-2\/#breadcrumb\"},\"inLanguage\":\"fr-FR\",\"potentialAction\":[{\"@type\":\"ReadAction\",\"target\":[\"https:\/\/karibiandescanso.com\/materiales\/cooler-2\/\"]}]},{\"@type\":\"BreadcrumbList\",\"@id\":\"https:\/\/karibiandescanso.com\/materiales\/cooler-2\/#breadcrumb\",\"itemListElement\":[{\"@type\":\"ListItem\",\"position\":1,\"name\":\"Portada\",\"item\":\"https:\/\/karibiandescanso.com\/\"},{\"@type\":\"ListItem\",\"position\":2,\"name\":\"Materiales\",\"item\":\"https:\/\/karibiandescanso.com\/materiales\/\"},{\"@type\":\"ListItem\",\"position\":3,\"name\":\"Cooler\"}]},{\"@type\":\"WebSite\",\"@id\":\"https:\/\/karibiandescanso.com\/#website\",\"url\":\"https:\/\/karibiandescanso.com\/\",\"name\":\"Karibian Descanso\",\"description\":\"O\u00f9 est le repos\",\"potentialAction\":[{\"@type\":\"SearchAction\",\"target\":{\"@type\":\"EntryPoint\",\"urlTemplate\":\"https:\/\/karibiandescanso.com\/?s={search_term_string}\"},\"query-input\":{\"@type\":\"PropertyValueSpecification\",\"valueRequired\":true,\"valueName\":\"search_term_string\"}}],\"inLanguage\":\"fr-FR\"}]}<\/script>\n<!-- \/ Yoast SEO plugin. -->","yoast_head_json":{"title":"Cooler - Karibian Descanso","robots":{"index":"index","follow":"follow","max-snippet":"max-snippet:-1","max-image-preview":"max-image-preview:large","max-video-preview":"max-video-preview:-1"},"canonical":"https:\/\/karibiandescanso.com\/materiales\/cooler-2\/","og_locale":"fr_FR","og_type":"article","og_title":"Cooler - Karibian Descanso","og_description":"[vc_row css_animation=&#8221;&#8221; row_type=&#8221;row&#8221; use_row_as_full_screen_section=&#8221;no&#8221; type=&#8221;full_width&#8221; angled_section=&#8221;no&#8221; text_align=&#8221;left&#8221; background_image_as_pattern=&#8221;without_pattern&#8221;][vc_column][vc_single_image image=&#8221;2773&#8243; img_size=&#8221;full&#8221; alignment=&#8221;center&#8221; qode_css_animation=&#8221;&#8221;][vc_empty_space height=&#8221;55px&#8221;][vc_column_text] TISSU COOLER [\/vc_column_text][vc_empty_space height=&#8221;20px&#8221;][vc_row_inner row_type=&#8221;row&#8221; type=&#8221;grid&#8221; text_align=&#8221;left&#8221; css_animation=&#8221;&#8221;][vc_column_inner][vc_column_text] Chez Karibian Descanso nous avons d\u00e9velopp\u00e9 avec le fil COOLER, un matelas capable de garder la fra\u00eecheur et de donner au corps une sensation...","og_url":"https:\/\/karibiandescanso.com\/materiales\/cooler-2\/","og_site_name":"Karibian Descanso","article_modified_time":"2023-03-10T14:43:31+00:00","twitter_card":"summary_large_image","twitter_misc":{"Dur\u00e9e de lecture estim\u00e9e":"2 minutes"},"schema":{"@context":"https:\/\/schema.org","@graph":[{"@type":"WebPage","@id":"https:\/\/karibiandescanso.com\/materiales\/cooler-2\/","url":"https:\/\/karibiandescanso.com\/materiales\/cooler-2\/","name":"Cooler - Karibian Descanso","isPartOf":{"@id":"https:\/\/karibiandescanso.com\/#website"},"datePublished":"2018-09-11T10:09:52+00:00","dateModified":"2023-03-10T14:43:31+00:00","breadcrumb":{"@id":"https:\/\/karibiandescanso.com\/materiales\/cooler-2\/#breadcrumb"},"inLanguage":"fr-FR","potentialAction":[{"@type":"ReadAction","target":["https:\/\/karibiandescanso.com\/materiales\/cooler-2\/"]}]},{"@type":"BreadcrumbList","@id":"https:\/\/karibiandescanso.com\/materiales\/cooler-2\/#breadcrumb","itemListElement":[{"@type":"ListItem","position":1,"name":"Portada","item":"https:\/\/karibiandescanso.com\/"},{"@type":"ListItem","position":2,"name":"Materiales","item":"https:\/\/karibiandescanso.com\/materiales\/"},{"@type":"ListItem","position":3,"name":"Cooler"}]},{"@type":"WebSite","@id":"https:\/\/karibiandescanso.com\/#website","url":"https:\/\/karibiandescanso.com\/","name":"Karibian Descanso","description":"O\u00f9 est le repos","potentialAction":[{"@type":"SearchAction","target":{"@type":"EntryPoint","urlTemplate":"https:\/\/karibiandescanso.com\/?s={search_term_string}"},"query-input":{"@type":"PropertyValueSpecification","valueRequired":true,"valueName":"search_term_string"}}],"inLanguage":"fr-FR"}]}},"_links":{"self":[{"href":"https:\/\/karibiandescanso.com\/fr\/wp-json\/wp\/v2\/pages\/2770","targetHints":{"allow":["GET"]}}],"collection":[{"href":"https:\/\/karibiandescanso.com\/fr\/wp-json\/wp\/v2\/pages"}],"about":[{"href":"https:\/\/karibiandescanso.com\/fr\/wp-json\/wp\/v2\/types\/page"}],"author":[{"embeddable":true,"href":"https:\/\/karibiandescanso.com\/fr\/wp-json\/wp\/v2\/users\/1"}],"replies":[{"embeddable":true,"href":"https:\/\/karibiandescanso.com\/fr\/wp-json\/wp\/v2\/comments?post=2770"}],"version-history":[{"count":0,"href":"https:\/\/karibiandescanso.com\/fr\/wp-json\/wp\/v2\/pages\/2770\/revisions"}],"up":[{"embeddable":true,"href":"https:\/\/karibiandescanso.com\/fr\/wp-json\/wp\/v2\/pages\/168"}],"wp:attachment":[{"href":"https:\/\/karibiandescanso.com\/fr\/wp-json\/wp\/v2\/media?parent=2770"}],"curies":[{"name":"wp","href":"https:\/\/api.w.org\/{rel}","templated":true}]}}