{"id":4880,"date":"2019-07-02T08:18:07","date_gmt":"2019-07-02T07:18:07","guid":{"rendered":"https:\/\/www.karibiandescanso.com\/?page_id=4880"},"modified":"2024-01-08T17:04:19","modified_gmt":"2024-01-08T16:04:19","slug":"politica-de-privacidad","status":"publish","type":"page","link":"https:\/\/karibiandescanso.com\/fr\/politica-de-privacidad\/","title":{"rendered":"Politique de Confidentialit\u00e9"},"content":{"rendered":"<p>[vc_row css_animation=&#8221;&#8221; row_type=&#8221;row&#8221; use_row_as_full_screen_section=&#8221;no&#8221; type=&#8221;full_width&#8221; angled_section=&#8221;no&#8221; text_align=&#8221;left&#8221; background_image_as_pattern=&#8221;without_pattern&#8221;][vc_column][vc_empty_space height=&#8221;30px&#8221;][vc_column_text]<\/p>\n<h3 style=\"text-align: center;\">POLITIQUE DE CONFIDENTIALIT\u00c9 DU SITE WEB<\/h3>\n<p style=\"text-align: center;\"><a href=\"https:\/\/www.karibiandescanso.com\">www.karibiandescanso.com<\/a><\/p>\n<p>[\/vc_column_text][vc_empty_space height=&#8221;30px&#8221;][vc_column_text]<\/p>\n<p style=\"text-align: justify;\">Cette politique de confidentialit\u00e9 d\u00e9crit la mani\u00e8re dont nous collectons les informations, dans quel but nous les utilisons et comment nous les g\u00e9rons. Votre vie priv\u00e9e est importante pour nous et nous y attachons une grande importance, c&#8217;est pourquoi nous souhaitons exprimer le maximum d&#8217;engagement \u00e0 prot\u00e9ger les donn\u00e9es personnelles de nos Utilisateurs. Nous avons mis en place les mesures techniques et organisationnelles n\u00e9cessaires indiqu\u00e9es par la r\u00e9glementation sur la protection des donn\u00e9es pour assurer la confidentialit\u00e9 de vos donn\u00e9es, dans le respect du R\u00e8glement g\u00e9n\u00e9ral sur la protection des donn\u00e9es approuv\u00e9 par l&#8217;Union europ\u00e9enne (RGPD) et de la loi organique 3\/2018 du 5 d\u00e9cembre (LOPDGDD ). Cependant, nous ne pouvons assumer aucune responsabilit\u00e9 pour les dommages d\u00e9riv\u00e9s des alt\u00e9rations que des tiers pourraient causer dans les syst\u00e8mes informatiques, les documents \u00e9lectroniques ou les fichiers de l&#8217;Utilisateur.<\/p>\n<p>&nbsp;<\/p>\n<p><strong>QUI EST RESPONSABLE DU TRAITEMENT ?<\/strong><\/p>\n<p style=\"text-align: justify;\">Nom de l&#8217;entreprise: <strong>KARIBIAN DESCANSO, S.L.<\/strong> (<span class=\"Y2IQFc\" lang=\"fr\">ci-apr\u00e8s, la \u00ab\u00a0Soci\u00e9t\u00e9\u00a0\u00bb ou le \u00ab\u00a0Responsable\u00a0\u00bb<\/span>).<br \/>\nCAF: B72997679<br \/>\nAdresse: CTRA. DE PINOSO KM. 2 APDO 611 &#8211; 30510 &#8211; YECLA &#8211; MURCIA<br \/>\nT\u00e9l\u00e9phone: 968753798<br \/>\nEmail pour les comunicaciones conciernan la protection des don\u00e9is:\u00a0<a href=\"mailto:contabilidad@godema.es\">contabilidad@godema.es<\/a><\/p>\n<p>&nbsp;<\/p>\n<p style=\"text-align: justify;\"><strong>QUELS SONT LES BUTS DU TRAITEMENT?<\/strong><\/p>\n<p style=\"text-align: justify;\">Les donn\u00e9es personnelles des int\u00e9ress\u00e9s seront trait\u00e9es par KARIBIAN DESCANSO, S.L. conform\u00e9ment aux finalit\u00e9s suivantes, en fonction du moment o\u00f9 lesdites informations sont fournies:<\/p>\n<p>&nbsp;<\/p>\n<p style=\"text-align: justify;\">1. Afin de r\u00e9pondre \u00e0 vos questions ou de vous envoyer des informations relatives \u00e0 votre demande, il peut nous \u00eatre n\u00e9cessaire d&#8217;obtenir des informations de votre part, auquel cas nous vous demanderons de nous les fournir volontairement et express\u00e9ment. Vous ne devez nous transmettre les donn\u00e9es dont vous \u00eates propri\u00e9taire, ou de tiers, que si vous \u00eates votre repr\u00e9sentant l\u00e9gal ou avez obtenu votre consentement sans \u00e9quivoque. La base l\u00e9gale du traitement correspond \u00e0 l&#8217;art. 6.1 a) RGPD (consentement de l&#8217;int\u00e9ress\u00e9).<\/p>\n<p>&nbsp;<\/p>\n<p style=\"text-align: justify;\">2. G\u00e9rer les abonnements pour recevoir des informations commerciales sur KARIBIAN DESCANSO, S.L., pour lesquelles le consentement de l&#8217;int\u00e9ress\u00e9 est obtenu dans notre newsletter, via les m\u00e9canismes activ\u00e9s \u00e0 cet \u00e9gard sur le Web. Le traitement est bas\u00e9 sur l&#8217;art. 6.1 a) RGPD (consentement de l&#8217;int\u00e9ress\u00e9), qui peut \u00eatre retir\u00e9 \u00e0 tout moment sans affecter la l\u00e9galit\u00e9 du traitement avant son retrait.<\/p>\n<p>&nbsp;<\/p>\n<p style=\"text-align: justify;\">3. Participer aux \u00e9ventuels processus de s\u00e9lection du personnel que nous pourrions effectuer dans le cas o\u00f9 vous nous feriez parvenir votre curriculum vitae. La base l\u00e9gale du traitement r\u00e9side dans le consentement de l&#8217;int\u00e9ress\u00e9, conform\u00e9ment \u00e0 l&#8217;art. 6.1 a) RGPD.<\/p>\n<p>&nbsp;<\/p>\n<p style=\"text-align: justify;\">4. G\u00e9rer les commentaires sur notre blog d&#8217;actualit\u00e9s. Le traitement est bas\u00e9 sur l&#8217;art. 6.1 a) RGPD (consentement de l&#8217;int\u00e9ress\u00e9).<\/p>\n<p>&nbsp;<\/p>\n<p style=\"text-align: justify;\">5. \u00c0 des fins analytiques et statistiques, dans le cas o\u00f9 vous acceptez les cookies utilis\u00e9s par le site Web \u00e0 ces fins, pour lesquels le consentement de l&#8217;utilisateur est obtenu, conform\u00e9ment \u00e0 l&#8217;art. 6.1 a) RGPD et art. 22 LSSI.<\/p>\n<p>&nbsp;<\/p>\n<p><b>QUELS SONT LES CRIT\u00c8RES DE CONSERVATION DES DONN\u00c9ES?<\/b><\/p>\n<p style=\"text-align: justify;\">Nous conserverons vos donn\u00e9es pendant le temps strictement essentiel pour se conformer \u00e0 la finalit\u00e9 pour laquelle elles ont \u00e9t\u00e9 collect\u00e9es et, par la suite, elles resteront bloqu\u00e9es pendant le temps o\u00f9 les responsabilit\u00e9s du traitement et \/ ou de la finalit\u00e9 peuvent survenir.<\/p>\n<p style=\"text-align: justify;\">Les programmes re\u00e7us seront d\u00e9truits s&#8217;ils \u00e9taient \u00e9cart\u00e9s des \u00e9ventuels processus de s\u00e9lection que nous pourrions effectuer, en les conservant pour une dur\u00e9e maximale d&#8217;un an.<\/p>\n<p>&nbsp;<\/p>\n<p style=\"text-align: justify;\">Dur\u00e9e de conservation de vos donn\u00e9es pour l&#8217;envoi de communications commerciales:<\/p>\n<ul>\n<li style=\"text-align: justify;\">Si vous nous avez express\u00e9ment autoris\u00e9s, nous conserverons vos donn\u00e9es jusqu&#8217;\u00e0 ce que vous d\u00e9cidiez de retirer votre consentement.<\/li>\n<li style=\"text-align: justify;\">Si vous avez maintenu une relation contractuelle avec nous et que nous vous envoyons des communications commerciales, nous conserverons vos donn\u00e9es jusqu&#8217;\u00e0 ce que vous d\u00e9cidiez de vous opposer \u00e0 un tel traitement.<\/li>\n<\/ul>\n<p>&nbsp;<\/p>\n<p><b>COMMENT DOIS-JE METTRE \u00c0 JOUR MES DONN\u00c9ES PERSONNELLES?<\/b><\/p>\n<p style=\"text-align: justify;\">L&#8217;utilisateur garantit que les donn\u00e9es personnelles qui nous sont fournies via ce site Web sont vraies, correctes, \u00e0 jour et compl\u00e8tes. L&#8217;Utilisateur doit nous informer de toute modification ou mise \u00e0 jour de celui-ci, en envoyant une communication aux adresses postales ou \u00e9lectroniques indiqu\u00e9es dans la section O\u00f9 pouvez-vous exercer vos droits?<\/p>\n<p>&nbsp;<\/p>\n<p><b>QUELS SONT LES DESTINATAIRES DES INFORMATIONS?<\/b><\/p>\n<p style=\"text-align: justify;\">Nous ne transf\u00e9rerons pas d&#8217;informations \u00e0 des tiers, sauf obligation l\u00e9gale et celles n\u00e9cessaires pour fournir les services, ou dans le cas o\u00f9 vous donnez votre consentement expr\u00e8s et sans \u00e9quivoque.<\/p>\n<p>&nbsp;<\/p>\n<p><b>EXISTE-T-IL DES TRANSFERTS INTERNATIONAUX DE DONN\u00c9ES?<\/b><\/p>\n<p style=\"text-align: justify;\">KARIBIAN DESCANSO, S.L. n&#8217;avez pas l&#8217;intention d&#8217;effectuer des transferts internationaux de vos donn\u00e9es. Cependant, nous pouvons utiliser des fournisseurs de services et des processeurs de donn\u00e9es qui travaillent pour le compte de KARIBIAN DESCANSO, S.L. Les services peuvent inclure des services d&#8217;h\u00e9bergement et de maintenance du syst\u00e8me, des services d&#8217;analyse, des services de messagerie \u00e9lectronique, etc. Ces soci\u00e9t\u00e9s tierces ont l&#8217;obligation de garantir que les informations sont trait\u00e9es conform\u00e9ment \u00e0 la r\u00e9glementation en vigueur. Pour notre part, nous ferons toujours de notre mieux pour nous assurer que tous les tiers avec lesquels nous travaillons maintiennent la s\u00e9curit\u00e9 de vos donn\u00e9es personnelles.<\/p>\n<p>&nbsp;<\/p>\n<p><b>QUELS SONT LES DROITS DES PARTIES INT\u00c9RESS\u00c9ES?<\/b><\/p>\n<p style=\"text-align: justify;\">Toute personne a le droit d&#8217;obtenir la confirmation que nous traitons ou non des donn\u00e9es personnelles la concernant. Les personnes int\u00e9ress\u00e9es ont le droit d&#8217;acc\u00e9der \u00e0 leurs donn\u00e9es personnelles, ainsi que de demander la rectification de donn\u00e9es inexactes ou, le cas \u00e9ch\u00e9ant, de demander leur suppression lorsque, entre autres raisons, les donn\u00e9es ne sont plus n\u00e9cessaires aux fins pour lesquelles elles ont \u00e9t\u00e9 collect\u00e9.<\/p>\n<p style=\"text-align: justify;\">Dans certaines circonstances, les parties int\u00e9ress\u00e9es peuvent demander la limitation du traitement de leurs donn\u00e9es, auquel cas nous ne les conserverons que pour l&#8217;exercice ou la d\u00e9fense de r\u00e9clamations. Dans certaines circonstances et pour des raisons li\u00e9es \u00e0 leur situation particuli\u00e8re, les int\u00e9ress\u00e9s peuvent s&#8217;opposer au traitement de leurs donn\u00e9es. Dans ce cas, nous cesserons de traiter les donn\u00e9es, sauf pour des motifs l\u00e9gitimes imp\u00e9rieux, ou l&#8217;exercice ou la d\u00e9fense d&#8217;\u00e9ventuelles r\u00e9clamations. Ils auront \u00e9galement le droit de retirer leur consentement au traitement de leurs donn\u00e9es \u00e0 tout moment lorsque la base qui le l\u00e9gitime est l&#8217;obtention du propre consentement de l&#8217;int\u00e9ress\u00e9.<\/p>\n<p style=\"text-align: justify;\">Ils peuvent d\u00e9poser une r\u00e9clamation aupr\u00e8s de l&#8217;autorit\u00e9 de contr\u00f4le de la protection des donn\u00e9es comp\u00e9tente, telle que l&#8217;Agence espagnole de protection des donn\u00e9es, en particulier lorsqu&#8217;ils n&#8217;ont pas obtenu satisfaction dans l&#8217;exercice de leurs droits ou estiment que le traitement des donn\u00e9es n&#8217;est pas conforme \u00e0 la l\u00e9galit\u00e9 actuelle.<\/p>\n<p>&nbsp;<\/p>\n<p><b>O POUVEZ-VOUS EXERCER VOS DROITS?<\/b><\/p>\n<p style=\"text-align: justify;\">Par communication \u00e9crite adress\u00e9e \u00e0 KARIBIAN DESCANSO, S.L., CTRA. DE PINOSO KM.2, YECLA, 30510 (MURCIA) ou, en envoyant un courrier \u00e9lectronique \u00e0 l&#8217;adresse contabilidad@godema.es, en vous identifiant et en pr\u00e9cisant votre demande en fournissant une photocopie de votre DNI ou document \u00e9quivalent.<\/p>\n<p style=\"text-align: justify;\">Dans les communications commerciales, y compris les newsletters, vous pouvez r\u00e9voquer le consentement accord\u00e9 en envoyant un e-mail \u00e0 notre adresse <a href=\"mailto:contabilidad@godema.es\">contabilidad@godema.es<\/a>. en indiquant dans le message la phrase \u00ab Se d\u00e9sinscrire du Service de communication \u00bb, ou en cliquant sur le lien de d\u00e9sinscription si cela est indiqu\u00e9 dans le message \u00e9lectronique.<\/p>\n<p>&nbsp;<\/p>\n<p><b>MESURE DE S\u00c9CURIT\u00c9<\/b><\/p>\n<p style=\"text-align: justify;\">Que conform\u00e9ment aux dispositions de la r\u00e9glementation en vigueur sur la protection des donn\u00e9es personnelles, le RESPONSABLE se conforme \u00e0 toutes les dispositions du R\u00c8GLEMENT G\u00c9N\u00c9RAL SUR LA PROTECTION DES DONN\u00c9ES (RGPD) pour le traitement des donn\u00e9es personnelles sous sa responsabilit\u00e9, et manifestement avec les principes d\u00e9crits \u00e0 l&#8217;article 5 , pour lesquels ils sont trait\u00e9s de mani\u00e8re licite, loyale et transparente vis-\u00e0-vis de l&#8217;int\u00e9ress\u00e9 et ad\u00e9quate, pertinente et limit\u00e9e \u00e0 ce qui est n\u00e9cessaire au regard des finalit\u00e9s pour lesquelles ils sont trait\u00e9s. Le RESPONSABLE garantit avoir mis en place des politiques techniques et organisationnelles appropri\u00e9es pour appliquer les mesures de s\u00e9curit\u00e9 \u00e9tablies par le RGPD afin de prot\u00e9ger les droits et libert\u00e9s des Utilisateurs et avoir communiqu\u00e9 les informations appropri\u00e9es afin qu&#8217;ils puissent les exercer.<\/p>\n<p>&nbsp;<\/p>\n<p style=\"text-align: justify;\"><b>ACCEPTATION ET CONSENTEMENT<\/b><\/p>\n<p style=\"text-align: justify;\">L&#8217;utilisateur d\u00e9clare avoir \u00e9t\u00e9 inform\u00e9 de notre politique de protection des donn\u00e9es et consent \u00e0 son traitement pour les finalit\u00e9s exprim\u00e9es ci-dessus. Il est \u00e0 noter que certains des services fournis sur le Web peuvent avoir des conditions particuli\u00e8res, auquel cas les utilisateurs seront d\u00fbment inform\u00e9s.<\/p>\n<p>[\/vc_column_text][vc_empty_space height=&#8221;30px&#8221;][\/vc_column][\/vc_row]<\/p>\n","protected":false},"excerpt":{"rendered":"<p>[vc_row css_animation=&#8221;&#8221; row_type=&#8221;row&#8221; use_row_as_full_screen_section=&#8221;no&#8221; type=&#8221;full_width&#8221; angled_section=&#8221;no&#8221; text_align=&#8221;left&#8221; background_image_as_pattern=&#8221;without_pattern&#8221;][vc_column][vc_empty_space height=&#8221;30px&#8221;][vc_column_text] POLITIQUE DE CONFIDENTIALIT\u00c9 DU SITE WEB www.karibiandescanso.com [\/vc_column_text][vc_empty_space height=&#8221;30px&#8221;][vc_column_text] Cette politique de confidentialit\u00e9 d\u00e9crit la mani\u00e8re dont nous collectons les informations, dans quel but nous les utilisons et comment nous les g\u00e9rons. Votre vie priv\u00e9e est&#8230;<\/p>\n","protected":false},"author":1,"featured_media":0,"parent":0,"menu_order":0,"comment_status":"closed","ping_status":"closed","template":"","meta":{"footnotes":""},"class_list":["post-4880","page","type-page","status-publish","hentry"],"yoast_head":"<!-- This site is optimized with the Yoast SEO plugin v27.0 - https:\/\/yoast.com\/product\/yoast-seo-wordpress\/ -->\n<title>Politique de Confidentialit\u00e9 - Karibian Descanso<\/title>\n<meta name=\"robots\" content=\"noindex, follow\" \/>\n<meta property=\"og:locale\" content=\"fr_FR\" \/>\n<meta property=\"og:type\" content=\"article\" \/>\n<meta property=\"og:title\" content=\"Politique de Confidentialit\u00e9 - Karibian Descanso\" \/>\n<meta property=\"og:description\" content=\"[vc_row css_animation=&#8221;&#8221; row_type=&#8221;row&#8221; use_row_as_full_screen_section=&#8221;no&#8221; type=&#8221;full_width&#8221; angled_section=&#8221;no&#8221; text_align=&#8221;left&#8221; background_image_as_pattern=&#8221;without_pattern&#8221;][vc_column][vc_empty_space height=&#8221;30px&#8221;][vc_column_text] POLITIQUE DE CONFIDENTIALIT\u00c9 DU SITE WEB www.karibiandescanso.com [\/vc_column_text][vc_empty_space height=&#8221;30px&#8221;][vc_column_text] Cette politique de confidentialit\u00e9 d\u00e9crit la mani\u00e8re dont nous collectons les informations, dans quel but nous les utilisons et comment nous les g\u00e9rons. Votre vie priv\u00e9e est...\" \/>\n<meta property=\"og:url\" content=\"https:\/\/karibiandescanso.com\/politica-de-privacidad\/\" \/>\n<meta property=\"og:site_name\" content=\"Karibian Descanso\" \/>\n<meta property=\"article:modified_time\" content=\"2024-01-08T16:04:19+00:00\" \/>\n<meta name=\"twitter:card\" content=\"summary_large_image\" \/>\n<meta name=\"twitter:label1\" content=\"Dur\u00e9e de lecture estim\u00e9e\" \/>\n\t<meta name=\"twitter:data1\" content=\"5 minutes\" \/>\n<script type=\"application\/ld+json\" class=\"yoast-schema-graph\">{\"@context\":\"https:\/\/schema.org\",\"@graph\":[{\"@type\":\"WebPage\",\"@id\":\"https:\/\/karibiandescanso.com\/politica-de-privacidad\/\",\"url\":\"https:\/\/karibiandescanso.com\/politica-de-privacidad\/\",\"name\":\"Politique de Confidentialit\u00e9 - Karibian Descanso\",\"isPartOf\":{\"@id\":\"https:\/\/karibiandescanso.com\/#website\"},\"datePublished\":\"2019-07-02T07:18:07+00:00\",\"dateModified\":\"2024-01-08T16:04:19+00:00\",\"breadcrumb\":{\"@id\":\"https:\/\/karibiandescanso.com\/politica-de-privacidad\/#breadcrumb\"},\"inLanguage\":\"fr-FR\",\"potentialAction\":[{\"@type\":\"ReadAction\",\"target\":[\"https:\/\/karibiandescanso.com\/politica-de-privacidad\/\"]}]},{\"@type\":\"BreadcrumbList\",\"@id\":\"https:\/\/karibiandescanso.com\/politica-de-privacidad\/#breadcrumb\",\"itemListElement\":[{\"@type\":\"ListItem\",\"position\":1,\"name\":\"Portada\",\"item\":\"https:\/\/karibiandescanso.com\/\"},{\"@type\":\"ListItem\",\"position\":2,\"name\":\"Pol\u00edtica de Privacidad\"}]},{\"@type\":\"WebSite\",\"@id\":\"https:\/\/karibiandescanso.com\/#website\",\"url\":\"https:\/\/karibiandescanso.com\/\",\"name\":\"Karibian Descanso\",\"description\":\"O\u00f9 est le repos\",\"potentialAction\":[{\"@type\":\"SearchAction\",\"target\":{\"@type\":\"EntryPoint\",\"urlTemplate\":\"https:\/\/karibiandescanso.com\/?s={search_term_string}\"},\"query-input\":{\"@type\":\"PropertyValueSpecification\",\"valueRequired\":true,\"valueName\":\"search_term_string\"}}],\"inLanguage\":\"fr-FR\"}]}<\/script>\n<!-- \/ Yoast SEO plugin. -->","yoast_head_json":{"title":"Politique de Confidentialit\u00e9 - Karibian Descanso","robots":{"index":"noindex","follow":"follow"},"og_locale":"fr_FR","og_type":"article","og_title":"Politique de Confidentialit\u00e9 - Karibian Descanso","og_description":"[vc_row css_animation=&#8221;&#8221; row_type=&#8221;row&#8221; use_row_as_full_screen_section=&#8221;no&#8221; type=&#8221;full_width&#8221; angled_section=&#8221;no&#8221; text_align=&#8221;left&#8221; background_image_as_pattern=&#8221;without_pattern&#8221;][vc_column][vc_empty_space height=&#8221;30px&#8221;][vc_column_text] POLITIQUE DE CONFIDENTIALIT\u00c9 DU SITE WEB www.karibiandescanso.com [\/vc_column_text][vc_empty_space height=&#8221;30px&#8221;][vc_column_text] Cette politique de confidentialit\u00e9 d\u00e9crit la mani\u00e8re dont nous collectons les informations, dans quel but nous les utilisons et comment nous les g\u00e9rons. Votre vie priv\u00e9e est...","og_url":"https:\/\/karibiandescanso.com\/politica-de-privacidad\/","og_site_name":"Karibian Descanso","article_modified_time":"2024-01-08T16:04:19+00:00","twitter_card":"summary_large_image","twitter_misc":{"Dur\u00e9e de lecture estim\u00e9e":"5 minutes"},"schema":{"@context":"https:\/\/schema.org","@graph":[{"@type":"WebPage","@id":"https:\/\/karibiandescanso.com\/politica-de-privacidad\/","url":"https:\/\/karibiandescanso.com\/politica-de-privacidad\/","name":"Politique de Confidentialit\u00e9 - Karibian Descanso","isPartOf":{"@id":"https:\/\/karibiandescanso.com\/#website"},"datePublished":"2019-07-02T07:18:07+00:00","dateModified":"2024-01-08T16:04:19+00:00","breadcrumb":{"@id":"https:\/\/karibiandescanso.com\/politica-de-privacidad\/#breadcrumb"},"inLanguage":"fr-FR","potentialAction":[{"@type":"ReadAction","target":["https:\/\/karibiandescanso.com\/politica-de-privacidad\/"]}]},{"@type":"BreadcrumbList","@id":"https:\/\/karibiandescanso.com\/politica-de-privacidad\/#breadcrumb","itemListElement":[{"@type":"ListItem","position":1,"name":"Portada","item":"https:\/\/karibiandescanso.com\/"},{"@type":"ListItem","position":2,"name":"Pol\u00edtica de Privacidad"}]},{"@type":"WebSite","@id":"https:\/\/karibiandescanso.com\/#website","url":"https:\/\/karibiandescanso.com\/","name":"Karibian Descanso","description":"O\u00f9 est le repos","potentialAction":[{"@type":"SearchAction","target":{"@type":"EntryPoint","urlTemplate":"https:\/\/karibiandescanso.com\/?s={search_term_string}"},"query-input":{"@type":"PropertyValueSpecification","valueRequired":true,"valueName":"search_term_string"}}],"inLanguage":"fr-FR"}]}},"_links":{"self":[{"href":"https:\/\/karibiandescanso.com\/fr\/wp-json\/wp\/v2\/pages\/4880","targetHints":{"allow":["GET"]}}],"collection":[{"href":"https:\/\/karibiandescanso.com\/fr\/wp-json\/wp\/v2\/pages"}],"about":[{"href":"https:\/\/karibiandescanso.com\/fr\/wp-json\/wp\/v2\/types\/page"}],"author":[{"embeddable":true,"href":"https:\/\/karibiandescanso.com\/fr\/wp-json\/wp\/v2\/users\/1"}],"replies":[{"embeddable":true,"href":"https:\/\/karibiandescanso.com\/fr\/wp-json\/wp\/v2\/comments?post=4880"}],"version-history":[{"count":0,"href":"https:\/\/karibiandescanso.com\/fr\/wp-json\/wp\/v2\/pages\/4880\/revisions"}],"wp:attachment":[{"href":"https:\/\/karibiandescanso.com\/fr\/wp-json\/wp\/v2\/media?parent=4880"}],"curies":[{"name":"wp","href":"https:\/\/api.w.org\/{rel}","templated":true}]}}