{"id":61,"date":"2017-03-06T16:05:49","date_gmt":"2017-03-06T16:05:49","guid":{"rendered":"https:\/\/www.karibiandescanso.com\/?page_id=61"},"modified":"2024-07-17T15:25:07","modified_gmt":"2024-07-17T13:25:07","slug":"productos","status":"publish","type":"page","link":"https:\/\/karibiandescanso.com\/fr\/productos\/","title":{"rendered":"Produits"},"content":{"rendered":"<p>[vc_row css_animation=&#8221;&#8221; row_type=&#8221;row&#8221; use_row_as_full_screen_section=&#8221;no&#8221; type=&#8221;grid&#8221; angled_section=&#8221;no&#8221; text_align=&#8221;left&#8221; background_image_as_pattern=&#8221;without_pattern&#8221;][vc_column][vc_empty_space height=&#8221;35px&#8221;]<div class=\"custom_font_holder\" style=\"font-family: Karla,Arial, Helvetica, sans-serif; font-size: 12px; line-height: 18px; font-style: normal; font-weight: 700; color: #333333; text-decoration: none; letter-spacing: 3px; text-align: center;\">REPOS ET QUALIT\u00c9 DE VIE<\/div>[vc_empty_space height=&#8221;20px&#8221;][vc_column_text]<\/p>\n<p style=\"text-align: center;\">Soyez-vous comme chez vous, nous voulons que vous puissiez voir, sentir et exp\u00e9rimenter quelque chose diff\u00e8rent, pour \u00e7a nous vous offrons 6 s\u00e9ries de produits avec plus de 40 matelas. Ici, vous pouvez trouver le matelas plus adapt\u00e9 \u00e0 vos besoins et vos go\u00fbts. Le corps et l&#8217;esprit travaillent en harmonie pour nous puissions I live a meilleur train de vie.<\/p>\n<p>[\/vc_column_text][vc_empty_space height=&#8221;20px&#8221;]<div class=\"custom_font_holder\" style=\"font-family: Karla,Arial, Helvetica, sans-serif; font-size: 10px; line-height: 14px; font-style: normal; font-weight: 700; color: #333333; text-decoration: none; letter-spacing: 3px; text-align: center;\">&#8220;NOUS VOUS INVITONS \u00c0 LES D\u00c9COUVRIR&#8221;<\/div>[\/vc_column][\/vc_row][vc_row css_animation=&#8221;&#8221; row_type=&#8221;row&#8221; use_row_as_full_screen_section=&#8221;no&#8221; type=&#8221;full_width&#8221; angled_section=&#8221;no&#8221; text_align=&#8221;center&#8221; background_image_as_pattern=&#8221;without_pattern&#8221;][vc_column width=&#8221;1\/2&#8243; css=&#8221;.vc_custom_1559661347513{padding-top: 25px !important;padding-right: 0px !important;padding-bottom: 5px !important;padding-left: 25px !important;}&#8221; offset=&#8221;vc_hidden-xs&#8221;][vc_row_inner row_type=&#8221;row&#8221; type=&#8221;full_width&#8221; text_align=&#8221;left&#8221; css_animation=&#8221;&#8221;][vc_column_inner css=&#8221;.vc_custom_1559660851578{padding-top: 25px !important;padding-right: 22px !important;padding-bottom: 5px !important;padding-left: 22px !important;}&#8221;]<div class=\"qode-banner qode-banner-va-center\"><a class=\"qode-banner-link\" href=\"\/productos\/serie-platinum-karibian\/\" target=\"_self\"><\/a><div class=\"qode-banner-image\"><img decoding=\"async\" itemprop=\"image\" src=\"https:\/\/karibiandescanso.com\/wp-content\/uploads\/2022\/08\/PLATINUM.png\" alt=\"\" \/><\/div><div class=\"qode-banner-content\"><div class=\"qode-banner-content-inner\"><div class=\"qode-banner-text-holder\">\n<h5 style=\"text-align: center; color: #ffffff; font-size: 32px;\">S\u00e9rie<br \/>\nPlatinum<\/h5>\n<\/div><\/div><\/div><\/div>[\/vc_column_inner][\/vc_row_inner][vc_row_inner row_type=&#8221;row&#8221; type=&#8221;full_width&#8221; text_align=&#8221;left&#8221; css_animation=&#8221;&#8221;][vc_column_inner width=&#8221;1\/2&#8243; css=&#8221;.vc_custom_1559660860128{padding-top: 10px !important;padding-right: 8px !important;padding-bottom: 8px !important;padding-left: 22px !important;}&#8221;]<div class=\"qode-banner qode-banner-va-center\"><a class=\"qode-banner-link\" href=\"\/productos\/serie-silver-karibian\/\" target=\"_self\"><\/a><div class=\"qode-banner-image\"><img decoding=\"async\" itemprop=\"image\" src=\"https:\/\/karibiandescanso.com\/wp-content\/uploads\/2022\/09\/SILVER.png\" alt=\"\" \/><\/div><div class=\"qode-banner-content\"><div class=\"qode-banner-content-inner\"><div class=\"qode-banner-text-holder\">\n<h5 style=\"text-align: center; color: #ffffff; font-size: 32px;\">S\u00e9rie<br \/>\nSilver<\/h5>\n<\/div><\/div><\/div><\/div>[\/vc_column_inner][vc_column_inner width=&#8221;1\/2&#8243; css=&#8221;.vc_custom_1559660855695{padding-top: 10px !important;padding-right: 22px !important;padding-bottom: 8px !important;padding-left: 8px !important;}&#8221;]<div class=\"qode-banner qode-banner-va-center\"><a class=\"qode-banner-link\" href=\"\/productos\/serie-juvenil-karibian\/\" target=\"_self\"><\/a><div class=\"qode-banner-image\"><img decoding=\"async\" itemprop=\"image\" src=\"https:\/\/karibiandescanso.com\/wp-content\/uploads\/2022\/09\/JUVENIL.png\" alt=\"\" \/><\/div><div class=\"qode-banner-content\"><div class=\"qode-banner-content-inner\"><div class=\"qode-banner-text-holder\">\n<h5 style=\"text-align: center; color: #ffffff; font-size: 32px;\">S\u00e9rie<br \/>\nJuv\u00e9nile<\/h5>\n<\/div><\/div><\/div><\/div>[\/vc_column_inner][\/vc_row_inner][\/vc_column][vc_column width=&#8221;1\/2&#8243; css=&#8221;.vc_custom_1559661351917{padding-top: 25px !important;padding-right: 25px !important;padding-bottom: 5px !important;padding-left: 0px !important;}&#8221; offset=&#8221;vc_hidden-xs&#8221;][vc_row_inner row_type=&#8221;row&#8221; type=&#8221;full_width&#8221; text_align=&#8221;left&#8221; css_animation=&#8221;&#8221;][vc_column_inner width=&#8221;1\/2&#8243; css=&#8221;.vc_custom_1559660864695{padding-top: 25px !important;padding-right: 8px !important;padding-bottom: 5px !important;padding-left: 22px !important;}&#8221;]<div class=\"qode-banner qode-banner-va-center\"><a class=\"qode-banner-link\" href=\"\/productos\/serie-gold-karibian\/\" target=\"_self\"><\/a><div class=\"qode-banner-image\"><img decoding=\"async\" itemprop=\"image\" src=\"https:\/\/karibiandescanso.com\/wp-content\/uploads\/2022\/09\/GOLD.png\" alt=\"\" \/><\/div><div class=\"qode-banner-content\"><div class=\"qode-banner-content-inner\"><div class=\"qode-banner-text-holder\">\n<h5 style=\"text-align: center; color: #ffffff; font-size: 32px;\">S\u00e9rie<br \/>\nGold<\/h5>\n<\/div><\/div><\/div><\/div>[\/vc_column_inner][vc_column_inner width=&#8221;1\/2&#8243; css=&#8221;.vc_custom_1559660870152{padding-top: 25px !important;padding-right: 22px !important;padding-bottom: 5px !important;padding-left: 8px !important;}&#8221;]<div class=\"qode-banner qode-banner-va-center\"><a class=\"qode-banner-link\" href=\"\/productos\/serie-articulados-karibian\/\" target=\"_self\"><\/a><div class=\"qode-banner-image\"><img decoding=\"async\" itemprop=\"image\" src=\"https:\/\/karibiandescanso.com\/wp-content\/uploads\/2022\/09\/ARTICULADO.png\" alt=\"\" \/><\/div><div class=\"qode-banner-content\"><div class=\"qode-banner-content-inner\"><div class=\"qode-banner-text-holder\">\n<h5 style=\"text-align: center; color: #ffffff; font-size: 32px;\">S\u00e9rie<br \/>\nArticul\u00e9s<\/h5>\n<\/div><\/div><\/div><\/div>[\/vc_column_inner][\/vc_row_inner][vc_row_inner row_type=&#8221;row&#8221; type=&#8221;full_width&#8221; text_align=&#8221;left&#8221; css_animation=&#8221;&#8221;][vc_column_inner css=&#8221;.vc_custom_1559660876898{padding-top: 10px !important;padding-right: 22px !important;padding-bottom: 5px !important;padding-left: 22px !important;}&#8221;]<div class=\"qode-banner qode-banner-va-center\"><a class=\"qode-banner-link\" href=\"\/productos\/serie-pocket-springs\/\" target=\"_self\"><\/a><div class=\"qode-banner-image\"><img decoding=\"async\" itemprop=\"image\" src=\"https:\/\/karibiandescanso.com\/wp-content\/uploads\/2022\/08\/POCKET-SPRING.png\" alt=\"\" \/><\/div><div class=\"qode-banner-content\"><div class=\"qode-banner-content-inner\"><div class=\"qode-banner-text-holder\">\n<h5 style=\"text-align: center; color: #ffffff; font-size: 32px;\">S\u00e9rie<br \/>\nPocket Spring<\/h5>\n<\/div><\/div><\/div><\/div>[\/vc_column_inner][\/vc_row_inner][\/vc_column][\/vc_row][vc_row css_animation=&#8221;&#8221; row_type=&#8221;row&#8221; use_row_as_full_screen_section=&#8221;no&#8221; type=&#8221;full_width&#8221; angled_section=&#8221;no&#8221; text_align=&#8221;left&#8221; background_image_as_pattern=&#8221;without_pattern&#8221;][vc_column offset=&#8221;vc_hidden-lg vc_hidden-md&#8221;][vc_row_inner row_type=&#8221;row&#8221; type=&#8221;full_width&#8221; text_align=&#8221;left&#8221; css_animation=&#8221;&#8221;][vc_column_inner css=&#8221;.vc_custom_1559661167097{padding-top: 20px !important;padding-right: 20px !important;padding-bottom: 10px !important;padding-left: 20px !important;}&#8221;]<div class=\"qode-banner qode-banner-va-center\"><a class=\"qode-banner-link\" href=\"\/productos\/serie-platinum-karibian\/\" target=\"_self\"><\/a><div class=\"qode-banner-image\"><img decoding=\"async\" itemprop=\"image\" src=\"https:\/\/karibiandescanso.com\/wp-content\/uploads\/2019\/06\/SERIE-PLATINUM-.png\" alt=\"\" \/><\/div><div class=\"qode-banner-content\"><div class=\"qode-banner-content-inner\"><div class=\"qode-banner-text-holder\">\n<h5 style=\"text-align: center; color: #ffffff; font-size: 32px;\">S\u00e9rie<br \/>\nPlatinum<\/h5>\n<\/div><\/div><\/div><\/div>[\/vc_column_inner][\/vc_row_inner][vc_row_inner row_type=&#8221;row&#8221; type=&#8221;full_width&#8221; text_align=&#8221;left&#8221; css_animation=&#8221;&#8221;][vc_column_inner css=&#8221;.vc_custom_1559661226823{padding-top: 10px !important;padding-right: 20px !important;padding-bottom: 10px !important;padding-left: 20px !important;}&#8221;]<div class=\"qode-banner qode-banner-va-center\"><a class=\"qode-banner-link\" href=\"\/productos\/serie-pocket-springs\/\" target=\"_self\"><\/a><div class=\"qode-banner-image\"><img decoding=\"async\" itemprop=\"image\" src=\"https:\/\/karibiandescanso.com\/wp-content\/uploads\/2019\/06\/SERIE-POCKET-SPRING-WEB.png\" alt=\"\" \/><\/div><div class=\"qode-banner-content\"><div class=\"qode-banner-content-inner\"><div class=\"qode-banner-text-holder\">\n<h5 style=\"text-align: center; color: #ffffff; font-size: 32px;\">S\u00e9rie<br \/>\nPocket Springs<\/h5>\n<\/div><\/div><\/div><\/div>[\/vc_column_inner][\/vc_row_inner][vc_row_inner row_type=&#8221;row&#8221; type=&#8221;full_width&#8221; text_align=&#8221;left&#8221; css_animation=&#8221;&#8221;][vc_column_inner css=&#8221;.vc_custom_1559661201233{padding-top: 10px !important;padding-right: 20px !important;padding-bottom: 10px !important;padding-left: 20px !important;}&#8221;]<div class=\"qode-banner qode-banner-va-center\"><a class=\"qode-banner-link\" href=\"\/productos\/serie-gold-karibian\/\" target=\"_self\"><\/a><div class=\"qode-banner-image\"><img decoding=\"async\" itemprop=\"image\" src=\"https:\/\/karibiandescanso.com\/wp-content\/uploads\/2019\/06\/SERIE-GOLD-.png\" alt=\"\" \/><\/div><div class=\"qode-banner-content\"><div class=\"qode-banner-content-inner\"><div class=\"qode-banner-text-holder\">\n<h5 style=\"text-align: center; color: #ffffff; font-size: 32px;\">S\u00e9rie<br \/>\nGold<\/h5>\n<\/div><\/div><\/div><\/div>[\/vc_column_inner][\/vc_row_inner][vc_row_inner row_type=&#8221;row&#8221; type=&#8221;full_width&#8221; text_align=&#8221;left&#8221; css_animation=&#8221;&#8221;][vc_column_inner css=&#8221;.vc_custom_1559661222223{padding-top: 10px !important;padding-right: 20px !important;padding-bottom: 10px !important;padding-left: 20px !important;}&#8221;]<div class=\"qode-banner qode-banner-va-center\"><a class=\"qode-banner-link\" href=\"\/productos\/serie-silver-karibian\/\" target=\"_self\"><\/a><div class=\"qode-banner-image\"><img decoding=\"async\" itemprop=\"image\" src=\"https:\/\/karibiandescanso.com\/wp-content\/uploads\/2019\/06\/serie-silver-.png\" alt=\"\" \/><\/div><div class=\"qode-banner-content\"><div class=\"qode-banner-content-inner\"><div class=\"qode-banner-text-holder\">\n<h5 style=\"text-align: center; color: #ffffff; font-size: 32px;\">S\u00e9rie<br \/>\nSilver<\/h5>\n<\/div><\/div><\/div><\/div>[\/vc_column_inner][\/vc_row_inner][vc_row_inner row_type=&#8221;row&#8221; type=&#8221;full_width&#8221; text_align=&#8221;left&#8221; css_animation=&#8221;&#8221;][vc_column_inner css=&#8221;.vc_custom_1559661226823{padding-top: 10px !important;padding-right: 20px !important;padding-bottom: 10px !important;padding-left: 20px !important;}&#8221;]<div class=\"qode-banner qode-banner-va-center\"><a class=\"qode-banner-link\" href=\"\/productos\/serie-articulados-karibian\/\" target=\"_self\"><\/a><div class=\"qode-banner-image\"><img decoding=\"async\" itemprop=\"image\" src=\"https:\/\/karibiandescanso.com\/wp-content\/uploads\/2019\/06\/SERIE-ARTICULADOS-.png\" alt=\"\" \/><\/div><div class=\"qode-banner-content\"><div class=\"qode-banner-content-inner\"><div class=\"qode-banner-text-holder\">\n<h5 style=\"text-align: center; color: #ffffff; font-size: 32px;\">S\u00e9rie<br \/>\nArticul\u00e9s<\/h5>\n<\/div><\/div><\/div><\/div>[\/vc_column_inner][\/vc_row_inner][vc_row_inner row_type=&#8221;row&#8221; type=&#8221;full_width&#8221; text_align=&#8221;left&#8221; css_animation=&#8221;&#8221;][vc_column_inner css=&#8221;.vc_custom_1559661226823{padding-top: 10px !important;padding-right: 20px !important;padding-bottom: 10px !important;padding-left: 20px !important;}&#8221;]<div class=\"qode-banner qode-banner-va-center\"><a class=\"qode-banner-link\" href=\"\/productos\/serie-juvenil-karibian\/\" target=\"_self\"><\/a><div class=\"qode-banner-image\"><img decoding=\"async\" itemprop=\"image\" src=\"https:\/\/karibiandescanso.com\/wp-content\/uploads\/2019\/06\/SERIE-JUVENIL-.png\" alt=\"\" \/><\/div><div class=\"qode-banner-content\"><div class=\"qode-banner-content-inner\"><div class=\"qode-banner-text-holder\">\n<h5 style=\"text-align: center; color: #ffffff; font-size: 32px;\">S\u00e9rie<br \/>\nJuv\u00e9nile<\/h5>\n<\/div><\/div><\/div><\/div>[\/vc_column_inner][\/vc_row_inner][\/vc_column][\/vc_row]<\/p>\n","protected":false},"excerpt":{"rendered":"<p>[vc_row css_animation=&#8221;&#8221; row_type=&#8221;row&#8221; use_row_as_full_screen_section=&#8221;no&#8221; type=&#8221;grid&#8221; angled_section=&#8221;no&#8221; text_align=&#8221;left&#8221; background_image_as_pattern=&#8221;without_pattern&#8221;][vc_column][vc_empty_space height=&#8221;35px&#8221;][vc_empty_space height=&#8221;20px&#8221;][vc_column_text] Soyez-vous comme chez vous, nous voulons que vous puissiez voir, sentir et exp\u00e9rimenter quelque chose diff\u00e8rent, pour \u00e7a nous vous offrons 6 s\u00e9ries de produits avec plus de 40 matelas. Ici, vous pouvez trouver le&#8230;<\/p>\n","protected":false},"author":1,"featured_media":0,"parent":0,"menu_order":0,"comment_status":"closed","ping_status":"closed","template":"full_width.php","meta":{"footnotes":""},"class_list":["post-61","page","type-page","status-publish","hentry"],"yoast_head":"<!-- This site is optimized with the Yoast SEO plugin v27.0 - https:\/\/yoast.com\/product\/yoast-seo-wordpress\/ -->\n<title>Colchones Karibian Descanso - Donde est\u00e1 el Descanso<\/title>\n<meta name=\"description\" content=\"Colchones de la firma Karibian Descanso de gran calidad, fabricados con las mejores materiales y la m\u00e1s avanzada tecnolog\u00eda. Descubre nuestro cat\u00e1logo\" \/>\n<meta name=\"robots\" content=\"index, follow, max-snippet:-1, max-image-preview:large, max-video-preview:-1\" \/>\n<link rel=\"canonical\" href=\"https:\/\/karibiandescanso.com\/productos\/\" \/>\n<meta property=\"og:locale\" content=\"fr_FR\" \/>\n<meta property=\"og:type\" content=\"article\" \/>\n<meta property=\"og:title\" content=\"Colchones Karibian Descanso - Donde est\u00e1 el Descanso\" \/>\n<meta property=\"og:description\" content=\"Colchones de la firma Karibian Descanso de gran calidad, fabricados con las mejores materiales y la m\u00e1s avanzada tecnolog\u00eda. Descubre nuestro cat\u00e1logo\" \/>\n<meta property=\"og:url\" content=\"https:\/\/karibiandescanso.com\/productos\/\" \/>\n<meta property=\"og:site_name\" content=\"Karibian Descanso\" \/>\n<meta property=\"article:modified_time\" content=\"2024-07-17T13:25:07+00:00\" \/>\n<meta name=\"twitter:card\" content=\"summary_large_image\" \/>\n<meta name=\"twitter:label1\" content=\"Dur\u00e9e de lecture estim\u00e9e\" \/>\n\t<meta name=\"twitter:data1\" content=\"2 minutes\" \/>\n<script type=\"application\/ld+json\" class=\"yoast-schema-graph\">{\"@context\":\"https:\/\/schema.org\",\"@graph\":[{\"@type\":\"WebPage\",\"@id\":\"https:\/\/karibiandescanso.com\/productos\/\",\"url\":\"https:\/\/karibiandescanso.com\/productos\/\",\"name\":\"Colchones Karibian Descanso - Donde est\u00e1 el Descanso\",\"isPartOf\":{\"@id\":\"https:\/\/karibiandescanso.com\/#website\"},\"datePublished\":\"2017-03-06T16:05:49+00:00\",\"dateModified\":\"2024-07-17T13:25:07+00:00\",\"description\":\"Colchones de la firma Karibian Descanso de gran calidad, fabricados con las mejores materiales y la m\u00e1s avanzada tecnolog\u00eda. Descubre nuestro cat\u00e1logo\",\"breadcrumb\":{\"@id\":\"https:\/\/karibiandescanso.com\/productos\/#breadcrumb\"},\"inLanguage\":\"fr-FR\",\"potentialAction\":[{\"@type\":\"ReadAction\",\"target\":[\"https:\/\/karibiandescanso.com\/productos\/\"]}]},{\"@type\":\"BreadcrumbList\",\"@id\":\"https:\/\/karibiandescanso.com\/productos\/#breadcrumb\",\"itemListElement\":[{\"@type\":\"ListItem\",\"position\":1,\"name\":\"Portada\",\"item\":\"https:\/\/karibiandescanso.com\/\"},{\"@type\":\"ListItem\",\"position\":2,\"name\":\"Productos\"}]},{\"@type\":\"WebSite\",\"@id\":\"https:\/\/karibiandescanso.com\/#website\",\"url\":\"https:\/\/karibiandescanso.com\/\",\"name\":\"Karibian Descanso\",\"description\":\"O\u00f9 est le repos\",\"potentialAction\":[{\"@type\":\"SearchAction\",\"target\":{\"@type\":\"EntryPoint\",\"urlTemplate\":\"https:\/\/karibiandescanso.com\/?s={search_term_string}\"},\"query-input\":{\"@type\":\"PropertyValueSpecification\",\"valueRequired\":true,\"valueName\":\"search_term_string\"}}],\"inLanguage\":\"fr-FR\"}]}<\/script>\n<!-- \/ Yoast SEO plugin. -->","yoast_head_json":{"title":"Colchones Karibian Descanso - Donde est\u00e1 el Descanso","description":"Colchones de la firma Karibian Descanso de gran calidad, fabricados con las mejores materiales y la m\u00e1s avanzada tecnolog\u00eda. Descubre nuestro cat\u00e1logo","robots":{"index":"index","follow":"follow","max-snippet":"max-snippet:-1","max-image-preview":"max-image-preview:large","max-video-preview":"max-video-preview:-1"},"canonical":"https:\/\/karibiandescanso.com\/productos\/","og_locale":"fr_FR","og_type":"article","og_title":"Colchones Karibian Descanso - Donde est\u00e1 el Descanso","og_description":"Colchones de la firma Karibian Descanso de gran calidad, fabricados con las mejores materiales y la m\u00e1s avanzada tecnolog\u00eda. Descubre nuestro cat\u00e1logo","og_url":"https:\/\/karibiandescanso.com\/productos\/","og_site_name":"Karibian Descanso","article_modified_time":"2024-07-17T13:25:07+00:00","twitter_card":"summary_large_image","twitter_misc":{"Dur\u00e9e de lecture estim\u00e9e":"2 minutes"},"schema":{"@context":"https:\/\/schema.org","@graph":[{"@type":"WebPage","@id":"https:\/\/karibiandescanso.com\/productos\/","url":"https:\/\/karibiandescanso.com\/productos\/","name":"Colchones Karibian Descanso - Donde est\u00e1 el Descanso","isPartOf":{"@id":"https:\/\/karibiandescanso.com\/#website"},"datePublished":"2017-03-06T16:05:49+00:00","dateModified":"2024-07-17T13:25:07+00:00","description":"Colchones de la firma Karibian Descanso de gran calidad, fabricados con las mejores materiales y la m\u00e1s avanzada tecnolog\u00eda. Descubre nuestro cat\u00e1logo","breadcrumb":{"@id":"https:\/\/karibiandescanso.com\/productos\/#breadcrumb"},"inLanguage":"fr-FR","potentialAction":[{"@type":"ReadAction","target":["https:\/\/karibiandescanso.com\/productos\/"]}]},{"@type":"BreadcrumbList","@id":"https:\/\/karibiandescanso.com\/productos\/#breadcrumb","itemListElement":[{"@type":"ListItem","position":1,"name":"Portada","item":"https:\/\/karibiandescanso.com\/"},{"@type":"ListItem","position":2,"name":"Productos"}]},{"@type":"WebSite","@id":"https:\/\/karibiandescanso.com\/#website","url":"https:\/\/karibiandescanso.com\/","name":"Karibian Descanso","description":"O\u00f9 est le repos","potentialAction":[{"@type":"SearchAction","target":{"@type":"EntryPoint","urlTemplate":"https:\/\/karibiandescanso.com\/?s={search_term_string}"},"query-input":{"@type":"PropertyValueSpecification","valueRequired":true,"valueName":"search_term_string"}}],"inLanguage":"fr-FR"}]}},"_links":{"self":[{"href":"https:\/\/karibiandescanso.com\/fr\/wp-json\/wp\/v2\/pages\/61","targetHints":{"allow":["GET"]}}],"collection":[{"href":"https:\/\/karibiandescanso.com\/fr\/wp-json\/wp\/v2\/pages"}],"about":[{"href":"https:\/\/karibiandescanso.com\/fr\/wp-json\/wp\/v2\/types\/page"}],"author":[{"embeddable":true,"href":"https:\/\/karibiandescanso.com\/fr\/wp-json\/wp\/v2\/users\/1"}],"replies":[{"embeddable":true,"href":"https:\/\/karibiandescanso.com\/fr\/wp-json\/wp\/v2\/comments?post=61"}],"version-history":[{"count":0,"href":"https:\/\/karibiandescanso.com\/fr\/wp-json\/wp\/v2\/pages\/61\/revisions"}],"wp:attachment":[{"href":"https:\/\/karibiandescanso.com\/fr\/wp-json\/wp\/v2\/media?parent=61"}],"curies":[{"name":"wp","href":"https:\/\/api.w.org\/{rel}","templated":true}]}}