{"id":702,"date":"2017-07-13T18:13:20","date_gmt":"2017-07-13T17:13:20","guid":{"rendered":"https:\/\/www.karibiandescanso.com\/?page_id=702"},"modified":"2023-03-13T10:22:00","modified_gmt":"2023-03-13T09:22:00","slug":"serie-silver-karibian","status":"publish","type":"page","link":"https:\/\/karibiandescanso.com\/fr\/productos\/serie-silver-karibian\/","title":{"rendered":"S\u00e9rie Silver"},"content":{"rendered":"<p>[vc_row css_animation=&#8221;&#8221; row_type=&#8221;row&#8221; use_row_as_full_screen_section=&#8221;no&#8221; type=&#8221;grid&#8221; angled_section=&#8221;no&#8221; text_align=&#8221;left&#8221; background_image_as_pattern=&#8221;without_pattern&#8221;][vc_column][vc_empty_space height=&#8221;20px&#8221;][vc_column_text]<\/p>\n<h2 style=\"text-align: center; color: #7fb6e2;\">S\u00e9rie Silver<\/h2>\n<p>[\/vc_column_text][vc_separator type=&#8221;small&#8221; position=&#8221;center&#8221; color=&#8221;#545454&#8243; thickness=&#8221;3&#8243; up=&#8221;10&#8243; down=&#8221;10&#8243;][vc_empty_space height=&#8221;30px&#8221;]<div class=\"custom_font_holder\" style=\"font-family: Karla,Arial, Helvetica, sans-serif; font-size: 12px; line-height: 18px; font-style: normal; font-weight: 700; color: #333333; text-decoration: none; letter-spacing: 3px; text-align: center;\">&#8220;PERSONNALIT\u00c9 PROPRE&#8221;<\/div>[vc_empty_space height=&#8221;20px&#8221;][vc_column_text]\u00c9l\u00e9gance actuel et confort, dans la s\u00e9rie Silver nous vous offrons un grand assortiment de traitements sp\u00e9ciaux dans nos tissus pour nous adapter \u00e0 vos besoins.<\/p>\n<p>&nbsp;<\/p>\n<p>Les matelas de la s\u00e9rie Silver poss\u00e8dent une fermet\u00e9 moyenne-haute, indiqu\u00e9 pour personnes qui ont besoin de dormir dans un matelas ferme pour avoir un bon alignement au dos pendant le repos. Cette gamme de produits est indiqu\u00e9 selon morphologie et poids jusqu\u00b4\u00e0 95 kilos.[\/vc_column_text][vc_empty_space height=&#8221;10px&#8221;]<div class=\"custom_font_holder\" style=\"font-family: Karla,Arial, Helvetica, sans-serif; font-size: 10px; line-height: 18px; font-style: normal; font-weight: 700; color: #333333; text-decoration: none; letter-spacing: 3px; text-align: right;\">&#8220;NOUVEAUX CONCEPTS EN TEXTURES&#8221;<\/div>[vc_empty_space height=&#8221;30px&#8221;][\/vc_column][\/vc_row][vc_row css_animation=&#8221;&#8221; row_type=&#8221;row&#8221; use_row_as_full_screen_section=&#8221;no&#8221; type=&#8221;grid&#8221; angled_section=&#8221;no&#8221; text_align=&#8221;left&#8221; background_image_as_pattern=&#8221;without_pattern&#8221;][vc_column]<div class='projects_holder_outer v4 portfolio_with_space portfolio_standard'>\n        <div class='projects_holder portfolio_main_holder clearfix v4 standard portfolio_full_image '>\n        \n        <article class='mix portfolio_category_16 default' style=''>\n    \n    \n    \n                <div class='image_holder'>\n                <a itemprop='url' class='portfolio_link_for_touch' href='https:\/\/karibiandescanso.com\/fr\/catalogo-de-productos\/colchon-address\/' target=''>\n                    \n<span class='image'><img loading=\"lazy\" decoding=\"async\" width=\"1600\" height=\"1000\" src=\"https:\/\/karibiandescanso.com\/wp-content\/uploads\/2019\/05\/Portada-Address-V5-Nuevo.jpg\" class=\"attachment-full size-full wp-post-image\" alt=\"\" \/><\/span>                <\/a>\n\n                <span class='text_holder'>\n    <span class='text_outer'>\n        <span class='text_inner'>\n            <span class='feature_holder'>\n                        <\/span>\n        <\/span>\n    <\/span>\n<\/span>            <\/div>\n                <div class='portfolio_description text_align_left' >\n\n        \n    <h6 itemprop=\"name\" class=\"portfolio_title entry_title\"><a itemprop=\"url\" href=\"https:\/\/karibiandescanso.com\/fr\/catalogo-de-productos\/colchon-address\/\"  target=\"_self\"> Matelas Address V5<\/a><\/h6>\n\n\n        \n            <span class=\"project_category\"  >\n    Silver    <\/span>\n\n    <\/div>\n        \n<\/article>\n<article class='mix portfolio_category_16 default' style=''>\n    \n    \n    \n                <div class='image_holder'>\n                <a itemprop='url' class='portfolio_link_for_touch' href='https:\/\/karibiandescanso.com\/fr\/catalogo-de-productos\/colchon-excellence\/' target=''>\n                    \n<span class='image'><img loading=\"lazy\" decoding=\"async\" width=\"1000\" height=\"625\" src=\"https:\/\/karibiandescanso.com\/wp-content\/uploads\/2023\/05\/EXCELLENCE-PORTADA.jpg\" class=\"attachment-full size-full wp-post-image\" alt=\"\" \/><\/span>                <\/a>\n\n                <span class='text_holder'>\n    <span class='text_outer'>\n        <span class='text_inner'>\n            <span class='feature_holder'>\n                        <\/span>\n        <\/span>\n    <\/span>\n<\/span>            <\/div>\n                <div class='portfolio_description text_align_left' >\n\n        \n    <h6 itemprop=\"name\" class=\"portfolio_title entry_title\"><a itemprop=\"url\" href=\"https:\/\/karibiandescanso.com\/fr\/catalogo-de-productos\/colchon-excellence\/\"  target=\"_self\"> Matelas Excellence<\/a><\/h6>\n\n\n        \n            <span class=\"project_category\"  >\n    Silver    <\/span>\n\n    <\/div>\n        \n<\/article>\n<article class='mix portfolio_category_16 default' style=''>\n    \n    \n    \n                <div class='image_holder'>\n                <a itemprop='url' class='portfolio_link_for_touch' href='https:\/\/karibiandescanso.com\/fr\/catalogo-de-productos\/colchon-modal-v4\/' target=''>\n                    \n<span class='image'><img loading=\"lazy\" decoding=\"async\" width=\"1600\" height=\"1000\" src=\"https:\/\/karibiandescanso.com\/wp-content\/uploads\/2021\/03\/modal-portada-ambiente.webp\" class=\"attachment-full size-full wp-post-image\" alt=\"\" \/><\/span>                <\/a>\n\n                <span class='text_holder'>\n    <span class='text_outer'>\n        <span class='text_inner'>\n            <span class='feature_holder'>\n                        <\/span>\n        <\/span>\n    <\/span>\n<\/span>            <\/div>\n                <div class='portfolio_description text_align_left' >\n\n        \n    <h6 itemprop=\"name\" class=\"portfolio_title entry_title\"><a itemprop=\"url\" href=\"https:\/\/karibiandescanso.com\/fr\/catalogo-de-productos\/colchon-modal-v4\/\"  target=\"_self\"> Matelas Modal V4<\/a><\/h6>\n\n\n        \n            <span class=\"project_category\"  >\n    Silver    <\/span>\n\n    <\/div>\n        \n<\/article>\n<article class='mix portfolio_category_16 default' style=''>\n    \n    \n    \n                <div class='image_holder'>\n                <a itemprop='url' class='portfolio_link_for_touch' href='https:\/\/karibiandescanso.com\/fr\/catalogo-de-productos\/colchon-cashmere\/' target=''>\n                    \n<span class='image'><img loading=\"lazy\" decoding=\"async\" width=\"1000\" height=\"625\" src=\"https:\/\/karibiandescanso.com\/wp-content\/uploads\/2017\/03\/CASHMERE-PORTADA-1.jpg\" class=\"attachment-full size-full wp-post-image\" alt=\"\" \/><\/span>                <\/a>\n\n                <span class='text_holder'>\n    <span class='text_outer'>\n        <span class='text_inner'>\n            <span class='feature_holder'>\n                        <\/span>\n        <\/span>\n    <\/span>\n<\/span>            <\/div>\n                <div class='portfolio_description text_align_left' >\n\n        \n    <h6 itemprop=\"name\" class=\"portfolio_title entry_title\"><a itemprop=\"url\" href=\"https:\/\/karibiandescanso.com\/fr\/catalogo-de-productos\/colchon-cashmere\/\"  target=\"_self\"> Matelas Cashmere V4<\/a><\/h6>\n\n\n        \n            <span class=\"project_category\"  >\n    Silver    <\/span>\n\n    <\/div>\n        \n<\/article>\n<article class='mix portfolio_category_16 default' style=''>\n    \n    \n    \n                <div class='image_holder'>\n                <a itemprop='url' class='portfolio_link_for_touch' href='https:\/\/karibiandescanso.com\/fr\/catalogo-de-productos\/colchon-vital\/' target=''>\n                    \n<span class='image'><img loading=\"lazy\" decoding=\"async\" width=\"1000\" height=\"625\" src=\"https:\/\/karibiandescanso.com\/wp-content\/uploads\/2020\/03\/VITAL-PORTADA.png\" class=\"attachment-full size-full wp-post-image\" alt=\"\" \/><\/span>                <\/a>\n\n                <span class='text_holder'>\n    <span class='text_outer'>\n        <span class='text_inner'>\n            <span class='feature_holder'>\n                        <\/span>\n        <\/span>\n    <\/span>\n<\/span>            <\/div>\n                <div class='portfolio_description text_align_left' >\n\n        \n    <h6 itemprop=\"name\" class=\"portfolio_title entry_title\"><a itemprop=\"url\" href=\"https:\/\/karibiandescanso.com\/fr\/catalogo-de-productos\/colchon-vital\/\"  target=\"_self\"> Matelas Vital<\/a><\/h6>\n\n\n        \n            <span class=\"project_category\"  >\n    Silver    <\/span>\n\n    <\/div>\n        \n<\/article>\n<article class='mix portfolio_category_16 default' style=''>\n    \n    \n    \n                <div class='image_holder'>\n                <a itemprop='url' class='portfolio_link_for_touch' href='https:\/\/karibiandescanso.com\/fr\/catalogo-de-productos\/colchon-mythos\/' target=''>\n                    \n<span class='image'><img loading=\"lazy\" decoding=\"async\" width=\"1000\" height=\"625\" src=\"https:\/\/karibiandescanso.com\/wp-content\/uploads\/2020\/03\/MYTHOS-PORTADA.png\" class=\"attachment-full size-full wp-post-image\" alt=\"\" \/><\/span>                <\/a>\n\n                <span class='text_holder'>\n    <span class='text_outer'>\n        <span class='text_inner'>\n            <span class='feature_holder'>\n                        <\/span>\n        <\/span>\n    <\/span>\n<\/span>            <\/div>\n                <div class='portfolio_description text_align_left' >\n\n        \n    <h6 itemprop=\"name\" class=\"portfolio_title entry_title\"><a itemprop=\"url\" href=\"https:\/\/karibiandescanso.com\/fr\/catalogo-de-productos\/colchon-mythos\/\"  target=\"_self\"> Matelas Mythos<\/a><\/h6>\n\n\n        \n            <span class=\"project_category\"  >\n    Silver    <\/span>\n\n    <\/div>\n        \n<\/article>\n<article class='mix portfolio_category_16 default' style=''>\n    \n    \n    \n                <div class='image_holder'>\n                <a itemprop='url' class='portfolio_link_for_touch' href='https:\/\/karibiandescanso.com\/fr\/catalogo-de-productos\/colchon-glow\/' target=''>\n                    \n<span class='image'><img loading=\"lazy\" decoding=\"async\" width=\"1000\" height=\"625\" src=\"https:\/\/karibiandescanso.com\/wp-content\/uploads\/2022\/08\/GLOW-PORTADA.jpg\" class=\"attachment-full size-full wp-post-image\" alt=\"\" \/><\/span>                <\/a>\n\n                <span class='text_holder'>\n    <span class='text_outer'>\n        <span class='text_inner'>\n            <span class='feature_holder'>\n                        <\/span>\n        <\/span>\n    <\/span>\n<\/span>            <\/div>\n                <div class='portfolio_description text_align_left' >\n\n        \n    <h6 itemprop=\"name\" class=\"portfolio_title entry_title\"><a itemprop=\"url\" href=\"https:\/\/karibiandescanso.com\/fr\/catalogo-de-productos\/colchon-glow\/\"  target=\"_self\"> Matelas Glow<\/a><\/h6>\n\n\n        \n            <span class=\"project_category\"  >\n    Silver    <\/span>\n\n    <\/div>\n        \n<\/article>\n<article class='mix portfolio_category_16 default' style=''>\n    \n    \n    \n                <div class='image_holder'>\n                <a itemprop='url' class='portfolio_link_for_touch' href='https:\/\/karibiandescanso.com\/fr\/catalogo-de-productos\/colchon-spinal\/' target=''>\n                    \n<span class='image'><img loading=\"lazy\" decoding=\"async\" width=\"1500\" height=\"938\" src=\"https:\/\/karibiandescanso.com\/wp-content\/uploads\/2025\/09\/Portada-Spinal.jpg\" class=\"attachment-full size-full wp-post-image\" alt=\"\" \/><\/span>                <\/a>\n\n                <span class='text_holder'>\n    <span class='text_outer'>\n        <span class='text_inner'>\n            <span class='feature_holder'>\n                        <\/span>\n        <\/span>\n    <\/span>\n<\/span>            <\/div>\n                <div class='portfolio_description text_align_left' >\n\n        \n    <h6 itemprop=\"name\" class=\"portfolio_title entry_title\"><a itemprop=\"url\" href=\"https:\/\/karibiandescanso.com\/fr\/catalogo-de-productos\/colchon-spinal\/\"  target=\"_self\"> Matelas Spinal V4<\/a><\/h6>\n\n\n        \n            <span class=\"project_category\"  >\n    Silver    <\/span>\n\n    <\/div>\n        \n<\/article>\n        <div class='filler'><\/div>\n            <div class='filler'><\/div>\n            <div class='filler'><\/div>\n            <div class='filler'><\/div>\n        <\/div>\n\n    \n    <\/div>[\/vc_column][\/vc_row][vc_row css_animation=&#8221;&#8221; row_type=&#8221;row&#8221; use_row_as_full_screen_section=&#8221;no&#8221; type=&#8221;full_width&#8221; angled_section=&#8221;no&#8221; text_align=&#8221;left&#8221; background_image_as_pattern=&#8221;without_pattern&#8221;][vc_column][vc_empty_space height=&#8221;40px&#8221;][\/vc_column][\/vc_row]<\/p>\n","protected":false},"excerpt":{"rendered":"<p>[vc_row css_animation=&#8221;&#8221; row_type=&#8221;row&#8221; use_row_as_full_screen_section=&#8221;no&#8221; type=&#8221;grid&#8221; angled_section=&#8221;no&#8221; text_align=&#8221;left&#8221; background_image_as_pattern=&#8221;without_pattern&#8221;][vc_column][vc_empty_space height=&#8221;20px&#8221;][vc_column_text] S\u00e9rie Silver [\/vc_column_text][vc_separator type=&#8221;small&#8221; position=&#8221;center&#8221; color=&#8221;#545454&#8243; thickness=&#8221;3&#8243; up=&#8221;10&#8243; down=&#8221;10&#8243;][vc_empty_space height=&#8221;30px&#8221;][vc_empty_space height=&#8221;20px&#8221;][vc_column_text]\u00c9l\u00e9gance actuel et confort, dans la s\u00e9rie Silver nous vous offrons un grand assortiment de traitements sp\u00e9ciaux dans nos tissus pour nous adapter \u00e0 vos besoins&#8230;.<\/p>\n","protected":false},"author":1,"featured_media":0,"parent":61,"menu_order":0,"comment_status":"closed","ping_status":"closed","template":"","meta":{"footnotes":""},"class_list":["post-702","page","type-page","status-publish","hentry"],"yoast_head":"<!-- This site is optimized with the Yoast SEO plugin v27.0 - https:\/\/yoast.com\/product\/yoast-seo-wordpress\/ -->\n<title>S\u00e9rie Silver - Karibian Descanso<\/title>\n<meta name=\"robots\" content=\"index, follow, max-snippet:-1, max-image-preview:large, max-video-preview:-1\" \/>\n<link rel=\"canonical\" href=\"https:\/\/karibiandescanso.com\/productos\/serie-silver-karibian\/\" \/>\n<meta property=\"og:locale\" content=\"fr_FR\" \/>\n<meta property=\"og:type\" content=\"article\" \/>\n<meta property=\"og:title\" content=\"S\u00e9rie Silver - Karibian Descanso\" \/>\n<meta property=\"og:description\" content=\"[vc_row css_animation=&#8221;&#8221; row_type=&#8221;row&#8221; use_row_as_full_screen_section=&#8221;no&#8221; type=&#8221;grid&#8221; angled_section=&#8221;no&#8221; text_align=&#8221;left&#8221; background_image_as_pattern=&#8221;without_pattern&#8221;][vc_column][vc_empty_space height=&#8221;20px&#8221;][vc_column_text] S\u00e9rie Silver [\/vc_column_text][vc_separator type=&#8221;small&#8221; position=&#8221;center&#8221; color=&#8221;#545454&#8243; thickness=&#8221;3&#8243; up=&#8221;10&#8243; down=&#8221;10&#8243;][vc_empty_space height=&#8221;30px&#8221;][vc_empty_space height=&#8221;20px&#8221;][vc_column_text]\u00c9l\u00e9gance actuel et confort, dans la s\u00e9rie Silver nous vous offrons un grand assortiment de traitements sp\u00e9ciaux dans nos tissus pour nous adapter \u00e0 vos besoins....\" \/>\n<meta property=\"og:url\" content=\"https:\/\/karibiandescanso.com\/productos\/serie-silver-karibian\/\" \/>\n<meta property=\"og:site_name\" content=\"Karibian Descanso\" \/>\n<meta property=\"article:modified_time\" content=\"2023-03-13T09:22:00+00:00\" \/>\n<meta name=\"twitter:card\" content=\"summary_large_image\" \/>\n<meta name=\"twitter:label1\" content=\"Dur\u00e9e de lecture estim\u00e9e\" \/>\n\t<meta name=\"twitter:data1\" content=\"4 minutes\" \/>\n<script type=\"application\/ld+json\" class=\"yoast-schema-graph\">{\"@context\":\"https:\/\/schema.org\",\"@graph\":[{\"@type\":\"WebPage\",\"@id\":\"https:\/\/karibiandescanso.com\/productos\/serie-silver-karibian\/\",\"url\":\"https:\/\/karibiandescanso.com\/productos\/serie-silver-karibian\/\",\"name\":\"S\u00e9rie Silver - Karibian Descanso\",\"isPartOf\":{\"@id\":\"https:\/\/karibiandescanso.com\/#website\"},\"datePublished\":\"2017-07-13T17:13:20+00:00\",\"dateModified\":\"2023-03-13T09:22:00+00:00\",\"breadcrumb\":{\"@id\":\"https:\/\/karibiandescanso.com\/productos\/serie-silver-karibian\/#breadcrumb\"},\"inLanguage\":\"fr-FR\",\"potentialAction\":[{\"@type\":\"ReadAction\",\"target\":[\"https:\/\/karibiandescanso.com\/productos\/serie-silver-karibian\/\"]}]},{\"@type\":\"BreadcrumbList\",\"@id\":\"https:\/\/karibiandescanso.com\/productos\/serie-silver-karibian\/#breadcrumb\",\"itemListElement\":[{\"@type\":\"ListItem\",\"position\":1,\"name\":\"Portada\",\"item\":\"https:\/\/karibiandescanso.com\/\"},{\"@type\":\"ListItem\",\"position\":2,\"name\":\"Productos\",\"item\":\"https:\/\/karibiandescanso.com\/productos\/\"},{\"@type\":\"ListItem\",\"position\":3,\"name\":\"Serie Silver\"}]},{\"@type\":\"WebSite\",\"@id\":\"https:\/\/karibiandescanso.com\/#website\",\"url\":\"https:\/\/karibiandescanso.com\/\",\"name\":\"Karibian Descanso\",\"description\":\"O\u00f9 est le repos\",\"potentialAction\":[{\"@type\":\"SearchAction\",\"target\":{\"@type\":\"EntryPoint\",\"urlTemplate\":\"https:\/\/karibiandescanso.com\/?s={search_term_string}\"},\"query-input\":{\"@type\":\"PropertyValueSpecification\",\"valueRequired\":true,\"valueName\":\"search_term_string\"}}],\"inLanguage\":\"fr-FR\"}]}<\/script>\n<!-- \/ Yoast SEO plugin. -->","yoast_head_json":{"title":"S\u00e9rie Silver - Karibian Descanso","robots":{"index":"index","follow":"follow","max-snippet":"max-snippet:-1","max-image-preview":"max-image-preview:large","max-video-preview":"max-video-preview:-1"},"canonical":"https:\/\/karibiandescanso.com\/productos\/serie-silver-karibian\/","og_locale":"fr_FR","og_type":"article","og_title":"S\u00e9rie Silver - Karibian Descanso","og_description":"[vc_row css_animation=&#8221;&#8221; row_type=&#8221;row&#8221; use_row_as_full_screen_section=&#8221;no&#8221; type=&#8221;grid&#8221; angled_section=&#8221;no&#8221; text_align=&#8221;left&#8221; background_image_as_pattern=&#8221;without_pattern&#8221;][vc_column][vc_empty_space height=&#8221;20px&#8221;][vc_column_text] S\u00e9rie Silver [\/vc_column_text][vc_separator type=&#8221;small&#8221; position=&#8221;center&#8221; color=&#8221;#545454&#8243; thickness=&#8221;3&#8243; up=&#8221;10&#8243; down=&#8221;10&#8243;][vc_empty_space height=&#8221;30px&#8221;][vc_empty_space height=&#8221;20px&#8221;][vc_column_text]\u00c9l\u00e9gance actuel et confort, dans la s\u00e9rie Silver nous vous offrons un grand assortiment de traitements sp\u00e9ciaux dans nos tissus pour nous adapter \u00e0 vos besoins....","og_url":"https:\/\/karibiandescanso.com\/productos\/serie-silver-karibian\/","og_site_name":"Karibian Descanso","article_modified_time":"2023-03-13T09:22:00+00:00","twitter_card":"summary_large_image","twitter_misc":{"Dur\u00e9e de lecture estim\u00e9e":"4 minutes"},"schema":{"@context":"https:\/\/schema.org","@graph":[{"@type":"WebPage","@id":"https:\/\/karibiandescanso.com\/productos\/serie-silver-karibian\/","url":"https:\/\/karibiandescanso.com\/productos\/serie-silver-karibian\/","name":"S\u00e9rie Silver - Karibian Descanso","isPartOf":{"@id":"https:\/\/karibiandescanso.com\/#website"},"datePublished":"2017-07-13T17:13:20+00:00","dateModified":"2023-03-13T09:22:00+00:00","breadcrumb":{"@id":"https:\/\/karibiandescanso.com\/productos\/serie-silver-karibian\/#breadcrumb"},"inLanguage":"fr-FR","potentialAction":[{"@type":"ReadAction","target":["https:\/\/karibiandescanso.com\/productos\/serie-silver-karibian\/"]}]},{"@type":"BreadcrumbList","@id":"https:\/\/karibiandescanso.com\/productos\/serie-silver-karibian\/#breadcrumb","itemListElement":[{"@type":"ListItem","position":1,"name":"Portada","item":"https:\/\/karibiandescanso.com\/"},{"@type":"ListItem","position":2,"name":"Productos","item":"https:\/\/karibiandescanso.com\/productos\/"},{"@type":"ListItem","position":3,"name":"Serie Silver"}]},{"@type":"WebSite","@id":"https:\/\/karibiandescanso.com\/#website","url":"https:\/\/karibiandescanso.com\/","name":"Karibian Descanso","description":"O\u00f9 est le repos","potentialAction":[{"@type":"SearchAction","target":{"@type":"EntryPoint","urlTemplate":"https:\/\/karibiandescanso.com\/?s={search_term_string}"},"query-input":{"@type":"PropertyValueSpecification","valueRequired":true,"valueName":"search_term_string"}}],"inLanguage":"fr-FR"}]}},"_links":{"self":[{"href":"https:\/\/karibiandescanso.com\/fr\/wp-json\/wp\/v2\/pages\/702","targetHints":{"allow":["GET"]}}],"collection":[{"href":"https:\/\/karibiandescanso.com\/fr\/wp-json\/wp\/v2\/pages"}],"about":[{"href":"https:\/\/karibiandescanso.com\/fr\/wp-json\/wp\/v2\/types\/page"}],"author":[{"embeddable":true,"href":"https:\/\/karibiandescanso.com\/fr\/wp-json\/wp\/v2\/users\/1"}],"replies":[{"embeddable":true,"href":"https:\/\/karibiandescanso.com\/fr\/wp-json\/wp\/v2\/comments?post=702"}],"version-history":[{"count":0,"href":"https:\/\/karibiandescanso.com\/fr\/wp-json\/wp\/v2\/pages\/702\/revisions"}],"up":[{"embeddable":true,"href":"https:\/\/karibiandescanso.com\/fr\/wp-json\/wp\/v2\/pages\/61"}],"wp:attachment":[{"href":"https:\/\/karibiandescanso.com\/fr\/wp-json\/wp\/v2\/media?parent=702"}],"curies":[{"name":"wp","href":"https:\/\/api.w.org\/{rel}","templated":true}]}}