{"id":706,"date":"2017-07-13T18:15:36","date_gmt":"2017-07-13T17:15:36","guid":{"rendered":"https:\/\/www.karibiandescanso.com\/?page_id=706"},"modified":"2023-05-03T10:11:57","modified_gmt":"2023-05-03T08:11:57","slug":"serie-juvenil-karibian","status":"publish","type":"page","link":"https:\/\/karibiandescanso.com\/fr\/productos\/serie-juvenil-karibian\/","title":{"rendered":"S\u00e9rie Juv\u00e9nile"},"content":{"rendered":"<p>[vc_row css_animation=&#8221;&#8221; row_type=&#8221;row&#8221; use_row_as_full_screen_section=&#8221;no&#8221; type=&#8221;grid&#8221; angled_section=&#8221;no&#8221; text_align=&#8221;left&#8221; background_image_as_pattern=&#8221;without_pattern&#8221;][vc_column][vc_empty_space height=&#8221;20px&#8221;][vc_column_text]<\/p>\n<h2 style=\"text-align: center; color: #7fb6e2;\">S\u00e9rie Juv\u00e9nile<\/h2>\n<p>[\/vc_column_text][vc_separator type=&#8221;small&#8221; position=&#8221;center&#8221; color=&#8221;#545454&#8243; thickness=&#8221;3&#8243; up=&#8221;10&#8243; down=&#8221;10&#8243;][vc_empty_space height=&#8221;30px&#8221;]<div class=\"custom_font_holder\" style=\"font-family: Karla,Arial, Helvetica, sans-serif; font-size: 12px; line-height: 18px; font-style: normal; font-weight: 700; color: #333333; text-decoration: none; letter-spacing: 3px; text-align: center;\">&#8220;MULTIPLIEZ VOTRE IMAGINATION&#8221;<\/div>[vc_empty_space height=&#8221;20px&#8221;][vc_column_text]<\/p>\n<p style=\"text-align: justify;\">Certainement, un repos de qualit\u00e9 va garantir une croissance saine. La S\u00e9rie Jeunesse se concentre sur la fabrication de matelas pour les enfants \u00e2g\u00e9s de 2 \u00e0 16 ans, \u00e0 titre indicatif.<\/p>\n<p>&nbsp;<\/p>\n<p style=\"text-align: justify;\">Le matelas juv\u00e9nile est un \u00e9l\u00e9ment cl\u00e9 pour le d\u00e9veloppement des plus jeunes. Des tissus plus frais et plus \u00e9lastiques seront charg\u00e9s des r\u00eaves de vos enfants, lesquels vivent chaque jour mille et une aventures. De plus, vous pourrez choisir l&#8217;\u00e9paisseur du matelas en fonction de leurs besoins.<\/p>\n<p>[\/vc_column_text][vc_empty_space height=&#8221;10px&#8221;]<div class=\"custom_font_holder\" style=\"font-family: Karla,Arial, Helvetica, sans-serif; font-size: 10px; line-height: 18px; font-style: normal; font-weight: 700; color: #333333; text-decoration: none; letter-spacing: 3px; text-align: right;\">&#8220;APPORTE LE MEILLEUR BIEN-\u00caTRE POR LES PLUS JEUNES&#8221;<\/div>[vc_empty_space height=&#8221;30px&#8221;][\/vc_column][\/vc_row][vc_row css_animation=&#8221;&#8221; row_type=&#8221;row&#8221; use_row_as_full_screen_section=&#8221;no&#8221; type=&#8221;grid&#8221; angled_section=&#8221;no&#8221; text_align=&#8221;left&#8221; background_image_as_pattern=&#8221;without_pattern&#8221;][vc_column]<div class='projects_holder_outer v4 portfolio_with_space portfolio_standard'>\n        <div class='projects_holder portfolio_main_holder clearfix v4 standard portfolio_full_image '>\n        \n        <article class='mix portfolio_category_19 default' style=''>\n    \n    \n    \n                <div class='image_holder'>\n                <a itemprop='url' class='portfolio_link_for_touch' href='https:\/\/karibiandescanso.com\/fr\/catalogo-de-productos\/colchon-be-creative\/' target=''>\n                    \n<span class='image'><img loading=\"lazy\" decoding=\"async\" width=\"1000\" height=\"625\" src=\"https:\/\/karibiandescanso.com\/wp-content\/uploads\/2024\/06\/BECREATIVE-PORTADA.jpg\" class=\"attachment-full size-full wp-post-image\" alt=\"\" \/><\/span>                <\/a>\n\n                <span class='text_holder'>\n    <span class='text_outer'>\n        <span class='text_inner'>\n            <span class='feature_holder'>\n                        <\/span>\n        <\/span>\n    <\/span>\n<\/span>            <\/div>\n                <div class='portfolio_description text_align_left' >\n\n        \n    <h6 itemprop=\"name\" class=\"portfolio_title entry_title\"><a itemprop=\"url\" href=\"https:\/\/karibiandescanso.com\/fr\/catalogo-de-productos\/colchon-be-creative\/\"  target=\"_self\"> Matelas Be Creative<\/a><\/h6>\n\n\n        \n            <span class=\"project_category\"  >\n    Juv\u00e9nile    <\/span>\n\n    <\/div>\n        \n<\/article>\n<article class='mix portfolio_category_19 default' style=''>\n    \n    \n    \n                <div class='image_holder'>\n                <a itemprop='url' class='portfolio_link_for_touch' href='https:\/\/karibiandescanso.com\/fr\/catalogo-de-productos\/colchon-kenzzo\/' target=''>\n                    \n<span class='image'><img loading=\"lazy\" decoding=\"async\" width=\"1600\" height=\"1000\" src=\"https:\/\/karibiandescanso.com\/wp-content\/uploads\/2020\/03\/kenzzo-portada-colchon.webp\" class=\"attachment-full size-full wp-post-image\" alt=\"\" \/><\/span>                <\/a>\n\n                <span class='text_holder'>\n    <span class='text_outer'>\n        <span class='text_inner'>\n            <span class='feature_holder'>\n                        <\/span>\n        <\/span>\n    <\/span>\n<\/span>            <\/div>\n                <div class='portfolio_description text_align_left' >\n\n        \n    <h6 itemprop=\"name\" class=\"portfolio_title entry_title\"><a itemprop=\"url\" href=\"https:\/\/karibiandescanso.com\/fr\/catalogo-de-productos\/colchon-kenzzo\/\"  target=\"_self\"> Matelas Kenzzo<\/a><\/h6>\n\n\n        \n            <span class=\"project_category\"  >\n    Juv\u00e9nile    <\/span>\n\n    <\/div>\n        \n<\/article>\n<article class='mix portfolio_category_19 default' style=''>\n    \n    \n    \n                <div class='image_holder'>\n                <a itemprop='url' class='portfolio_link_for_touch' href='https:\/\/karibiandescanso.com\/fr\/catalogo-de-productos\/colchon-aqua-v3\/' target=''>\n                    \n<span class='image'><img loading=\"lazy\" decoding=\"async\" width=\"1000\" height=\"625\" src=\"https:\/\/karibiandescanso.com\/wp-content\/uploads\/2022\/08\/AQUA-V3-PORTADA.jpg\" class=\"attachment-full size-full wp-post-image\" alt=\"\" \/><\/span>                <\/a>\n\n                <span class='text_holder'>\n    <span class='text_outer'>\n        <span class='text_inner'>\n            <span class='feature_holder'>\n                        <\/span>\n        <\/span>\n    <\/span>\n<\/span>            <\/div>\n                <div class='portfolio_description text_align_left' >\n\n        \n    <h6 itemprop=\"name\" class=\"portfolio_title entry_title\"><a itemprop=\"url\" href=\"https:\/\/karibiandescanso.com\/fr\/catalogo-de-productos\/colchon-aqua-v3\/\"  target=\"_self\"> Matelas Aqua V3<\/a><\/h6>\n\n\n        \n            <span class=\"project_category\"  >\n    Juv\u00e9nile    <\/span>\n\n    <\/div>\n        \n<\/article>\n<article class='mix portfolio_category_19 default' style=''>\n    \n    \n    \n                <div class='image_holder'>\n                <a itemprop='url' class='portfolio_link_for_touch' href='https:\/\/karibiandescanso.com\/fr\/catalogo-de-productos\/colchon-happy\/' target=''>\n                    \n<span class='image'><img loading=\"lazy\" decoding=\"async\" width=\"1000\" height=\"625\" src=\"https:\/\/karibiandescanso.com\/wp-content\/uploads\/2021\/02\/Happy.jpg\" class=\"attachment-full size-full wp-post-image\" alt=\"\" \/><\/span>                <\/a>\n\n                <span class='text_holder'>\n    <span class='text_outer'>\n        <span class='text_inner'>\n            <span class='feature_holder'>\n                        <\/span>\n        <\/span>\n    <\/span>\n<\/span>            <\/div>\n                <div class='portfolio_description text_align_left' >\n\n        \n    <h6 itemprop=\"name\" class=\"portfolio_title entry_title\"><a itemprop=\"url\" href=\"https:\/\/karibiandescanso.com\/fr\/catalogo-de-productos\/colchon-happy\/\"  target=\"_self\"> Matelas Happy<\/a><\/h6>\n\n\n        \n            <span class=\"project_category\"  >\n    Juv\u00e9nile    <\/span>\n\n    <\/div>\n        \n<\/article>\n<article class='mix portfolio_category_19 default' style=''>\n    \n    \n    \n                <div class='image_holder'>\n                <a itemprop='url' class='portfolio_link_for_touch' href='https:\/\/karibiandescanso.com\/fr\/catalogo-de-productos\/colchon-new-york\/' target=''>\n                    \n<span class='image'><img loading=\"lazy\" decoding=\"async\" width=\"1300\" height=\"813\" src=\"https:\/\/karibiandescanso.com\/wp-content\/uploads\/2025\/09\/Portada-New-York.jpg\" class=\"attachment-full size-full wp-post-image\" alt=\"\" \/><\/span>                <\/a>\n\n                <span class='text_holder'>\n    <span class='text_outer'>\n        <span class='text_inner'>\n            <span class='feature_holder'>\n                        <\/span>\n        <\/span>\n    <\/span>\n<\/span>            <\/div>\n                <div class='portfolio_description text_align_left' >\n\n        \n    <h6 itemprop=\"name\" class=\"portfolio_title entry_title\"><a itemprop=\"url\" href=\"https:\/\/karibiandescanso.com\/fr\/catalogo-de-productos\/colchon-new-york\/\"  target=\"_self\"> Matelas New York<\/a><\/h6>\n\n\n        \n            <span class=\"project_category\"  >\n    Juv\u00e9nile    <\/span>\n\n    <\/div>\n        \n<\/article>\n        <div class='filler'><\/div>\n            <div class='filler'><\/div>\n            <div class='filler'><\/div>\n            <div class='filler'><\/div>\n        <\/div>\n\n    \n    <\/div>[\/vc_column][\/vc_row][vc_row css_animation=&#8221;&#8221; row_type=&#8221;row&#8221; use_row_as_full_screen_section=&#8221;no&#8221; type=&#8221;full_width&#8221; angled_section=&#8221;no&#8221; text_align=&#8221;left&#8221; background_image_as_pattern=&#8221;without_pattern&#8221;][vc_column][vc_empty_space height=&#8221;40px&#8221;][\/vc_column][\/vc_row]<\/p>\n","protected":false},"excerpt":{"rendered":"<p>[vc_row css_animation=&#8221;&#8221; row_type=&#8221;row&#8221; use_row_as_full_screen_section=&#8221;no&#8221; type=&#8221;grid&#8221; angled_section=&#8221;no&#8221; text_align=&#8221;left&#8221; background_image_as_pattern=&#8221;without_pattern&#8221;][vc_column][vc_empty_space height=&#8221;20px&#8221;][vc_column_text] S\u00e9rie Juv\u00e9nile [\/vc_column_text][vc_separator type=&#8221;small&#8221; position=&#8221;center&#8221; color=&#8221;#545454&#8243; thickness=&#8221;3&#8243; up=&#8221;10&#8243; down=&#8221;10&#8243;][vc_empty_space height=&#8221;30px&#8221;][vc_empty_space height=&#8221;20px&#8221;][vc_column_text] Certainement, un repos de qualit\u00e9 va garantir une croissance saine. La S\u00e9rie Jeunesse se concentre sur la fabrication de matelas pour les enfants \u00e2g\u00e9s de&#8230;<\/p>\n","protected":false},"author":1,"featured_media":0,"parent":61,"menu_order":0,"comment_status":"closed","ping_status":"closed","template":"","meta":{"footnotes":""},"class_list":["post-706","page","type-page","status-publish","hentry"],"yoast_head":"<!-- This site is optimized with the Yoast SEO plugin v27.0 - https:\/\/yoast.com\/product\/yoast-seo-wordpress\/ -->\n<title>S\u00e9rie Juv\u00e9nile - Karibian Descanso<\/title>\n<meta name=\"robots\" content=\"index, follow, max-snippet:-1, max-image-preview:large, max-video-preview:-1\" \/>\n<link rel=\"canonical\" href=\"https:\/\/karibiandescanso.com\/productos\/serie-juvenil-karibian\/\" \/>\n<meta property=\"og:locale\" content=\"fr_FR\" \/>\n<meta property=\"og:type\" content=\"article\" \/>\n<meta property=\"og:title\" content=\"S\u00e9rie Juv\u00e9nile - Karibian Descanso\" \/>\n<meta property=\"og:description\" content=\"[vc_row css_animation=&#8221;&#8221; row_type=&#8221;row&#8221; use_row_as_full_screen_section=&#8221;no&#8221; type=&#8221;grid&#8221; angled_section=&#8221;no&#8221; text_align=&#8221;left&#8221; background_image_as_pattern=&#8221;without_pattern&#8221;][vc_column][vc_empty_space height=&#8221;20px&#8221;][vc_column_text] S\u00e9rie Juv\u00e9nile [\/vc_column_text][vc_separator type=&#8221;small&#8221; position=&#8221;center&#8221; color=&#8221;#545454&#8243; thickness=&#8221;3&#8243; up=&#8221;10&#8243; down=&#8221;10&#8243;][vc_empty_space height=&#8221;30px&#8221;][vc_empty_space height=&#8221;20px&#8221;][vc_column_text] Certainement, un repos de qualit\u00e9 va garantir une croissance saine. La S\u00e9rie Jeunesse se concentre sur la fabrication de matelas pour les enfants \u00e2g\u00e9s de...\" \/>\n<meta property=\"og:url\" content=\"https:\/\/karibiandescanso.com\/productos\/serie-juvenil-karibian\/\" \/>\n<meta property=\"og:site_name\" content=\"Karibian Descanso\" \/>\n<meta property=\"article:modified_time\" content=\"2023-05-03T08:11:57+00:00\" \/>\n<meta name=\"twitter:card\" content=\"summary_large_image\" \/>\n<meta name=\"twitter:label1\" content=\"Dur\u00e9e de lecture estim\u00e9e\" \/>\n\t<meta name=\"twitter:data1\" content=\"1 minute\" \/>\n<script type=\"application\/ld+json\" class=\"yoast-schema-graph\">{\"@context\":\"https:\/\/schema.org\",\"@graph\":[{\"@type\":\"WebPage\",\"@id\":\"https:\/\/karibiandescanso.com\/productos\/serie-juvenil-karibian\/\",\"url\":\"https:\/\/karibiandescanso.com\/productos\/serie-juvenil-karibian\/\",\"name\":\"S\u00e9rie Juv\u00e9nile - Karibian Descanso\",\"isPartOf\":{\"@id\":\"https:\/\/karibiandescanso.com\/#website\"},\"datePublished\":\"2017-07-13T17:15:36+00:00\",\"dateModified\":\"2023-05-03T08:11:57+00:00\",\"breadcrumb\":{\"@id\":\"https:\/\/karibiandescanso.com\/productos\/serie-juvenil-karibian\/#breadcrumb\"},\"inLanguage\":\"fr-FR\",\"potentialAction\":[{\"@type\":\"ReadAction\",\"target\":[\"https:\/\/karibiandescanso.com\/productos\/serie-juvenil-karibian\/\"]}]},{\"@type\":\"BreadcrumbList\",\"@id\":\"https:\/\/karibiandescanso.com\/productos\/serie-juvenil-karibian\/#breadcrumb\",\"itemListElement\":[{\"@type\":\"ListItem\",\"position\":1,\"name\":\"Portada\",\"item\":\"https:\/\/karibiandescanso.com\/\"},{\"@type\":\"ListItem\",\"position\":2,\"name\":\"Productos\",\"item\":\"https:\/\/karibiandescanso.com\/productos\/\"},{\"@type\":\"ListItem\",\"position\":3,\"name\":\"Serie Juvenil\"}]},{\"@type\":\"WebSite\",\"@id\":\"https:\/\/karibiandescanso.com\/#website\",\"url\":\"https:\/\/karibiandescanso.com\/\",\"name\":\"Karibian Descanso\",\"description\":\"O\u00f9 est le repos\",\"potentialAction\":[{\"@type\":\"SearchAction\",\"target\":{\"@type\":\"EntryPoint\",\"urlTemplate\":\"https:\/\/karibiandescanso.com\/?s={search_term_string}\"},\"query-input\":{\"@type\":\"PropertyValueSpecification\",\"valueRequired\":true,\"valueName\":\"search_term_string\"}}],\"inLanguage\":\"fr-FR\"}]}<\/script>\n<!-- \/ Yoast SEO plugin. -->","yoast_head_json":{"title":"S\u00e9rie Juv\u00e9nile - Karibian Descanso","robots":{"index":"index","follow":"follow","max-snippet":"max-snippet:-1","max-image-preview":"max-image-preview:large","max-video-preview":"max-video-preview:-1"},"canonical":"https:\/\/karibiandescanso.com\/productos\/serie-juvenil-karibian\/","og_locale":"fr_FR","og_type":"article","og_title":"S\u00e9rie Juv\u00e9nile - Karibian Descanso","og_description":"[vc_row css_animation=&#8221;&#8221; row_type=&#8221;row&#8221; use_row_as_full_screen_section=&#8221;no&#8221; type=&#8221;grid&#8221; angled_section=&#8221;no&#8221; text_align=&#8221;left&#8221; background_image_as_pattern=&#8221;without_pattern&#8221;][vc_column][vc_empty_space height=&#8221;20px&#8221;][vc_column_text] S\u00e9rie Juv\u00e9nile [\/vc_column_text][vc_separator type=&#8221;small&#8221; position=&#8221;center&#8221; color=&#8221;#545454&#8243; thickness=&#8221;3&#8243; up=&#8221;10&#8243; down=&#8221;10&#8243;][vc_empty_space height=&#8221;30px&#8221;][vc_empty_space height=&#8221;20px&#8221;][vc_column_text] Certainement, un repos de qualit\u00e9 va garantir une croissance saine. La S\u00e9rie Jeunesse se concentre sur la fabrication de matelas pour les enfants \u00e2g\u00e9s de...","og_url":"https:\/\/karibiandescanso.com\/productos\/serie-juvenil-karibian\/","og_site_name":"Karibian Descanso","article_modified_time":"2023-05-03T08:11:57+00:00","twitter_card":"summary_large_image","twitter_misc":{"Dur\u00e9e de lecture estim\u00e9e":"1 minute"},"schema":{"@context":"https:\/\/schema.org","@graph":[{"@type":"WebPage","@id":"https:\/\/karibiandescanso.com\/productos\/serie-juvenil-karibian\/","url":"https:\/\/karibiandescanso.com\/productos\/serie-juvenil-karibian\/","name":"S\u00e9rie Juv\u00e9nile - Karibian Descanso","isPartOf":{"@id":"https:\/\/karibiandescanso.com\/#website"},"datePublished":"2017-07-13T17:15:36+00:00","dateModified":"2023-05-03T08:11:57+00:00","breadcrumb":{"@id":"https:\/\/karibiandescanso.com\/productos\/serie-juvenil-karibian\/#breadcrumb"},"inLanguage":"fr-FR","potentialAction":[{"@type":"ReadAction","target":["https:\/\/karibiandescanso.com\/productos\/serie-juvenil-karibian\/"]}]},{"@type":"BreadcrumbList","@id":"https:\/\/karibiandescanso.com\/productos\/serie-juvenil-karibian\/#breadcrumb","itemListElement":[{"@type":"ListItem","position":1,"name":"Portada","item":"https:\/\/karibiandescanso.com\/"},{"@type":"ListItem","position":2,"name":"Productos","item":"https:\/\/karibiandescanso.com\/productos\/"},{"@type":"ListItem","position":3,"name":"Serie Juvenil"}]},{"@type":"WebSite","@id":"https:\/\/karibiandescanso.com\/#website","url":"https:\/\/karibiandescanso.com\/","name":"Karibian Descanso","description":"O\u00f9 est le repos","potentialAction":[{"@type":"SearchAction","target":{"@type":"EntryPoint","urlTemplate":"https:\/\/karibiandescanso.com\/?s={search_term_string}"},"query-input":{"@type":"PropertyValueSpecification","valueRequired":true,"valueName":"search_term_string"}}],"inLanguage":"fr-FR"}]}},"_links":{"self":[{"href":"https:\/\/karibiandescanso.com\/fr\/wp-json\/wp\/v2\/pages\/706","targetHints":{"allow":["GET"]}}],"collection":[{"href":"https:\/\/karibiandescanso.com\/fr\/wp-json\/wp\/v2\/pages"}],"about":[{"href":"https:\/\/karibiandescanso.com\/fr\/wp-json\/wp\/v2\/types\/page"}],"author":[{"embeddable":true,"href":"https:\/\/karibiandescanso.com\/fr\/wp-json\/wp\/v2\/users\/1"}],"replies":[{"embeddable":true,"href":"https:\/\/karibiandescanso.com\/fr\/wp-json\/wp\/v2\/comments?post=706"}],"version-history":[{"count":0,"href":"https:\/\/karibiandescanso.com\/fr\/wp-json\/wp\/v2\/pages\/706\/revisions"}],"up":[{"embeddable":true,"href":"https:\/\/karibiandescanso.com\/fr\/wp-json\/wp\/v2\/pages\/61"}],"wp:attachment":[{"href":"https:\/\/karibiandescanso.com\/fr\/wp-json\/wp\/v2\/media?parent=706"}],"curies":[{"name":"wp","href":"https:\/\/api.w.org\/{rel}","templated":true}]}}