{"id":2703,"date":"2018-09-05T09:04:02","date_gmt":"2018-09-05T08:04:02","guid":{"rendered":"https:\/\/www.karibiandescanso.com\/?page_id=2703"},"modified":"2026-03-17T10:00:44","modified_gmt":"2026-03-17T09:00:44","slug":"oeko-tex","status":"publish","type":"page","link":"https:\/\/karibiandescanso.com\/pl\/oeko-tex\/","title":{"rendered":"OEKO-TEX"},"content":{"rendered":"<p>[vc_row css_animation=&#8221;&#8221; row_type=&#8221;row&#8221; use_row_as_full_screen_section=&#8221;no&#8221; type=&#8221;full_width&#8221; angled_section=&#8221;no&#8221; text_align=&#8221;left&#8221; background_image_as_pattern=&#8221;without_pattern&#8221; css=&#8221;.vc_custom_1536135295053{background-color: #ffffff !important;}&#8221; z_index=&#8221;&#8221;][vc_column][vc_single_image image=&#8221;2705&#8243; img_size=&#8221;full&#8221; alignment=&#8221;center&#8221; qode_css_animation=&#8221;&#8221;][vc_empty_space height=&#8221;60px&#8221;][vc_column_text]<\/p>\n<h4 style=\"text-align: center;\">OEKO-TEX STANDARD 2017OK1452<\/h4>\n<p>[\/vc_column_text][vc_empty_space height=&#8221;30px&#8221;][vc_row_inner row_type=&#8221;row&#8221; type=&#8221;grid&#8221; text_align=&#8221;left&#8221; css_animation=&#8221;&#8221;][vc_column_inner][vc_column_text]<\/p>\n<p style=\"font-weight: 400; text-align: justify;\">Karibian Descanso posiada certyfikat OEKO-TEX 2017OK1452 AITEX. Certyfikat Oeko-Tex Standard 100 to wiod\u0105ce na \u015bwiecie oznakowanie ekologiczne, kt\u00f3re certyfikuje artyku\u0142y tekstylne wolne od substancji szkodliwych.<\/p>\n<p>&nbsp;<\/p>\n<p style=\"font-weight: 400; text-align: justify;\">Standardy Oeko-Tex Standard 100, to globalny ujednolicony system testowania i certyfikacji wyrob\u00f3w tekstylnych na wszystkich etapach procesu. Analiza substancji toksycznych obejmuje substancje zabronione i regulowane przez prawo oraz produkty chemiczne uwa\u017cane za niebezpieczne dla zdrowia. Certyfikat ten oznacza wi\u0119ksze bezpiecze\u0144stwo i wewn\u0119trzny rozbudowany system potwierdzaj\u0105cy gwarancj\u0119 jako\u015bci.<\/p>\n<p>&nbsp;<\/p>\n<p style=\"font-weight: 400; text-align: justify;\">Has\u0142o <strong>\u201cZaufane wyroby tekstylne\u201d<\/strong>, to synonim odpowiedzialno\u015bci i przejrzysto\u015bci w produkcji tekstyli\u00f3w. W Karibian Descanso jeste\u015bmy \u015bwiadomi znaczenia odpowiedniego wypoczynku i jego wp\u0142ywu na zdrowie.<\/p>\n<p>[\/vc_column_text][\/vc_column_inner][\/vc_row_inner][vc_empty_space height=&#8221;40px&#8221;][vc_single_image image=&#8221;18464&#8243; img_size=&#8221;medium&#8221; alignment=&#8221;center&#8221; qode_css_animation=&#8221;&#8221;][vc_empty_space height=&#8221;40px&#8221;][vc_row_inner row_type=&#8221;row&#8221; type=&#8221;grid&#8221; text_align=&#8221;left&#8221; css_animation=&#8221;&#8221;][vc_column_inner][vc_column_text]<\/p>\n<p style=\"font-weight: 400;\"><strong>Dlaczego wymaga\u0107 certyfikatu?<\/strong><\/p>\n<p style=\"text-align: justify;\">Oeko-Tex skrupulatnie weryfikuje wszystkie komponenty produktu i za\u015bwiadcza, \u017ce nie zawieraj\u0105 one substancji, kt\u00f3re mog\u0105 by\u0107 szkodliwe i niebezpieczne dla zdrowia.<\/p>\n<p>&nbsp;<\/p>\n<p style=\"font-weight: 400;\"><strong>Co to oznacza dla konsumenta?<\/strong><\/p>\n<p>&nbsp;<\/p>\n<p style=\"font-weight: 400; text-align: justify;\">Jako konsumenci b\u0119dziemy mie\u0107 pewno\u015b\u0107, \u017ce zakupili\u015bmy produkt, kt\u00f3ry przeszed\u0142 wyczerpuj\u0105c\u0105 analiz\u0119. Zapewni nam to bezpiecze\u0144stwo i pewno\u015b\u0107, \u017ce zakupiony towar nie wp\u0142ynie szkodliwie na nasze zdrowie.<\/p>\n<p>&nbsp;<\/p>\n<p style=\"font-weight: 400;\"><strong>Je\u017celi komponent produktu jest certyfikowany to ca\u0142y produkt jest certyfikowany?<\/strong><\/p>\n<p>&nbsp;<\/p>\n<p style=\"font-weight: 400; text-align: justify;\">Nie, je\u017celi jaki\u015b element odzie\u017cy np. zamek b\u0142yskawiczny posiada certyfikat Oeko-Tex, nie oznacza to, \u017ce pozosta\u0142e jego elementy takie jak tkaniny, nici, guziki, r\u00f3wnie\u017c posiadaj\u0105 certyfikat.<\/p>\n<p style=\"font-weight: 400; text-align: justify;\">Natomiast wszystkie materia\u0142y, z kt\u00f3rych wykonywane s\u0105 nasze materace jak np. poliuretanowe pianki techniczne o wysokiej wytrzyma\u0142o\u015bci i g\u0119sto\u015bci mi\u0119dzy 28 a 55 kg, rdze\u0144 warstwy spr\u0119\u017cynowej,<\/p>\n<p style=\"font-weight: 400; text-align: justify;\">pianki termoelastyczne o g\u0119sto\u015bci 50-80kg, materia\u0142y poliestrowe po\u0142\u0105czone z naturalnymi w\u0142\u00f3knami jak np. w\u0142\u00f3kno tencel, we\u0142na merynos\u00f3w, len, kaszmir, bawe\u0142na\u2026i materia\u0142y takie jak nici, zamki, lam\u00f3wki i metki posiadaj\u0105 certyfikat Oeko-Tex.<\/p>\n<p>&nbsp;<\/p>\n<p style=\"font-weight: 400;\"><strong>Czy kupuj\u0105c produkt z tym certyfikatem, inwestuj\u0119 w jako\u015b\u0107 i spok\u00f3j?<\/strong><\/p>\n<p>&nbsp;<\/p>\n<p style=\"font-weight: 400;\">Oczywi\u015bcie, \u017ce tak! Zakup produktu z tym certyfikatem to inwestycja nie tylko w jako\u015b\u0107, ale i w zdrowie i \u017cycie.<\/p>\n<p>&nbsp;<\/p>\n<p style=\"font-weight: 400;\"><strong>Czy konieczne jest odnawianie wa\u017cno\u015bci Certyfikatu?<\/strong><\/p>\n<p>&nbsp;<\/p>\n<p style=\"font-weight: 400; text-align: justify;\">W\u0142a\u015bciwy instytut lub jednostka certyfikuj\u0105ca wystawia Certyfikat Oeko-Tex na okres 12 miesi\u0119cy. Za\u015bwiadcza w ten spos\u00f3b, \u017ce wskazane komponenty zosta\u0142y pomy\u015blnie zweryfikowane zgodnie z norm\u0105 i spe\u0142niaj\u0105 wszystkie wymagane warunki.<\/p>\n<p>[\/vc_column_text][vc_empty_space height=&#8221;40px&#8221;]<a  itemprop=\"url\" href=\"https:\/\/karibiandescanso.com\/wp-content\/uploads\/2026\/03\/Certificado-OEKO-TEX-2026_Ingles_compressed.pdf\" target=\"_blank\"  class=\"qbutton  default\" style=\"\">RENOWACJA OEKO-TEX 2017OK1452 (2026)<\/a>[vc_empty_space height=&#8221;40px&#8221;][vc_single_image image=&#8221;18462&#8243; img_size=&#8221;full&#8221; alignment=&#8221;center&#8221; qode_css_animation=&#8221;&#8221;][vc_empty_space height=&#8221;40px&#8221;][\/vc_column_inner][\/vc_row_inner][\/vc_column][\/vc_row]<\/p>\n","protected":false},"excerpt":{"rendered":"<p>[vc_row css_animation=&#8221;&#8221; row_type=&#8221;row&#8221; use_row_as_full_screen_section=&#8221;no&#8221; type=&#8221;full_width&#8221; angled_section=&#8221;no&#8221; text_align=&#8221;left&#8221; background_image_as_pattern=&#8221;without_pattern&#8221; css=&#8221;.vc_custom_1536135295053{background-color: #ffffff !important;}&#8221; z_index=&#8221;&#8221;][vc_column][vc_single_image image=&#8221;2705&#8243; img_size=&#8221;full&#8221; alignment=&#8221;center&#8221; qode_css_animation=&#8221;&#8221;][vc_empty_space height=&#8221;60px&#8221;][vc_column_text] OEKO-TEX STANDARD 2017OK1452 [\/vc_column_text][vc_empty_space height=&#8221;30px&#8221;][vc_row_inner row_type=&#8221;row&#8221; type=&#8221;grid&#8221; text_align=&#8221;left&#8221; css_animation=&#8221;&#8221;][vc_column_inner][vc_column_text] Karibian Descanso posiada certyfikat OEKO-TEX 2017OK1452 AITEX. Certyfikat Oeko-Tex Standard 100 to wiod\u0105ce na \u015bwiecie oznakowanie ekologiczne, kt\u00f3re certyfikuje&#8230;<\/p>\n","protected":false},"author":1,"featured_media":0,"parent":0,"menu_order":0,"comment_status":"closed","ping_status":"closed","template":"full_width.php","meta":{"footnotes":""},"class_list":["post-2703","page","type-page","status-publish","hentry"],"yoast_head":"<!-- This site is optimized with the Yoast SEO plugin v27.0 - https:\/\/yoast.com\/product\/yoast-seo-wordpress\/ -->\n<title>OEKO-TEX - Karibian Descanso<\/title>\n<meta name=\"robots\" content=\"index, follow, max-snippet:-1, max-image-preview:large, max-video-preview:-1\" \/>\n<link rel=\"canonical\" href=\"https:\/\/karibiandescanso.com\/oeko-tex\/\" \/>\n<meta property=\"og:locale\" content=\"pl_PL\" \/>\n<meta property=\"og:type\" content=\"article\" \/>\n<meta property=\"og:title\" content=\"OEKO-TEX - Karibian Descanso\" \/>\n<meta property=\"og:description\" content=\"[vc_row css_animation=&#8221;&#8221; row_type=&#8221;row&#8221; use_row_as_full_screen_section=&#8221;no&#8221; type=&#8221;full_width&#8221; angled_section=&#8221;no&#8221; text_align=&#8221;left&#8221; background_image_as_pattern=&#8221;without_pattern&#8221; css=&#8221;.vc_custom_1536135295053{background-color: #ffffff !important;}&#8221; z_index=&#8221;&#8221;][vc_column][vc_single_image image=&#8221;2705&#8243; img_size=&#8221;full&#8221; alignment=&#8221;center&#8221; qode_css_animation=&#8221;&#8221;][vc_empty_space height=&#8221;60px&#8221;][vc_column_text] OEKO-TEX STANDARD 2017OK1452 [\/vc_column_text][vc_empty_space height=&#8221;30px&#8221;][vc_row_inner row_type=&#8221;row&#8221; type=&#8221;grid&#8221; text_align=&#8221;left&#8221; css_animation=&#8221;&#8221;][vc_column_inner][vc_column_text] Karibian Descanso posiada certyfikat OEKO-TEX 2017OK1452 AITEX. Certyfikat Oeko-Tex Standard 100 to wiod\u0105ce na \u015bwiecie oznakowanie ekologiczne, kt\u00f3re certyfikuje...\" \/>\n<meta property=\"og:url\" content=\"https:\/\/karibiandescanso.com\/oeko-tex\/\" \/>\n<meta property=\"og:site_name\" content=\"Karibian Descanso\" \/>\n<meta property=\"article:modified_time\" content=\"2026-03-17T09:00:44+00:00\" \/>\n<meta name=\"twitter:card\" content=\"summary_large_image\" \/>\n<meta name=\"twitter:label1\" content=\"Szacowany czas czytania\" \/>\n\t<meta name=\"twitter:data1\" content=\"3 minuty\" \/>\n<script type=\"application\/ld+json\" class=\"yoast-schema-graph\">{\"@context\":\"https:\/\/schema.org\",\"@graph\":[{\"@type\":\"WebPage\",\"@id\":\"https:\/\/karibiandescanso.com\/oeko-tex\/\",\"url\":\"https:\/\/karibiandescanso.com\/oeko-tex\/\",\"name\":\"OEKO-TEX - Karibian Descanso\",\"isPartOf\":{\"@id\":\"https:\/\/karibiandescanso.com\/#website\"},\"datePublished\":\"2018-09-05T08:04:02+00:00\",\"dateModified\":\"2026-03-17T09:00:44+00:00\",\"breadcrumb\":{\"@id\":\"https:\/\/karibiandescanso.com\/oeko-tex\/#breadcrumb\"},\"inLanguage\":\"pl-PL\",\"potentialAction\":[{\"@type\":\"ReadAction\",\"target\":[\"https:\/\/karibiandescanso.com\/oeko-tex\/\"]}]},{\"@type\":\"BreadcrumbList\",\"@id\":\"https:\/\/karibiandescanso.com\/oeko-tex\/#breadcrumb\",\"itemListElement\":[{\"@type\":\"ListItem\",\"position\":1,\"name\":\"Portada\",\"item\":\"https:\/\/karibiandescanso.com\/\"},{\"@type\":\"ListItem\",\"position\":2,\"name\":\"Oeko-Tex\"}]},{\"@type\":\"WebSite\",\"@id\":\"https:\/\/karibiandescanso.com\/#website\",\"url\":\"https:\/\/karibiandescanso.com\/\",\"name\":\"Karibian Descanso\",\"description\":\"Gdzie jest odpoczynek\",\"potentialAction\":[{\"@type\":\"SearchAction\",\"target\":{\"@type\":\"EntryPoint\",\"urlTemplate\":\"https:\/\/karibiandescanso.com\/?s={search_term_string}\"},\"query-input\":{\"@type\":\"PropertyValueSpecification\",\"valueRequired\":true,\"valueName\":\"search_term_string\"}}],\"inLanguage\":\"pl-PL\"}]}<\/script>\n<!-- \/ Yoast SEO plugin. -->","yoast_head_json":{"title":"OEKO-TEX - Karibian Descanso","robots":{"index":"index","follow":"follow","max-snippet":"max-snippet:-1","max-image-preview":"max-image-preview:large","max-video-preview":"max-video-preview:-1"},"canonical":"https:\/\/karibiandescanso.com\/oeko-tex\/","og_locale":"pl_PL","og_type":"article","og_title":"OEKO-TEX - Karibian Descanso","og_description":"[vc_row css_animation=&#8221;&#8221; row_type=&#8221;row&#8221; use_row_as_full_screen_section=&#8221;no&#8221; type=&#8221;full_width&#8221; angled_section=&#8221;no&#8221; text_align=&#8221;left&#8221; background_image_as_pattern=&#8221;without_pattern&#8221; css=&#8221;.vc_custom_1536135295053{background-color: #ffffff !important;}&#8221; z_index=&#8221;&#8221;][vc_column][vc_single_image image=&#8221;2705&#8243; img_size=&#8221;full&#8221; alignment=&#8221;center&#8221; qode_css_animation=&#8221;&#8221;][vc_empty_space height=&#8221;60px&#8221;][vc_column_text] OEKO-TEX STANDARD 2017OK1452 [\/vc_column_text][vc_empty_space height=&#8221;30px&#8221;][vc_row_inner row_type=&#8221;row&#8221; type=&#8221;grid&#8221; text_align=&#8221;left&#8221; css_animation=&#8221;&#8221;][vc_column_inner][vc_column_text] Karibian Descanso posiada certyfikat OEKO-TEX 2017OK1452 AITEX. Certyfikat Oeko-Tex Standard 100 to wiod\u0105ce na \u015bwiecie oznakowanie ekologiczne, kt\u00f3re certyfikuje...","og_url":"https:\/\/karibiandescanso.com\/oeko-tex\/","og_site_name":"Karibian Descanso","article_modified_time":"2026-03-17T09:00:44+00:00","twitter_card":"summary_large_image","twitter_misc":{"Szacowany czas czytania":"3 minuty"},"schema":{"@context":"https:\/\/schema.org","@graph":[{"@type":"WebPage","@id":"https:\/\/karibiandescanso.com\/oeko-tex\/","url":"https:\/\/karibiandescanso.com\/oeko-tex\/","name":"OEKO-TEX - Karibian Descanso","isPartOf":{"@id":"https:\/\/karibiandescanso.com\/#website"},"datePublished":"2018-09-05T08:04:02+00:00","dateModified":"2026-03-17T09:00:44+00:00","breadcrumb":{"@id":"https:\/\/karibiandescanso.com\/oeko-tex\/#breadcrumb"},"inLanguage":"pl-PL","potentialAction":[{"@type":"ReadAction","target":["https:\/\/karibiandescanso.com\/oeko-tex\/"]}]},{"@type":"BreadcrumbList","@id":"https:\/\/karibiandescanso.com\/oeko-tex\/#breadcrumb","itemListElement":[{"@type":"ListItem","position":1,"name":"Portada","item":"https:\/\/karibiandescanso.com\/"},{"@type":"ListItem","position":2,"name":"Oeko-Tex"}]},{"@type":"WebSite","@id":"https:\/\/karibiandescanso.com\/#website","url":"https:\/\/karibiandescanso.com\/","name":"Karibian Descanso","description":"Gdzie jest odpoczynek","potentialAction":[{"@type":"SearchAction","target":{"@type":"EntryPoint","urlTemplate":"https:\/\/karibiandescanso.com\/?s={search_term_string}"},"query-input":{"@type":"PropertyValueSpecification","valueRequired":true,"valueName":"search_term_string"}}],"inLanguage":"pl-PL"}]}},"_links":{"self":[{"href":"https:\/\/karibiandescanso.com\/pl\/wp-json\/wp\/v2\/pages\/2703","targetHints":{"allow":["GET"]}}],"collection":[{"href":"https:\/\/karibiandescanso.com\/pl\/wp-json\/wp\/v2\/pages"}],"about":[{"href":"https:\/\/karibiandescanso.com\/pl\/wp-json\/wp\/v2\/types\/page"}],"author":[{"embeddable":true,"href":"https:\/\/karibiandescanso.com\/pl\/wp-json\/wp\/v2\/users\/1"}],"replies":[{"embeddable":true,"href":"https:\/\/karibiandescanso.com\/pl\/wp-json\/wp\/v2\/comments?post=2703"}],"version-history":[{"count":0,"href":"https:\/\/karibiandescanso.com\/pl\/wp-json\/wp\/v2\/pages\/2703\/revisions"}],"wp:attachment":[{"href":"https:\/\/karibiandescanso.com\/pl\/wp-json\/wp\/v2\/media?parent=2703"}],"curies":[{"name":"wp","href":"https:\/\/api.w.org\/{rel}","templated":true}]}}