{"id":2725,"date":"2018-09-11T10:15:14","date_gmt":"2018-09-11T09:15:14","guid":{"rendered":"https:\/\/www.karibiandescanso.com\/?page_id=2725"},"modified":"2023-03-10T15:10:05","modified_gmt":"2023-03-10T14:10:05","slug":"viscoelasticas-2","status":"publish","type":"page","link":"https:\/\/karibiandescanso.com\/pl\/materiales\/viscoelasticas-2\/","title":{"rendered":"PIANKI TERMOELASTYCZNE VISCO"},"content":{"rendered":"<p>[vc_row css_animation=&#8221;&#8221; row_type=&#8221;row&#8221; use_row_as_full_screen_section=&#8221;no&#8221; type=&#8221;full_width&#8221; angled_section=&#8221;no&#8221; text_align=&#8221;left&#8221; background_image_as_pattern=&#8221;without_pattern&#8221;][vc_column][vc_single_image image=&#8221;11363&#8243; img_size=&#8221;full&#8221; alignment=&#8221;center&#8221; qode_css_animation=&#8221;&#8221;][vc_empty_space height=&#8221;55px&#8221;][vc_column_text]<\/p>\n<h4 style=\"text-align: center;\">PIANKI TERMOELASTYCZNE VISCO<\/h4>\n<p>[\/vc_column_text][vc_empty_space height=&#8221;20px&#8221;][vc_row_inner row_type=&#8221;row&#8221; type=&#8221;grid&#8221; text_align=&#8221;left&#8221; css_animation=&#8221;&#8221;][vc_column_inner][vc_column_text]<\/p>\n<p style=\"text-align: justify;\">W Karibian Descanso dokonujemy starannej selekcji materia\u0142\u00f3w pochodzenia naturalnego, aby zapewni\u0107 niepowtarzalne doznania podczas wypoczynku, zachowuj\u0105c przy tym temperatur\u0119 cia\u0142a i skutecznie odprowadzaj\u0105c wilgo\u0107. Pianka termoelastyczna visco dzi\u0119ki swoim w\u0142a\u015bciwo\u015bciom zrewolucjonizowa\u0142a \u015bwiat wypoczynk\u00f3w. Odpowiednie zachowanie materaca z pianki termoelastycznej visco mo\u017cna uj\u0105\u0107 w dw\u00f3ch aspektach: wolny powr\u00f3t do pierwotnego stanu (efekt pami\u0119ci) i termoaktywno\u015b\u0107 (im wi\u0119ksze odczucie zimna tym staje si\u0119 twardszy i odwrotnie). Materace termoelastyczne s\u0105 oddychaj\u0105ce i zapewniaj\u0105 \u015bpi\u0105cemu satysfakcjonuj\u0105cy wypoczynek, \u0142\u0105cz\u0105c mi\u0119kko\u015b\u0107 z w\u0142a\u015bciwo\u015bciami hipoalergicznymi i nie zapominaj\u0105c przy tym o poszanowaniu \u015brodowiska.<\/p>\n<p>[\/vc_column_text][\/vc_column_inner][\/vc_row_inner][vc_empty_space height=&#8221;50px&#8221;][\/vc_column][\/vc_row][vc_row css_animation=&#8221;&#8221; row_type=&#8221;row&#8221; use_row_as_full_screen_section=&#8221;no&#8221; type=&#8221;full_width&#8221; angled_section=&#8221;no&#8221; text_align=&#8221;left&#8221; background_image_as_pattern=&#8221;without_pattern&#8221;][vc_column][vc_single_image image=&#8221;2730&#8243; img_size=&#8221;full&#8221; alignment=&#8221;center&#8221; qode_css_animation=&#8221;&#8221;][vc_empty_space height=&#8221;55px&#8221;][vc_column_text]<\/p>\n<h4 style=\"text-align: center;\">PIANKA VISCO THERM ESSENCE 80 KG.<\/h4>\n<p>[\/vc_column_text][vc_empty_space height=&#8221;20px&#8221;][vc_row_inner row_type=&#8221;row&#8221; type=&#8221;grid&#8221; text_align=&#8221;left&#8221; css_animation=&#8221;&#8221;][vc_column_inner][vc_column_text]<\/p>\n<p style=\"text-align: justify;\">Pianka termoelastyczna o wysokiej g\u0119sto\u015bci 80kg m3 dla najbardziej wymagaj\u0105cych.. Pianka z pami\u0119ci\u0105 wykonana z najwy\u017cszej jako\u015bci surowc\u00f3w. Ten termoelastyczny materac to doskona\u0142e po\u0142\u0105czenie g\u0119sto\u015bci i spr\u0119\u017cysto\u015bci, opr\u00f3cz tego \u015bwietnie adaptuje si\u0119 do kszta\u0142tu cia\u0142a. Zapewnia niepowtarzalne uczucie komfortu i regeneruj\u0105cego odpoczynku.<\/p>\n<p>[\/vc_column_text][\/vc_column_inner][\/vc_row_inner][vc_empty_space height=&#8221;50px&#8221;][\/vc_column][\/vc_row][vc_row css_animation=&#8221;&#8221; row_type=&#8221;row&#8221; use_row_as_full_screen_section=&#8221;no&#8221; type=&#8221;full_width&#8221; angled_section=&#8221;no&#8221; text_align=&#8221;left&#8221; background_image_as_pattern=&#8221;without_pattern&#8221;][vc_column][vc_single_image image=&#8221;2728&#8243; img_size=&#8221;full&#8221; alignment=&#8221;center&#8221; qode_css_animation=&#8221;&#8221;][vc_empty_space height=&#8221;55px&#8221;][vc_column_text]<\/p>\n<h4 style=\"text-align: center;\">ELASTIC SENSE MEMORY 60 KG.<\/h4>\n<p>[\/vc_column_text][vc_empty_space height=&#8221;20px&#8221;][vc_row_inner row_type=&#8221;row&#8221; type=&#8221;grid&#8221; text_align=&#8221;left&#8221; css_animation=&#8221;&#8221;][vc_column_inner][vc_column_text]<\/p>\n<p style=\"text-align: justify;\">Pianka termoelastyczna o g\u0119sto\u015bci 60kg m3. Najnowszej generacji pianka z pami\u0119ci\u0105 wykonana z naturalnych olejk\u00f3w i surowc\u00f3w, kt\u00f3re poprawiaj\u0105 przepuszczalno\u015b\u0107 i wewn\u0119trzn\u0105 wentylacj\u0119 materaca. Ten materac ma specjaln\u0105 struktur\u0119 molekularn\u0105, kt\u00f3ra pomaga idealnie dopasowa\u0107 si\u0119 do kszta\u0142tu cia\u0142a. Pami\u0119\u0107 umo\u017cliwiaj\u0105ca zarejestrowanie kszta\u0142tu cia\u0142a, o doskona\u0142ej przepuszczalno\u015bci i transpiracji, kt\u00f3ra sprzyja du\u017co przyjemniejszemu i spokojniejszemu wypoczynkowi. Wa\u017cne jest r\u00f3wnie\u017c to, \u017ce dzi\u0119ki termoczu\u0142emu dzia\u0142aniu przystosowuje si\u0119 do kszta\u0142tu ciep\u0142ego cia\u0142a, aktywuj\u0105c tym samym efekt pami\u0119ci. Mo\u017cna powiedzie\u0107, \u017ce pod wp\u0142ywem zimna materia\u0142 twardnieje, a pod wp\u0142ywem ciep\u0142a pianka termoelastyczna mi\u0119knie.<\/p>\n<p>[\/vc_column_text][\/vc_column_inner][\/vc_row_inner][vc_empty_space height=&#8221;50px&#8221;][\/vc_column][\/vc_row][vc_row css_animation=&#8221;&#8221; row_type=&#8221;row&#8221; use_row_as_full_screen_section=&#8221;no&#8221; type=&#8221;full_width&#8221; angled_section=&#8221;no&#8221; text_align=&#8221;left&#8221; background_image_as_pattern=&#8221;without_pattern&#8221;][vc_column][vc_single_image image=&#8221;2727&#8243; img_size=&#8221;full&#8221; alignment=&#8221;center&#8221; qode_css_animation=&#8221;&#8221;][vc_empty_space height=&#8221;55px&#8221;][vc_column_text]<\/p>\n<h4 style=\"text-align: center;\">PIANKA BIO VISCOSOJA 50 KG.<\/h4>\n<p>[\/vc_column_text][vc_empty_space height=&#8221;20px&#8221;][vc_row_inner row_type=&#8221;row&#8221; type=&#8221;grid&#8221; text_align=&#8221;left&#8221; css_animation=&#8221;&#8221;][vc_column_inner][vc_column_text]<\/p>\n<p style=\"text-align: justify;\">Pianka termoelastyczna o g\u0119sto\u015bci 50kg m3. Naturalny produkt z najwy\u017cszej jako\u015bci surowc\u00f3w po\u0142\u0105czonych z wysokiej jako\u015bci nasionami soi, co faworyzuje ekologiczny charakter i op\u00f3\u017ania starzenie si\u0119 materia\u0142u. Dzi\u0119ki w\u0142a\u015bciwo\u015bciom fizycznym ta pianka z pami\u0119ci\u0105 zachowuje kszta\u0142t ludzkiego cia\u0142a, zapewniaj\u0105c tym przyjemny wypoczynek. Mo\u017cemy r\u00f3wnie\u017c liczy\u0107 na jej termoczu\u0142y charakter, kt\u00f3ry dostosowuje si\u0119 do stref pozostaj\u0105cych w kontakcie z ciep\u0142em cia\u0142a i tam w\u0142a\u015bnie ujawnia si\u0119 efekt pami\u0119ci. Efekt ten sprawia, \u017ce przy niskich temperaturach materia\u0142 twardnieje, a pod wp\u0142ywem ciep\u0142a i wysokich temperatur mi\u0119knie.<\/p>\n<p>[\/vc_column_text][\/vc_column_inner][\/vc_row_inner][vc_empty_space height=&#8221;50px&#8221;][\/vc_column][\/vc_row][vc_row css_animation=&#8221;&#8221; row_type=&#8221;row&#8221; use_row_as_full_screen_section=&#8221;no&#8221; type=&#8221;full_width&#8221; angled_section=&#8221;no&#8221; text_align=&#8221;left&#8221; background_image_as_pattern=&#8221;without_pattern&#8221;][vc_column][vc_single_image image=&#8221;2731&#8243; img_size=&#8221;full&#8221; alignment=&#8221;center&#8221; qode_css_animation=&#8221;&#8221;][vc_empty_space height=&#8221;55px&#8221;][vc_column_text]<\/p>\n<h4 style=\"text-align: center;\">PIANKA VISCO THERMESSENZE 50 KG.<\/h4>\n<p>[\/vc_column_text][vc_empty_space height=&#8221;20px&#8221;][vc_row_inner row_type=&#8221;row&#8221; type=&#8221;grid&#8221; text_align=&#8221;left&#8221; css_animation=&#8221;&#8221;][vc_column_inner][vc_column_text]<\/p>\n<p style=\"text-align: justify;\">Pianka termoelastyczna o g\u0119sto\u015bci 50kg m3. Dynamiczna kompozycja z\u0142o\u017cona z materia\u0142\u00f3w najwy\u017cszej jako\u015bci o otwartej strukturze kom\u00f3rkowej. Daje to w efekcie materia\u0142 o lepszej przewiewno\u015bci i adaptacji do ka\u017cdego ruchu cia\u0142a w r\u00f3\u017cnych fazach snu. Ta pianka termoelastyczna dzi\u0119ki swoim termoczu\u0142ym w\u0142a\u015bciwo\u015bciom, dostosowuje si\u0119 do stref pozostaj\u0105cych w kontakcie z ciep\u0142em cia\u0142a i tak w\u0142a\u015bnie ujawnia si\u0119 efekt pami\u0119ci. Dodatkowy stopie\u0144 spr\u0119\u017cysto\u015bci rozk\u0142ada ci\u0119\u017car r\u00f3wnomiernie na powierzchni kontaktowej, zmniejszaj\u0105c nacisk cia\u0142a i zapewniaj\u0105c g\u0142\u0119bszy i regeneruj\u0105cy odpoczynek.<\/p>\n<p>[\/vc_column_text][\/vc_column_inner][\/vc_row_inner][vc_empty_space height=&#8221;50px&#8221;][\/vc_column][\/vc_row]<\/p>\n","protected":false},"excerpt":{"rendered":"<p>[vc_row css_animation=&#8221;&#8221; row_type=&#8221;row&#8221; use_row_as_full_screen_section=&#8221;no&#8221; type=&#8221;full_width&#8221; angled_section=&#8221;no&#8221; text_align=&#8221;left&#8221; background_image_as_pattern=&#8221;without_pattern&#8221;][vc_column][vc_single_image image=&#8221;11363&#8243; img_size=&#8221;full&#8221; alignment=&#8221;center&#8221; qode_css_animation=&#8221;&#8221;][vc_empty_space height=&#8221;55px&#8221;][vc_column_text] PIANKI TERMOELASTYCZNE VISCO [\/vc_column_text][vc_empty_space height=&#8221;20px&#8221;][vc_row_inner row_type=&#8221;row&#8221; type=&#8221;grid&#8221; text_align=&#8221;left&#8221; css_animation=&#8221;&#8221;][vc_column_inner][vc_column_text] W Karibian Descanso dokonujemy starannej selekcji materia\u0142\u00f3w pochodzenia naturalnego, aby zapewni\u0107 niepowtarzalne doznania podczas wypoczynku, zachowuj\u0105c przy tym temperatur\u0119 cia\u0142a i skutecznie odprowadzaj\u0105c&#8230;<\/p>\n","protected":false},"author":1,"featured_media":0,"parent":168,"menu_order":0,"comment_status":"closed","ping_status":"closed","template":"full_width.php","meta":{"footnotes":""},"class_list":["post-2725","page","type-page","status-publish","hentry"],"yoast_head":"<!-- This site is optimized with the Yoast SEO plugin v27.0 - https:\/\/yoast.com\/product\/yoast-seo-wordpress\/ -->\n<title>PIANKI TERMOELASTYCZNE VISCO - Karibian Descanso<\/title>\n<meta name=\"robots\" content=\"index, follow, max-snippet:-1, max-image-preview:large, max-video-preview:-1\" \/>\n<link rel=\"canonical\" href=\"https:\/\/karibiandescanso.com\/materiales\/viscoelasticas-2\/\" \/>\n<meta property=\"og:locale\" content=\"pl_PL\" \/>\n<meta property=\"og:type\" content=\"article\" \/>\n<meta property=\"og:title\" content=\"PIANKI TERMOELASTYCZNE VISCO - Karibian Descanso\" \/>\n<meta property=\"og:description\" content=\"[vc_row css_animation=&#8221;&#8221; row_type=&#8221;row&#8221; use_row_as_full_screen_section=&#8221;no&#8221; type=&#8221;full_width&#8221; angled_section=&#8221;no&#8221; text_align=&#8221;left&#8221; background_image_as_pattern=&#8221;without_pattern&#8221;][vc_column][vc_single_image image=&#8221;11363&#8243; img_size=&#8221;full&#8221; alignment=&#8221;center&#8221; qode_css_animation=&#8221;&#8221;][vc_empty_space height=&#8221;55px&#8221;][vc_column_text] PIANKI TERMOELASTYCZNE VISCO [\/vc_column_text][vc_empty_space height=&#8221;20px&#8221;][vc_row_inner row_type=&#8221;row&#8221; type=&#8221;grid&#8221; text_align=&#8221;left&#8221; css_animation=&#8221;&#8221;][vc_column_inner][vc_column_text] W Karibian Descanso dokonujemy starannej selekcji materia\u0142\u00f3w pochodzenia naturalnego, aby zapewni\u0107 niepowtarzalne doznania podczas wypoczynku, zachowuj\u0105c przy tym temperatur\u0119 cia\u0142a i skutecznie odprowadzaj\u0105c...\" \/>\n<meta property=\"og:url\" content=\"https:\/\/karibiandescanso.com\/materiales\/viscoelasticas-2\/\" \/>\n<meta property=\"og:site_name\" content=\"Karibian Descanso\" \/>\n<meta property=\"article:modified_time\" content=\"2023-03-10T14:10:05+00:00\" \/>\n<meta name=\"twitter:card\" content=\"summary_large_image\" \/>\n<meta name=\"twitter:label1\" content=\"Szacowany czas czytania\" \/>\n\t<meta name=\"twitter:data1\" content=\"13 minut\" \/>\n<script type=\"application\/ld+json\" class=\"yoast-schema-graph\">{\"@context\":\"https:\/\/schema.org\",\"@graph\":[{\"@type\":\"WebPage\",\"@id\":\"https:\/\/karibiandescanso.com\/materiales\/viscoelasticas-2\/\",\"url\":\"https:\/\/karibiandescanso.com\/materiales\/viscoelasticas-2\/\",\"name\":\"PIANKI TERMOELASTYCZNE VISCO - Karibian Descanso\",\"isPartOf\":{\"@id\":\"https:\/\/karibiandescanso.com\/#website\"},\"datePublished\":\"2018-09-11T09:15:14+00:00\",\"dateModified\":\"2023-03-10T14:10:05+00:00\",\"breadcrumb\":{\"@id\":\"https:\/\/karibiandescanso.com\/materiales\/viscoelasticas-2\/#breadcrumb\"},\"inLanguage\":\"pl-PL\",\"potentialAction\":[{\"@type\":\"ReadAction\",\"target\":[\"https:\/\/karibiandescanso.com\/materiales\/viscoelasticas-2\/\"]}]},{\"@type\":\"BreadcrumbList\",\"@id\":\"https:\/\/karibiandescanso.com\/materiales\/viscoelasticas-2\/#breadcrumb\",\"itemListElement\":[{\"@type\":\"ListItem\",\"position\":1,\"name\":\"Portada\",\"item\":\"https:\/\/karibiandescanso.com\/\"},{\"@type\":\"ListItem\",\"position\":2,\"name\":\"Materiales\",\"item\":\"https:\/\/karibiandescanso.com\/materiales\/\"},{\"@type\":\"ListItem\",\"position\":3,\"name\":\"Viscoel\u00e1sticas\"}]},{\"@type\":\"WebSite\",\"@id\":\"https:\/\/karibiandescanso.com\/#website\",\"url\":\"https:\/\/karibiandescanso.com\/\",\"name\":\"Karibian Descanso\",\"description\":\"Gdzie jest odpoczynek\",\"potentialAction\":[{\"@type\":\"SearchAction\",\"target\":{\"@type\":\"EntryPoint\",\"urlTemplate\":\"https:\/\/karibiandescanso.com\/?s={search_term_string}\"},\"query-input\":{\"@type\":\"PropertyValueSpecification\",\"valueRequired\":true,\"valueName\":\"search_term_string\"}}],\"inLanguage\":\"pl-PL\"}]}<\/script>\n<!-- \/ Yoast SEO plugin. -->","yoast_head_json":{"title":"PIANKI TERMOELASTYCZNE VISCO - Karibian Descanso","robots":{"index":"index","follow":"follow","max-snippet":"max-snippet:-1","max-image-preview":"max-image-preview:large","max-video-preview":"max-video-preview:-1"},"canonical":"https:\/\/karibiandescanso.com\/materiales\/viscoelasticas-2\/","og_locale":"pl_PL","og_type":"article","og_title":"PIANKI TERMOELASTYCZNE VISCO - Karibian Descanso","og_description":"[vc_row css_animation=&#8221;&#8221; row_type=&#8221;row&#8221; use_row_as_full_screen_section=&#8221;no&#8221; type=&#8221;full_width&#8221; angled_section=&#8221;no&#8221; text_align=&#8221;left&#8221; background_image_as_pattern=&#8221;without_pattern&#8221;][vc_column][vc_single_image image=&#8221;11363&#8243; img_size=&#8221;full&#8221; alignment=&#8221;center&#8221; qode_css_animation=&#8221;&#8221;][vc_empty_space height=&#8221;55px&#8221;][vc_column_text] PIANKI TERMOELASTYCZNE VISCO [\/vc_column_text][vc_empty_space height=&#8221;20px&#8221;][vc_row_inner row_type=&#8221;row&#8221; type=&#8221;grid&#8221; text_align=&#8221;left&#8221; css_animation=&#8221;&#8221;][vc_column_inner][vc_column_text] W Karibian Descanso dokonujemy starannej selekcji materia\u0142\u00f3w pochodzenia naturalnego, aby zapewni\u0107 niepowtarzalne doznania podczas wypoczynku, zachowuj\u0105c przy tym temperatur\u0119 cia\u0142a i skutecznie odprowadzaj\u0105c...","og_url":"https:\/\/karibiandescanso.com\/materiales\/viscoelasticas-2\/","og_site_name":"Karibian Descanso","article_modified_time":"2023-03-10T14:10:05+00:00","twitter_card":"summary_large_image","twitter_misc":{"Szacowany czas czytania":"13 minut"},"schema":{"@context":"https:\/\/schema.org","@graph":[{"@type":"WebPage","@id":"https:\/\/karibiandescanso.com\/materiales\/viscoelasticas-2\/","url":"https:\/\/karibiandescanso.com\/materiales\/viscoelasticas-2\/","name":"PIANKI TERMOELASTYCZNE VISCO - Karibian Descanso","isPartOf":{"@id":"https:\/\/karibiandescanso.com\/#website"},"datePublished":"2018-09-11T09:15:14+00:00","dateModified":"2023-03-10T14:10:05+00:00","breadcrumb":{"@id":"https:\/\/karibiandescanso.com\/materiales\/viscoelasticas-2\/#breadcrumb"},"inLanguage":"pl-PL","potentialAction":[{"@type":"ReadAction","target":["https:\/\/karibiandescanso.com\/materiales\/viscoelasticas-2\/"]}]},{"@type":"BreadcrumbList","@id":"https:\/\/karibiandescanso.com\/materiales\/viscoelasticas-2\/#breadcrumb","itemListElement":[{"@type":"ListItem","position":1,"name":"Portada","item":"https:\/\/karibiandescanso.com\/"},{"@type":"ListItem","position":2,"name":"Materiales","item":"https:\/\/karibiandescanso.com\/materiales\/"},{"@type":"ListItem","position":3,"name":"Viscoel\u00e1sticas"}]},{"@type":"WebSite","@id":"https:\/\/karibiandescanso.com\/#website","url":"https:\/\/karibiandescanso.com\/","name":"Karibian Descanso","description":"Gdzie jest odpoczynek","potentialAction":[{"@type":"SearchAction","target":{"@type":"EntryPoint","urlTemplate":"https:\/\/karibiandescanso.com\/?s={search_term_string}"},"query-input":{"@type":"PropertyValueSpecification","valueRequired":true,"valueName":"search_term_string"}}],"inLanguage":"pl-PL"}]}},"_links":{"self":[{"href":"https:\/\/karibiandescanso.com\/pl\/wp-json\/wp\/v2\/pages\/2725","targetHints":{"allow":["GET"]}}],"collection":[{"href":"https:\/\/karibiandescanso.com\/pl\/wp-json\/wp\/v2\/pages"}],"about":[{"href":"https:\/\/karibiandescanso.com\/pl\/wp-json\/wp\/v2\/types\/page"}],"author":[{"embeddable":true,"href":"https:\/\/karibiandescanso.com\/pl\/wp-json\/wp\/v2\/users\/1"}],"replies":[{"embeddable":true,"href":"https:\/\/karibiandescanso.com\/pl\/wp-json\/wp\/v2\/comments?post=2725"}],"version-history":[{"count":0,"href":"https:\/\/karibiandescanso.com\/pl\/wp-json\/wp\/v2\/pages\/2725\/revisions"}],"up":[{"embeddable":true,"href":"https:\/\/karibiandescanso.com\/pl\/wp-json\/wp\/v2\/pages\/168"}],"wp:attachment":[{"href":"https:\/\/karibiandescanso.com\/pl\/wp-json\/wp\/v2\/media?parent=2725"}],"curies":[{"name":"wp","href":"https:\/\/api.w.org\/{rel}","templated":true}]}}