{"id":2736,"date":"2018-09-11T10:29:31","date_gmt":"2018-09-11T09:29:31","guid":{"rendered":"https:\/\/www.karibiandescanso.com\/?page_id=2736"},"modified":"2023-03-07T11:55:20","modified_gmt":"2023-03-07T10:55:20","slug":"hr","status":"publish","type":"page","link":"https:\/\/karibiandescanso.com\/pl\/materiales\/hr\/","title":{"rendered":"HR"},"content":{"rendered":"<p>[vc_row css_animation=&#8221;&#8221; row_type=&#8221;row&#8221; use_row_as_full_screen_section=&#8221;no&#8221; type=&#8221;full_width&#8221; angled_section=&#8221;no&#8221; text_align=&#8221;left&#8221; background_image_as_pattern=&#8221;without_pattern&#8221;][vc_column][vc_single_image image=&#8221;11348&#8243; img_size=&#8221;full&#8221; alignment=&#8221;center&#8221; qode_css_animation=&#8221;&#8221;][vc_empty_space height=&#8221;55px&#8221;][vc_column_text]<\/p>\n<h4 style=\"text-align: center;\">PIANKI HR<\/h4>\n<p>[\/vc_column_text][vc_empty_space height=&#8221;20px&#8221;][vc_row_inner row_type=&#8221;row&#8221; type=&#8221;grid&#8221; text_align=&#8221;left&#8221; css_animation=&#8221;&#8221;][vc_column_inner][vc_column_text]<\/p>\n<p style=\"font-weight: 400; text-align: justify;\">W Karibian Descanso codziennie pracujemy nad tym, aby by\u0107 na bie\u017c\u0105co z trendami panuj\u0105cymi w sektorze odpoczynku, staraj\u0105c si\u0119 wybiera\u0107 najlepsze materia\u0142y i jako\u015b\u0107, jaka jest na rynku oraz \u0142\u0105czy\u0107 je z najlepsz\u0105 technologi\u0105 i innowacjami. HR to nowa generacja pianek charakteryzuj\u0105ca si\u0119 du\u017c\u0105 elastyczno\u015bci\u0105 i trwa\u0142o\u015bci\u0105. Pianki HR obejmuj\u0105 g\u0119sto\u015bci wi\u0119ksze ni\u017c 25 kg. G\u0119sto\u015b\u0107 mierzy si\u0119 poprzez stosunek ci\u0119\u017caru do obj\u0119to\u015bci. Poni\u017cej przedstawiamy szerok\u0105 gam\u0119 dozna\u0144, z kt\u00f3rych mo\u017cesz dopasowa\u0107 wypoczynek do w\u0142asnych upodoba\u0144.<\/p>\n<p>[\/vc_column_text][\/vc_column_inner][\/vc_row_inner][vc_empty_space height=&#8221;50px&#8221;][\/vc_column][\/vc_row][vc_row css_animation=&#8221;&#8221; row_type=&#8221;row&#8221; use_row_as_full_screen_section=&#8221;no&#8221; type=&#8221;full_width&#8221; angled_section=&#8221;no&#8221; text_align=&#8221;left&#8221; background_image_as_pattern=&#8221;without_pattern&#8221;][vc_column][vc_single_image image=&#8221;2747&#8243; img_size=&#8221;full&#8221; alignment=&#8221;center&#8221; qode_css_animation=&#8221;&#8221;][vc_empty_space height=&#8221;55px&#8221;][vc_column_text]<\/p>\n<h4 style=\"text-align: center;\">PIANKA HR60 ELASTIC SENSE PUR<\/h4>\n<p>[\/vc_column_text][vc_empty_space height=&#8221;20px&#8221;][vc_row_inner row_type=&#8221;row&#8221; type=&#8221;grid&#8221; text_align=&#8221;left&#8221; css_animation=&#8221;&#8221;][vc_column_inner][vc_column_text]<\/p>\n<p style=\"font-weight: 400; text-align: justify;\">Pianka HR o g\u0119sto\u015bci 60kg m3 dla najbardziej wymagaj\u0105cych. Wykonana z ekskluzywnych surowc\u00f3w najwy\u017cszej jako\u015bci po\u0142\u0105czonych z aromatem kwiatu pomara\u0144czy. Pianka HR o dodatkowym stopniu mi\u0119kko\u015bci, zapewniaj\u0105ca niezr\u00f3wnane uczucie komfortu. Dzi\u0119ki du\u017cej g\u0119sto\u015bci jest materia\u0142em bardzo odpornym i trwa\u0142ym. Ekstrakt, kt\u00f3ry pozyskuje si\u0119 z kwiatu pomara\u0144czy, ma w\u0142a\u015bciwo\u015bci, kt\u00f3re czyni\u0105 ten HR wyj\u0105tkowym. Pomaga on szybciej zasn\u0105\u0107, wp\u0142ywaj\u0105c relaksuj\u0105co na cia\u0142o i umys\u0142.<\/p>\n<p>[\/vc_column_text][\/vc_column_inner][\/vc_row_inner][vc_empty_space height=&#8221;50px&#8221;][\/vc_column][\/vc_row][vc_row css_animation=&#8221;&#8221; row_type=&#8221;row&#8221; use_row_as_full_screen_section=&#8221;no&#8221; type=&#8221;full_width&#8221; angled_section=&#8221;no&#8221; text_align=&#8221;left&#8221; background_image_as_pattern=&#8221;without_pattern&#8221;][vc_column][vc_single_image image=&#8221;2744&#8243; img_size=&#8221;full&#8221; alignment=&#8221;center&#8221; qode_css_animation=&#8221;&#8221;][vc_empty_space height=&#8221;55px&#8221;][vc_column_text]<\/p>\n<h4 style=\"text-align: center;\">PIANKA HR45 \u017bEL THERM<\/h4>\n<p>[\/vc_column_text][vc_empty_space height=&#8221;20px&#8221;][vc_row_inner row_type=&#8221;row&#8221; type=&#8221;grid&#8221; text_align=&#8221;left&#8221; css_animation=&#8221;&#8221;][vc_column_inner][vc_column_text]<\/p>\n<p style=\"font-weight: 400; text-align: justify;\">Pianka HR\u00a0o g\u0119sto\u015bci 45kg m3 wykonana z \u017celu. Miliony otwartych kom\u00f3rek, kt\u00f3re tworz\u0105 jego struktur\u0119 wraz z atermicznymi w\u0142a\u015bciwo\u015bciami \u017celu to idealne po\u0142\u0105czenie dla najbardziej wymagaj\u0105cych os\u00f3b \u015bpi\u0105cym je\u017celi chodzi o utrzymanie ciep\u0142a, a to dlatego, \u017ce zapobiega przegrzewaniu si\u0119 organizmu. Ta niezwyk\u0142a mieszanka sk\u0142adnik\u00f3w zapewnia pe\u0142n\u0105 elastyczno\u015b\u0107 i \u0142atwo przystosowuje si\u0119 do cia\u0142a. \u017bel Therm reguluje temperatur\u0119, a przy tym jest kombinacj\u0105 jako\u015bci z wytrzyma\u0142o\u015bci\u0105 oraz \u015bwie\u017co\u015bci\u0105.<\/p>\n<p>[\/vc_column_text][\/vc_column_inner][\/vc_row_inner][vc_empty_space height=&#8221;50px&#8221;][\/vc_column][\/vc_row][vc_row css_animation=&#8221;&#8221; row_type=&#8221;row&#8221; use_row_as_full_screen_section=&#8221;no&#8221; type=&#8221;full_width&#8221; angled_section=&#8221;no&#8221; text_align=&#8221;left&#8221; background_image_as_pattern=&#8221;without_pattern&#8221;][vc_column][vc_single_image image=&#8221;2743&#8243; img_size=&#8221;full&#8221; alignment=&#8221;center&#8221; qode_css_animation=&#8221;&#8221;][vc_empty_space height=&#8221;55px&#8221;][vc_column_text]<\/p>\n<h4 style=\"text-align: center;\">PIANKA HR42 HIPERFLEX<\/h4>\n<p>[\/vc_column_text][vc_empty_space height=&#8221;20px&#8221;][vc_row_inner row_type=&#8221;row&#8221; type=&#8221;grid&#8221; text_align=&#8221;left&#8221; css_animation=&#8221;&#8221;][vc_column_inner][vc_column_text]<\/p>\n<p style=\"font-weight: 400; text-align: justify;\">Pianka HR o g\u0119sto\u015bci 42 kg\/m3 dla najbardziej wymagaj\u0105cych, wykonana ze specjalnych polioli, (alkohole wielowodorotlenowe) maj\u0105ca ponad 30% wy\u017csz\u0105 spr\u0119\u017cysto\u015b\u0107 od konwencjonalnych pianek HR. Posiada bardzo otwart\u0105 struktur\u0119 kom\u00f3rkow\u0105, kt\u00f3ra sprzyja transpiracji i szybszemu odprowadzaniu ciep\u0142a z cia\u0142a. Hiperflex jest bardziej wytrzyma\u0142a i elastyczna oraz posiada ca\u0142kowit\u0105 niezale\u017cno\u015b\u0107 ruchu, odporny na up\u0142yw czasu, wilgo\u0107 i wysokie temperatury.<\/p>\n<p>[\/vc_column_text][\/vc_column_inner][\/vc_row_inner][vc_empty_space height=&#8221;50px&#8221;][\/vc_column][\/vc_row][vc_row css_animation=&#8221;&#8221; row_type=&#8221;row&#8221; use_row_as_full_screen_section=&#8221;no&#8221; type=&#8221;full_width&#8221; angled_section=&#8221;no&#8221; text_align=&#8221;left&#8221; background_image_as_pattern=&#8221;without_pattern&#8221;][vc_column][vc_single_image image=&#8221;2742&#8243; img_size=&#8221;full&#8221; alignment=&#8221;center&#8221; qode_css_animation=&#8221;&#8221;][vc_empty_space height=&#8221;55px&#8221;][vc_column_text]<\/p>\n<h4 style=\"text-align: center;\">PIANKA HR40 SOFT SOJA PUR<\/h4>\n<p>[\/vc_column_text][vc_empty_space height=&#8221;20px&#8221;][vc_row_inner row_type=&#8221;row&#8221; type=&#8221;grid&#8221; text_align=&#8221;left&#8221; css_animation=&#8221;&#8221;][vc_column_inner][vc_column_text]<\/p>\n<p style=\"font-weight: 400; text-align: justify;\">Pianka HR o g\u0119sto\u015bci 40kg\/m3 o wysokiej spr\u0119\u017cysto\u015bci, kt\u00f3r\u0105 zawdzi\u0119cza swojej strukturze kom\u00f3rkowej. Dzi\u0119ki temu jest niepowtarzalna w dotyku i niesamowicie elastyczna. Innowacyjny HR, kt\u00f3ry zapewnia odpowiedni\u0105 spr\u0119\u017cysto\u015b\u0107, dzi\u0119ki zdolno\u015bci do progresywnej adaptacji, osi\u0105gaj\u0105c tym samym doskona\u0142y wypoczynek i maksymaln\u0105 przewiewno\u015b\u0107. Naturalny produkt, kt\u00f3rego dodatkowym atutem jest ekologiczny charakter oraz odporno\u015b\u0107 na up\u0142yw czasu, jako \u017ce substancje chemiczne zosta\u0142y zast\u0105pione olejkiem sojowym.<\/p>\n<p>[\/vc_column_text][\/vc_column_inner][\/vc_row_inner][vc_empty_space height=&#8221;50px&#8221;][\/vc_column][\/vc_row][vc_row css_animation=&#8221;&#8221; row_type=&#8221;row&#8221; use_row_as_full_screen_section=&#8221;no&#8221; type=&#8221;full_width&#8221; angled_section=&#8221;no&#8221; text_align=&#8221;left&#8221; background_image_as_pattern=&#8221;without_pattern&#8221;][vc_column][vc_single_image image=&#8221;2741&#8243; img_size=&#8221;full&#8221; alignment=&#8221;center&#8221; qode_css_animation=&#8221;&#8221;][vc_empty_space height=&#8221;55px&#8221;][vc_column_text]<\/p>\n<h4 style=\"text-align: center;\">PIANKA HR 35<\/h4>\n<p>[\/vc_column_text][vc_empty_space height=&#8221;20px&#8221;][vc_row_inner row_type=&#8221;row&#8221; type=&#8221;grid&#8221; text_align=&#8221;left&#8221; css_animation=&#8221;&#8221;][vc_column_inner][vc_column_text]<\/p>\n<p style=\"font-weight: 400; text-align: justify;\">Pianka HR o g\u0119sto\u015bci 35 kg\/m3 ma otwart\u0105 struktur\u0119 kom\u00f3rkow\u0105, kt\u00f3ra sprzyja transpiracji i umo\u017cliwia lepsz\u0105 cyrkulacj\u0119 powietrza w pomieszczeniu. Solidna pianka o \u015brednim podparciu, ca\u0142kowicie odporna na zniszczenia, dzia\u0142anie wilgoci i wysokich temperatur.<\/p>\n<p>[\/vc_column_text][\/vc_column_inner][\/vc_row_inner][vc_empty_space height=&#8221;50px&#8221;][\/vc_column][\/vc_row]<\/p>\n","protected":false},"excerpt":{"rendered":"<p>[vc_row css_animation=&#8221;&#8221; row_type=&#8221;row&#8221; use_row_as_full_screen_section=&#8221;no&#8221; type=&#8221;full_width&#8221; angled_section=&#8221;no&#8221; text_align=&#8221;left&#8221; background_image_as_pattern=&#8221;without_pattern&#8221;][vc_column][vc_single_image image=&#8221;11348&#8243; img_size=&#8221;full&#8221; alignment=&#8221;center&#8221; qode_css_animation=&#8221;&#8221;][vc_empty_space height=&#8221;55px&#8221;][vc_column_text] PIANKI HR [\/vc_column_text][vc_empty_space height=&#8221;20px&#8221;][vc_row_inner row_type=&#8221;row&#8221; type=&#8221;grid&#8221; text_align=&#8221;left&#8221; css_animation=&#8221;&#8221;][vc_column_inner][vc_column_text] W Karibian Descanso codziennie pracujemy nad tym, aby by\u0107 na bie\u017c\u0105co z trendami panuj\u0105cymi w sektorze odpoczynku, staraj\u0105c si\u0119 wybiera\u0107 najlepsze materia\u0142y i jako\u015b\u0107,&#8230;<\/p>\n","protected":false},"author":1,"featured_media":0,"parent":168,"menu_order":0,"comment_status":"closed","ping_status":"closed","template":"full_width.php","meta":{"footnotes":""},"class_list":["post-2736","page","type-page","status-publish","hentry"],"yoast_head":"<!-- This site is optimized with the Yoast SEO plugin v27.0 - https:\/\/yoast.com\/product\/yoast-seo-wordpress\/ -->\n<title>HR - Karibian Descanso<\/title>\n<meta name=\"robots\" content=\"index, follow, max-snippet:-1, max-image-preview:large, max-video-preview:-1\" \/>\n<link rel=\"canonical\" href=\"https:\/\/karibiandescanso.com\/materiales\/hr\/\" \/>\n<meta property=\"og:locale\" content=\"pl_PL\" \/>\n<meta property=\"og:type\" content=\"article\" \/>\n<meta property=\"og:title\" content=\"HR - Karibian Descanso\" \/>\n<meta property=\"og:description\" content=\"[vc_row css_animation=&#8221;&#8221; row_type=&#8221;row&#8221; use_row_as_full_screen_section=&#8221;no&#8221; type=&#8221;full_width&#8221; angled_section=&#8221;no&#8221; text_align=&#8221;left&#8221; background_image_as_pattern=&#8221;without_pattern&#8221;][vc_column][vc_single_image image=&#8221;11348&#8243; img_size=&#8221;full&#8221; alignment=&#8221;center&#8221; qode_css_animation=&#8221;&#8221;][vc_empty_space height=&#8221;55px&#8221;][vc_column_text] PIANKI HR [\/vc_column_text][vc_empty_space height=&#8221;20px&#8221;][vc_row_inner row_type=&#8221;row&#8221; type=&#8221;grid&#8221; text_align=&#8221;left&#8221; css_animation=&#8221;&#8221;][vc_column_inner][vc_column_text] W Karibian Descanso codziennie pracujemy nad tym, aby by\u0107 na bie\u017c\u0105co z trendami panuj\u0105cymi w sektorze odpoczynku, staraj\u0105c si\u0119 wybiera\u0107 najlepsze materia\u0142y i jako\u015b\u0107,...\" \/>\n<meta property=\"og:url\" content=\"https:\/\/karibiandescanso.com\/materiales\/hr\/\" \/>\n<meta property=\"og:site_name\" content=\"Karibian Descanso\" \/>\n<meta property=\"article:modified_time\" content=\"2023-03-07T10:55:20+00:00\" \/>\n<meta name=\"twitter:card\" content=\"summary_large_image\" \/>\n<meta name=\"twitter:label1\" content=\"Szacowany czas czytania\" \/>\n\t<meta name=\"twitter:data1\" content=\"3 minuty\" \/>\n<script type=\"application\/ld+json\" class=\"yoast-schema-graph\">{\"@context\":\"https:\/\/schema.org\",\"@graph\":[{\"@type\":\"WebPage\",\"@id\":\"https:\/\/karibiandescanso.com\/materiales\/hr\/\",\"url\":\"https:\/\/karibiandescanso.com\/materiales\/hr\/\",\"name\":\"HR - Karibian Descanso\",\"isPartOf\":{\"@id\":\"https:\/\/karibiandescanso.com\/#website\"},\"datePublished\":\"2018-09-11T09:29:31+00:00\",\"dateModified\":\"2023-03-07T10:55:20+00:00\",\"breadcrumb\":{\"@id\":\"https:\/\/karibiandescanso.com\/materiales\/hr\/#breadcrumb\"},\"inLanguage\":\"pl-PL\",\"potentialAction\":[{\"@type\":\"ReadAction\",\"target\":[\"https:\/\/karibiandescanso.com\/materiales\/hr\/\"]}]},{\"@type\":\"BreadcrumbList\",\"@id\":\"https:\/\/karibiandescanso.com\/materiales\/hr\/#breadcrumb\",\"itemListElement\":[{\"@type\":\"ListItem\",\"position\":1,\"name\":\"Portada\",\"item\":\"https:\/\/karibiandescanso.com\/\"},{\"@type\":\"ListItem\",\"position\":2,\"name\":\"Materiales\",\"item\":\"https:\/\/karibiandescanso.com\/materiales\/\"},{\"@type\":\"ListItem\",\"position\":3,\"name\":\"HR\"}]},{\"@type\":\"WebSite\",\"@id\":\"https:\/\/karibiandescanso.com\/#website\",\"url\":\"https:\/\/karibiandescanso.com\/\",\"name\":\"Karibian Descanso\",\"description\":\"Gdzie jest odpoczynek\",\"potentialAction\":[{\"@type\":\"SearchAction\",\"target\":{\"@type\":\"EntryPoint\",\"urlTemplate\":\"https:\/\/karibiandescanso.com\/?s={search_term_string}\"},\"query-input\":{\"@type\":\"PropertyValueSpecification\",\"valueRequired\":true,\"valueName\":\"search_term_string\"}}],\"inLanguage\":\"pl-PL\"}]}<\/script>\n<!-- \/ Yoast SEO plugin. -->","yoast_head_json":{"title":"HR - Karibian Descanso","robots":{"index":"index","follow":"follow","max-snippet":"max-snippet:-1","max-image-preview":"max-image-preview:large","max-video-preview":"max-video-preview:-1"},"canonical":"https:\/\/karibiandescanso.com\/materiales\/hr\/","og_locale":"pl_PL","og_type":"article","og_title":"HR - Karibian Descanso","og_description":"[vc_row css_animation=&#8221;&#8221; row_type=&#8221;row&#8221; use_row_as_full_screen_section=&#8221;no&#8221; type=&#8221;full_width&#8221; angled_section=&#8221;no&#8221; text_align=&#8221;left&#8221; background_image_as_pattern=&#8221;without_pattern&#8221;][vc_column][vc_single_image image=&#8221;11348&#8243; img_size=&#8221;full&#8221; alignment=&#8221;center&#8221; qode_css_animation=&#8221;&#8221;][vc_empty_space height=&#8221;55px&#8221;][vc_column_text] PIANKI HR [\/vc_column_text][vc_empty_space height=&#8221;20px&#8221;][vc_row_inner row_type=&#8221;row&#8221; type=&#8221;grid&#8221; text_align=&#8221;left&#8221; css_animation=&#8221;&#8221;][vc_column_inner][vc_column_text] W Karibian Descanso codziennie pracujemy nad tym, aby by\u0107 na bie\u017c\u0105co z trendami panuj\u0105cymi w sektorze odpoczynku, staraj\u0105c si\u0119 wybiera\u0107 najlepsze materia\u0142y i jako\u015b\u0107,...","og_url":"https:\/\/karibiandescanso.com\/materiales\/hr\/","og_site_name":"Karibian Descanso","article_modified_time":"2023-03-07T10:55:20+00:00","twitter_card":"summary_large_image","twitter_misc":{"Szacowany czas czytania":"3 minuty"},"schema":{"@context":"https:\/\/schema.org","@graph":[{"@type":"WebPage","@id":"https:\/\/karibiandescanso.com\/materiales\/hr\/","url":"https:\/\/karibiandescanso.com\/materiales\/hr\/","name":"HR - Karibian Descanso","isPartOf":{"@id":"https:\/\/karibiandescanso.com\/#website"},"datePublished":"2018-09-11T09:29:31+00:00","dateModified":"2023-03-07T10:55:20+00:00","breadcrumb":{"@id":"https:\/\/karibiandescanso.com\/materiales\/hr\/#breadcrumb"},"inLanguage":"pl-PL","potentialAction":[{"@type":"ReadAction","target":["https:\/\/karibiandescanso.com\/materiales\/hr\/"]}]},{"@type":"BreadcrumbList","@id":"https:\/\/karibiandescanso.com\/materiales\/hr\/#breadcrumb","itemListElement":[{"@type":"ListItem","position":1,"name":"Portada","item":"https:\/\/karibiandescanso.com\/"},{"@type":"ListItem","position":2,"name":"Materiales","item":"https:\/\/karibiandescanso.com\/materiales\/"},{"@type":"ListItem","position":3,"name":"HR"}]},{"@type":"WebSite","@id":"https:\/\/karibiandescanso.com\/#website","url":"https:\/\/karibiandescanso.com\/","name":"Karibian Descanso","description":"Gdzie jest odpoczynek","potentialAction":[{"@type":"SearchAction","target":{"@type":"EntryPoint","urlTemplate":"https:\/\/karibiandescanso.com\/?s={search_term_string}"},"query-input":{"@type":"PropertyValueSpecification","valueRequired":true,"valueName":"search_term_string"}}],"inLanguage":"pl-PL"}]}},"_links":{"self":[{"href":"https:\/\/karibiandescanso.com\/pl\/wp-json\/wp\/v2\/pages\/2736","targetHints":{"allow":["GET"]}}],"collection":[{"href":"https:\/\/karibiandescanso.com\/pl\/wp-json\/wp\/v2\/pages"}],"about":[{"href":"https:\/\/karibiandescanso.com\/pl\/wp-json\/wp\/v2\/types\/page"}],"author":[{"embeddable":true,"href":"https:\/\/karibiandescanso.com\/pl\/wp-json\/wp\/v2\/users\/1"}],"replies":[{"embeddable":true,"href":"https:\/\/karibiandescanso.com\/pl\/wp-json\/wp\/v2\/comments?post=2736"}],"version-history":[{"count":0,"href":"https:\/\/karibiandescanso.com\/pl\/wp-json\/wp\/v2\/pages\/2736\/revisions"}],"up":[{"embeddable":true,"href":"https:\/\/karibiandescanso.com\/pl\/wp-json\/wp\/v2\/pages\/168"}],"wp:attachment":[{"href":"https:\/\/karibiandescanso.com\/pl\/wp-json\/wp\/v2\/media?parent=2736"}],"curies":[{"name":"wp","href":"https:\/\/api.w.org\/{rel}","templated":true}]}}