{"id":2749,"date":"2018-09-11T10:40:20","date_gmt":"2018-09-11T09:40:20","guid":{"rendered":"https:\/\/www.karibiandescanso.com\/?page_id=2749"},"modified":"2023-12-05T15:10:59","modified_gmt":"2023-12-05T14:10:59","slug":"muelles","status":"publish","type":"page","link":"https:\/\/karibiandescanso.com\/pl\/materiales\/muelles\/","title":{"rendered":"SPR\u0118\u017bYNY"},"content":{"rendered":"<p>[vc_row css_animation=&#8221;&#8221; row_type=&#8221;row&#8221; use_row_as_full_screen_section=&#8221;no&#8221; type=&#8221;full_width&#8221; angled_section=&#8221;no&#8221; text_align=&#8221;left&#8221; background_image_as_pattern=&#8221;without_pattern&#8221;][vc_column][vc_single_image image=&#8221;2754&#8243; img_size=&#8221;full&#8221; alignment=&#8221;center&#8221; qode_css_animation=&#8221;&#8221; qode_hover_animation=&#8221;zoom_in&#8221;][vc_empty_space height=&#8221;55px&#8221;][vc_column_text]<\/p>\n<h4 style=\"text-align: center;\">SPR\u0118\u017bYNY<\/h4>\n<p>[\/vc_column_text][vc_empty_space height=&#8221;20px&#8221;][vc_row_inner row_type=&#8221;row&#8221; type=&#8221;grid&#8221; text_align=&#8221;left&#8221; css_animation=&#8221;&#8221;][vc_column_inner][vc_column_text]<\/p>\n<p style=\"font-weight: 400; text-align: justify;\">Spr\u0119\u017cyny to czysta fizyka, odpowiadaj\u0105 za roz\u0142adowanie wytworzonego napi\u0119cia i wspieraj\u0105 nasz wypoczynek. Najwy\u017cszej jako\u015bci spr\u0119\u017cyny dzia\u0142aj\u0105ce w idealnej harmonii zadbaj\u0105 o prawid\u0142owe u\u0142o\u017cenie Twojego cia\u0142a, dopasowuj\u0105c si\u0119 do Ciebie, zapewniaj\u0105c solidn\u0105 podpor\u0119 i relaks.<\/p>\n<p style=\"font-weight: 400; text-align: justify;\">To, co sprawia, \u017ce system spr\u0119\u017cyn jest tak wyj\u0105tkowy to nie tylko liczba spr\u0119\u017cyn, ale r\u00f3\u017cne ich typy, spos\u00f3b ich rozmieszczenia oraz \u0142\u0105czenie z warstwami naturalnych materia\u0142\u00f3w. Jedna z najbardziej precyzyjnych metod, kt\u00f3ra wyr\u00f3wnuje wszelkie r\u00f3\u017cnice w napi\u0119ciu i w ten spos\u00f3b pomaga wykreowa\u0107 optymalny system spr\u0119\u017cynowy. Ka\u017cdy z tych system\u00f3w wymaga skrupulatnej kalkulacji, a ma to na celu z\u0142agodzenie napi\u0119\u0107 i zapewnienie niezb\u0119dnej podpory, kt\u00f3ra zagwarantuje najwy\u017csz\u0105 jako\u015b\u0107 snu.<\/p>\n<p style=\"font-weight: 400; text-align: justify;\">Najnowocze\u015bniejsze materace \u0142\u0105cz\u0105 w sobie korzy\u015bci p\u0142yn\u0105ce z r\u00f3\u017cnych materia\u0142\u00f3w, aby w ten spos\u00f3b zwi\u0119kszy\u0107 komfort lub nada\u0107 l\u017cejszego charakteru. Istniej\u0105 r\u00f3\u017cne kombinacje \u201cpokrycie + pianka termoelastyczna + spr\u0119\u017cyny kieszeniowe\u201d , kt\u00f3re mog\u0105 by\u0107 bardzo dobrym rozwi\u0105zaniem. Pianka termoelastyczna w pokryciach dodaje materacowi zdolno\u015bci adaptacyjnych. Jest to bardzo wa\u017cny faktor, kt\u00f3ry dobrze jest mie\u0107 na uwadze, szczeg\u00f3lnie je\u015bli cierpisz na problemy z kr\u0105\u017cenia.<\/p>\n<p>[\/vc_column_text][\/vc_column_inner][\/vc_row_inner][vc_empty_space height=&#8221;50px&#8221;][\/vc_column][\/vc_row][vc_row css_animation=&#8221;&#8221; row_type=&#8221;row&#8221; use_row_as_full_screen_section=&#8221;no&#8221; type=&#8221;full_width&#8221; angled_section=&#8221;no&#8221; text_align=&#8221;left&#8221; background_image_as_pattern=&#8221;without_pattern&#8221;][vc_column][vc_single_image image=&#8221;3100&#8243; img_size=&#8221;full&#8221; alignment=&#8221;center&#8221; qode_css_animation=&#8221;&#8221;][vc_empty_space height=&#8221;55px&#8221;][vc_column_text]<\/p>\n<h4 style=\"text-align: center;\">SPR\u0118\u017bYNY KIESZENIOWE<\/h4>\n<p>[\/vc_column_text][vc_empty_space height=&#8221;20px&#8221;][vc_row_inner row_type=&#8221;row&#8221; type=&#8221;grid&#8221; text_align=&#8221;left&#8221; css_animation=&#8221;&#8221;][vc_column_inner][vc_column_text]<\/p>\n<p style=\"font-weight: 400; text-align: justify;\">Materace z systemem spr\u0119\u017cyn kieszeniowych tworzone s\u0105 z oddzielnych spr\u0119\u017cyn w kszta\u0142cie beczki, indywidualnie owini\u0119tych tkanin\u0105. Sprawia to, \u017ce ka\u017cda spr\u0119\u017cyna porusza si\u0119 w niezale\u017cny od pozosta\u0142ych spr\u0119\u017cyn, unikalny spos\u00f3b.<\/p>\n<p style=\"font-weight: 400; text-align: justify;\">Ten system ma wiele zalet, a mi\u0119dzy innymi to, \u017ce specjalna obr\u00f3bka cieplna zastosowana do stali reorganizuje metalow\u0105 struktur\u0119 spr\u0119\u017cyn. Gwarantuje to, \u017ce zachowuj\u0105 one swoj\u0105 elastyczno\u015b\u0107 i idealny kszta\u0142t, a tak\u017ce po \u015bci\u015bni\u0119ciu zawsze wracaj\u0105 do pierwotnego po\u0142o\u017cenia. Ka\u017cda spr\u0119\u017cyna znajduje si\u0119 w ma\u0142ych oddychaj\u0105cych kieszeniach, kt\u00f3re umo\u017cliwiaj\u0105 cyrkulacj\u0119 powietrza w ca\u0142ym materacu, a tak\u017ce zapewniaj\u0105 odpowiedni\u0105 temperatur\u0119 do spania. Dzi\u0119ki temu mo\u017cemy cieszy\u0107 si\u0119 nieprzerwanym snem, co przek\u0142ada si\u0119 na spokojny, regeneruj\u0105cy odpoczynek.<\/p>\n<p>[\/vc_column_text][\/vc_column_inner][\/vc_row_inner][vc_empty_space height=&#8221;50px&#8221;][\/vc_column][\/vc_row][vc_row css_animation=&#8221;&#8221; row_type=&#8221;row&#8221; use_row_as_full_screen_section=&#8221;no&#8221; type=&#8221;full_width&#8221; angled_section=&#8221;no&#8221; text_align=&#8221;left&#8221; background_image_as_pattern=&#8221;without_pattern&#8221;][vc_column][vc_single_image image=&#8221;3102&#8243; img_size=&#8221;full&#8221; alignment=&#8221;center&#8221; qode_css_animation=&#8221;&#8221;][vc_empty_space height=&#8221;55px&#8221;][vc_column_text]<\/p>\n<h4 style=\"text-align: center;\">SWOBODA RUCHU<\/h4>\n<p>[\/vc_column_text][vc_empty_space height=&#8221;20px&#8221;][vc_row_inner row_type=&#8221;row&#8221; type=&#8221;grid&#8221; text_align=&#8221;left&#8221; css_animation=&#8221;&#8221;][vc_column_inner][vc_column_text]<\/p>\n<p style=\"font-weight: 400; text-align: justify;\">Dzi\u0119ki systemowi spr\u0119\u017cyn ruch odbywa si\u0119 p\u0142ynnie i niezale\u017cnie i mo\u017cesz cieszy\u0107 si\u0119 spokojnym snem w ka\u017cdej minucie. Zmniejszenie tarcia mi\u0119dzy spr\u0119\u017cynami zapewnia wi\u0119kszy komfort. W odr\u00f3\u017cnieniu od innych system\u00f3w, ka\u017cda spr\u0119\u017cyna pracuje indywidualnie, poch\u0142aniaj\u0105c ci\u0119\u017car bez przenoszenia go na pozosta\u0142e spr\u0119\u017cyny.<\/p>\n<p style=\"font-weight: 400; text-align: justify;\">Ten rodzaj materaca zapewnia wysoki komfort, szczeg\u00f3lnie osobom \u015bpi\u0105cym z partnerem, poniewa\u017c zmiany pozycji s\u0105 prakrycznie nieodczuwalne. Zmniejszenie tarcia mi\u0119dzy r\u00f3\u017cnymi spr\u0119\u017cynami odr\u00f3\u017cnia ten system od innych system\u00f3w spr\u0119\u017cynowych, a to dlatego, \u017ce ka\u017cda spr\u0119\u017cyna dzia\u0142a niezale\u017cnie od pozosta\u0142ych, poch\u0142aniaj\u0105c ca\u0142y ci\u0119\u017car i nie rozk\u0142adaj\u0105c go na pozosta\u0142e spr\u0119\u017cyny.<\/p>\n<p style=\"font-weight: 400; text-align: justify;\">Ta niezale\u017cno\u015b\u0107 sprawia, \u017ce materac idealnie dopasowuje si\u0119 do osoby, a tak\u017ce doskonale nadaje si\u0119 do spania we dwoje, a to dlatego, \u017ce zapewnia niezale\u017cno\u015b\u0107 i swobod\u0119 ruchu z ka\u017cdej strony bez utraty przewiewno\u015bci, poprawiaj\u0105c komfort i znacz\u0105co podnosz\u0105c jako\u015b\u0107 wypoczynku.<\/p>\n<p>[\/vc_column_text][\/vc_column_inner][\/vc_row_inner][vc_empty_space height=&#8221;50px&#8221;][\/vc_column][\/vc_row]<\/p>\n","protected":false},"excerpt":{"rendered":"<p>[vc_row css_animation=&#8221;&#8221; row_type=&#8221;row&#8221; use_row_as_full_screen_section=&#8221;no&#8221; type=&#8221;full_width&#8221; angled_section=&#8221;no&#8221; text_align=&#8221;left&#8221; background_image_as_pattern=&#8221;without_pattern&#8221;][vc_column][vc_single_image image=&#8221;2754&#8243; img_size=&#8221;full&#8221; alignment=&#8221;center&#8221; qode_css_animation=&#8221;&#8221; qode_hover_animation=&#8221;zoom_in&#8221;][vc_empty_space height=&#8221;55px&#8221;][vc_column_text] SPR\u0118\u017bYNY [\/vc_column_text][vc_empty_space height=&#8221;20px&#8221;][vc_row_inner row_type=&#8221;row&#8221; type=&#8221;grid&#8221; text_align=&#8221;left&#8221; css_animation=&#8221;&#8221;][vc_column_inner][vc_column_text] Spr\u0119\u017cyny to czysta fizyka, odpowiadaj\u0105 za roz\u0142adowanie wytworzonego napi\u0119cia i wspieraj\u0105 nasz wypoczynek. Najwy\u017cszej jako\u015bci spr\u0119\u017cyny dzia\u0142aj\u0105ce w idealnej harmonii zadbaj\u0105 o prawid\u0142owe u\u0142o\u017cenie&#8230;<\/p>\n","protected":false},"author":1,"featured_media":0,"parent":168,"menu_order":0,"comment_status":"closed","ping_status":"closed","template":"full_width.php","meta":{"footnotes":""},"class_list":["post-2749","page","type-page","status-publish","hentry"],"yoast_head":"<!-- This site is optimized with the Yoast SEO plugin v27.0 - https:\/\/yoast.com\/product\/yoast-seo-wordpress\/ -->\n<title>SPR\u0118\u017bYNY - Karibian Descanso<\/title>\n<meta name=\"robots\" content=\"index, follow, max-snippet:-1, max-image-preview:large, max-video-preview:-1\" \/>\n<link rel=\"canonical\" href=\"https:\/\/karibiandescanso.com\/materiales\/muelles\/\" \/>\n<meta property=\"og:locale\" content=\"pl_PL\" \/>\n<meta property=\"og:type\" content=\"article\" \/>\n<meta property=\"og:title\" content=\"SPR\u0118\u017bYNY - Karibian Descanso\" \/>\n<meta property=\"og:description\" content=\"[vc_row css_animation=&#8221;&#8221; row_type=&#8221;row&#8221; use_row_as_full_screen_section=&#8221;no&#8221; type=&#8221;full_width&#8221; angled_section=&#8221;no&#8221; text_align=&#8221;left&#8221; background_image_as_pattern=&#8221;without_pattern&#8221;][vc_column][vc_single_image image=&#8221;2754&#8243; img_size=&#8221;full&#8221; alignment=&#8221;center&#8221; qode_css_animation=&#8221;&#8221; qode_hover_animation=&#8221;zoom_in&#8221;][vc_empty_space height=&#8221;55px&#8221;][vc_column_text] SPR\u0118\u017bYNY [\/vc_column_text][vc_empty_space height=&#8221;20px&#8221;][vc_row_inner row_type=&#8221;row&#8221; type=&#8221;grid&#8221; text_align=&#8221;left&#8221; css_animation=&#8221;&#8221;][vc_column_inner][vc_column_text] Spr\u0119\u017cyny to czysta fizyka, odpowiadaj\u0105 za roz\u0142adowanie wytworzonego napi\u0119cia i wspieraj\u0105 nasz wypoczynek. Najwy\u017cszej jako\u015bci spr\u0119\u017cyny dzia\u0142aj\u0105ce w idealnej harmonii zadbaj\u0105 o prawid\u0142owe u\u0142o\u017cenie...\" \/>\n<meta property=\"og:url\" content=\"https:\/\/karibiandescanso.com\/materiales\/muelles\/\" \/>\n<meta property=\"og:site_name\" content=\"Karibian Descanso\" \/>\n<meta property=\"article:modified_time\" content=\"2023-12-05T14:10:59+00:00\" \/>\n<meta name=\"twitter:card\" content=\"summary_large_image\" \/>\n<meta name=\"twitter:label1\" content=\"Szacowany czas czytania\" \/>\n\t<meta name=\"twitter:data1\" content=\"13 minut\" \/>\n<script type=\"application\/ld+json\" class=\"yoast-schema-graph\">{\"@context\":\"https:\/\/schema.org\",\"@graph\":[{\"@type\":\"WebPage\",\"@id\":\"https:\/\/karibiandescanso.com\/materiales\/muelles\/\",\"url\":\"https:\/\/karibiandescanso.com\/materiales\/muelles\/\",\"name\":\"SPR\u0118\u017bYNY - Karibian Descanso\",\"isPartOf\":{\"@id\":\"https:\/\/karibiandescanso.com\/#website\"},\"datePublished\":\"2018-09-11T09:40:20+00:00\",\"dateModified\":\"2023-12-05T14:10:59+00:00\",\"breadcrumb\":{\"@id\":\"https:\/\/karibiandescanso.com\/materiales\/muelles\/#breadcrumb\"},\"inLanguage\":\"pl-PL\",\"potentialAction\":[{\"@type\":\"ReadAction\",\"target\":[\"https:\/\/karibiandescanso.com\/materiales\/muelles\/\"]}]},{\"@type\":\"BreadcrumbList\",\"@id\":\"https:\/\/karibiandescanso.com\/materiales\/muelles\/#breadcrumb\",\"itemListElement\":[{\"@type\":\"ListItem\",\"position\":1,\"name\":\"Portada\",\"item\":\"https:\/\/karibiandescanso.com\/\"},{\"@type\":\"ListItem\",\"position\":2,\"name\":\"Materiales\",\"item\":\"https:\/\/karibiandescanso.com\/materiales\/\"},{\"@type\":\"ListItem\",\"position\":3,\"name\":\"Muelles\"}]},{\"@type\":\"WebSite\",\"@id\":\"https:\/\/karibiandescanso.com\/#website\",\"url\":\"https:\/\/karibiandescanso.com\/\",\"name\":\"Karibian Descanso\",\"description\":\"Gdzie jest odpoczynek\",\"potentialAction\":[{\"@type\":\"SearchAction\",\"target\":{\"@type\":\"EntryPoint\",\"urlTemplate\":\"https:\/\/karibiandescanso.com\/?s={search_term_string}\"},\"query-input\":{\"@type\":\"PropertyValueSpecification\",\"valueRequired\":true,\"valueName\":\"search_term_string\"}}],\"inLanguage\":\"pl-PL\"}]}<\/script>\n<!-- \/ Yoast SEO plugin. -->","yoast_head_json":{"title":"SPR\u0118\u017bYNY - Karibian Descanso","robots":{"index":"index","follow":"follow","max-snippet":"max-snippet:-1","max-image-preview":"max-image-preview:large","max-video-preview":"max-video-preview:-1"},"canonical":"https:\/\/karibiandescanso.com\/materiales\/muelles\/","og_locale":"pl_PL","og_type":"article","og_title":"SPR\u0118\u017bYNY - Karibian Descanso","og_description":"[vc_row css_animation=&#8221;&#8221; row_type=&#8221;row&#8221; use_row_as_full_screen_section=&#8221;no&#8221; type=&#8221;full_width&#8221; angled_section=&#8221;no&#8221; text_align=&#8221;left&#8221; background_image_as_pattern=&#8221;without_pattern&#8221;][vc_column][vc_single_image image=&#8221;2754&#8243; img_size=&#8221;full&#8221; alignment=&#8221;center&#8221; qode_css_animation=&#8221;&#8221; qode_hover_animation=&#8221;zoom_in&#8221;][vc_empty_space height=&#8221;55px&#8221;][vc_column_text] SPR\u0118\u017bYNY [\/vc_column_text][vc_empty_space height=&#8221;20px&#8221;][vc_row_inner row_type=&#8221;row&#8221; type=&#8221;grid&#8221; text_align=&#8221;left&#8221; css_animation=&#8221;&#8221;][vc_column_inner][vc_column_text] Spr\u0119\u017cyny to czysta fizyka, odpowiadaj\u0105 za roz\u0142adowanie wytworzonego napi\u0119cia i wspieraj\u0105 nasz wypoczynek. Najwy\u017cszej jako\u015bci spr\u0119\u017cyny dzia\u0142aj\u0105ce w idealnej harmonii zadbaj\u0105 o prawid\u0142owe u\u0142o\u017cenie...","og_url":"https:\/\/karibiandescanso.com\/materiales\/muelles\/","og_site_name":"Karibian Descanso","article_modified_time":"2023-12-05T14:10:59+00:00","twitter_card":"summary_large_image","twitter_misc":{"Szacowany czas czytania":"13 minut"},"schema":{"@context":"https:\/\/schema.org","@graph":[{"@type":"WebPage","@id":"https:\/\/karibiandescanso.com\/materiales\/muelles\/","url":"https:\/\/karibiandescanso.com\/materiales\/muelles\/","name":"SPR\u0118\u017bYNY - Karibian Descanso","isPartOf":{"@id":"https:\/\/karibiandescanso.com\/#website"},"datePublished":"2018-09-11T09:40:20+00:00","dateModified":"2023-12-05T14:10:59+00:00","breadcrumb":{"@id":"https:\/\/karibiandescanso.com\/materiales\/muelles\/#breadcrumb"},"inLanguage":"pl-PL","potentialAction":[{"@type":"ReadAction","target":["https:\/\/karibiandescanso.com\/materiales\/muelles\/"]}]},{"@type":"BreadcrumbList","@id":"https:\/\/karibiandescanso.com\/materiales\/muelles\/#breadcrumb","itemListElement":[{"@type":"ListItem","position":1,"name":"Portada","item":"https:\/\/karibiandescanso.com\/"},{"@type":"ListItem","position":2,"name":"Materiales","item":"https:\/\/karibiandescanso.com\/materiales\/"},{"@type":"ListItem","position":3,"name":"Muelles"}]},{"@type":"WebSite","@id":"https:\/\/karibiandescanso.com\/#website","url":"https:\/\/karibiandescanso.com\/","name":"Karibian Descanso","description":"Gdzie jest odpoczynek","potentialAction":[{"@type":"SearchAction","target":{"@type":"EntryPoint","urlTemplate":"https:\/\/karibiandescanso.com\/?s={search_term_string}"},"query-input":{"@type":"PropertyValueSpecification","valueRequired":true,"valueName":"search_term_string"}}],"inLanguage":"pl-PL"}]}},"_links":{"self":[{"href":"https:\/\/karibiandescanso.com\/pl\/wp-json\/wp\/v2\/pages\/2749","targetHints":{"allow":["GET"]}}],"collection":[{"href":"https:\/\/karibiandescanso.com\/pl\/wp-json\/wp\/v2\/pages"}],"about":[{"href":"https:\/\/karibiandescanso.com\/pl\/wp-json\/wp\/v2\/types\/page"}],"author":[{"embeddable":true,"href":"https:\/\/karibiandescanso.com\/pl\/wp-json\/wp\/v2\/users\/1"}],"replies":[{"embeddable":true,"href":"https:\/\/karibiandescanso.com\/pl\/wp-json\/wp\/v2\/comments?post=2749"}],"version-history":[{"count":0,"href":"https:\/\/karibiandescanso.com\/pl\/wp-json\/wp\/v2\/pages\/2749\/revisions"}],"up":[{"embeddable":true,"href":"https:\/\/karibiandescanso.com\/pl\/wp-json\/wp\/v2\/pages\/168"}],"wp:attachment":[{"href":"https:\/\/karibiandescanso.com\/pl\/wp-json\/wp\/v2\/media?parent=2749"}],"curies":[{"name":"wp","href":"https:\/\/api.w.org\/{rel}","templated":true}]}}