{"id":2756,"date":"2018-09-11T10:55:19","date_gmt":"2018-09-11T09:55:19","guid":{"rendered":"https:\/\/www.karibiandescanso.com\/?page_id=2756"},"modified":"2023-03-10T15:16:59","modified_gmt":"2023-03-10T14:16:59","slug":"breeze","status":"publish","type":"page","link":"https:\/\/karibiandescanso.com\/pl\/materiales\/breeze\/","title":{"rendered":"TECHNOLOGIA BREEZE"},"content":{"rendered":"<p>[vc_row css_animation=&#8221;&#8221; row_type=&#8221;row&#8221; use_row_as_full_screen_section=&#8221;no&#8221; type=&#8221;full_width&#8221; angled_section=&#8221;no&#8221; text_align=&#8221;left&#8221; background_image_as_pattern=&#8221;without_pattern&#8221; css=&#8221;.vc_custom_1536659952504{background-color: #ffffff !important;}&#8221; z_index=&#8221;&#8221;][vc_column][vc_single_image image=&#8221;3092&#8243; img_size=&#8221;full&#8221; alignment=&#8221;center&#8221; qode_css_animation=&#8221;&#8221; qode_hover_animation=&#8221;zoom_in&#8221;][vc_empty_space height=&#8221;55px&#8221;][vc_column_text]<\/p>\n<h4 style=\"text-align: center;\">TECHNOLOGIA BREEZE<\/h4>\n<p>[\/vc_column_text][vc_empty_space height=&#8221;20px&#8221;][vc_row_inner row_type=&#8221;row&#8221; type=&#8221;grid&#8221; text_align=&#8221;left&#8221; css_animation=&#8221;&#8221;][vc_column_inner][vc_column_text]<\/p>\n<p style=\"font-weight: 400; text-align: justify;\"><strong>Czym jest technologia Breeze?\u00a0<\/strong>Jest to nowy zarejestrowany i opatentowany innowacyjny system wypoczynku z pionowymi mikroperforacjami w rdzeniu pianek HR + Visco o g\u0119sto\u015bci wi\u0119kszej ni\u017c 35kg m3 dla najbardziej wymagaj\u0105cych klient\u00f3w.<\/p>\n<p>&nbsp;<\/p>\n<p style=\"font-weight: 400; text-align: justify;\">Modele wypoczynku, kt\u00f3re zawieraj\u0105 technologi\u0119 Breeze w pierwszym kontakcie s\u0105 mi\u0119kkie, a po kilku sekundach le\u017cenia mo\u017cna doceni\u0107 je za dwa doznania: pog\u0142\u0119biaj\u0105c\u0105 si\u0119 zdolno\u015b\u0107 adaptacyjn\u0105 pianki Visco 80kg i wysok\u0105 solidno\u015b\u0107 rdzenia Hiperflex 42kg. To wszystko r\u00f3wnie\u017c dzi\u0119ki nowej technologii oddychaj\u0105cych pianek o nazwie \u017bel-Therm 45kg\/m3 dost\u0119pnych wy\u0142\u0105cznie w Karibian Descanso. Technologia ta zapewnia bardzo mi\u0119kk\u0105 i przytuln\u0105 warstw\u0119 w pos\u0142aniu, ale co najwa\u017cniejsze to zdolno\u015b\u0107 do regulacji wra\u017ce\u0144 termiczno-fizjologicznych (to znaczy du\u017ca zdolno\u015b\u0107 odprowadzania zar\u00f3wno ciep\u0142a, jak i wilgoci nagromadzonej w warstwie pos\u0142ania). \u017bel-Therm pozwala nam zatem na regulacj\u0119 uczucia \u015bwie\u017co\u015bci.<\/p>\n<p>&nbsp;<\/p>\n<p style=\"font-weight: 400; text-align: justify;\">Pianka visco Therm- Essence o g\u0119sto\u015bci 80kg, to pierwszorz\u0119dna pianka termoelastyczna ze wzgl\u0119du nie tylko na jako\u015b\u0107 materia\u0142u, ale i ze wzgl\u0119du na g\u0119sto\u015b\u0107 80kg. Jest \u015brednia w dotyku i ma \u015bwietne zdolno\u015bci adaptacyjne (progresja w\u00a0 trakcie le\u017cenia i du\u017ca zdolno\u015b\u0107 adaptacji).<\/p>\n<p>[\/vc_column_text][\/vc_column_inner][\/vc_row_inner][vc_empty_space height=&#8221;50px&#8221;][vc_single_image image=&#8221;3093&#8243; img_size=&#8221;full&#8221; alignment=&#8221;center&#8221; qode_css_animation=&#8221;&#8221;][vc_empty_space height=&#8221;30px&#8221;][vc_row_inner row_type=&#8221;row&#8221; type=&#8221;grid&#8221; text_align=&#8221;left&#8221; css_animation=&#8221;&#8221;][vc_column_inner][vc_column_text]<\/p>\n<p style=\"font-weight: 400; text-align: justify;\">\u015awietna transpiracja w ca\u0142ym zestawie, a to dzi\u0119ki 364 pionowym kana\u0142om wentylacyjnym, dla wymiar\u00f3w wi\u0119kszych ni\u017c 150 cm. Z nasz\u0105 techniczn\u0105 piank\u0105 HR42 Hiperflex, specjalnie zaprojektowan\u0105 ze znacznej wielko\u015bci otwartymi porami, aby wentylacja by\u0142a sprawniejsza oraz z nasz\u0105 rewolucyjn\u0105 piank\u0105 \u017bel-Therm, zdecydowanie poprawia si\u0119\u00a0 komfort w por\u00f3wnaniu z innymi produktami na rynku.<\/p>\n<p style=\"font-weight: 400; text-align: justify;\">Maksymalne dopasowanie do wszystkich obszar\u00f3w cia\u0142a. System technologii Breeze wykorzystuje r\u00f3\u017cnej wielko\u015bci mikroperforacje, o \u015brednicy 9 mm i 13 mm, kt\u00f3re znajduj\u0105 si\u0119 na ca\u0142ej d\u0142ugo\u015bci i szeroko\u015bci materaca, poprawiaj\u0105c szczeg\u00f3lnie adaptacj\u0119 w dw\u00f3ch g\u0142\u00f3wnych strefach najwi\u0119kszego obci\u0105\u017cenia cia\u0142a: barkach i biodrach, staraj\u0105c si\u0119 przy tym, aby kr\u0119gos\u0142up by\u0142 maksymalnie wyr\u00f3wnany.<\/p>\n<p style=\"font-weight: 400; text-align: justify;\">Technologia materacy z serii Breeze dodaje do ergonomii pianki termoelastycznej dodatkow\u0105 niezwyk\u0142\u0105 zdolno\u015b\u0107 wentylacji. Wentylacja ta reguluje temperatur\u0119 cia\u0142a i wilgotno\u015b\u0107, zapewniaj\u0105c wygod\u0119 i \u015bwie\u017co\u015b\u0107, a jednocze\u015bnie utrudniaj\u0105c namna\u017canie si\u0119 roztoczy.<\/p>\n<p style=\"font-weight: 400; text-align: justify;\">G\u0142\u00f3wne cechy i w\u0142a\u015bciwo\u015bci technologii Breeze to redukcja i odci\u0105\u017cenie miejsc ucisku, regulacja temperatury i wilgotno\u015bci, wysoka jako\u015b\u0107 materia\u0142u, dla ka\u017cdego rodzaju wagi, dla os\u00f3b cierpi\u0105cych na zbytnie przegrzewanie podczas odpoczynku oraz dla tych, kt\u00f3rzy oczekuj\u0105 komfortu i przewiewno\u015bci.<\/p>\n<p>[\/vc_column_text][\/vc_column_inner][\/vc_row_inner][vc_empty_space height=&#8221;30px&#8221;][vc_single_image image=&#8221;3113&#8243; img_size=&#8221;full&#8221; alignment=&#8221;center&#8221; qode_css_animation=&#8221;&#8221;][\/vc_column][\/vc_row]<\/p>\n","protected":false},"excerpt":{"rendered":"<p>[vc_row css_animation=&#8221;&#8221; row_type=&#8221;row&#8221; use_row_as_full_screen_section=&#8221;no&#8221; type=&#8221;full_width&#8221; angled_section=&#8221;no&#8221; text_align=&#8221;left&#8221; background_image_as_pattern=&#8221;without_pattern&#8221; css=&#8221;.vc_custom_1536659952504{background-color: #ffffff !important;}&#8221; z_index=&#8221;&#8221;][vc_column][vc_single_image image=&#8221;3092&#8243; img_size=&#8221;full&#8221; alignment=&#8221;center&#8221; qode_css_animation=&#8221;&#8221; qode_hover_animation=&#8221;zoom_in&#8221;][vc_empty_space height=&#8221;55px&#8221;][vc_column_text] TECHNOLOGIA BREEZE [\/vc_column_text][vc_empty_space height=&#8221;20px&#8221;][vc_row_inner row_type=&#8221;row&#8221; type=&#8221;grid&#8221; text_align=&#8221;left&#8221; css_animation=&#8221;&#8221;][vc_column_inner][vc_column_text] Czym jest technologia Breeze?\u00a0Jest to nowy zarejestrowany i opatentowany innowacyjny system wypoczynku z pionowymi mikroperforacjami w rdzeniu pianek HR&#8230;<\/p>\n","protected":false},"author":1,"featured_media":0,"parent":168,"menu_order":0,"comment_status":"closed","ping_status":"closed","template":"full_width.php","meta":{"footnotes":""},"class_list":["post-2756","page","type-page","status-publish","hentry"],"yoast_head":"<!-- This site is optimized with the Yoast SEO plugin v27.0 - https:\/\/yoast.com\/product\/yoast-seo-wordpress\/ -->\n<title>TECHNOLOGIA BREEZE - Karibian Descanso<\/title>\n<meta name=\"robots\" content=\"index, follow, max-snippet:-1, max-image-preview:large, max-video-preview:-1\" \/>\n<link rel=\"canonical\" href=\"https:\/\/karibiandescanso.com\/materiales\/breeze\/\" \/>\n<meta property=\"og:locale\" content=\"pl_PL\" \/>\n<meta property=\"og:type\" content=\"article\" \/>\n<meta property=\"og:title\" content=\"TECHNOLOGIA BREEZE - Karibian Descanso\" \/>\n<meta property=\"og:description\" content=\"[vc_row css_animation=&#8221;&#8221; row_type=&#8221;row&#8221; use_row_as_full_screen_section=&#8221;no&#8221; type=&#8221;full_width&#8221; angled_section=&#8221;no&#8221; text_align=&#8221;left&#8221; background_image_as_pattern=&#8221;without_pattern&#8221; css=&#8221;.vc_custom_1536659952504{background-color: #ffffff !important;}&#8221; z_index=&#8221;&#8221;][vc_column][vc_single_image image=&#8221;3092&#8243; img_size=&#8221;full&#8221; alignment=&#8221;center&#8221; qode_css_animation=&#8221;&#8221; qode_hover_animation=&#8221;zoom_in&#8221;][vc_empty_space height=&#8221;55px&#8221;][vc_column_text] TECHNOLOGIA BREEZE [\/vc_column_text][vc_empty_space height=&#8221;20px&#8221;][vc_row_inner row_type=&#8221;row&#8221; type=&#8221;grid&#8221; text_align=&#8221;left&#8221; css_animation=&#8221;&#8221;][vc_column_inner][vc_column_text] Czym jest technologia Breeze?\u00a0Jest to nowy zarejestrowany i opatentowany innowacyjny system wypoczynku z pionowymi mikroperforacjami w rdzeniu pianek HR...\" \/>\n<meta property=\"og:url\" content=\"https:\/\/karibiandescanso.com\/materiales\/breeze\/\" \/>\n<meta property=\"og:site_name\" content=\"Karibian Descanso\" \/>\n<meta property=\"article:modified_time\" content=\"2023-03-10T14:16:59+00:00\" \/>\n<meta name=\"twitter:card\" content=\"summary_large_image\" \/>\n<meta name=\"twitter:label1\" content=\"Szacowany czas czytania\" \/>\n\t<meta name=\"twitter:data1\" content=\"2 minuty\" \/>\n<script type=\"application\/ld+json\" class=\"yoast-schema-graph\">{\"@context\":\"https:\/\/schema.org\",\"@graph\":[{\"@type\":\"WebPage\",\"@id\":\"https:\/\/karibiandescanso.com\/materiales\/breeze\/\",\"url\":\"https:\/\/karibiandescanso.com\/materiales\/breeze\/\",\"name\":\"TECHNOLOGIA BREEZE - Karibian Descanso\",\"isPartOf\":{\"@id\":\"https:\/\/karibiandescanso.com\/#website\"},\"datePublished\":\"2018-09-11T09:55:19+00:00\",\"dateModified\":\"2023-03-10T14:16:59+00:00\",\"breadcrumb\":{\"@id\":\"https:\/\/karibiandescanso.com\/materiales\/breeze\/#breadcrumb\"},\"inLanguage\":\"pl-PL\",\"potentialAction\":[{\"@type\":\"ReadAction\",\"target\":[\"https:\/\/karibiandescanso.com\/materiales\/breeze\/\"]}]},{\"@type\":\"BreadcrumbList\",\"@id\":\"https:\/\/karibiandescanso.com\/materiales\/breeze\/#breadcrumb\",\"itemListElement\":[{\"@type\":\"ListItem\",\"position\":1,\"name\":\"Portada\",\"item\":\"https:\/\/karibiandescanso.com\/\"},{\"@type\":\"ListItem\",\"position\":2,\"name\":\"Materiales\",\"item\":\"https:\/\/karibiandescanso.com\/materiales\/\"},{\"@type\":\"ListItem\",\"position\":3,\"name\":\"Breeze\"}]},{\"@type\":\"WebSite\",\"@id\":\"https:\/\/karibiandescanso.com\/#website\",\"url\":\"https:\/\/karibiandescanso.com\/\",\"name\":\"Karibian Descanso\",\"description\":\"Gdzie jest odpoczynek\",\"potentialAction\":[{\"@type\":\"SearchAction\",\"target\":{\"@type\":\"EntryPoint\",\"urlTemplate\":\"https:\/\/karibiandescanso.com\/?s={search_term_string}\"},\"query-input\":{\"@type\":\"PropertyValueSpecification\",\"valueRequired\":true,\"valueName\":\"search_term_string\"}}],\"inLanguage\":\"pl-PL\"}]}<\/script>\n<!-- \/ Yoast SEO plugin. -->","yoast_head_json":{"title":"TECHNOLOGIA BREEZE - Karibian Descanso","robots":{"index":"index","follow":"follow","max-snippet":"max-snippet:-1","max-image-preview":"max-image-preview:large","max-video-preview":"max-video-preview:-1"},"canonical":"https:\/\/karibiandescanso.com\/materiales\/breeze\/","og_locale":"pl_PL","og_type":"article","og_title":"TECHNOLOGIA BREEZE - Karibian Descanso","og_description":"[vc_row css_animation=&#8221;&#8221; row_type=&#8221;row&#8221; use_row_as_full_screen_section=&#8221;no&#8221; type=&#8221;full_width&#8221; angled_section=&#8221;no&#8221; text_align=&#8221;left&#8221; background_image_as_pattern=&#8221;without_pattern&#8221; css=&#8221;.vc_custom_1536659952504{background-color: #ffffff !important;}&#8221; z_index=&#8221;&#8221;][vc_column][vc_single_image image=&#8221;3092&#8243; img_size=&#8221;full&#8221; alignment=&#8221;center&#8221; qode_css_animation=&#8221;&#8221; qode_hover_animation=&#8221;zoom_in&#8221;][vc_empty_space height=&#8221;55px&#8221;][vc_column_text] TECHNOLOGIA BREEZE [\/vc_column_text][vc_empty_space height=&#8221;20px&#8221;][vc_row_inner row_type=&#8221;row&#8221; type=&#8221;grid&#8221; text_align=&#8221;left&#8221; css_animation=&#8221;&#8221;][vc_column_inner][vc_column_text] Czym jest technologia Breeze?\u00a0Jest to nowy zarejestrowany i opatentowany innowacyjny system wypoczynku z pionowymi mikroperforacjami w rdzeniu pianek HR...","og_url":"https:\/\/karibiandescanso.com\/materiales\/breeze\/","og_site_name":"Karibian Descanso","article_modified_time":"2023-03-10T14:16:59+00:00","twitter_card":"summary_large_image","twitter_misc":{"Szacowany czas czytania":"2 minuty"},"schema":{"@context":"https:\/\/schema.org","@graph":[{"@type":"WebPage","@id":"https:\/\/karibiandescanso.com\/materiales\/breeze\/","url":"https:\/\/karibiandescanso.com\/materiales\/breeze\/","name":"TECHNOLOGIA BREEZE - Karibian Descanso","isPartOf":{"@id":"https:\/\/karibiandescanso.com\/#website"},"datePublished":"2018-09-11T09:55:19+00:00","dateModified":"2023-03-10T14:16:59+00:00","breadcrumb":{"@id":"https:\/\/karibiandescanso.com\/materiales\/breeze\/#breadcrumb"},"inLanguage":"pl-PL","potentialAction":[{"@type":"ReadAction","target":["https:\/\/karibiandescanso.com\/materiales\/breeze\/"]}]},{"@type":"BreadcrumbList","@id":"https:\/\/karibiandescanso.com\/materiales\/breeze\/#breadcrumb","itemListElement":[{"@type":"ListItem","position":1,"name":"Portada","item":"https:\/\/karibiandescanso.com\/"},{"@type":"ListItem","position":2,"name":"Materiales","item":"https:\/\/karibiandescanso.com\/materiales\/"},{"@type":"ListItem","position":3,"name":"Breeze"}]},{"@type":"WebSite","@id":"https:\/\/karibiandescanso.com\/#website","url":"https:\/\/karibiandescanso.com\/","name":"Karibian Descanso","description":"Gdzie jest odpoczynek","potentialAction":[{"@type":"SearchAction","target":{"@type":"EntryPoint","urlTemplate":"https:\/\/karibiandescanso.com\/?s={search_term_string}"},"query-input":{"@type":"PropertyValueSpecification","valueRequired":true,"valueName":"search_term_string"}}],"inLanguage":"pl-PL"}]}},"_links":{"self":[{"href":"https:\/\/karibiandescanso.com\/pl\/wp-json\/wp\/v2\/pages\/2756","targetHints":{"allow":["GET"]}}],"collection":[{"href":"https:\/\/karibiandescanso.com\/pl\/wp-json\/wp\/v2\/pages"}],"about":[{"href":"https:\/\/karibiandescanso.com\/pl\/wp-json\/wp\/v2\/types\/page"}],"author":[{"embeddable":true,"href":"https:\/\/karibiandescanso.com\/pl\/wp-json\/wp\/v2\/users\/1"}],"replies":[{"embeddable":true,"href":"https:\/\/karibiandescanso.com\/pl\/wp-json\/wp\/v2\/comments?post=2756"}],"version-history":[{"count":0,"href":"https:\/\/karibiandescanso.com\/pl\/wp-json\/wp\/v2\/pages\/2756\/revisions"}],"up":[{"embeddable":true,"href":"https:\/\/karibiandescanso.com\/pl\/wp-json\/wp\/v2\/pages\/168"}],"wp:attachment":[{"href":"https:\/\/karibiandescanso.com\/pl\/wp-json\/wp\/v2\/media?parent=2756"}],"curies":[{"name":"wp","href":"https:\/\/api.w.org\/{rel}","templated":true}]}}