{"id":2763,"date":"2018-09-11T11:06:21","date_gmt":"2018-09-11T10:06:21","guid":{"rendered":"https:\/\/www.karibiandescanso.com\/?page_id=2763"},"modified":"2023-03-10T15:51:02","modified_gmt":"2023-03-10T14:51:02","slug":"hybrid-fusion","status":"publish","type":"page","link":"https:\/\/karibiandescanso.com\/pl\/materiales\/hybrid-fusion\/","title":{"rendered":"HYBRYDOWA FUZJA"},"content":{"rendered":"<p>[vc_row css_animation=&#8221;&#8221; row_type=&#8221;row&#8221; use_row_as_full_screen_section=&#8221;no&#8221; type=&#8221;full_width&#8221; angled_section=&#8221;no&#8221; text_align=&#8221;left&#8221; background_image_as_pattern=&#8221;without_pattern&#8221;][vc_column][vc_single_image image=&#8221;3098&#8243; img_size=&#8221;full&#8221; alignment=&#8221;center&#8221; qode_css_animation=&#8221;&#8221; qode_hover_animation=&#8221;zoom_in&#8221;][vc_empty_space height=&#8221;55px&#8221;][vc_column_text]<\/p>\n<h4 style=\"text-align: center;\">HYBRYDOWA FUZJA<\/h4>\n<p>[\/vc_column_text][vc_empty_space height=&#8221;20px&#8221;][vc_row_inner row_type=&#8221;row&#8221; type=&#8221;grid&#8221; text_align=&#8221;left&#8221; css_animation=&#8221;&#8221;][vc_column_inner][vc_column_text]<\/p>\n<p style=\"font-weight: 400; text-align: justify;\">Obecnie wiele odpoczywaj\u0105cych dowiaduje si\u0119 o zaletach materacy piankowych, ale nie chc\u0105 ca\u0142kowicie si\u0119 na nie przestawi\u0107. Dla tych konsument\u00f3w firma Karibian Descanso stworzy\u0142a jako doskona\u0142\u0105 opcj\u0119 gam\u0119 materacy hybrydowych. Materace hybrydowe \u0142\u0105cz\u0105 indywidualnie ulokowane spr\u0119\u017cyny z piank\u0105 termoelastyczn\u0105, aby zapewni\u0107 jak najwy\u017cszy komfort wypoczynku. Pozwala to odpoczywaj\u0105cym osi\u0105gn\u0105\u0107 jak najlepsze korzy\u015bci z obu materia\u0142\u00f3w.<\/p>\n<p style=\"font-weight: 400; text-align: justify;\">Najnowocze\u015bniejsze materace, kt\u00f3re \u0142\u0105cz\u0105 w sobie to, co najlepsze z obydwu sfer, zapewniaj\u0105 wyj\u0105tkowe wra\u017cenia w po\u0142\u0105czeniu z ekskluzywnymi tkaninami i wzorami oraz r\u00f3\u017cnymi w\u0142a\u015bciwo\u015bciami i zaletami, kt\u00f3re nadaj\u0105 im wyj\u0105tkowo\u015bci. Opr\u00f3cz tego sk\u0142adaj\u0105 si\u0119 z systemu siedmiu sfer odpoczynku, co ma na celu prawid\u0142owe roz\u0142o\u017cenie masy g\u0142\u00f3wnych obszar\u00f3w cia\u0142a, maksymalne uczucie otulenia, a jednocze\u015bnie swobod\u0119 ruch\u00f3w. To wszystko dzi\u0119ki g\u0119stym i wysokiej jako\u015bci termoelastycznym piankom. Wraz ze zdolno\u015bci\u0105 adaptacji mikrospr\u0119\u017cyn kieszeniowych zapewniaj\u0105 maksymaln\u0105 przewiewno\u015b\u0107, swobod\u0119 ruchu i niezale\u017cno\u015b\u0107, nie zapominaj\u0105c przy tym o rdzeniu, kt\u00f3ry jest \u201csercem materaca\u201d, czyli elemencie podtrzymuj\u0105cym nasze cia\u0142o podczas snu. Jest on podstaw\u0105 solidno\u015bci i stabilno\u015bci materaca.<\/p>\n<p style=\"font-weight: 400; text-align: justify;\">Wreszcie bardzo wa\u017cne jest boczne wzmocnienie, kt\u00f3re zapewnia mocne podparcie podczas siedzenia na bokach materaca. Po\u0142\u0105czenie najlepszych technologii i materia\u0142\u00f3w, kt\u00f3re pozwala na 100% wykorzystanie powierzchni materaca i uzyskanie wyj\u0105tkowego wypoczynku.<\/p>\n<p>[\/vc_column_text][\/vc_column_inner][\/vc_row_inner][vc_empty_space height=&#8221;50px&#8221;][\/vc_column][\/vc_row][vc_row css_animation=&#8221;&#8221; row_type=&#8221;row&#8221; use_row_as_full_screen_section=&#8221;no&#8221; type=&#8221;full_width&#8221; angled_section=&#8221;no&#8221; text_align=&#8221;left&#8221; background_image_as_pattern=&#8221;without_pattern&#8221;][vc_column][vc_single_image image=&#8221;3099&#8243; img_size=&#8221;full&#8221; alignment=&#8221;center&#8221; qode_css_animation=&#8221;&#8221;][vc_empty_space height=&#8221;55px&#8221;][vc_column_text]<\/p>\n<h4 style=\"text-align: center;\">TKANINY<\/h4>\n<p>[\/vc_column_text][vc_empty_space height=&#8221;20px&#8221;][vc_row_inner row_type=&#8221;row&#8221; type=&#8221;grid&#8221; text_align=&#8221;left&#8221; css_animation=&#8221;&#8221;][vc_column_inner][vc_column_text]<\/p>\n<p style=\"font-weight: 400; text-align: justify;\">W Karibian Descanso do produkcji i przygotowania naszych materacy\u00a0 u\u017cywamy tkanin organicznych. Od lat wiemy, jak \u0142\u0105czy\u0107 najnowsze technologie z tym, co najlepszego ma nam do zaoferowania natura, zachowuj\u0105cy przy tym ca\u0142\u0105 esencj\u0119 w\u0142\u00f3kien naturalnych. Wszystko po to, aby oferowa\u0107 niezr\u00f3wnany poziom komfortu, wytrzyma\u0142o\u015b\u0107 i mi\u0119kko\u015b\u0107, a wyniki, kt\u00f3re uzyskujemy, sprawiaj\u0105, \u017ce spanie zaczyna mie\u0107 ekskluzywny charakter. Wysoka jako\u015b\u0107 w tym wypadku to co\u015b, co mo\u017cna zauwa\u017cy\u0107 i odczu\u0107 jeszcze przed po\u0142o\u017ceniem si\u0119 do \u0142\u00f3\u017cka.<\/p>\n<p>[\/vc_column_text][\/vc_column_inner][\/vc_row_inner][vc_empty_space height=&#8221;50px&#8221;][\/vc_column][\/vc_row][vc_row css_animation=&#8221;&#8221; row_type=&#8221;row&#8221; use_row_as_full_screen_section=&#8221;no&#8221; type=&#8221;full_width&#8221; angled_section=&#8221;no&#8221; text_align=&#8221;left&#8221; background_image_as_pattern=&#8221;without_pattern&#8221;][vc_column][vc_single_image image=&#8221;3097&#8243; img_size=&#8221;full&#8221; alignment=&#8221;center&#8221; qode_css_animation=&#8221;&#8221;][vc_empty_space height=&#8221;55px&#8221;][vc_column_text]<\/p>\n<h4 style=\"text-align: center;\">MIKROSPR\u0118\u017bYNY<\/h4>\n<p>[\/vc_column_text][vc_empty_space height=&#8221;20px&#8221;][vc_row_inner row_type=&#8221;row&#8221; type=&#8221;grid&#8221; text_align=&#8221;left&#8221; css_animation=&#8221;&#8221;][vc_column_inner][vc_column_text]<\/p>\n<p style=\"font-weight: 400; text-align: justify;\">Mikrospr\u0119\u017cyny s\u0105 uwa\u017cane za rodzaj spr\u0119\u017cyn kieszeniowych, jednak z t\u0105 r\u00f3\u017cnic\u0105, \u017ce s\u0105 mniejsze. Maj\u0105 one \u015brednic\u0119 oko\u0142o 2 cm i znajduj\u0105 si\u0119 w ma\u0142ych kieszeniach, zmniejszaj\u0105c tarcie mi\u0119dzy spr\u0119\u017cynami i zapewniaj\u0105c doskona\u0142\u0105 elastyczno\u015b\u0107.<\/p>\n<p style=\"font-weight: 400; text-align: justify;\">Tego typu materace s\u0105 idealne, je\u015bli zamierzamy skorzysta\u0107 z dobrodziejstw materacy spr\u0119\u017cynowych, ale nie chcemy przy tym rezygnowa\u0107 z komfortu. Dodatkowo jego niewielki rozmiar zapewnia lepsz\u0105 adaptacj\u0119 i poczucie wygody. Dok\u0142adniej m\u00f3wi\u0105c, osi\u0105gamy niezale\u017cno\u015b\u0107 pos\u0142ania (materace termoelastyczne) bez utraty jego przewiewno\u015bci (materace spr\u0119\u017cynowe). Te ostatnie dzia\u0142aj\u0105 tylko w strefie kontaktu z cia\u0142em, zapewniaj\u0105c du\u017c\u0105 autonomi\u0119.<\/p>\n<p style=\"font-weight: 400; text-align: justify;\">Oto niekt\u00f3re zalety tego typu materacy ze spr\u0119\u017cynami kieszeniowymi: lepsza wentylacja i transpiracja, a jednocze\u015bnie uczucie \u015bwie\u017co\u015bci i niezale\u017cno\u015bci pos\u0142ania ze swobod\u0105 ruchu. Odpowiednie u\u0142o\u017cenie kr\u0119gos\u0142upa i redukcja nacisku, zmniejsza cz\u0119stotliwo\u015b\u0107 zmiany pozycji. Podwy\u017cszenie jako\u015bci snu, wyeliminowanie ha\u0142asu, wysoki poziom elastyczno\u015bci w ka\u017cdym miejscu i zapewnienie wi\u0119kszej zdolno\u015bci adaptacyjnej, a tak\u017ce komfortu i wytrzyma\u0142o\u015bci.<\/p>\n<p>[\/vc_column_text][\/vc_column_inner][\/vc_row_inner][vc_empty_space height=&#8221;50px&#8221;][\/vc_column][\/vc_row][vc_row css_animation=&#8221;&#8221; row_type=&#8221;row&#8221; use_row_as_full_screen_section=&#8221;no&#8221; type=&#8221;full_width&#8221; angled_section=&#8221;no&#8221; text_align=&#8221;left&#8221; background_image_as_pattern=&#8221;without_pattern&#8221;][vc_column][vc_single_image image=&#8221;2767&#8243; img_size=&#8221;full&#8221; alignment=&#8221;center&#8221; qode_css_animation=&#8221;&#8221;][vc_empty_space height=&#8221;55px&#8221;][vc_column_text]<\/p>\n<h4 style=\"text-align: center;\">TKANINA TERMOELASTYCZNA<\/h4>\n<p>[\/vc_column_text][vc_empty_space height=&#8221;20px&#8221;][vc_row_inner row_type=&#8221;row&#8221; type=&#8221;grid&#8221; text_align=&#8221;left&#8221; css_animation=&#8221;&#8221;][vc_column_inner][vc_column_text]<\/p>\n<p style=\"text-align: justify;\">Starannie dobieramy materia\u0142y, aby zapewni\u0107 wyj\u0105tkowe doznania podczas wypoczynku, zachowuj\u0105c temperatur\u0119 cia\u0142a i efektywnie odprowadzaj\u0105c wilgo\u0107. Pianki termoelatyczne gdy si\u0119 pojawi\u0142y dzi\u0119ki swoim w\u0142a\u015bciwo\u015bciom i korzy\u015bciom z nich p\u0142yn\u0105cym naznaczy\u0142y efekt \u201cprzed i po\u201d. Odpowiednie zachowanie dobrego materaca z piank\u0105 termoelastyczn\u0105 mo\u017cna podsumowa\u0107 efektem pami\u0119ci, to znaczy pianka termoelastyczna twardnieje pod wp\u0142ywem zimna i mi\u0119knie pod wp\u0142ywem ciep\u0142a.<\/p>\n<p>[\/vc_column_text][\/vc_column_inner][\/vc_row_inner][vc_empty_space height=&#8221;50px&#8221;][\/vc_column][\/vc_row][vc_row css_animation=&#8221;&#8221; row_type=&#8221;row&#8221; use_row_as_full_screen_section=&#8221;no&#8221; type=&#8221;full_width&#8221; angled_section=&#8221;no&#8221; text_align=&#8221;left&#8221; background_image_as_pattern=&#8221;without_pattern&#8221;][vc_column][vc_single_image image=&#8221;2768&#8243; img_size=&#8221;full&#8221; alignment=&#8221;center&#8221; qode_css_animation=&#8221;&#8221;][vc_empty_space height=&#8221;55px&#8221;][vc_column_text]<\/p>\n<h4 style=\"text-align: center;\">PIANKI HR DOZNANIA NA WYMIAR<\/h4>\n<p>[\/vc_column_text][vc_empty_space height=&#8221;20px&#8221;][vc_row_inner row_type=&#8221;row&#8221; type=&#8221;grid&#8221; text_align=&#8221;left&#8221; css_animation=&#8221;&#8221;][vc_column_inner][vc_column_text]<\/p>\n<p style=\"font-weight: 400; text-align: justify;\">W Karibian Descanso dokonujemy starannej selekcji materia\u0142\u00f3w, aby zapewni\u0107 wyj\u0105tkowe doznania podczas wypoczynku. Robimy to poprzez wybieranie najlepszych materia\u0142\u00f3w i jako\u015bci, jaka jest na rynku, a nast\u0119pnie \u0142\u0105czymy je z najlepsz\u0105 technologi\u0105 i innowacjami. HR nowa generacja pianek, charakteryzuj\u0105ca si\u0119 du\u017c\u0105 elastyczno\u015bci\u0105 i spr\u0119\u017cysto\u015bci\u0105, dostarczaj\u0105ce szerokiej gamy wra\u017ce\u0144, kt\u00f3re b\u0119dziesz m\u00f3g\u0142 dopasowa\u0107 do indywidualnych potrzeb.<\/p>\n<p>[\/vc_column_text][\/vc_column_inner][\/vc_row_inner][vc_empty_space height=&#8221;50px&#8221;][\/vc_column][\/vc_row]<\/p>\n","protected":false},"excerpt":{"rendered":"<p>[vc_row css_animation=&#8221;&#8221; row_type=&#8221;row&#8221; use_row_as_full_screen_section=&#8221;no&#8221; type=&#8221;full_width&#8221; angled_section=&#8221;no&#8221; text_align=&#8221;left&#8221; background_image_as_pattern=&#8221;without_pattern&#8221;][vc_column][vc_single_image image=&#8221;3098&#8243; img_size=&#8221;full&#8221; alignment=&#8221;center&#8221; qode_css_animation=&#8221;&#8221; qode_hover_animation=&#8221;zoom_in&#8221;][vc_empty_space height=&#8221;55px&#8221;][vc_column_text] HYBRYDOWA FUZJA [\/vc_column_text][vc_empty_space height=&#8221;20px&#8221;][vc_row_inner row_type=&#8221;row&#8221; type=&#8221;grid&#8221; text_align=&#8221;left&#8221; css_animation=&#8221;&#8221;][vc_column_inner][vc_column_text] Obecnie wiele odpoczywaj\u0105cych dowiaduje si\u0119 o zaletach materacy piankowych, ale nie chc\u0105 ca\u0142kowicie si\u0119 na nie przestawi\u0107. Dla tych konsument\u00f3w firma Karibian Descanso&#8230;<\/p>\n","protected":false},"author":1,"featured_media":0,"parent":168,"menu_order":0,"comment_status":"closed","ping_status":"closed","template":"full_width.php","meta":{"footnotes":""},"class_list":["post-2763","page","type-page","status-publish","hentry"],"yoast_head":"<!-- This site is optimized with the Yoast SEO plugin v27.0 - https:\/\/yoast.com\/product\/yoast-seo-wordpress\/ -->\n<title>HYBRYDOWA FUZJA - Karibian Descanso<\/title>\n<meta name=\"robots\" content=\"index, follow, max-snippet:-1, max-image-preview:large, max-video-preview:-1\" \/>\n<link rel=\"canonical\" href=\"https:\/\/karibiandescanso.com\/materiales\/hybrid-fusion\/\" \/>\n<meta property=\"og:locale\" content=\"pl_PL\" \/>\n<meta property=\"og:type\" content=\"article\" \/>\n<meta property=\"og:title\" content=\"HYBRYDOWA FUZJA - Karibian Descanso\" \/>\n<meta property=\"og:description\" content=\"[vc_row css_animation=&#8221;&#8221; row_type=&#8221;row&#8221; use_row_as_full_screen_section=&#8221;no&#8221; type=&#8221;full_width&#8221; angled_section=&#8221;no&#8221; text_align=&#8221;left&#8221; background_image_as_pattern=&#8221;without_pattern&#8221;][vc_column][vc_single_image image=&#8221;3098&#8243; img_size=&#8221;full&#8221; alignment=&#8221;center&#8221; qode_css_animation=&#8221;&#8221; qode_hover_animation=&#8221;zoom_in&#8221;][vc_empty_space height=&#8221;55px&#8221;][vc_column_text] HYBRYDOWA FUZJA [\/vc_column_text][vc_empty_space height=&#8221;20px&#8221;][vc_row_inner row_type=&#8221;row&#8221; type=&#8221;grid&#8221; text_align=&#8221;left&#8221; css_animation=&#8221;&#8221;][vc_column_inner][vc_column_text] Obecnie wiele odpoczywaj\u0105cych dowiaduje si\u0119 o zaletach materacy piankowych, ale nie chc\u0105 ca\u0142kowicie si\u0119 na nie przestawi\u0107. Dla tych konsument\u00f3w firma Karibian Descanso...\" \/>\n<meta property=\"og:url\" content=\"https:\/\/karibiandescanso.com\/materiales\/hybrid-fusion\/\" \/>\n<meta property=\"og:site_name\" content=\"Karibian Descanso\" \/>\n<meta property=\"article:modified_time\" content=\"2023-03-10T14:51:02+00:00\" \/>\n<meta name=\"twitter:card\" content=\"summary_large_image\" \/>\n<meta name=\"twitter:label1\" content=\"Szacowany czas czytania\" \/>\n\t<meta name=\"twitter:data1\" content=\"3 minuty\" \/>\n<script type=\"application\/ld+json\" class=\"yoast-schema-graph\">{\"@context\":\"https:\/\/schema.org\",\"@graph\":[{\"@type\":\"WebPage\",\"@id\":\"https:\/\/karibiandescanso.com\/materiales\/hybrid-fusion\/\",\"url\":\"https:\/\/karibiandescanso.com\/materiales\/hybrid-fusion\/\",\"name\":\"HYBRYDOWA FUZJA - Karibian Descanso\",\"isPartOf\":{\"@id\":\"https:\/\/karibiandescanso.com\/#website\"},\"datePublished\":\"2018-09-11T10:06:21+00:00\",\"dateModified\":\"2023-03-10T14:51:02+00:00\",\"breadcrumb\":{\"@id\":\"https:\/\/karibiandescanso.com\/materiales\/hybrid-fusion\/#breadcrumb\"},\"inLanguage\":\"pl-PL\",\"potentialAction\":[{\"@type\":\"ReadAction\",\"target\":[\"https:\/\/karibiandescanso.com\/materiales\/hybrid-fusion\/\"]}]},{\"@type\":\"BreadcrumbList\",\"@id\":\"https:\/\/karibiandescanso.com\/materiales\/hybrid-fusion\/#breadcrumb\",\"itemListElement\":[{\"@type\":\"ListItem\",\"position\":1,\"name\":\"Portada\",\"item\":\"https:\/\/karibiandescanso.com\/\"},{\"@type\":\"ListItem\",\"position\":2,\"name\":\"Materiales\",\"item\":\"https:\/\/karibiandescanso.com\/materiales\/\"},{\"@type\":\"ListItem\",\"position\":3,\"name\":\"Hybrid Fusion\"}]},{\"@type\":\"WebSite\",\"@id\":\"https:\/\/karibiandescanso.com\/#website\",\"url\":\"https:\/\/karibiandescanso.com\/\",\"name\":\"Karibian Descanso\",\"description\":\"Gdzie jest odpoczynek\",\"potentialAction\":[{\"@type\":\"SearchAction\",\"target\":{\"@type\":\"EntryPoint\",\"urlTemplate\":\"https:\/\/karibiandescanso.com\/?s={search_term_string}\"},\"query-input\":{\"@type\":\"PropertyValueSpecification\",\"valueRequired\":true,\"valueName\":\"search_term_string\"}}],\"inLanguage\":\"pl-PL\"}]}<\/script>\n<!-- \/ Yoast SEO plugin. -->","yoast_head_json":{"title":"HYBRYDOWA FUZJA - Karibian Descanso","robots":{"index":"index","follow":"follow","max-snippet":"max-snippet:-1","max-image-preview":"max-image-preview:large","max-video-preview":"max-video-preview:-1"},"canonical":"https:\/\/karibiandescanso.com\/materiales\/hybrid-fusion\/","og_locale":"pl_PL","og_type":"article","og_title":"HYBRYDOWA FUZJA - Karibian Descanso","og_description":"[vc_row css_animation=&#8221;&#8221; row_type=&#8221;row&#8221; use_row_as_full_screen_section=&#8221;no&#8221; type=&#8221;full_width&#8221; angled_section=&#8221;no&#8221; text_align=&#8221;left&#8221; background_image_as_pattern=&#8221;without_pattern&#8221;][vc_column][vc_single_image image=&#8221;3098&#8243; img_size=&#8221;full&#8221; alignment=&#8221;center&#8221; qode_css_animation=&#8221;&#8221; qode_hover_animation=&#8221;zoom_in&#8221;][vc_empty_space height=&#8221;55px&#8221;][vc_column_text] HYBRYDOWA FUZJA [\/vc_column_text][vc_empty_space height=&#8221;20px&#8221;][vc_row_inner row_type=&#8221;row&#8221; type=&#8221;grid&#8221; text_align=&#8221;left&#8221; css_animation=&#8221;&#8221;][vc_column_inner][vc_column_text] Obecnie wiele odpoczywaj\u0105cych dowiaduje si\u0119 o zaletach materacy piankowych, ale nie chc\u0105 ca\u0142kowicie si\u0119 na nie przestawi\u0107. Dla tych konsument\u00f3w firma Karibian Descanso...","og_url":"https:\/\/karibiandescanso.com\/materiales\/hybrid-fusion\/","og_site_name":"Karibian Descanso","article_modified_time":"2023-03-10T14:51:02+00:00","twitter_card":"summary_large_image","twitter_misc":{"Szacowany czas czytania":"3 minuty"},"schema":{"@context":"https:\/\/schema.org","@graph":[{"@type":"WebPage","@id":"https:\/\/karibiandescanso.com\/materiales\/hybrid-fusion\/","url":"https:\/\/karibiandescanso.com\/materiales\/hybrid-fusion\/","name":"HYBRYDOWA FUZJA - Karibian Descanso","isPartOf":{"@id":"https:\/\/karibiandescanso.com\/#website"},"datePublished":"2018-09-11T10:06:21+00:00","dateModified":"2023-03-10T14:51:02+00:00","breadcrumb":{"@id":"https:\/\/karibiandescanso.com\/materiales\/hybrid-fusion\/#breadcrumb"},"inLanguage":"pl-PL","potentialAction":[{"@type":"ReadAction","target":["https:\/\/karibiandescanso.com\/materiales\/hybrid-fusion\/"]}]},{"@type":"BreadcrumbList","@id":"https:\/\/karibiandescanso.com\/materiales\/hybrid-fusion\/#breadcrumb","itemListElement":[{"@type":"ListItem","position":1,"name":"Portada","item":"https:\/\/karibiandescanso.com\/"},{"@type":"ListItem","position":2,"name":"Materiales","item":"https:\/\/karibiandescanso.com\/materiales\/"},{"@type":"ListItem","position":3,"name":"Hybrid Fusion"}]},{"@type":"WebSite","@id":"https:\/\/karibiandescanso.com\/#website","url":"https:\/\/karibiandescanso.com\/","name":"Karibian Descanso","description":"Gdzie jest odpoczynek","potentialAction":[{"@type":"SearchAction","target":{"@type":"EntryPoint","urlTemplate":"https:\/\/karibiandescanso.com\/?s={search_term_string}"},"query-input":{"@type":"PropertyValueSpecification","valueRequired":true,"valueName":"search_term_string"}}],"inLanguage":"pl-PL"}]}},"_links":{"self":[{"href":"https:\/\/karibiandescanso.com\/pl\/wp-json\/wp\/v2\/pages\/2763","targetHints":{"allow":["GET"]}}],"collection":[{"href":"https:\/\/karibiandescanso.com\/pl\/wp-json\/wp\/v2\/pages"}],"about":[{"href":"https:\/\/karibiandescanso.com\/pl\/wp-json\/wp\/v2\/types\/page"}],"author":[{"embeddable":true,"href":"https:\/\/karibiandescanso.com\/pl\/wp-json\/wp\/v2\/users\/1"}],"replies":[{"embeddable":true,"href":"https:\/\/karibiandescanso.com\/pl\/wp-json\/wp\/v2\/comments?post=2763"}],"version-history":[{"count":0,"href":"https:\/\/karibiandescanso.com\/pl\/wp-json\/wp\/v2\/pages\/2763\/revisions"}],"up":[{"embeddable":true,"href":"https:\/\/karibiandescanso.com\/pl\/wp-json\/wp\/v2\/pages\/168"}],"wp:attachment":[{"href":"https:\/\/karibiandescanso.com\/pl\/wp-json\/wp\/v2\/media?parent=2763"}],"curies":[{"name":"wp","href":"https:\/\/api.w.org\/{rel}","templated":true}]}}