{"id":2770,"date":"2018-09-11T11:09:52","date_gmt":"2018-09-11T10:09:52","guid":{"rendered":"https:\/\/www.karibiandescanso.com\/?page_id=2770"},"modified":"2023-03-10T15:43:31","modified_gmt":"2023-03-10T14:43:31","slug":"cooler-2","status":"publish","type":"page","link":"https:\/\/karibiandescanso.com\/pl\/materiales\/cooler-2\/","title":{"rendered":"Cooler"},"content":{"rendered":"<p>[vc_row css_animation=&#8221;&#8221; row_type=&#8221;row&#8221; use_row_as_full_screen_section=&#8221;no&#8221; type=&#8221;full_width&#8221; angled_section=&#8221;no&#8221; text_align=&#8221;left&#8221; background_image_as_pattern=&#8221;without_pattern&#8221;][vc_column][vc_single_image image=&#8221;2773&#8243; img_size=&#8221;full&#8221; alignment=&#8221;center&#8221; qode_css_animation=&#8221;&#8221;][vc_empty_space height=&#8221;55px&#8221;][vc_column_text]<\/p>\n<h4 style=\"text-align: center;\">MATERIA\u0141 CH\u0141ODZ\u0104CY ,,COOLER\u201d<\/h4>\n<p>[\/vc_column_text][vc_empty_space height=&#8221;20px&#8221;][vc_row_inner row_type=&#8221;row&#8221; type=&#8221;grid&#8221; text_align=&#8221;left&#8221; css_animation=&#8221;&#8221;][vc_column_inner][vc_column_text]<\/p>\n<p style=\"font-weight: 400; text-align: justify;\">W Karibian Descanso dzi\u0119ki innowacyjnej nici COOLER opracowali\u015bmy materac, kt\u00f3ry jest w stanie zachowa\u0107 ch\u0142\u00f3d i da\u0107 cia\u0142u uczucie \u015bwie\u017co\u015bci i komfortu. Tkanina Cooler zapewnia orze\u017awiaj\u0105ce uczucie, co maksymalizuje jako\u015b\u0107 snu, a co za tym idzie, tworzy relaksuj\u0105ce otoczenie do wypoczynku.<\/p>\n<p style=\"font-weight: 400; text-align: justify;\">Cz\u0142owiek sp\u0119dza jedn\u0105 trzeci\u0105 cz\u0119\u015b\u0107 swojego \u017cycia na spaniu. Maj\u0105c to na uwadze, mo\u017cna stwierdzi\u0107, \u017ce dobry wypoczynek jest niezb\u0119dny do zdrowego i witalnego \u017cycia. Obni\u017cenie temperatury cia\u0142a u\u0142atwia zasypianie i poprawia jako\u015b\u0107 snu. Jednak czasem nasz organizm ma trudno\u015bci z przystosowaniem si\u0119 do temperatury otoczenia, co w znacznym stopniu utrudnia zasypianie. Wysokiej jako\u015bci wypoczynek jest niezb\u0119dny do rozpocz\u0119cia ka\u017cdego dnia w pe\u0142ni si\u0142, dlatego te\u017c utrzymanie \u015bwie\u017co\u015bci jest tak wa\u017cne je\u017celi chcemy, by godziny snu by\u0142y najbardziej wyczekiwanym momentem w ci\u0105gu dnia.<\/p>\n<p>[\/vc_column_text][\/vc_column_inner][\/vc_row_inner][vc_empty_space height=&#8221;50px&#8221;][\/vc_column][\/vc_row][vc_row css_animation=&#8221;&#8221; row_type=&#8221;row&#8221; use_row_as_full_screen_section=&#8221;no&#8221; type=&#8221;full_width&#8221; angled_section=&#8221;no&#8221; text_align=&#8221;left&#8221; background_image_as_pattern=&#8221;without_pattern&#8221;][vc_column][vc_single_image image=&#8221;3095&#8243; img_size=&#8221;full&#8221; alignment=&#8221;center&#8221; qode_css_animation=&#8221;&#8221;][vc_empty_space height=&#8221;55px&#8221;][vc_column_text]<\/p>\n<h4 style=\"text-align: center;\">G\u0141\u0118BOKI SEN W CH\u0141ODNYM \u0141\u00d3\u017bKU<\/h4>\n<p>[\/vc_column_text][vc_empty_space height=&#8221;20px&#8221;][vc_row_inner row_type=&#8221;row&#8221; type=&#8221;grid&#8221; text_align=&#8221;left&#8221; css_animation=&#8221;&#8221;][vc_column_inner][vc_column_text]<\/p>\n<p style=\"font-weight: 400; text-align: justify;\">Cooler dzi\u0119ki swojemu charakterystycznemu przewodnictwu ciep\u0142a i wysokiej jego absorpcji ma zdolno\u015b\u0107 utrzymywania przep\u0142ywu ch\u0142odnego powietrza. Ponadto zapewnia komfortowe \u015brodowisko, a to dzi\u0119ki przepuszczalno\u015bci pary wodnej. Testowanie i por\u00f3wnywanie w kilku akredytowanych mi\u0119dzynarodowo laboratoriach uniwersyteckich wykaza\u0142o, \u017ce technologia z innowacyjnym w\u0142\u00f3knem Cooler znacznie obni\u017ca temperatur\u0119.<\/p>\n<p>[\/vc_column_text][\/vc_column_inner][\/vc_row_inner][vc_empty_space height=&#8221;50px&#8221;][\/vc_column][\/vc_row][vc_row css_animation=&#8221;&#8221; row_type=&#8221;row&#8221; use_row_as_full_screen_section=&#8221;no&#8221; type=&#8221;full_width&#8221; angled_section=&#8221;no&#8221; text_align=&#8221;left&#8221; background_image_as_pattern=&#8221;without_pattern&#8221;][vc_column][vc_single_image image=&#8221;3096&#8243; img_size=&#8221;full&#8221; alignment=&#8221;center&#8221; qode_css_animation=&#8221;&#8221;][vc_empty_space height=&#8221;55px&#8221;][vc_column_text]<\/p>\n<h4 style=\"text-align: center;\">BEZ PRZERWY NOWE DOZNANIA<\/h4>\n<p>[\/vc_column_text][vc_empty_space height=&#8221;20px&#8221;][vc_row_inner row_type=&#8221;row&#8221; type=&#8221;grid&#8221; text_align=&#8221;left&#8221; css_animation=&#8221;&#8221;][vc_column_inner][vc_column_text]<\/p>\n<p style=\"text-align: justify;\">Nie pozw\u00f3l, aby upa\u0142 zak\u0142\u00f3ci\u0142 Tw\u00f3j sen. Poczuj pe\u0142n\u0105 regeneracj\u0119 ju\u017c na pocz\u0105tku ka\u017cdego dnia dzi\u0119ki maksymalnemu komfortowi, kt\u00f3ry pomo\u017ce osi\u0105gn\u0105\u0107 tkanina Cooler i jej sk\u0142adniki. Innowacja, kt\u00f3ra poprawi jako\u015b\u0107 Twojego wypoczynku. Znajd\u017a idealn\u0105 r\u00f3wnowag\u0119, dzi\u0119ki r\u00f3\u017cnym strukturom materia\u0142\u00f3w i wyko\u0144czeniom, kt\u00f3re poprawi\u0105 codzienne doznania. Poznaj r\u00f3\u017cne modele zaprojektowane z wykorzystaniem ekskluzywnej tkaniny Cooler i odkryj ci\u0105gle odradzaj\u0105ce si\u0119 wra\u017cenia, kt\u00f3re odzwierciedlaj\u0105 aktualny i tradycyjny komfort.<\/p>\n<p>[\/vc_column_text][\/vc_column_inner][\/vc_row_inner][vc_empty_space height=&#8221;50px&#8221;][\/vc_column][\/vc_row]<\/p>\n","protected":false},"excerpt":{"rendered":"<p>[vc_row css_animation=&#8221;&#8221; row_type=&#8221;row&#8221; use_row_as_full_screen_section=&#8221;no&#8221; type=&#8221;full_width&#8221; angled_section=&#8221;no&#8221; text_align=&#8221;left&#8221; background_image_as_pattern=&#8221;without_pattern&#8221;][vc_column][vc_single_image image=&#8221;2773&#8243; img_size=&#8221;full&#8221; alignment=&#8221;center&#8221; qode_css_animation=&#8221;&#8221;][vc_empty_space height=&#8221;55px&#8221;][vc_column_text] MATERIA\u0141 CH\u0141ODZ\u0104CY ,,COOLER\u201d [\/vc_column_text][vc_empty_space height=&#8221;20px&#8221;][vc_row_inner row_type=&#8221;row&#8221; type=&#8221;grid&#8221; text_align=&#8221;left&#8221; css_animation=&#8221;&#8221;][vc_column_inner][vc_column_text] W Karibian Descanso dzi\u0119ki innowacyjnej nici COOLER opracowali\u015bmy materac, kt\u00f3ry jest w stanie zachowa\u0107 ch\u0142\u00f3d i da\u0107 cia\u0142u uczucie \u015bwie\u017co\u015bci i komfortu. Tkanina&#8230;<\/p>\n","protected":false},"author":1,"featured_media":0,"parent":168,"menu_order":0,"comment_status":"closed","ping_status":"closed","template":"full_width.php","meta":{"footnotes":""},"class_list":["post-2770","page","type-page","status-publish","hentry"],"yoast_head":"<!-- This site is optimized with the Yoast SEO plugin v27.0 - https:\/\/yoast.com\/product\/yoast-seo-wordpress\/ -->\n<title>Cooler - Karibian Descanso<\/title>\n<meta name=\"robots\" content=\"index, follow, max-snippet:-1, max-image-preview:large, max-video-preview:-1\" \/>\n<link rel=\"canonical\" href=\"https:\/\/karibiandescanso.com\/materiales\/cooler-2\/\" \/>\n<meta property=\"og:locale\" content=\"pl_PL\" \/>\n<meta property=\"og:type\" content=\"article\" \/>\n<meta property=\"og:title\" content=\"Cooler - Karibian Descanso\" \/>\n<meta property=\"og:description\" content=\"[vc_row css_animation=&#8221;&#8221; row_type=&#8221;row&#8221; use_row_as_full_screen_section=&#8221;no&#8221; type=&#8221;full_width&#8221; angled_section=&#8221;no&#8221; text_align=&#8221;left&#8221; background_image_as_pattern=&#8221;without_pattern&#8221;][vc_column][vc_single_image image=&#8221;2773&#8243; img_size=&#8221;full&#8221; alignment=&#8221;center&#8221; qode_css_animation=&#8221;&#8221;][vc_empty_space height=&#8221;55px&#8221;][vc_column_text] MATERIA\u0141 CH\u0141ODZ\u0104CY ,,COOLER\u201d [\/vc_column_text][vc_empty_space height=&#8221;20px&#8221;][vc_row_inner row_type=&#8221;row&#8221; type=&#8221;grid&#8221; text_align=&#8221;left&#8221; css_animation=&#8221;&#8221;][vc_column_inner][vc_column_text] W Karibian Descanso dzi\u0119ki innowacyjnej nici COOLER opracowali\u015bmy materac, kt\u00f3ry jest w stanie zachowa\u0107 ch\u0142\u00f3d i da\u0107 cia\u0142u uczucie \u015bwie\u017co\u015bci i komfortu. Tkanina...\" \/>\n<meta property=\"og:url\" content=\"https:\/\/karibiandescanso.com\/materiales\/cooler-2\/\" \/>\n<meta property=\"og:site_name\" content=\"Karibian Descanso\" \/>\n<meta property=\"article:modified_time\" content=\"2023-03-10T14:43:31+00:00\" \/>\n<meta name=\"twitter:card\" content=\"summary_large_image\" \/>\n<meta name=\"twitter:label1\" content=\"Szacowany czas czytania\" \/>\n\t<meta name=\"twitter:data1\" content=\"2 minuty\" \/>\n<script type=\"application\/ld+json\" class=\"yoast-schema-graph\">{\"@context\":\"https:\/\/schema.org\",\"@graph\":[{\"@type\":\"WebPage\",\"@id\":\"https:\/\/karibiandescanso.com\/materiales\/cooler-2\/\",\"url\":\"https:\/\/karibiandescanso.com\/materiales\/cooler-2\/\",\"name\":\"Cooler - Karibian Descanso\",\"isPartOf\":{\"@id\":\"https:\/\/karibiandescanso.com\/#website\"},\"datePublished\":\"2018-09-11T10:09:52+00:00\",\"dateModified\":\"2023-03-10T14:43:31+00:00\",\"breadcrumb\":{\"@id\":\"https:\/\/karibiandescanso.com\/materiales\/cooler-2\/#breadcrumb\"},\"inLanguage\":\"pl-PL\",\"potentialAction\":[{\"@type\":\"ReadAction\",\"target\":[\"https:\/\/karibiandescanso.com\/materiales\/cooler-2\/\"]}]},{\"@type\":\"BreadcrumbList\",\"@id\":\"https:\/\/karibiandescanso.com\/materiales\/cooler-2\/#breadcrumb\",\"itemListElement\":[{\"@type\":\"ListItem\",\"position\":1,\"name\":\"Portada\",\"item\":\"https:\/\/karibiandescanso.com\/\"},{\"@type\":\"ListItem\",\"position\":2,\"name\":\"Materiales\",\"item\":\"https:\/\/karibiandescanso.com\/materiales\/\"},{\"@type\":\"ListItem\",\"position\":3,\"name\":\"Cooler\"}]},{\"@type\":\"WebSite\",\"@id\":\"https:\/\/karibiandescanso.com\/#website\",\"url\":\"https:\/\/karibiandescanso.com\/\",\"name\":\"Karibian Descanso\",\"description\":\"Gdzie jest odpoczynek\",\"potentialAction\":[{\"@type\":\"SearchAction\",\"target\":{\"@type\":\"EntryPoint\",\"urlTemplate\":\"https:\/\/karibiandescanso.com\/?s={search_term_string}\"},\"query-input\":{\"@type\":\"PropertyValueSpecification\",\"valueRequired\":true,\"valueName\":\"search_term_string\"}}],\"inLanguage\":\"pl-PL\"}]}<\/script>\n<!-- \/ Yoast SEO plugin. -->","yoast_head_json":{"title":"Cooler - Karibian Descanso","robots":{"index":"index","follow":"follow","max-snippet":"max-snippet:-1","max-image-preview":"max-image-preview:large","max-video-preview":"max-video-preview:-1"},"canonical":"https:\/\/karibiandescanso.com\/materiales\/cooler-2\/","og_locale":"pl_PL","og_type":"article","og_title":"Cooler - Karibian Descanso","og_description":"[vc_row css_animation=&#8221;&#8221; row_type=&#8221;row&#8221; use_row_as_full_screen_section=&#8221;no&#8221; type=&#8221;full_width&#8221; angled_section=&#8221;no&#8221; text_align=&#8221;left&#8221; background_image_as_pattern=&#8221;without_pattern&#8221;][vc_column][vc_single_image image=&#8221;2773&#8243; img_size=&#8221;full&#8221; alignment=&#8221;center&#8221; qode_css_animation=&#8221;&#8221;][vc_empty_space height=&#8221;55px&#8221;][vc_column_text] MATERIA\u0141 CH\u0141ODZ\u0104CY ,,COOLER\u201d [\/vc_column_text][vc_empty_space height=&#8221;20px&#8221;][vc_row_inner row_type=&#8221;row&#8221; type=&#8221;grid&#8221; text_align=&#8221;left&#8221; css_animation=&#8221;&#8221;][vc_column_inner][vc_column_text] W Karibian Descanso dzi\u0119ki innowacyjnej nici COOLER opracowali\u015bmy materac, kt\u00f3ry jest w stanie zachowa\u0107 ch\u0142\u00f3d i da\u0107 cia\u0142u uczucie \u015bwie\u017co\u015bci i komfortu. Tkanina...","og_url":"https:\/\/karibiandescanso.com\/materiales\/cooler-2\/","og_site_name":"Karibian Descanso","article_modified_time":"2023-03-10T14:43:31+00:00","twitter_card":"summary_large_image","twitter_misc":{"Szacowany czas czytania":"2 minuty"},"schema":{"@context":"https:\/\/schema.org","@graph":[{"@type":"WebPage","@id":"https:\/\/karibiandescanso.com\/materiales\/cooler-2\/","url":"https:\/\/karibiandescanso.com\/materiales\/cooler-2\/","name":"Cooler - Karibian Descanso","isPartOf":{"@id":"https:\/\/karibiandescanso.com\/#website"},"datePublished":"2018-09-11T10:09:52+00:00","dateModified":"2023-03-10T14:43:31+00:00","breadcrumb":{"@id":"https:\/\/karibiandescanso.com\/materiales\/cooler-2\/#breadcrumb"},"inLanguage":"pl-PL","potentialAction":[{"@type":"ReadAction","target":["https:\/\/karibiandescanso.com\/materiales\/cooler-2\/"]}]},{"@type":"BreadcrumbList","@id":"https:\/\/karibiandescanso.com\/materiales\/cooler-2\/#breadcrumb","itemListElement":[{"@type":"ListItem","position":1,"name":"Portada","item":"https:\/\/karibiandescanso.com\/"},{"@type":"ListItem","position":2,"name":"Materiales","item":"https:\/\/karibiandescanso.com\/materiales\/"},{"@type":"ListItem","position":3,"name":"Cooler"}]},{"@type":"WebSite","@id":"https:\/\/karibiandescanso.com\/#website","url":"https:\/\/karibiandescanso.com\/","name":"Karibian Descanso","description":"Gdzie jest odpoczynek","potentialAction":[{"@type":"SearchAction","target":{"@type":"EntryPoint","urlTemplate":"https:\/\/karibiandescanso.com\/?s={search_term_string}"},"query-input":{"@type":"PropertyValueSpecification","valueRequired":true,"valueName":"search_term_string"}}],"inLanguage":"pl-PL"}]}},"_links":{"self":[{"href":"https:\/\/karibiandescanso.com\/pl\/wp-json\/wp\/v2\/pages\/2770","targetHints":{"allow":["GET"]}}],"collection":[{"href":"https:\/\/karibiandescanso.com\/pl\/wp-json\/wp\/v2\/pages"}],"about":[{"href":"https:\/\/karibiandescanso.com\/pl\/wp-json\/wp\/v2\/types\/page"}],"author":[{"embeddable":true,"href":"https:\/\/karibiandescanso.com\/pl\/wp-json\/wp\/v2\/users\/1"}],"replies":[{"embeddable":true,"href":"https:\/\/karibiandescanso.com\/pl\/wp-json\/wp\/v2\/comments?post=2770"}],"version-history":[{"count":0,"href":"https:\/\/karibiandescanso.com\/pl\/wp-json\/wp\/v2\/pages\/2770\/revisions"}],"up":[{"embeddable":true,"href":"https:\/\/karibiandescanso.com\/pl\/wp-json\/wp\/v2\/pages\/168"}],"wp:attachment":[{"href":"https:\/\/karibiandescanso.com\/pl\/wp-json\/wp\/v2\/media?parent=2770"}],"curies":[{"name":"wp","href":"https:\/\/api.w.org\/{rel}","templated":true}]}}