{"id":34,"date":"2017-03-06T15:08:31","date_gmt":"2017-03-06T15:08:31","guid":{"rendered":"https:\/\/www.karibiandescanso.com\/?page_id=34"},"modified":"2025-12-19T10:28:06","modified_gmt":"2025-12-19T09:28:06","slug":"inicio","status":"publish","type":"page","link":"https:\/\/karibiandescanso.com\/pl\/","title":{"rendered":"START"},"content":{"rendered":"<p>[vc_row css_animation=&#8221;&#8221; row_type=&#8221;row&#8221; use_row_as_full_screen_section=&#8221;no&#8221; type=&#8221;full_width&#8221; angled_section=&#8221;no&#8221; text_align=&#8221;left&#8221; background_image_as_pattern=&#8221;without_pattern&#8221;][vc_column][vc_single_image image=&#8221;11899&#8243; img_size=&#8221;full&#8221; alignment=&#8221;center&#8221; qode_css_animation=&#8221;&#8221;][\/vc_column][\/vc_row][vc_row css_animation=&#8221;&#8221; row_type=&#8221;row&#8221; use_row_as_full_screen_section=&#8221;no&#8221; type=&#8221;grid&#8221; angled_section=&#8221;no&#8221; text_align=&#8221;left&#8221; background_image_as_pattern=&#8221;without_pattern&#8221; z_index=&#8221;&#8221;][vc_column][vc_empty_space height=&#8221;70px&#8221;][vc_column_text]<\/p>\n<h4 style=\"text-align: center;\">NAJLEPSZE PO\u0141\u0104CZENIE TRADYCJI, JAKO\u015aCIOWYCH MATERIA\u0141\u00d3W I TECHNOLOGII<\/h4>\n<p>[\/vc_column_text][vc_empty_space height=&#8221;40px&#8221;][vc_row_inner row_type=&#8221;row&#8221; type=&#8221;full_width&#8221; text_align=&#8221;left&#8221; css_animation=&#8221;&#8221;][vc_column_inner width=&#8221;1\/3&#8243;][vc_single_image image=&#8221;2652&#8243; img_size=&#8221;full&#8221; alignment=&#8221;center&#8221; qode_css_animation=&#8221;&#8221;][vc_empty_space height=&#8221;20px&#8221;][vc_column_text]<\/p>\n<h5>KAPITA\u0141 LUDZKI<\/h5>\n<p>[\/vc_column_text][vc_empty_space height=&#8221;12px&#8221;][vc_column_text]<\/p>\n<p style=\"text-align: justify;\"><em>Mo\u017cemy liczy\u0107 na zesp\u00f3\u0142 prawdziwych profesjonalist\u00f3w w sferze odpoczynku i wsp\u00f3lnie stawiamy na funkcjonalno\u015b\u0107, design, a przede wszystkim na jako\u015bciowe materia\u0142y i wyko\u0144czenia. Naszym celem jest zaspokojenie potrzeb ka\u017cdego z klient\u00f3w i robimy to, poprzez tworzenie materac\u00f3w, kt\u00f3re ka\u017cdej nocy zapewni\u0105 wy\u015bniony odpoczynek.<\/em><\/p>\n<p>[\/vc_column_text][vc_empty_space height=&#8221;20px&#8221;][\/vc_column_inner][vc_column_inner width=&#8221;1\/3&#8243;][vc_single_image image=&#8221;2653&#8243; img_size=&#8221;full&#8221; alignment=&#8221;center&#8221; qode_css_animation=&#8221;&#8221;][vc_empty_space height=&#8221;20px&#8221;][vc_column_text]<\/p>\n<h5>ELASTYCZNO\u015a\u0106<\/h5>\n<p>[\/vc_column_text][vc_empty_space height=&#8221;12px&#8221;][vc_column_text]<\/p>\n<p style=\"text-align: justify;\"><em>Czas, kt\u00f3ry po\u015bwi\u0119camy na odpoczynek to jedna trzecia naszego \u017cycia. Mo\u017cna zatem \u015bmia\u0142o stwierdzi\u0107, \u017ce dobry wypoczynek jest niezb\u0119dny do zdrowego i satysfakcjonuj\u0105cego \u017cycia. Ze wzgl\u0119du na to, dla ka\u017cdego klienta przygotowali\u015bmy gam\u0119 produkt\u00f3w, maj\u0105c na uwadze rodzaj materia\u0142u, solidno\u015b\u0107 oraz doznania.<\/em><\/p>\n<p>[\/vc_column_text][vc_empty_space height=&#8221;20px&#8221;][\/vc_column_inner][vc_column_inner width=&#8221;1\/3&#8243;][vc_single_image image=&#8221;2654&#8243; img_size=&#8221;full&#8221; alignment=&#8221;center&#8221; onclick=&#8221;custom_link&#8221; qode_css_animation=&#8221;&#8221; link=&#8221;https:\/\/www.karibiandescanso.com\/materiales\/&#8221;][vc_empty_space height=&#8221;20px&#8221;][vc_column_text]<\/p>\n<h5>WYSELEKCJONOWANE MATERIA\u0141Y<\/h5>\n<p>[\/vc_column_text][vc_empty_space height=&#8221;12px&#8221;][vc_column_text]<\/p>\n<p style=\"text-align: justify;\"><em>Wybieramy najlepsze i najwy\u017cszej jako\u015bci materia\u0142y, kt\u00f3rymi obdarowa\u0142a nas natura i \u0142\u0105czymy je ze sob\u0105 w taki spos\u00f3b, aby nada\u0107 ka\u017cdemu z naszych modeli wypoczynku w\u0142asn\u0105 niepowtarzaln\u0105 dusz\u0119 i osobowo\u015b\u0107. Wyselekcjonowanie najlepszych naturalnych materia\u0142\u00f3w to klucz do idealnego snu.<\/em><\/p>\n<p>[\/vc_column_text][vc_empty_space height=&#8221;20px&#8221;][\/vc_column_inner][\/vc_row_inner][vc_empty_space height=&#8221;30px&#8221;][\/vc_column][\/vc_row][vc_row css_animation=&#8221;&#8221; row_type=&#8221;row&#8221; use_row_as_full_screen_section=&#8221;no&#8221; type=&#8221;full_width&#8221; angled_section=&#8221;no&#8221; text_align=&#8221;left&#8221; background_image_as_pattern=&#8221;without_pattern&#8221;][vc_column][vc_single_image image=&#8221;11272&#8243; img_size=&#8221;full&#8221; onclick=&#8221;custom_link&#8221; qode_css_animation=&#8221;&#8221; link=&#8221;https:\/\/www.karibiandescanso.com\/materiales\/breeze\/&#8221;]\n\t\t\t<!-- START Video Vimeo Inicio REVOLUTION SLIDER 6.4.11 --><p class=\"rs-p-wp-fix\"><\/p>\n\t\t\t<rs-module-wrap id=\"rev_slider_4_1_wrapper\" data-source=\"gallery\" style=\"background:transparent;padding:0;margin:0px auto;margin-top:0;margin-bottom:0;max-width:;\">\n\t\t\t\t<rs-module id=\"rev_slider_4_1\" style=\"\" data-version=\"6.4.11\">\n\t\t\t\t\t<rs-slides>\n\t\t\t\t\t\t<rs-slide data-key=\"rs-11\" data-title=\"Slide\" data-link=\"\/productos\" data-target=\"_self\" data-seoz=\"front\" data-anim=\"ms:600;r:0;\" data-in=\"o:0;\" data-out=\"a:false;\">\n\t\t\t\t\t\t\t<img loading=\"lazy\" decoding=\"async\" src=\"\/\/www.karibiandescanso.com\/wp-content\/uploads\/2020\/09\/NI\u00d1OS-TAMA\u00d1O-1-1.jpg\" title=\"Atomic Karibian\" width=\"1920\" height=\"852\" class=\"rev-slidebg tp-rs-img\" data-panzoom=\"d:10000;ss:100;se:110;\" data-no-retina>\n<!---->\t\t\t\t\t\t<\/rs-slide>\n\t\t\t\t\t\t<rs-slide data-key=\"rs-32\" data-title=\"Slide\" data-link=\"\/productos\" data-target=\"_self\" data-seoz=\"front\" data-anim=\"ms:600;r:0;\" data-in=\"o:0;\" data-out=\"a:false;\">\n\t\t\t\t\t\t\t<img loading=\"lazy\" decoding=\"async\" src=\"\/\/www.karibiandescanso.com\/wp-content\/uploads\/2020\/03\/slide-ninos-2.jpg\" title=\"slide-ninos\" width=\"1920\" height=\"666\" class=\"rev-slidebg tp-rs-img\" data-panzoom=\"d:10000;ss:100;se:110;\" data-no-retina>\n<!---->\t\t\t\t\t\t<\/rs-slide>\n\t\t\t\t\t<\/rs-slides>\n\t\t\t\t\t<rs-static-layers><!--\n\t\t\t\t\t--><\/rs-static-layers>\n\t\t\t\t<\/rs-module>\n\t\t\t\t<script type=\"text\/javascript\">\n\t\t\t\t\tsetREVStartSize({c: 'rev_slider_4_1',rl:[1240,1024,778,480],el:[868],gw:[1240],gh:[868],type:'standard',justify:'',layout:'fullwidth',mh:\"0\"});\n\t\t\t\t\tvar\trevapi4,\n\t\t\t\t\t\ttpj;\n\t\t\t\t\tfunction revinit_revslider41() {\n\t\t\t\t\tjQuery(function() {\n\t\t\t\t\t\ttpj = jQuery;\n\t\t\t\t\t\trevapi4 = tpj(\"#rev_slider_4_1\");\n\t\t\t\t\t\tif(revapi4==undefined || revapi4.revolution == undefined){\n\t\t\t\t\t\t\trevslider_showDoubleJqueryError(\"rev_slider_4_1\");\n\t\t\t\t\t\t}else{\n\t\t\t\t\t\t\trevapi4.revolution({\n\t\t\t\t\t\t\t\tvisibilityLevels:\"1240,1024,778,480\",\n\t\t\t\t\t\t\t\tgridwidth:1240,\n\t\t\t\t\t\t\t\tgridheight:868,\n\t\t\t\t\t\t\t\tspinner:\"spinner0\",\n\t\t\t\t\t\t\t\tperspective:600,\n\t\t\t\t\t\t\t\tperspectiveType:\"local\",\n\t\t\t\t\t\t\t\teditorheight:\"868,768,960,720\",\n\t\t\t\t\t\t\t\tresponsiveLevels:\"1240,1024,778,480\",\n\t\t\t\t\t\t\t\tprogressBar:{disableProgressBar:true},\n\t\t\t\t\t\t\t\tnavigation: {\n\t\t\t\t\t\t\t\t\tonHoverStop:false\n\t\t\t\t\t\t\t\t},\n\t\t\t\t\t\t\t\tfallbacks: {\n\t\t\t\t\t\t\t\t\tallowHTML5AutoPlayOnAndroid:true\n\t\t\t\t\t\t\t\t},\n\t\t\t\t\t\t\t});\n\t\t\t\t\t\t}\n\t\t\t\t\t\t\n\t\t\t\t\t});\n\t\t\t\t\t} \/\/ End of RevInitScript\n\t\t\t\tvar once_revslider41 = false;\n\t\t\t\tif (document.readyState === \"loading\") {document.addEventListener('readystatechange',function() { if((document.readyState === \"interactive\" || document.readyState === \"complete\") && !once_revslider41 ) { once_revslider41 = true; revinit_revslider41();}});} else {once_revslider41 = true; revinit_revslider41();}\n\t\t\t\t<\/script>\n\t\t\t\t<script>\n\t\t\t\t\tvar htmlDivCss = unescape(\".rs-background-video-layer%20iframe%20%7Bvisibility%3Ainherit%20%21important%3B%7D\");\n\t\t\t\t\tvar htmlDiv = document.getElementById('rs-plugin-settings-inline-css');\n\t\t\t\t\tif(htmlDiv) {\n\t\t\t\t\t\thtmlDiv.innerHTML = htmlDiv.innerHTML + htmlDivCss;\n\t\t\t\t\t}else{\n\t\t\t\t\t\tvar htmlDiv = document.createElement('div');\n\t\t\t\t\t\thtmlDiv.innerHTML = '<style>' + htmlDivCss + '<\/style>';\n\t\t\t\t\t\tdocument.getElementsByTagName('head')[0].appendChild(htmlDiv.childNodes[0]);\n\t\t\t\t\t}\n\t\t\t\t<\/script>\n\t\t\t<\/rs-module-wrap>\n\t\t\t<!-- END REVOLUTION SLIDER -->\n[vc_single_image image=&#8221;11273&#8243; img_size=&#8221;full&#8221; onclick=&#8221;custom_link&#8221; qode_css_animation=&#8221;&#8221; link=&#8221;https:\/\/www.karibiandescanso.com\/oeko-tex\/&#8221;][\/vc_column][\/vc_row][vc_row css_animation=&#8221;&#8221; row_type=&#8221;row&#8221; use_row_as_full_screen_section=&#8221;no&#8221; type=&#8221;grid&#8221; angled_section=&#8221;no&#8221; text_align=&#8221;left&#8221; background_image_as_pattern=&#8221;without_pattern&#8221; z_index=&#8221;&#8221;][vc_column][vc_empty_space height=&#8221;60px&#8221;][vc_row_inner row_type=&#8221;row&#8221; type=&#8221;full_width&#8221; text_align=&#8221;left&#8221; css_animation=&#8221;&#8221;][vc_column_inner width=&#8221;1\/3&#8243;][vc_single_image image=&#8221;3019&#8243; img_size=&#8221;full&#8221; alignment=&#8221;center&#8221; onclick=&#8221;custom_link&#8221; qode_css_animation=&#8221;&#8221; link=&#8221;https:\/\/www.karibiandescanso.com\/materiales\/hybrid-fusion\/&#8221;][vc_empty_space height=&#8221;20px&#8221;][vc_column_text]<\/p>\n<h5>HYBRYDOWA FUZJA<\/h5>\n<p>[\/vc_column_text][vc_empty_space height=&#8221;12px&#8221;][vc_column_text]<\/p>\n<p style=\"text-align: justify;\"><em>Hybrydowa fuzja to kombinacja system\u00f3w, kt\u00f3re \u0142\u0105cz\u0105 w sobie dwie r\u00f3\u017cne technologie: spr\u0119\u017cyny kieszeniowe i piank\u0119 termoelastyczn\u0105. To po\u0142\u0105czenie zapewnia najwy\u017csz\u0105 jako\u015b\u0107 snu, pozwalaj\u0105c \u015bpi\u0105cym uzyska\u0107 jak najwi\u0119cej korzy\u015bci z obu materia\u0142\u00f3w.<\/em><\/p>\n<p>[\/vc_column_text][vc_empty_space height=&#8221;20px&#8221;][\/vc_column_inner][vc_column_inner width=&#8221;1\/3&#8243;][vc_single_image image=&#8221;3010&#8243; img_size=&#8221;full&#8221; alignment=&#8221;center&#8221; onclick=&#8221;custom_link&#8221; qode_css_animation=&#8221;&#8221; link=&#8221;https:\/\/www.karibiandescanso.com\/materiales\/muelles\/&#8221;][vc_empty_space height=&#8221;20px&#8221;][vc_column_text]<\/p>\n<h5>SPR\u0118\u017bYNY KIESZENIOWE<\/h5>\n<p>[\/vc_column_text][vc_empty_space height=&#8221;12px&#8221;][vc_column_text]<\/p>\n<p style=\"text-align: justify;\"><em>Spr\u0119\u017cyny to czysta fizyka i to one odpowiadaj\u0105 za \u0142agodzenie napi\u0119\u0107 i wspieraj\u0105 nasz optymalny wypoczynek. Najwy\u017cszej jako\u015bci spr\u0119\u017cyny, kt\u00f3re wsp\u00f3\u0142dzia\u0142aj\u0105 w pe\u0142nej harmonii, zapewni\u0105 prawid\u0142owe u\u0142o\u017cenie cia\u0142a, dopasowuj\u0105c si\u0119 do niego i oferuj\u0105c pe\u0142ne podparcie, a tym samym relaks.<\/em><\/p>\n<p>[\/vc_column_text][vc_empty_space height=&#8221;20px&#8221;][\/vc_column_inner][vc_column_inner width=&#8221;1\/3&#8243;][vc_single_image image=&#8221;3011&#8243; img_size=&#8221;full&#8221; alignment=&#8221;center&#8221; onclick=&#8221;custom_link&#8221; qode_css_animation=&#8221;&#8221; link=&#8221;https:\/\/www.karibiandescanso.com\/materiales\/cooler-2\/&#8221;][vc_empty_space height=&#8221;20px&#8221;][vc_column_text]<\/p>\n<h5>TKANINA CH\u0141ODZ\u0104CA COOLER\u201d<\/h5>\n<p>[\/vc_column_text][vc_empty_space height=&#8221;12px&#8221;][vc_column_text]<\/p>\n<p style=\"text-align: justify;\"><em>Za pomoc\u0105 nici Cooler opracowali\u015bmy materac, kt\u00f3ry jest w stanie utrzyma\u0107 nisk\u0105 temperatur\u0119 przez ca\u0142\u0105 noc. Technologia ta zapewnia organizmowi uczucie \u015bwie\u017co\u015bci i komfortu, co zmaksymalizuje jako\u015b\u0107 snu poprzez utrzymanie \u015brodowiska sprzyjaj\u0105cego ca\u0142kowitemu odpr\u0119\u017ceniu.<\/em><\/p>\n<p>[\/vc_column_text][vc_empty_space height=&#8221;20px&#8221;][\/vc_column_inner][\/vc_row_inner][vc_empty_space height=&#8221;30px&#8221;][\/vc_column][\/vc_row][vc_row css_animation=&#8221;&#8221; row_type=&#8221;row&#8221; use_row_as_full_screen_section=&#8221;no&#8221; type=&#8221;full_width&#8221; angled_section=&#8221;no&#8221; text_align=&#8221;left&#8221; background_image_as_pattern=&#8221;without_pattern&#8221;][vc_column][vc_empty_space height=&#8221;25px&#8221;][vc_single_image image=&#8221;10283&#8243; img_size=&#8221;full&#8221; alignment=&#8221;center&#8221; onclick=&#8221;custom_link&#8221; qode_css_animation=&#8221;&#8221; link=&#8221;https:\/\/www.muebledeespana.com\/brands\/karibian-descanso\/&#8221;][vc_empty_space height=&#8221;25px&#8221;][\/vc_column][\/vc_row][vc_row css_animation=&#8221;&#8221; row_type=&#8221;row&#8221; use_row_as_full_screen_section=&#8221;no&#8221; type=&#8221;full_width&#8221; angled_section=&#8221;no&#8221; text_align=&#8221;left&#8221; background_image_as_pattern=&#8221;without_pattern&#8221; background_image=&#8221;1603&#8243; el_id=&#8221;newsletter&#8221; z_index=&#8221;&#8221;][vc_column el_id=&#8221;newsletter&#8221;][vc_row_inner row_type=&#8221;row&#8221; type=&#8221;grid&#8221; text_align=&#8221;left&#8221; css_animation=&#8221;&#8221;][vc_column_inner width=&#8221;1\/2&#8243;][vc_empty_space height=&#8221;50px&#8221;][vc_column_text]<\/p>\n<h2 style=\"text-align: center;\">NEWSLETTER<\/h2>\n<p>[\/vc_column_text][vc_empty_space height=&#8221;15px&#8221;][vc_column_text]<\/p>\n<p style=\"text-align: center;\">Zapisz si\u0119 ju\u017c teraz do naszego newslettera i jako pierwszy otrzymuj informacje o nowo\u015bciach i poradach ze \u015bwiata wypoczynku.<\/p>\n<p>[\/vc_column_text][vc_empty_space height=&#8221;15px&#8221;][vc_column_text]<form id=\"forminator-module-18051\" class=\"forminator-custom-form forminator-custom-form-18051\" method=\"post\" data-forminator-render=\"0\" data-uid=\"69f0d8b47aa67\"><div role=\"alert\" aria-live=\"polite\" class=\"forminator-response-message forminator-error\" aria-hidden=\"true\"><\/div><\/form>[\/vc_column_text][vc_empty_space height=&#8221;50px&#8221;][\/vc_column_inner][vc_column_inner width=&#8221;1\/2&#8243;][\/vc_column_inner][\/vc_row_inner][\/vc_column][\/vc_row][vc_row css_animation=&#8221;&#8221; row_type=&#8221;row&#8221; use_row_as_full_screen_section=&#8221;no&#8221; type=&#8221;grid&#8221; angled_section=&#8221;no&#8221; text_align=&#8221;left&#8221; background_image_as_pattern=&#8221;without_pattern&#8221; z_index=&#8221;&#8221; css=&#8221;.vc_custom_1756117759945{margin-top: 50px !important;margin-bottom: 50px !important;}&#8221;][vc_column width=&#8221;2\/4&#8243;][vc_column_text]<\/p>\n<h3>\u041f\u043e\u043b\u0443\u0447\u0435\u043d\u0430 \u0441\u0443\u0431\u0441\u0438\u0434\u0438\u044f \u043d\u0430 \u0443\u0441\u0442\u0430\u043d\u043e\u0432\u043a\u0443 \u0441\u043e\u043b\u043d\u0435\u0447\u043d\u044b\u0445 \u043f\u0430\u043d\u0435\u043b\u0435\u0439<\/h3>\n<p><strong>\u041f\u0440\u043e\u0435\u043a\u0442 \u0444\u0438\u043d\u0430\u043d\u0441\u0438\u0440\u0443\u0435\u0442\u0441\u044f \u0415\u0432\u0440\u043e\u043f\u0435\u0439\u0441\u043a\u0438\u043c \u0421\u043e\u044e\u0437\u043e\u043c \u2013 NextGenerationEU.<\/strong><br \/>\n\u0424\u043e\u0442\u043e\u0432\u043e\u043b\u044c\u0442\u0430\u0438\u0447\u0435\u0441\u043a\u0430\u044f \u0441\u043e\u043b\u043d\u0435\u0447\u043d\u0430\u044f \u0443\u0441\u0442\u0430\u043d\u043e\u0432\u043a\u0430 \u0434\u043b\u044f \u0441\u043e\u0431\u0441\u0442\u0432\u0435\u043d\u043d\u043e\u0433\u043e \u043f\u043e\u0442\u0440\u0435\u0431\u043b\u0435\u043d\u0438\u044f, \u0441\u0443\u0431\u0441\u0438\u0434\u0438\u0440\u0443\u0435\u043c\u0430\u044f \u0432 \u0440\u0430\u043c\u043a\u0430\u0445 \u041f\u043b\u0430\u043d\u0430 \u0432\u043e\u0441\u0441\u0442\u0430\u043d\u043e\u0432\u043b\u0435\u043d\u0438\u044f, \u0442\u0440\u0430\u043d\u0441\u0444\u043e\u0440\u043c\u0430\u0446\u0438\u0438 \u0438 \u0443\u0441\u0442\u043e\u0439\u0447\u0438\u0432\u043e\u0441\u0442\u0438 (C7).[\/vc_column_text][\/vc_column][vc_column width=&#8221;1\/4&#8243;][vc_single_image image=&#8221;18172&#8243; img_size=&#8221;full&#8221; qode_css_animation=&#8221;&#8221;][\/vc_column][vc_column width=&#8221;1\/4&#8243;][vc_single_image image=&#8221;18175&#8243; img_size=&#8221;full&#8221; qode_css_animation=&#8221;&#8221;][\/vc_column][\/vc_row]<\/p>\n","protected":false},"excerpt":{"rendered":"<p>[vc_row css_animation=&#8221;&#8221; row_type=&#8221;row&#8221; use_row_as_full_screen_section=&#8221;no&#8221; type=&#8221;full_width&#8221; angled_section=&#8221;no&#8221; text_align=&#8221;left&#8221; background_image_as_pattern=&#8221;without_pattern&#8221;][vc_column][vc_single_image image=&#8221;11899&#8243; img_size=&#8221;full&#8221; alignment=&#8221;center&#8221; qode_css_animation=&#8221;&#8221;][\/vc_column][\/vc_row][vc_row css_animation=&#8221;&#8221; row_type=&#8221;row&#8221; use_row_as_full_screen_section=&#8221;no&#8221; type=&#8221;grid&#8221; angled_section=&#8221;no&#8221; text_align=&#8221;left&#8221; background_image_as_pattern=&#8221;without_pattern&#8221; z_index=&#8221;&#8221;][vc_column][vc_empty_space height=&#8221;70px&#8221;][vc_column_text] NAJLEPSZE PO\u0141\u0104CZENIE TRADYCJI, JAKO\u015aCIOWYCH MATERIA\u0141\u00d3W I TECHNOLOGII [\/vc_column_text][vc_empty_space height=&#8221;40px&#8221;][vc_row_inner row_type=&#8221;row&#8221; type=&#8221;full_width&#8221; text_align=&#8221;left&#8221; css_animation=&#8221;&#8221;][vc_column_inner width=&#8221;1\/3&#8243;][vc_single_image image=&#8221;2652&#8243; img_size=&#8221;full&#8221; alignment=&#8221;center&#8221; qode_css_animation=&#8221;&#8221;][vc_empty_space height=&#8221;20px&#8221;][vc_column_text] KAPITA\u0141 LUDZKI [\/vc_column_text][vc_empty_space height=&#8221;12px&#8221;][vc_column_text] Mo\u017cemy&#8230;<\/p>\n","protected":false},"author":1,"featured_media":0,"parent":0,"menu_order":0,"comment_status":"closed","ping_status":"closed","template":"full_width.php","meta":{"footnotes":""},"class_list":["post-34","page","type-page","status-publish","hentry"],"yoast_head":"<!-- This site is optimized with the Yoast SEO plugin v27.0 - https:\/\/yoast.com\/product\/yoast-seo-wordpress\/ -->\n<title>Karibian Descanso - Fabricante de Colchones de alta calidad<\/title>\n<meta name=\"description\" content=\"Karibian Descanso es un fabricante de colchones que incluyen los mejores materiales junto a la tecnolog\u00eda mas avanzada. Yecla Murcia (SPAIN)\" \/>\n<meta name=\"robots\" content=\"index, follow, max-snippet:-1, max-image-preview:large, max-video-preview:-1\" \/>\n<link rel=\"canonical\" href=\"https:\/\/karibiandescanso.com\/\" \/>\n<meta property=\"og:locale\" content=\"pl_PL\" \/>\n<meta property=\"og:type\" content=\"article\" \/>\n<meta property=\"og:title\" content=\"Karibian Descanso - Fabricante de Colchones de alta calidad\" \/>\n<meta property=\"og:description\" content=\"Karibian Descanso es un fabricante de colchones que incluyen los mejores materiales junto a la tecnolog\u00eda mas avanzada. Yecla Murcia (SPAIN)\" \/>\n<meta property=\"og:url\" content=\"https:\/\/karibiandescanso.com\/\" \/>\n<meta property=\"og:site_name\" content=\"Karibian Descanso\" \/>\n<meta property=\"article:modified_time\" content=\"2025-12-19T09:28:06+00:00\" \/>\n<meta name=\"twitter:card\" content=\"summary_large_image\" \/>\n<meta name=\"twitter:label1\" content=\"Szacowany czas czytania\" \/>\n\t<meta name=\"twitter:data1\" content=\"6 minut\" \/>\n<script type=\"application\/ld+json\" class=\"yoast-schema-graph\">{\"@context\":\"https:\/\/schema.org\",\"@graph\":[{\"@type\":\"WebPage\",\"@id\":\"https:\/\/karibiandescanso.com\/\",\"url\":\"https:\/\/karibiandescanso.com\/\",\"name\":\"Karibian Descanso - Fabricante de Colchones de alta calidad\",\"isPartOf\":{\"@id\":\"https:\/\/karibiandescanso.com\/#website\"},\"datePublished\":\"2017-03-06T15:08:31+00:00\",\"dateModified\":\"2025-12-19T09:28:06+00:00\",\"description\":\"Karibian Descanso es un fabricante de colchones que incluyen los mejores materiales junto a la tecnolog\u00eda mas avanzada. Yecla Murcia (SPAIN)\",\"breadcrumb\":{\"@id\":\"https:\/\/karibiandescanso.com\/#breadcrumb\"},\"inLanguage\":\"pl-PL\",\"potentialAction\":[{\"@type\":\"ReadAction\",\"target\":[\"https:\/\/karibiandescanso.com\/\"]}]},{\"@type\":\"BreadcrumbList\",\"@id\":\"https:\/\/karibiandescanso.com\/#breadcrumb\",\"itemListElement\":[{\"@type\":\"ListItem\",\"position\":1,\"name\":\"Portada\",\"item\":\"https:\/\/karibiandescanso.com\/\"},{\"@type\":\"ListItem\",\"position\":2,\"name\":\"Inicio\"}]},{\"@type\":\"WebSite\",\"@id\":\"https:\/\/karibiandescanso.com\/#website\",\"url\":\"https:\/\/karibiandescanso.com\/\",\"name\":\"Karibian Descanso\",\"description\":\"Gdzie jest odpoczynek\",\"potentialAction\":[{\"@type\":\"SearchAction\",\"target\":{\"@type\":\"EntryPoint\",\"urlTemplate\":\"https:\/\/karibiandescanso.com\/?s={search_term_string}\"},\"query-input\":{\"@type\":\"PropertyValueSpecification\",\"valueRequired\":true,\"valueName\":\"search_term_string\"}}],\"inLanguage\":\"pl-PL\"}]}<\/script>\n<!-- \/ Yoast SEO plugin. -->","yoast_head_json":{"title":"Karibian Descanso - Fabricante de Colchones de alta calidad","description":"Karibian Descanso es un fabricante de colchones que incluyen los mejores materiales junto a la tecnolog\u00eda mas avanzada. Yecla Murcia (SPAIN)","robots":{"index":"index","follow":"follow","max-snippet":"max-snippet:-1","max-image-preview":"max-image-preview:large","max-video-preview":"max-video-preview:-1"},"canonical":"https:\/\/karibiandescanso.com\/","og_locale":"pl_PL","og_type":"article","og_title":"Karibian Descanso - Fabricante de Colchones de alta calidad","og_description":"Karibian Descanso es un fabricante de colchones que incluyen los mejores materiales junto a la tecnolog\u00eda mas avanzada. Yecla Murcia (SPAIN)","og_url":"https:\/\/karibiandescanso.com\/","og_site_name":"Karibian Descanso","article_modified_time":"2025-12-19T09:28:06+00:00","twitter_card":"summary_large_image","twitter_misc":{"Szacowany czas czytania":"6 minut"},"schema":{"@context":"https:\/\/schema.org","@graph":[{"@type":"WebPage","@id":"https:\/\/karibiandescanso.com\/","url":"https:\/\/karibiandescanso.com\/","name":"Karibian Descanso - Fabricante de Colchones de alta calidad","isPartOf":{"@id":"https:\/\/karibiandescanso.com\/#website"},"datePublished":"2017-03-06T15:08:31+00:00","dateModified":"2025-12-19T09:28:06+00:00","description":"Karibian Descanso es un fabricante de colchones que incluyen los mejores materiales junto a la tecnolog\u00eda mas avanzada. Yecla Murcia (SPAIN)","breadcrumb":{"@id":"https:\/\/karibiandescanso.com\/#breadcrumb"},"inLanguage":"pl-PL","potentialAction":[{"@type":"ReadAction","target":["https:\/\/karibiandescanso.com\/"]}]},{"@type":"BreadcrumbList","@id":"https:\/\/karibiandescanso.com\/#breadcrumb","itemListElement":[{"@type":"ListItem","position":1,"name":"Portada","item":"https:\/\/karibiandescanso.com\/"},{"@type":"ListItem","position":2,"name":"Inicio"}]},{"@type":"WebSite","@id":"https:\/\/karibiandescanso.com\/#website","url":"https:\/\/karibiandescanso.com\/","name":"Karibian Descanso","description":"Gdzie jest odpoczynek","potentialAction":[{"@type":"SearchAction","target":{"@type":"EntryPoint","urlTemplate":"https:\/\/karibiandescanso.com\/?s={search_term_string}"},"query-input":{"@type":"PropertyValueSpecification","valueRequired":true,"valueName":"search_term_string"}}],"inLanguage":"pl-PL"}]}},"_links":{"self":[{"href":"https:\/\/karibiandescanso.com\/pl\/wp-json\/wp\/v2\/pages\/34","targetHints":{"allow":["GET"]}}],"collection":[{"href":"https:\/\/karibiandescanso.com\/pl\/wp-json\/wp\/v2\/pages"}],"about":[{"href":"https:\/\/karibiandescanso.com\/pl\/wp-json\/wp\/v2\/types\/page"}],"author":[{"embeddable":true,"href":"https:\/\/karibiandescanso.com\/pl\/wp-json\/wp\/v2\/users\/1"}],"replies":[{"embeddable":true,"href":"https:\/\/karibiandescanso.com\/pl\/wp-json\/wp\/v2\/comments?post=34"}],"version-history":[{"count":0,"href":"https:\/\/karibiandescanso.com\/pl\/wp-json\/wp\/v2\/pages\/34\/revisions"}],"wp:attachment":[{"href":"https:\/\/karibiandescanso.com\/pl\/wp-json\/wp\/v2\/media?parent=34"}],"curies":[{"name":"wp","href":"https:\/\/api.w.org\/{rel}","templated":true}]}}