{"id":59,"date":"2017-03-06T16:05:36","date_gmt":"2017-03-06T16:05:36","guid":{"rendered":"https:\/\/www.karibiandescanso.com\/?page_id=59"},"modified":"2024-07-17T15:22:23","modified_gmt":"2024-07-17T13:22:23","slug":"nosotros","status":"publish","type":"page","link":"https:\/\/karibiandescanso.com\/pl\/nosotros\/","title":{"rendered":"Firma"},"content":{"rendered":"<p>[vc_row css_animation=&#8221;&#8221; row_type=&#8221;row&#8221; use_row_as_full_screen_section=&#8221;no&#8221; type=&#8221;full_width&#8221; angled_section=&#8221;no&#8221; text_align=&#8221;left&#8221; background_image_as_pattern=&#8221;without_pattern&#8221;][vc_column][vc_empty_space height=&#8221;30px&#8221;][vc_single_image image=&#8221;7077&#8243; img_size=&#8221;full&#8221; alignment=&#8221;center&#8221; qode_css_animation=&#8221;&#8221;][vc_empty_space height=&#8221;50px&#8221;][\/vc_column][\/vc_row][vc_row css_animation=&#8221;&#8221; row_type=&#8221;row&#8221; use_row_as_full_screen_section=&#8221;no&#8221; type=&#8221;full_width&#8221; angled_section=&#8221;no&#8221; text_align=&#8221;left&#8221; background_image_as_pattern=&#8221;without_pattern&#8221;][vc_column][vc_column_text]<\/p>\n<h5 style=\"text-align: center; color: #7fb6e2;\">FILOZOFIA<\/h5>\n<p>[\/vc_column_text][vc_column_text]<\/p>\n<h4 style=\"text-align: center; text-decoration: none;\">Kim jeste\u015bmy?<\/h4>\n<p>[\/vc_column_text][vc_separator type=&#8221;small&#8221; position=&#8221;center&#8221; color=&#8221;#7fb6e2&#8243; thickness=&#8221;2&#8243; width=&#8221;150&#8243; up=&#8221;10&#8243; down=&#8221;10&#8243;][vc_empty_space height=&#8221;40px&#8221;][\/vc_column][\/vc_row][vc_row css_animation=&#8221;&#8221; row_type=&#8221;row&#8221; use_row_as_full_screen_section=&#8221;no&#8221; type=&#8221;full_width&#8221; angled_section=&#8221;no&#8221; text_align=&#8221;left&#8221; background_image_as_pattern=&#8221;without_pattern&#8221; side_padding=&#8221;10&#8243;][vc_column width=&#8221;1\/2&#8243;][vc_column_text]<\/p>\n<p style=\"text-align: justify;\">W 1998 roku po zako\u0144czeniu og\u00f3lnokrajowego kryzysu trzech m\u0142odych przedsi\u0119biorc\u00f3w postanowi\u0142o po\u0142\u0105czy\u0107 si\u0142y i pu\u015bci\u0107 wodze fantazji. Pozwoli\u0142o im to na wprowadzenie innowacji i opracowanie innego zaawansowanego systemu produkcyjnego, stawiaj\u0105c jako fundament zaspokojenie potrzeb klienta.<\/p>\n<p>&nbsp;<\/p>\n<p style=\"text-align: justify;\">Po stworzeniu podwalin pod dalsz\u0105 drog\u0119 zacz\u0119to przetwarza\u0107 i manipulowa\u0107 wszelkiego rodzaju zwi\u0105zkami poliuretanowymi i ich pochodnymi. Zawsze sta\u0142a za tym grupa wysoce wyspecjalizowanych i wykwalifikowanych specjalist\u00f3w, kt\u00f3ra dzi\u015b liczy ponad 160 profesjonalist\u00f3w. Uwzgl\u0119dniaj\u0105 oni najnowsze i dynamicznie rozwijaj\u0105ce si\u0119 trendy na r\u00f3\u017cnych rynkach.<\/p>\n<p>[\/vc_column_text][vc_empty_space height=&#8221;50px&#8221;][vc_video link=&#8221;https:\/\/www.youtube.com\/watch?v=TXKgtBdA9TY&amp;t=82s&#8221;][\/vc_column][vc_column width=&#8221;1\/2&#8243;][vc_row_inner row_type=&#8221;row&#8221; type=&#8221;full_width&#8221; text_align=&#8221;left&#8221; css_animation=&#8221;&#8221;][vc_column_inner][vc_column_text]<\/p>\n<p style=\"text-align: justify;\">W roku 2000 rodzi si\u0119 Karibian Descanso, owoc wysi\u0142ku i bada\u0144 oraz rozwoju i innowacji. Ten moment da\u0142 pocz\u0105tek nowej linii produkt\u00f3w, ukierunkowanych na ulepszenie procesu wypoczywania wszystkich ludzi, od samego pocz\u0105tku, przyjmuj\u0105c jako punkt odniesienia zr\u00f3\u017cnicowanie i dodatkow\u0105 warto\u015b\u0107 produktu ko\u0144cowego.<\/p>\n<p>&nbsp;<\/p>\n<p style=\"text-align: justify;\">Przez lata uda\u0142o nam si\u0119 ugruntowa\u0107 nasz\u0105 pozycj\u0119 na rynku, produkuj\u0105c oko\u0142o 65 000 zestaw\u00f3w do spania rocznie. Co przek\u0142ada si\u0119 na 350 000 os\u00f3b wypoczywaj\u0105cych na naszych produktach. Do tego potrzebne nam by\u0142y 3 sk\u0142adniki:<\/p>\n<p>[\/vc_column_text][vc_column_text][\/vc_column_text][vc_empty_space height=&#8221;50px&#8221;][vc_column_text]1. <strong>Kapita\u0142 ludzki:<\/strong>: 130 profesjonalist\u00f3w i sie\u0107 handlowa z\u0142o\u017cona z doradc\u00f3w ds. odpoczynku.<\/p>\n<p>2.<strong> System pracy<\/strong> perfekcyjnie zaprojektowany i dostosowany do potrzeb naszych klient\u00f3w.<\/p>\n<p style=\"text-align: justify;\">3. 35.000 m2 powierzchni przemys\u0142owej z <strong>najnowocze\u015bniejszymi instalacjami <\/strong> z zaawansowanymi maszynami szwalniczymi, a przede wszystkim najwy\u017cszej jako\u015bci surowce, kt\u00f3re gwarantuj\u0105 satysfakcj\u0119 z optymalnego wypoczynku i dostarczaj\u0105 nowych dozna\u0144, zapewniaj\u0105 komfort i elegancki wygl\u0105d.<\/p>\n<p>[\/vc_column_text][\/vc_column_inner][\/vc_row_inner][vc_empty_space height=&#8221;50px&#8221;][vc_single_image image=&#8221;785&#8243; img_size=&#8221;full&#8221; alignment=&#8221;center&#8221; qode_css_animation=&#8221;&#8221;][vc_empty_space height=&#8221;50px&#8221;][\/vc_column][\/vc_row][vc_row css_animation=&#8221;&#8221; row_type=&#8221;row&#8221; use_row_as_full_screen_section=&#8221;no&#8221; type=&#8221;full_width&#8221; angled_section=&#8221;no&#8221; text_align=&#8221;left&#8221; background_image_as_pattern=&#8221;without_pattern&#8221;][vc_column][vc_empty_space height=&#8221;50px&#8221;][\/vc_column][\/vc_row]<\/p>\n","protected":false},"excerpt":{"rendered":"<p>[vc_row css_animation=&#8221;&#8221; row_type=&#8221;row&#8221; use_row_as_full_screen_section=&#8221;no&#8221; type=&#8221;full_width&#8221; angled_section=&#8221;no&#8221; text_align=&#8221;left&#8221; background_image_as_pattern=&#8221;without_pattern&#8221;][vc_column][vc_empty_space height=&#8221;30px&#8221;][vc_single_image image=&#8221;7077&#8243; img_size=&#8221;full&#8221; alignment=&#8221;center&#8221; qode_css_animation=&#8221;&#8221;][vc_empty_space height=&#8221;50px&#8221;][\/vc_column][\/vc_row][vc_row css_animation=&#8221;&#8221; row_type=&#8221;row&#8221; use_row_as_full_screen_section=&#8221;no&#8221; type=&#8221;full_width&#8221; angled_section=&#8221;no&#8221; text_align=&#8221;left&#8221; background_image_as_pattern=&#8221;without_pattern&#8221;][vc_column][vc_column_text] FILOZOFIA [\/vc_column_text][vc_column_text] Kim jeste\u015bmy? [\/vc_column_text][vc_separator type=&#8221;small&#8221; position=&#8221;center&#8221; color=&#8221;#7fb6e2&#8243; thickness=&#8221;2&#8243; width=&#8221;150&#8243; up=&#8221;10&#8243; down=&#8221;10&#8243;][vc_empty_space height=&#8221;40px&#8221;][\/vc_column][\/vc_row][vc_row css_animation=&#8221;&#8221; row_type=&#8221;row&#8221; use_row_as_full_screen_section=&#8221;no&#8221; type=&#8221;full_width&#8221; angled_section=&#8221;no&#8221; text_align=&#8221;left&#8221; background_image_as_pattern=&#8221;without_pattern&#8221; side_padding=&#8221;10&#8243;][vc_column width=&#8221;1\/2&#8243;][vc_column_text] W 1998&#8230;<\/p>\n","protected":false},"author":1,"featured_media":0,"parent":0,"menu_order":0,"comment_status":"closed","ping_status":"closed","template":"full_width.php","meta":{"footnotes":""},"class_list":["post-59","page","type-page","status-publish","hentry"],"yoast_head":"<!-- This site is optimized with the Yoast SEO plugin v27.0 - https:\/\/yoast.com\/product\/yoast-seo-wordpress\/ -->\n<title>Firma - Karibian Descanso<\/title>\n<meta name=\"robots\" content=\"index, follow, max-snippet:-1, max-image-preview:large, max-video-preview:-1\" \/>\n<link rel=\"canonical\" href=\"https:\/\/karibiandescanso.com\/nosotros\/\" \/>\n<meta property=\"og:locale\" content=\"pl_PL\" \/>\n<meta property=\"og:type\" content=\"article\" \/>\n<meta property=\"og:title\" content=\"Firma - Karibian Descanso\" \/>\n<meta property=\"og:description\" content=\"[vc_row css_animation=&#8221;&#8221; row_type=&#8221;row&#8221; use_row_as_full_screen_section=&#8221;no&#8221; type=&#8221;full_width&#8221; angled_section=&#8221;no&#8221; text_align=&#8221;left&#8221; background_image_as_pattern=&#8221;without_pattern&#8221;][vc_column][vc_empty_space height=&#8221;30px&#8221;][vc_single_image image=&#8221;7077&#8243; img_size=&#8221;full&#8221; alignment=&#8221;center&#8221; qode_css_animation=&#8221;&#8221;][vc_empty_space height=&#8221;50px&#8221;][\/vc_column][\/vc_row][vc_row css_animation=&#8221;&#8221; row_type=&#8221;row&#8221; use_row_as_full_screen_section=&#8221;no&#8221; type=&#8221;full_width&#8221; angled_section=&#8221;no&#8221; text_align=&#8221;left&#8221; background_image_as_pattern=&#8221;without_pattern&#8221;][vc_column][vc_column_text] FILOZOFIA [\/vc_column_text][vc_column_text] Kim jeste\u015bmy? [\/vc_column_text][vc_separator type=&#8221;small&#8221; position=&#8221;center&#8221; color=&#8221;#7fb6e2&#8243; thickness=&#8221;2&#8243; width=&#8221;150&#8243; up=&#8221;10&#8243; down=&#8221;10&#8243;][vc_empty_space height=&#8221;40px&#8221;][\/vc_column][\/vc_row][vc_row css_animation=&#8221;&#8221; row_type=&#8221;row&#8221; use_row_as_full_screen_section=&#8221;no&#8221; type=&#8221;full_width&#8221; angled_section=&#8221;no&#8221; text_align=&#8221;left&#8221; background_image_as_pattern=&#8221;without_pattern&#8221; side_padding=&#8221;10&#8243;][vc_column width=&#8221;1\/2&#8243;][vc_column_text] W 1998...\" \/>\n<meta property=\"og:url\" content=\"https:\/\/karibiandescanso.com\/nosotros\/\" \/>\n<meta property=\"og:site_name\" content=\"Karibian Descanso\" \/>\n<meta property=\"article:modified_time\" content=\"2024-07-17T13:22:23+00:00\" \/>\n<meta name=\"twitter:card\" content=\"summary_large_image\" \/>\n<meta name=\"twitter:label1\" content=\"Szacowany czas czytania\" \/>\n\t<meta name=\"twitter:data1\" content=\"4 minuty\" \/>\n<script type=\"application\/ld+json\" class=\"yoast-schema-graph\">{\"@context\":\"https:\/\/schema.org\",\"@graph\":[{\"@type\":\"WebPage\",\"@id\":\"https:\/\/karibiandescanso.com\/nosotros\/\",\"url\":\"https:\/\/karibiandescanso.com\/nosotros\/\",\"name\":\"Firma - Karibian Descanso\",\"isPartOf\":{\"@id\":\"https:\/\/karibiandescanso.com\/#website\"},\"datePublished\":\"2017-03-06T16:05:36+00:00\",\"dateModified\":\"2024-07-17T13:22:23+00:00\",\"breadcrumb\":{\"@id\":\"https:\/\/karibiandescanso.com\/nosotros\/#breadcrumb\"},\"inLanguage\":\"pl-PL\",\"potentialAction\":[{\"@type\":\"ReadAction\",\"target\":[\"https:\/\/karibiandescanso.com\/nosotros\/\"]}]},{\"@type\":\"BreadcrumbList\",\"@id\":\"https:\/\/karibiandescanso.com\/nosotros\/#breadcrumb\",\"itemListElement\":[{\"@type\":\"ListItem\",\"position\":1,\"name\":\"Portada\",\"item\":\"https:\/\/karibiandescanso.com\/\"},{\"@type\":\"ListItem\",\"position\":2,\"name\":\"Nosotros\"}]},{\"@type\":\"WebSite\",\"@id\":\"https:\/\/karibiandescanso.com\/#website\",\"url\":\"https:\/\/karibiandescanso.com\/\",\"name\":\"Karibian Descanso\",\"description\":\"Gdzie jest odpoczynek\",\"potentialAction\":[{\"@type\":\"SearchAction\",\"target\":{\"@type\":\"EntryPoint\",\"urlTemplate\":\"https:\/\/karibiandescanso.com\/?s={search_term_string}\"},\"query-input\":{\"@type\":\"PropertyValueSpecification\",\"valueRequired\":true,\"valueName\":\"search_term_string\"}}],\"inLanguage\":\"pl-PL\"}]}<\/script>\n<!-- \/ Yoast SEO plugin. -->","yoast_head_json":{"title":"Firma - Karibian Descanso","robots":{"index":"index","follow":"follow","max-snippet":"max-snippet:-1","max-image-preview":"max-image-preview:large","max-video-preview":"max-video-preview:-1"},"canonical":"https:\/\/karibiandescanso.com\/nosotros\/","og_locale":"pl_PL","og_type":"article","og_title":"Firma - Karibian Descanso","og_description":"[vc_row css_animation=&#8221;&#8221; row_type=&#8221;row&#8221; use_row_as_full_screen_section=&#8221;no&#8221; type=&#8221;full_width&#8221; angled_section=&#8221;no&#8221; text_align=&#8221;left&#8221; background_image_as_pattern=&#8221;without_pattern&#8221;][vc_column][vc_empty_space height=&#8221;30px&#8221;][vc_single_image image=&#8221;7077&#8243; img_size=&#8221;full&#8221; alignment=&#8221;center&#8221; qode_css_animation=&#8221;&#8221;][vc_empty_space height=&#8221;50px&#8221;][\/vc_column][\/vc_row][vc_row css_animation=&#8221;&#8221; row_type=&#8221;row&#8221; use_row_as_full_screen_section=&#8221;no&#8221; type=&#8221;full_width&#8221; angled_section=&#8221;no&#8221; text_align=&#8221;left&#8221; background_image_as_pattern=&#8221;without_pattern&#8221;][vc_column][vc_column_text] FILOZOFIA [\/vc_column_text][vc_column_text] Kim jeste\u015bmy? [\/vc_column_text][vc_separator type=&#8221;small&#8221; position=&#8221;center&#8221; color=&#8221;#7fb6e2&#8243; thickness=&#8221;2&#8243; width=&#8221;150&#8243; up=&#8221;10&#8243; down=&#8221;10&#8243;][vc_empty_space height=&#8221;40px&#8221;][\/vc_column][\/vc_row][vc_row css_animation=&#8221;&#8221; row_type=&#8221;row&#8221; use_row_as_full_screen_section=&#8221;no&#8221; type=&#8221;full_width&#8221; angled_section=&#8221;no&#8221; text_align=&#8221;left&#8221; background_image_as_pattern=&#8221;without_pattern&#8221; side_padding=&#8221;10&#8243;][vc_column width=&#8221;1\/2&#8243;][vc_column_text] W 1998...","og_url":"https:\/\/karibiandescanso.com\/nosotros\/","og_site_name":"Karibian Descanso","article_modified_time":"2024-07-17T13:22:23+00:00","twitter_card":"summary_large_image","twitter_misc":{"Szacowany czas czytania":"4 minuty"},"schema":{"@context":"https:\/\/schema.org","@graph":[{"@type":"WebPage","@id":"https:\/\/karibiandescanso.com\/nosotros\/","url":"https:\/\/karibiandescanso.com\/nosotros\/","name":"Firma - Karibian Descanso","isPartOf":{"@id":"https:\/\/karibiandescanso.com\/#website"},"datePublished":"2017-03-06T16:05:36+00:00","dateModified":"2024-07-17T13:22:23+00:00","breadcrumb":{"@id":"https:\/\/karibiandescanso.com\/nosotros\/#breadcrumb"},"inLanguage":"pl-PL","potentialAction":[{"@type":"ReadAction","target":["https:\/\/karibiandescanso.com\/nosotros\/"]}]},{"@type":"BreadcrumbList","@id":"https:\/\/karibiandescanso.com\/nosotros\/#breadcrumb","itemListElement":[{"@type":"ListItem","position":1,"name":"Portada","item":"https:\/\/karibiandescanso.com\/"},{"@type":"ListItem","position":2,"name":"Nosotros"}]},{"@type":"WebSite","@id":"https:\/\/karibiandescanso.com\/#website","url":"https:\/\/karibiandescanso.com\/","name":"Karibian Descanso","description":"Gdzie jest odpoczynek","potentialAction":[{"@type":"SearchAction","target":{"@type":"EntryPoint","urlTemplate":"https:\/\/karibiandescanso.com\/?s={search_term_string}"},"query-input":{"@type":"PropertyValueSpecification","valueRequired":true,"valueName":"search_term_string"}}],"inLanguage":"pl-PL"}]}},"_links":{"self":[{"href":"https:\/\/karibiandescanso.com\/pl\/wp-json\/wp\/v2\/pages\/59","targetHints":{"allow":["GET"]}}],"collection":[{"href":"https:\/\/karibiandescanso.com\/pl\/wp-json\/wp\/v2\/pages"}],"about":[{"href":"https:\/\/karibiandescanso.com\/pl\/wp-json\/wp\/v2\/types\/page"}],"author":[{"embeddable":true,"href":"https:\/\/karibiandescanso.com\/pl\/wp-json\/wp\/v2\/users\/1"}],"replies":[{"embeddable":true,"href":"https:\/\/karibiandescanso.com\/pl\/wp-json\/wp\/v2\/comments?post=59"}],"version-history":[{"count":0,"href":"https:\/\/karibiandescanso.com\/pl\/wp-json\/wp\/v2\/pages\/59\/revisions"}],"wp:attachment":[{"href":"https:\/\/karibiandescanso.com\/pl\/wp-json\/wp\/v2\/media?parent=59"}],"curies":[{"name":"wp","href":"https:\/\/api.w.org\/{rel}","templated":true}]}}