{"id":67,"date":"2017-03-06T16:06:46","date_gmt":"2017-03-06T16:06:46","guid":{"rendered":"https:\/\/www.karibiandescanso.com\/?page_id=67"},"modified":"2025-02-19T10:39:21","modified_gmt":"2025-02-19T09:39:21","slug":"contacto","status":"publish","type":"page","link":"https:\/\/karibiandescanso.com\/pl\/contacto\/","title":{"rendered":"KONTAKT"},"content":{"rendered":"<p>[vc_row css_animation=&#8221;&#8221; row_type=&#8221;row&#8221; use_row_as_full_screen_section=&#8221;no&#8221; type=&#8221;grid&#8221; angled_section=&#8221;no&#8221; text_align=&#8221;left&#8221; background_image_as_pattern=&#8221;without_pattern&#8221;][vc_column][vc_empty_space height=&#8221;50px&#8221;][vc_column_text]<\/p>\n<h2 style=\"text-align: center; color: #7fb6e2;\">KONTAKT<\/h2>\n<p>[\/vc_column_text][vc_separator type=&#8221;small&#8221; position=&#8221;center&#8221; color=&#8221;#545454&#8243; thickness=&#8221;3&#8243; up=&#8221;10&#8243; down=&#8221;10&#8243;][vc_empty_space height=&#8221;30px&#8221;][\/vc_column][\/vc_row][vc_row css_animation=&#8221;&#8221; row_type=&#8221;row&#8221; use_row_as_full_screen_section=&#8221;no&#8221; type=&#8221;grid&#8221; angled_section=&#8221;no&#8221; text_align=&#8221;left&#8221; background_image_as_pattern=&#8221;without_pattern&#8221;][vc_column][vc_row_inner row_type=&#8221;row&#8221; type=&#8221;full_width&#8221; text_align=&#8221;left&#8221; css_animation=&#8221;&#8221;][vc_column_inner width=&#8221;1\/2&#8243;][vc_column_text]<\/p>\n<h5>MO\u017bESZ SI\u0118 Z NAMI SKONTAKTOWA\u0106 ZA POMOC\u0104 PONI\u017bSZEGO FORMULARZA, MAILOWO LUB TELEFONICZNIE<\/h5>\n<p>[\/vc_column_text][vc_empty_space height=&#8221;20px&#8221;][vc_column_text]<\/p>\n<p style=\"text-align: justify;\">Nie mo\u017cemy si\u0119 doczeka\u0107, a\u017c si\u0119 z nami skontaktujesz, przedstawisz swoje pomys\u0142y i pozwolisz, by\u015bmy Ci doradzili. Skontaktuj si\u0119 z nami bez zobowi\u0105za\u0144, a my odpowiemy na Twoj\u0105 wiadomo\u015b\u0107 tak szybko jak to mo\u017cliwe.<\/p>\n<p>[\/vc_column_text][vc_empty_space height=&#8221;20px&#8221;][vc_column_text]<strong style=\"color: #333333;\">KARIBIAN DESCANSO<\/strong><\/p>\n<p><em style=\"color: #333333;\">Ctra. de Pinoso Km.2, \u00a0s\/n, apdo. 611<\/em><\/p>\n<p><em style=\"color: #333333;\">30510 Yecla, Murcia<\/em><\/p>\n<p><a style=\"color: #7fb6e2;\" href=\"mailto:info@www.karibiandescanso.com\"><em>info@www.karibiandescanso.com<\/em><\/a><\/p>\n<p><em style=\"color: #333333;\">+34 968 75 37 98<\/em>[\/vc_column_text][vc_empty_space height=&#8221;30px&#8221;][vc_gmaps link=&#8221;#E-8_JTNDaWZyYW1lJTIwc3JjJTNEJTIyaHR0cHMlM0ElMkYlMkZ3d3cuZ29vZ2xlLmNvbSUyRm1hcHMlMkZlbWJlZCUzRnBiJTNEJTIxMW0xOCUyMTFtMTIlMjExbTMlMjExZDI0OTM0Ljk3NzM2MjQxODU3NiUyMTJkLTEuMTI3Nzg5NDgyOTkwNzU1OCUyMTNkMzguNjI4ODIxNjkyMTk4NDUlMjEybTMlMjExZjAlMjEyZjAlMjEzZjAlMjEzbTIlMjExaTEwMjQlMjEyaTc2OCUyMTRmMTMuMSUyMTNtMyUyMTFtMiUyMTFzMHhkNjNmZGEwMDZkMGFmN2YlMjUzQTB4MmNkZDg4Zjc4MzA1YTVjMiUyMTJzS2FyaWJpYW4lMjUyMERlc2NhbnNvJTIxNWUwJTIxM20yJTIxMXNlcyUyMTJzZXMlMjE0djE1Njc2NjY3NjI5OTElMjE1bTIlMjExc2VzJTIxMnNlcyUyMiUyMHdpZHRoJTNEJTIyNjAwJTIyJTIwaGVpZ2h0JTNEJTIyNDUwJTIyJTIwZnJhbWVib3JkZXIlM0QlMjIwJTIyJTIwc3R5bGUlM0QlMjJib3JkZXIlM0EwJTNCJTIyJTIwYWxsb3dmdWxsc2NyZWVuJTNEJTIyJTIyJTNFJTNDJTJGaWZyYW1lJTNF&#8221; size=&#8221;300&#8243;][\/vc_column_inner][vc_column_inner width=&#8221;1\/2&#8243;][vc_column_text]<form id=\"forminator-module-18050\" class=\"forminator-custom-form forminator-custom-form-18050\" method=\"post\" data-forminator-render=\"0\" data-uid=\"69f0c2ef25301\"><div role=\"alert\" aria-live=\"polite\" class=\"forminator-response-message forminator-error\" aria-hidden=\"true\"><\/div><\/form>[\/vc_column_text][\/vc_column_inner][\/vc_row_inner][\/vc_column][\/vc_row][vc_row css_animation=&#8221;&#8221; row_type=&#8221;row&#8221; use_row_as_full_screen_section=&#8221;no&#8221; type=&#8221;full_width&#8221; angled_section=&#8221;no&#8221; text_align=&#8221;left&#8221; background_image_as_pattern=&#8221;without_pattern&#8221;][vc_column][vc_empty_space height=&#8221;40px&#8221;][\/vc_column][\/vc_row]<\/p>\n","protected":false},"excerpt":{"rendered":"<p>[vc_row css_animation=&#8221;&#8221; row_type=&#8221;row&#8221; use_row_as_full_screen_section=&#8221;no&#8221; type=&#8221;grid&#8221; angled_section=&#8221;no&#8221; text_align=&#8221;left&#8221; background_image_as_pattern=&#8221;without_pattern&#8221;][vc_column][vc_empty_space height=&#8221;50px&#8221;][vc_column_text] KONTAKT [\/vc_column_text][vc_separator type=&#8221;small&#8221; position=&#8221;center&#8221; color=&#8221;#545454&#8243; thickness=&#8221;3&#8243; up=&#8221;10&#8243; down=&#8221;10&#8243;][vc_empty_space height=&#8221;30px&#8221;][\/vc_column][\/vc_row][vc_row css_animation=&#8221;&#8221; row_type=&#8221;row&#8221; use_row_as_full_screen_section=&#8221;no&#8221; type=&#8221;grid&#8221; angled_section=&#8221;no&#8221; text_align=&#8221;left&#8221; background_image_as_pattern=&#8221;without_pattern&#8221;][vc_column][vc_row_inner row_type=&#8221;row&#8221; type=&#8221;full_width&#8221; text_align=&#8221;left&#8221; css_animation=&#8221;&#8221;][vc_column_inner width=&#8221;1\/2&#8243;][vc_column_text] MO\u017bESZ SI\u0118 Z NAMI SKONTAKTOWA\u0106 ZA POMOC\u0104 PONI\u017bSZEGO FORMULARZA, MAILOWO LUB TELEFONICZNIE [\/vc_column_text][vc_empty_space height=&#8221;20px&#8221;][vc_column_text] Nie&#8230;<\/p>\n","protected":false},"author":1,"featured_media":0,"parent":0,"menu_order":0,"comment_status":"closed","ping_status":"closed","template":"full_width.php","meta":{"footnotes":""},"class_list":["post-67","page","type-page","status-publish","hentry"],"yoast_head":"<!-- This site is optimized with the Yoast SEO plugin v27.0 - https:\/\/yoast.com\/product\/yoast-seo-wordpress\/ -->\n<title>Contactar con Karibian Descanso - Colchones de la mejor Calidad<\/title>\n<meta name=\"description\" content=\"Contacta con Karibian Descanso para preguntar cualquier duda sobre nuestros colchones, el estado de tu pedido o cualquier otra cosa.\" \/>\n<meta name=\"robots\" content=\"index, follow, max-snippet:-1, max-image-preview:large, max-video-preview:-1\" \/>\n<link rel=\"canonical\" href=\"https:\/\/karibiandescanso.com\/contacto\/\" \/>\n<meta property=\"og:locale\" content=\"pl_PL\" \/>\n<meta property=\"og:type\" content=\"article\" \/>\n<meta property=\"og:title\" content=\"Contactar con Karibian Descanso - Colchones de la mejor Calidad\" \/>\n<meta property=\"og:description\" content=\"Contacta con Karibian Descanso para preguntar cualquier duda sobre nuestros colchones, el estado de tu pedido o cualquier otra cosa.\" \/>\n<meta property=\"og:url\" content=\"https:\/\/karibiandescanso.com\/contacto\/\" \/>\n<meta property=\"og:site_name\" content=\"Karibian Descanso\" \/>\n<meta property=\"article:modified_time\" content=\"2025-02-19T09:39:21+00:00\" \/>\n<meta name=\"twitter:card\" content=\"summary_large_image\" \/>\n<meta name=\"twitter:label1\" content=\"Szacowany czas czytania\" \/>\n\t<meta name=\"twitter:data1\" content=\"1 minuta\" \/>\n<script type=\"application\/ld+json\" class=\"yoast-schema-graph\">{\"@context\":\"https:\/\/schema.org\",\"@graph\":[{\"@type\":\"WebPage\",\"@id\":\"https:\/\/karibiandescanso.com\/contacto\/\",\"url\":\"https:\/\/karibiandescanso.com\/contacto\/\",\"name\":\"Contactar con Karibian Descanso - Colchones de la mejor Calidad\",\"isPartOf\":{\"@id\":\"https:\/\/karibiandescanso.com\/#website\"},\"datePublished\":\"2017-03-06T16:06:46+00:00\",\"dateModified\":\"2025-02-19T09:39:21+00:00\",\"description\":\"Contacta con Karibian Descanso para preguntar cualquier duda sobre nuestros colchones, el estado de tu pedido o cualquier otra cosa.\",\"breadcrumb\":{\"@id\":\"https:\/\/karibiandescanso.com\/contacto\/#breadcrumb\"},\"inLanguage\":\"pl-PL\",\"potentialAction\":[{\"@type\":\"ReadAction\",\"target\":[\"https:\/\/karibiandescanso.com\/contacto\/\"]}]},{\"@type\":\"BreadcrumbList\",\"@id\":\"https:\/\/karibiandescanso.com\/contacto\/#breadcrumb\",\"itemListElement\":[{\"@type\":\"ListItem\",\"position\":1,\"name\":\"Portada\",\"item\":\"https:\/\/karibiandescanso.com\/\"},{\"@type\":\"ListItem\",\"position\":2,\"name\":\"Contacto\"}]},{\"@type\":\"WebSite\",\"@id\":\"https:\/\/karibiandescanso.com\/#website\",\"url\":\"https:\/\/karibiandescanso.com\/\",\"name\":\"Karibian Descanso\",\"description\":\"Gdzie jest odpoczynek\",\"potentialAction\":[{\"@type\":\"SearchAction\",\"target\":{\"@type\":\"EntryPoint\",\"urlTemplate\":\"https:\/\/karibiandescanso.com\/?s={search_term_string}\"},\"query-input\":{\"@type\":\"PropertyValueSpecification\",\"valueRequired\":true,\"valueName\":\"search_term_string\"}}],\"inLanguage\":\"pl-PL\"}]}<\/script>\n<!-- \/ Yoast SEO plugin. -->","yoast_head_json":{"title":"Contactar con Karibian Descanso - Colchones de la mejor Calidad","description":"Contacta con Karibian Descanso para preguntar cualquier duda sobre nuestros colchones, el estado de tu pedido o cualquier otra cosa.","robots":{"index":"index","follow":"follow","max-snippet":"max-snippet:-1","max-image-preview":"max-image-preview:large","max-video-preview":"max-video-preview:-1"},"canonical":"https:\/\/karibiandescanso.com\/contacto\/","og_locale":"pl_PL","og_type":"article","og_title":"Contactar con Karibian Descanso - Colchones de la mejor Calidad","og_description":"Contacta con Karibian Descanso para preguntar cualquier duda sobre nuestros colchones, el estado de tu pedido o cualquier otra cosa.","og_url":"https:\/\/karibiandescanso.com\/contacto\/","og_site_name":"Karibian Descanso","article_modified_time":"2025-02-19T09:39:21+00:00","twitter_card":"summary_large_image","twitter_misc":{"Szacowany czas czytania":"1 minuta"},"schema":{"@context":"https:\/\/schema.org","@graph":[{"@type":"WebPage","@id":"https:\/\/karibiandescanso.com\/contacto\/","url":"https:\/\/karibiandescanso.com\/contacto\/","name":"Contactar con Karibian Descanso - Colchones de la mejor Calidad","isPartOf":{"@id":"https:\/\/karibiandescanso.com\/#website"},"datePublished":"2017-03-06T16:06:46+00:00","dateModified":"2025-02-19T09:39:21+00:00","description":"Contacta con Karibian Descanso para preguntar cualquier duda sobre nuestros colchones, el estado de tu pedido o cualquier otra cosa.","breadcrumb":{"@id":"https:\/\/karibiandescanso.com\/contacto\/#breadcrumb"},"inLanguage":"pl-PL","potentialAction":[{"@type":"ReadAction","target":["https:\/\/karibiandescanso.com\/contacto\/"]}]},{"@type":"BreadcrumbList","@id":"https:\/\/karibiandescanso.com\/contacto\/#breadcrumb","itemListElement":[{"@type":"ListItem","position":1,"name":"Portada","item":"https:\/\/karibiandescanso.com\/"},{"@type":"ListItem","position":2,"name":"Contacto"}]},{"@type":"WebSite","@id":"https:\/\/karibiandescanso.com\/#website","url":"https:\/\/karibiandescanso.com\/","name":"Karibian Descanso","description":"Gdzie jest odpoczynek","potentialAction":[{"@type":"SearchAction","target":{"@type":"EntryPoint","urlTemplate":"https:\/\/karibiandescanso.com\/?s={search_term_string}"},"query-input":{"@type":"PropertyValueSpecification","valueRequired":true,"valueName":"search_term_string"}}],"inLanguage":"pl-PL"}]}},"_links":{"self":[{"href":"https:\/\/karibiandescanso.com\/pl\/wp-json\/wp\/v2\/pages\/67","targetHints":{"allow":["GET"]}}],"collection":[{"href":"https:\/\/karibiandescanso.com\/pl\/wp-json\/wp\/v2\/pages"}],"about":[{"href":"https:\/\/karibiandescanso.com\/pl\/wp-json\/wp\/v2\/types\/page"}],"author":[{"embeddable":true,"href":"https:\/\/karibiandescanso.com\/pl\/wp-json\/wp\/v2\/users\/1"}],"replies":[{"embeddable":true,"href":"https:\/\/karibiandescanso.com\/pl\/wp-json\/wp\/v2\/comments?post=67"}],"version-history":[{"count":0,"href":"https:\/\/karibiandescanso.com\/pl\/wp-json\/wp\/v2\/pages\/67\/revisions"}],"wp:attachment":[{"href":"https:\/\/karibiandescanso.com\/pl\/wp-json\/wp\/v2\/media?parent=67"}],"curies":[{"name":"wp","href":"https:\/\/api.w.org\/{rel}","templated":true}]}}