{"id":700,"date":"2017-07-13T18:12:39","date_gmt":"2017-07-13T17:12:39","guid":{"rendered":"https:\/\/www.karibiandescanso.com\/?page_id=700"},"modified":"2023-03-13T10:19:54","modified_gmt":"2023-03-13T09:19:54","slug":"serie-gold-karibian","status":"publish","type":"page","link":"https:\/\/karibiandescanso.com\/pl\/productos\/serie-gold-karibian\/","title":{"rendered":"Seria Gold"},"content":{"rendered":"<p>[vc_row css_animation=&#8221;&#8221; row_type=&#8221;row&#8221; use_row_as_full_screen_section=&#8221;no&#8221; type=&#8221;grid&#8221; angled_section=&#8221;no&#8221; text_align=&#8221;left&#8221; background_image_as_pattern=&#8221;without_pattern&#8221;][vc_column][vc_empty_space height=&#8221;20px&#8221;][vc_column_text]<\/p>\n<h2 style=\"text-align: center; color: #7fb6e2;\">Seria Gold<\/h2>\n<p>[\/vc_column_text][vc_separator type=&#8221;small&#8221; position=&#8221;center&#8221; color=&#8221;#545454&#8243; thickness=&#8221;3&#8243; up=&#8221;10&#8243; down=&#8221;10&#8243;][vc_empty_space height=&#8221;30px&#8221;]<div class=\"custom_font_holder\" style=\"font-family: Karla,Arial, Helvetica, sans-serif; font-size: 12px; line-height: 18px; font-style: normal; font-weight: 700; color: #333333; text-decoration: none; letter-spacing: 3px; text-align: center;\">&#8220;MAKSYMALNY KOMFORT&#8221;<\/div>[vc_empty_space height=&#8221;20px&#8221;][vc_column_text]<\/p>\n<p style=\"font-weight: 400; text-align: justify;\">Odpoczywaj, \u015bnij, \u017cyj &#8211; w Karibian descanso te materace zaprojektowali\u015bmy, znajduj\u0105c idealn\u0105 r\u00f3wnowag\u0119. R\u00f3\u017cne struktury materia\u0142\u00f3w i wyko\u0144cze\u0144, kt\u00f3re poprawiaj\u0105 wra\u017cenia z codziennego wypoczynku. Nieustanne do\u015bwiadczanie na nowo odradzaj\u0105cych si\u0119 dozna\u0144, kt\u00f3re sprawi\u0105, \u017ce poczujesz si\u0119 w pe\u0142ni zregenerowany ju\u017c na samym pocz\u0105tku dnia.<\/p>\n<p style=\"font-weight: 400; text-align: justify;\">Ta gama produkt\u00f3w jest zalecana w zale\u017cno\u015bci od fizjologii cia\u0142a i wagi do 110kg. Dzi\u0119ki temu b\u0119dziesz m\u00f3g\u0142 dok\u0142adnie dopasowa\u0107 materac do w\u0142asnych potrzeb. Wszystkie z nich maj\u0105 wzmocnienia boczne, aby uzyska\u0107 jeszcze wi\u0119ksz\u0105 trwa\u0142o\u015b\u0107.<\/p>\n<p>[\/vc_column_text][vc_empty_space height=&#8221;10px&#8221;]<div class=\"custom_font_holder\" style=\"font-family: Karla,Arial, Helvetica, sans-serif; font-size: 10px; line-height: 18px; font-style: normal; font-weight: 700; color: #333333; text-decoration: none; letter-spacing: 3px; text-align: right;\">&#8220;KOMFORT NA DZISIAJ I NA ZAWSZE&#8221;<\/div>[vc_empty_space height=&#8221;30px&#8221;][\/vc_column][\/vc_row][vc_row css_animation=&#8221;&#8221; row_type=&#8221;row&#8221; use_row_as_full_screen_section=&#8221;no&#8221; type=&#8221;grid&#8221; angled_section=&#8221;no&#8221; text_align=&#8221;left&#8221; background_image_as_pattern=&#8221;without_pattern&#8221;][vc_column]<div class='projects_holder_outer v4 portfolio_with_space portfolio_standard'>\n        <div class='projects_holder portfolio_main_holder clearfix v4 standard portfolio_full_image '>\n        \n        <article class='mix portfolio_category_15 default' style=''>\n    \n    \n    \n                <div class='image_holder'>\n                <a itemprop='url' class='portfolio_link_for_touch' href='https:\/\/karibiandescanso.com\/pl\/catalogo-de-productos\/colchon-maximum-10-0\/' target=''>\n                    \n<span class='image'><img loading=\"lazy\" decoding=\"async\" width=\"1241\" height=\"775\" src=\"https:\/\/karibiandescanso.com\/wp-content\/uploads\/2019\/05\/MAXIMUM-PAG.-PRINCIPAL-.jpg\" class=\"attachment-full size-full wp-post-image\" alt=\"\" \/><\/span>                <\/a>\n\n                <span class='text_holder'>\n    <span class='text_outer'>\n        <span class='text_inner'>\n            <span class='feature_holder'>\n                        <\/span>\n        <\/span>\n    <\/span>\n<\/span>            <\/div>\n                <div class='portfolio_description text_align_left' >\n\n        \n    <h6 itemprop=\"name\" class=\"portfolio_title entry_title\"><a itemprop=\"url\" href=\"https:\/\/karibiandescanso.com\/pl\/catalogo-de-productos\/colchon-maximum-10-0\/\"  target=\"_self\"> MATERAC MAXIMUM 10.0<\/a><\/h6>\n\n\n        \n            <span class=\"project_category\"  >\n    Gold    <\/span>\n\n    <\/div>\n        \n<\/article>\n<article class='mix portfolio_category_15 default' style=''>\n    \n    \n    \n                <div class='image_holder'>\n                <a itemprop='url' class='portfolio_link_for_touch' href='https:\/\/karibiandescanso.com\/pl\/catalogo-de-productos\/colchon-hedonist\/' target=''>\n                    \n<span class='image'><img loading=\"lazy\" decoding=\"async\" width=\"1000\" height=\"625\" src=\"https:\/\/karibiandescanso.com\/wp-content\/uploads\/2024\/06\/HEDONIST-PORTADA.jpg\" class=\"attachment-full size-full wp-post-image\" alt=\"\" \/><\/span>                <\/a>\n\n                <span class='text_holder'>\n    <span class='text_outer'>\n        <span class='text_inner'>\n            <span class='feature_holder'>\n                        <\/span>\n        <\/span>\n    <\/span>\n<\/span>            <\/div>\n                <div class='portfolio_description text_align_left' >\n\n        \n    <h6 itemprop=\"name\" class=\"portfolio_title entry_title\"><a itemprop=\"url\" href=\"https:\/\/karibiandescanso.com\/pl\/catalogo-de-productos\/colchon-hedonist\/\"  target=\"_self\"> MATERAC HEDONIST<\/a><\/h6>\n\n\n        \n            <span class=\"project_category\"  >\n    Gold    <\/span>\n\n    <\/div>\n        \n<\/article>\n<article class='mix portfolio_category_15 default' style=''>\n    \n    \n    \n                <div class='image_holder'>\n                <a itemprop='url' class='portfolio_link_for_touch' href='https:\/\/karibiandescanso.com\/pl\/catalogo-de-productos\/colchon-merino\/' target=''>\n                    \n<span class='image'><img loading=\"lazy\" decoding=\"async\" width=\"1600\" height=\"1000\" src=\"https:\/\/karibiandescanso.com\/wp-content\/uploads\/2017\/03\/merino-portada-colchon.webp\" class=\"attachment-full size-full wp-post-image\" alt=\"\" \/><\/span>                <\/a>\n\n                <span class='text_holder'>\n    <span class='text_outer'>\n        <span class='text_inner'>\n            <span class='feature_holder'>\n                        <\/span>\n        <\/span>\n    <\/span>\n<\/span>            <\/div>\n                <div class='portfolio_description text_align_left' >\n\n        \n    <h6 itemprop=\"name\" class=\"portfolio_title entry_title\"><a itemprop=\"url\" href=\"https:\/\/karibiandescanso.com\/pl\/catalogo-de-productos\/colchon-merino\/\"  target=\"_self\"> MATERAC MERINO V7<\/a><\/h6>\n\n\n        \n            <span class=\"project_category\"  >\n    Gold    <\/span>\n\n    <\/div>\n        \n<\/article>\n<article class='mix portfolio_category_15 default' style=''>\n    \n    \n    \n                <div class='image_holder'>\n                <a itemprop='url' class='portfolio_link_for_touch' href='https:\/\/karibiandescanso.com\/pl\/catalogo-de-productos\/colchon-trendy\/' target=''>\n                    \n<span class='image'><img loading=\"lazy\" decoding=\"async\" width=\"800\" height=\"500\" src=\"https:\/\/karibiandescanso.com\/wp-content\/uploads\/2017\/06\/Trendy-porftolio.jpg\" class=\"attachment-full size-full wp-post-image\" alt=\"\" srcset=\"https:\/\/karibiandescanso.com\/wp-content\/uploads\/2017\/06\/Trendy-porftolio.jpg 800w, https:\/\/karibiandescanso.com\/wp-content\/uploads\/2017\/06\/Trendy-porftolio-300x188.jpg 300w\" sizes=\"auto, (max-width: 800px) 100vw, 800px\" \/><\/span>                <\/a>\n\n                <span class='text_holder'>\n    <span class='text_outer'>\n        <span class='text_inner'>\n            <span class='feature_holder'>\n                        <\/span>\n        <\/span>\n    <\/span>\n<\/span>            <\/div>\n                <div class='portfolio_description text_align_left' >\n\n        \n    <h6 itemprop=\"name\" class=\"portfolio_title entry_title\"><a itemprop=\"url\" href=\"https:\/\/karibiandescanso.com\/pl\/catalogo-de-productos\/colchon-trendy\/\"  target=\"_self\"> MATERAC TRENDY<\/a><\/h6>\n\n\n        \n            <span class=\"project_category\"  >\n    Gold    <\/span>\n\n    <\/div>\n        \n<\/article>\n<article class='mix portfolio_category_15 default' style=''>\n    \n    \n    \n                <div class='image_holder'>\n                <a itemprop='url' class='portfolio_link_for_touch' href='https:\/\/karibiandescanso.com\/pl\/catalogo-de-productos\/colchon-iceberg-2-0-v5\/' target=''>\n                    \n<span class='image'><img loading=\"lazy\" decoding=\"async\" width=\"1000\" height=\"625\" src=\"https:\/\/karibiandescanso.com\/wp-content\/uploads\/2022\/08\/ICEBERG-2.0-PORTADA.jpg\" class=\"attachment-full size-full wp-post-image\" alt=\"\" \/><\/span>                <\/a>\n\n                <span class='text_holder'>\n    <span class='text_outer'>\n        <span class='text_inner'>\n            <span class='feature_holder'>\n                        <\/span>\n        <\/span>\n    <\/span>\n<\/span>            <\/div>\n                <div class='portfolio_description text_align_left' >\n\n        \n    <h6 itemprop=\"name\" class=\"portfolio_title entry_title\"><a itemprop=\"url\" href=\"https:\/\/karibiandescanso.com\/pl\/catalogo-de-productos\/colchon-iceberg-2-0-v5\/\"  target=\"_self\"> MATERAC ICEBERG 2.0 V5<\/a><\/h6>\n\n\n        \n            <span class=\"project_category\"  >\n    Gold    <\/span>\n\n    <\/div>\n        \n<\/article>\n        <div class='filler'><\/div>\n            <div class='filler'><\/div>\n            <div class='filler'><\/div>\n            <div class='filler'><\/div>\n        <\/div>\n\n    \n    <\/div>[\/vc_column][\/vc_row][vc_row css_animation=&#8221;&#8221; row_type=&#8221;row&#8221; use_row_as_full_screen_section=&#8221;no&#8221; type=&#8221;full_width&#8221; angled_section=&#8221;no&#8221; text_align=&#8221;left&#8221; background_image_as_pattern=&#8221;without_pattern&#8221;][vc_column][vc_empty_space height=&#8221;40px&#8221;][\/vc_column][\/vc_row]<\/p>\n","protected":false},"excerpt":{"rendered":"<p>[vc_row css_animation=&#8221;&#8221; row_type=&#8221;row&#8221; use_row_as_full_screen_section=&#8221;no&#8221; type=&#8221;grid&#8221; angled_section=&#8221;no&#8221; text_align=&#8221;left&#8221; background_image_as_pattern=&#8221;without_pattern&#8221;][vc_column][vc_empty_space height=&#8221;20px&#8221;][vc_column_text] Seria Gold [\/vc_column_text][vc_separator type=&#8221;small&#8221; position=&#8221;center&#8221; color=&#8221;#545454&#8243; thickness=&#8221;3&#8243; up=&#8221;10&#8243; down=&#8221;10&#8243;][vc_empty_space height=&#8221;30px&#8221;][vc_empty_space height=&#8221;20px&#8221;][vc_column_text] Odpoczywaj, \u015bnij, \u017cyj &#8211; w Karibian descanso te materace zaprojektowali\u015bmy, znajduj\u0105c idealn\u0105 r\u00f3wnowag\u0119. R\u00f3\u017cne struktury materia\u0142\u00f3w i wyko\u0144cze\u0144, kt\u00f3re poprawiaj\u0105 wra\u017cenia z codziennego wypoczynku. Nieustanne&#8230;<\/p>\n","protected":false},"author":1,"featured_media":0,"parent":61,"menu_order":0,"comment_status":"closed","ping_status":"closed","template":"","meta":{"footnotes":""},"class_list":["post-700","page","type-page","status-publish","hentry"],"yoast_head":"<!-- This site is optimized with the Yoast SEO plugin v27.0 - https:\/\/yoast.com\/product\/yoast-seo-wordpress\/ -->\n<title>Seria Gold - Karibian Descanso<\/title>\n<meta name=\"robots\" content=\"index, follow, max-snippet:-1, max-image-preview:large, max-video-preview:-1\" \/>\n<link rel=\"canonical\" href=\"https:\/\/karibiandescanso.com\/productos\/serie-gold-karibian\/\" \/>\n<meta property=\"og:locale\" content=\"pl_PL\" \/>\n<meta property=\"og:type\" content=\"article\" \/>\n<meta property=\"og:title\" content=\"Seria Gold - Karibian Descanso\" \/>\n<meta property=\"og:description\" content=\"[vc_row css_animation=&#8221;&#8221; row_type=&#8221;row&#8221; use_row_as_full_screen_section=&#8221;no&#8221; type=&#8221;grid&#8221; angled_section=&#8221;no&#8221; text_align=&#8221;left&#8221; background_image_as_pattern=&#8221;without_pattern&#8221;][vc_column][vc_empty_space height=&#8221;20px&#8221;][vc_column_text] Seria Gold [\/vc_column_text][vc_separator type=&#8221;small&#8221; position=&#8221;center&#8221; color=&#8221;#545454&#8243; thickness=&#8221;3&#8243; up=&#8221;10&#8243; down=&#8221;10&#8243;][vc_empty_space height=&#8221;30px&#8221;][vc_empty_space height=&#8221;20px&#8221;][vc_column_text] Odpoczywaj, \u015bnij, \u017cyj &#8211; w Karibian descanso te materace zaprojektowali\u015bmy, znajduj\u0105c idealn\u0105 r\u00f3wnowag\u0119. R\u00f3\u017cne struktury materia\u0142\u00f3w i wyko\u0144cze\u0144, kt\u00f3re poprawiaj\u0105 wra\u017cenia z codziennego wypoczynku. Nieustanne...\" \/>\n<meta property=\"og:url\" content=\"https:\/\/karibiandescanso.com\/productos\/serie-gold-karibian\/\" \/>\n<meta property=\"og:site_name\" content=\"Karibian Descanso\" \/>\n<meta property=\"article:modified_time\" content=\"2023-03-13T09:19:54+00:00\" \/>\n<meta name=\"twitter:card\" content=\"summary_large_image\" \/>\n<meta name=\"twitter:label1\" content=\"Szacowany czas czytania\" \/>\n\t<meta name=\"twitter:data1\" content=\"1 minuta\" \/>\n<script type=\"application\/ld+json\" class=\"yoast-schema-graph\">{\"@context\":\"https:\/\/schema.org\",\"@graph\":[{\"@type\":\"WebPage\",\"@id\":\"https:\/\/karibiandescanso.com\/productos\/serie-gold-karibian\/\",\"url\":\"https:\/\/karibiandescanso.com\/productos\/serie-gold-karibian\/\",\"name\":\"Seria Gold - Karibian Descanso\",\"isPartOf\":{\"@id\":\"https:\/\/karibiandescanso.com\/#website\"},\"datePublished\":\"2017-07-13T17:12:39+00:00\",\"dateModified\":\"2023-03-13T09:19:54+00:00\",\"breadcrumb\":{\"@id\":\"https:\/\/karibiandescanso.com\/productos\/serie-gold-karibian\/#breadcrumb\"},\"inLanguage\":\"pl-PL\",\"potentialAction\":[{\"@type\":\"ReadAction\",\"target\":[\"https:\/\/karibiandescanso.com\/productos\/serie-gold-karibian\/\"]}]},{\"@type\":\"BreadcrumbList\",\"@id\":\"https:\/\/karibiandescanso.com\/productos\/serie-gold-karibian\/#breadcrumb\",\"itemListElement\":[{\"@type\":\"ListItem\",\"position\":1,\"name\":\"Portada\",\"item\":\"https:\/\/karibiandescanso.com\/\"},{\"@type\":\"ListItem\",\"position\":2,\"name\":\"Productos\",\"item\":\"https:\/\/karibiandescanso.com\/productos\/\"},{\"@type\":\"ListItem\",\"position\":3,\"name\":\"Serie Gold\"}]},{\"@type\":\"WebSite\",\"@id\":\"https:\/\/karibiandescanso.com\/#website\",\"url\":\"https:\/\/karibiandescanso.com\/\",\"name\":\"Karibian Descanso\",\"description\":\"Gdzie jest odpoczynek\",\"potentialAction\":[{\"@type\":\"SearchAction\",\"target\":{\"@type\":\"EntryPoint\",\"urlTemplate\":\"https:\/\/karibiandescanso.com\/?s={search_term_string}\"},\"query-input\":{\"@type\":\"PropertyValueSpecification\",\"valueRequired\":true,\"valueName\":\"search_term_string\"}}],\"inLanguage\":\"pl-PL\"}]}<\/script>\n<!-- \/ Yoast SEO plugin. -->","yoast_head_json":{"title":"Seria Gold - Karibian Descanso","robots":{"index":"index","follow":"follow","max-snippet":"max-snippet:-1","max-image-preview":"max-image-preview:large","max-video-preview":"max-video-preview:-1"},"canonical":"https:\/\/karibiandescanso.com\/productos\/serie-gold-karibian\/","og_locale":"pl_PL","og_type":"article","og_title":"Seria Gold - Karibian Descanso","og_description":"[vc_row css_animation=&#8221;&#8221; row_type=&#8221;row&#8221; use_row_as_full_screen_section=&#8221;no&#8221; type=&#8221;grid&#8221; angled_section=&#8221;no&#8221; text_align=&#8221;left&#8221; background_image_as_pattern=&#8221;without_pattern&#8221;][vc_column][vc_empty_space height=&#8221;20px&#8221;][vc_column_text] Seria Gold [\/vc_column_text][vc_separator type=&#8221;small&#8221; position=&#8221;center&#8221; color=&#8221;#545454&#8243; thickness=&#8221;3&#8243; up=&#8221;10&#8243; down=&#8221;10&#8243;][vc_empty_space height=&#8221;30px&#8221;][vc_empty_space height=&#8221;20px&#8221;][vc_column_text] Odpoczywaj, \u015bnij, \u017cyj &#8211; w Karibian descanso te materace zaprojektowali\u015bmy, znajduj\u0105c idealn\u0105 r\u00f3wnowag\u0119. R\u00f3\u017cne struktury materia\u0142\u00f3w i wyko\u0144cze\u0144, kt\u00f3re poprawiaj\u0105 wra\u017cenia z codziennego wypoczynku. Nieustanne...","og_url":"https:\/\/karibiandescanso.com\/productos\/serie-gold-karibian\/","og_site_name":"Karibian Descanso","article_modified_time":"2023-03-13T09:19:54+00:00","twitter_card":"summary_large_image","twitter_misc":{"Szacowany czas czytania":"1 minuta"},"schema":{"@context":"https:\/\/schema.org","@graph":[{"@type":"WebPage","@id":"https:\/\/karibiandescanso.com\/productos\/serie-gold-karibian\/","url":"https:\/\/karibiandescanso.com\/productos\/serie-gold-karibian\/","name":"Seria Gold - Karibian Descanso","isPartOf":{"@id":"https:\/\/karibiandescanso.com\/#website"},"datePublished":"2017-07-13T17:12:39+00:00","dateModified":"2023-03-13T09:19:54+00:00","breadcrumb":{"@id":"https:\/\/karibiandescanso.com\/productos\/serie-gold-karibian\/#breadcrumb"},"inLanguage":"pl-PL","potentialAction":[{"@type":"ReadAction","target":["https:\/\/karibiandescanso.com\/productos\/serie-gold-karibian\/"]}]},{"@type":"BreadcrumbList","@id":"https:\/\/karibiandescanso.com\/productos\/serie-gold-karibian\/#breadcrumb","itemListElement":[{"@type":"ListItem","position":1,"name":"Portada","item":"https:\/\/karibiandescanso.com\/"},{"@type":"ListItem","position":2,"name":"Productos","item":"https:\/\/karibiandescanso.com\/productos\/"},{"@type":"ListItem","position":3,"name":"Serie Gold"}]},{"@type":"WebSite","@id":"https:\/\/karibiandescanso.com\/#website","url":"https:\/\/karibiandescanso.com\/","name":"Karibian Descanso","description":"Gdzie jest odpoczynek","potentialAction":[{"@type":"SearchAction","target":{"@type":"EntryPoint","urlTemplate":"https:\/\/karibiandescanso.com\/?s={search_term_string}"},"query-input":{"@type":"PropertyValueSpecification","valueRequired":true,"valueName":"search_term_string"}}],"inLanguage":"pl-PL"}]}},"_links":{"self":[{"href":"https:\/\/karibiandescanso.com\/pl\/wp-json\/wp\/v2\/pages\/700","targetHints":{"allow":["GET"]}}],"collection":[{"href":"https:\/\/karibiandescanso.com\/pl\/wp-json\/wp\/v2\/pages"}],"about":[{"href":"https:\/\/karibiandescanso.com\/pl\/wp-json\/wp\/v2\/types\/page"}],"author":[{"embeddable":true,"href":"https:\/\/karibiandescanso.com\/pl\/wp-json\/wp\/v2\/users\/1"}],"replies":[{"embeddable":true,"href":"https:\/\/karibiandescanso.com\/pl\/wp-json\/wp\/v2\/comments?post=700"}],"version-history":[{"count":0,"href":"https:\/\/karibiandescanso.com\/pl\/wp-json\/wp\/v2\/pages\/700\/revisions"}],"up":[{"embeddable":true,"href":"https:\/\/karibiandescanso.com\/pl\/wp-json\/wp\/v2\/pages\/61"}],"wp:attachment":[{"href":"https:\/\/karibiandescanso.com\/pl\/wp-json\/wp\/v2\/media?parent=700"}],"curies":[{"name":"wp","href":"https:\/\/api.w.org\/{rel}","templated":true}]}}