{"id":704,"date":"2017-07-13T18:14:01","date_gmt":"2017-07-13T17:14:01","guid":{"rendered":"https:\/\/www.karibiandescanso.com\/?page_id=704"},"modified":"2024-06-20T10:46:18","modified_gmt":"2024-06-20T08:46:18","slug":"serie-articulados-karibian","status":"publish","type":"page","link":"https:\/\/karibiandescanso.com\/pl\/productos\/serie-articulados-karibian\/","title":{"rendered":"Seria Przegubowe"},"content":{"rendered":"<p>[vc_row css_animation=&#8221;&#8221; row_type=&#8221;row&#8221; use_row_as_full_screen_section=&#8221;no&#8221; type=&#8221;grid&#8221; angled_section=&#8221;no&#8221; text_align=&#8221;left&#8221; background_image_as_pattern=&#8221;without_pattern&#8221;][vc_column][vc_empty_space height=&#8221;20px&#8221;][vc_column_text]<\/p>\n<h2 style=\"text-align: center; color: #7fb6e2;\">Seria Przegubowe<\/h2>\n<p>[\/vc_column_text][vc_separator type=&#8221;small&#8221; position=&#8221;center&#8221; color=&#8221;#545454&#8243; thickness=&#8221;3&#8243; up=&#8221;10&#8243; down=&#8221;10&#8243;][vc_empty_space height=&#8221;30px&#8221;]<div class=\"custom_font_holder\" style=\"font-family: Karla,Arial, Helvetica, sans-serif; font-size: 12px; line-height: 18px; font-style: normal; font-weight: 700; color: #333333; text-decoration: none; letter-spacing: 3px; text-align: center;\">&#8220;PRZEWIEWNO\u015a\u0106 I NIEZALE\u017bNO\u015a\u0106&#8221;<\/div>[vc_empty_space height=&#8221;20px&#8221;][vc_column_text]<\/p>\n<p style=\"font-weight: 400; text-align: justify;\">W Karibian descanso dopasowujemy si\u0119 do potrzeb wszystkich naszych klient\u00f3w, staraj\u0105c si\u0119 da\u0107 mo\u017cliwo\u015b\u0107 naturalnego odpoczynku ka\u017cdej osobie. To dzi\u0119ki nim i dla nich prezentujemy nasz\u0105 now\u0105 seri\u0119 z wyprofilowanym rdzeniem z pianki HR.<\/p>\n<p style=\"font-weight: 400; text-align: justify;\">Niespotykane po\u0142\u0105czenie elastyczno\u015bci i wygody, kt\u00f3re sprawia, \u017ce nasz materac jest wyj\u0105tkowy. Uwielbiamy praktyczno\u015b\u0107, dlatego wszystkie te materace maj\u0105 zdejmowane pokrowce i pasuj\u0105 do wszystkich rodzaj\u00f3w podstaw. i dopasowuj\u0105 si\u0119 do jakiejkolwiek podstawy. Ta gama produkt\u00f3w zalecana jest w zale\u017cno\u015bci od fizjologii cia\u0142a i wagi a\u017c do 110kg.<\/p>\n<p>[\/vc_column_text][vc_empty_space height=&#8221;10px&#8221;]<div class=\"custom_font_holder\" style=\"font-family: Karla,Arial, Helvetica, sans-serif; font-size: 10px; line-height: 18px; font-style: normal; font-weight: 700; color: #333333; text-decoration: none; letter-spacing: 3px; text-align: right;\">&#8220;TECHNOLOGIA I INNOWACJE W ZASI\u0118GU R\u0118KI&#8221;<\/div>[vc_empty_space height=&#8221;30px&#8221;][\/vc_column][\/vc_row][vc_row css_animation=&#8221;&#8221; row_type=&#8221;row&#8221; use_row_as_full_screen_section=&#8221;no&#8221; type=&#8221;grid&#8221; angled_section=&#8221;no&#8221; text_align=&#8221;left&#8221; background_image_as_pattern=&#8221;without_pattern&#8221;][vc_column]<div class='projects_holder_outer v4 portfolio_with_space portfolio_standard'>\n        <div class='projects_holder portfolio_main_holder clearfix v4 standard portfolio_full_image '>\n        \n        <article class='mix portfolio_category_17 default' style=''>\n    \n    \n    \n                <div class='image_holder'>\n                <a itemprop='url' class='portfolio_link_for_touch' href='https:\/\/karibiandescanso.com\/pl\/catalogo-de-productos\/colchon-nova\/' target=''>\n                    \n<span class='image'><img loading=\"lazy\" decoding=\"async\" width=\"800\" height=\"500\" src=\"https:\/\/karibiandescanso.com\/wp-content\/uploads\/2017\/06\/Nova-portfolio.jpg\" class=\"attachment-full size-full wp-post-image\" alt=\"\" srcset=\"https:\/\/karibiandescanso.com\/wp-content\/uploads\/2017\/06\/Nova-portfolio.jpg 800w, https:\/\/karibiandescanso.com\/wp-content\/uploads\/2017\/06\/Nova-portfolio-300x188.jpg 300w\" sizes=\"auto, (max-width: 800px) 100vw, 800px\" \/><\/span>                <\/a>\n\n                <span class='text_holder'>\n    <span class='text_outer'>\n        <span class='text_inner'>\n            <span class='feature_holder'>\n                        <\/span>\n        <\/span>\n    <\/span>\n<\/span>            <\/div>\n                <div class='portfolio_description text_align_left' >\n\n        \n    <h6 itemprop=\"name\" class=\"portfolio_title entry_title\"><a itemprop=\"url\" href=\"https:\/\/karibiandescanso.com\/pl\/catalogo-de-productos\/colchon-nova\/\"  target=\"_self\"> MATERAC NOVA<\/a><\/h6>\n\n\n        \n            <span class=\"project_category\"  >\n    Articulados    <\/span>\n\n    <\/div>\n        \n<\/article>\n<article class='mix portfolio_category_17 default' style=''>\n    \n    \n    \n                <div class='image_holder'>\n                <a itemprop='url' class='portfolio_link_for_touch' href='https:\/\/karibiandescanso.com\/pl\/catalogo-de-productos\/colchon-privilege\/' target=''>\n                    \n<span class='image'><img loading=\"lazy\" decoding=\"async\" width=\"800\" height=\"500\" src=\"https:\/\/karibiandescanso.com\/wp-content\/uploads\/2017\/06\/Privilege-portfolio.jpg\" class=\"attachment-full size-full wp-post-image\" alt=\"\" srcset=\"https:\/\/karibiandescanso.com\/wp-content\/uploads\/2017\/06\/Privilege-portfolio.jpg 800w, https:\/\/karibiandescanso.com\/wp-content\/uploads\/2017\/06\/Privilege-portfolio-300x188.jpg 300w\" sizes=\"auto, (max-width: 800px) 100vw, 800px\" \/><\/span>                <\/a>\n\n                <span class='text_holder'>\n    <span class='text_outer'>\n        <span class='text_inner'>\n            <span class='feature_holder'>\n                        <\/span>\n        <\/span>\n    <\/span>\n<\/span>            <\/div>\n                <div class='portfolio_description text_align_left' >\n\n        \n    <h6 itemprop=\"name\" class=\"portfolio_title entry_title\"><a itemprop=\"url\" href=\"https:\/\/karibiandescanso.com\/pl\/catalogo-de-productos\/colchon-privilege\/\"  target=\"_self\"> MATERAC PRIVILEGE<\/a><\/h6>\n\n\n        \n            <span class=\"project_category\"  >\n    Articulados    <\/span>\n\n    <\/div>\n        \n<\/article>\n<article class='mix portfolio_category_17 default' style=''>\n    \n    \n    \n                <div class='image_holder'>\n                <a itemprop='url' class='portfolio_link_for_touch' href='https:\/\/karibiandescanso.com\/pl\/catalogo-de-productos\/colchon-cannes\/' target=''>\n                    \n<span class='image'><img loading=\"lazy\" decoding=\"async\" width=\"800\" height=\"500\" src=\"https:\/\/karibiandescanso.com\/wp-content\/uploads\/2017\/03\/cannes-portfolio.jpg\" class=\"attachment-full size-full wp-post-image\" alt=\"\" srcset=\"https:\/\/karibiandescanso.com\/wp-content\/uploads\/2017\/03\/cannes-portfolio.jpg 800w, https:\/\/karibiandescanso.com\/wp-content\/uploads\/2017\/03\/cannes-portfolio-300x188.jpg 300w\" sizes=\"auto, (max-width: 800px) 100vw, 800px\" \/><\/span>                <\/a>\n\n                <span class='text_holder'>\n    <span class='text_outer'>\n        <span class='text_inner'>\n            <span class='feature_holder'>\n                        <\/span>\n        <\/span>\n    <\/span>\n<\/span>            <\/div>\n                <div class='portfolio_description text_align_left' >\n\n        \n    <h6 itemprop=\"name\" class=\"portfolio_title entry_title\"><a itemprop=\"url\" href=\"https:\/\/karibiandescanso.com\/pl\/catalogo-de-productos\/colchon-cannes\/\"  target=\"_self\"> MATERAC CANNES<\/a><\/h6>\n\n\n        \n            <span class=\"project_category\"  >\n    Articulados    <\/span>\n\n    <\/div>\n        \n<\/article>\n<article class='mix portfolio_category_17 default' style=''>\n    \n    \n    \n                <div class='image_holder'>\n                <a itemprop='url' class='portfolio_link_for_touch' href='https:\/\/karibiandescanso.com\/pl\/catalogo-de-productos\/colchon-ikaro\/' target=''>\n                    \n<span class='image'><img loading=\"lazy\" decoding=\"async\" width=\"800\" height=\"500\" src=\"https:\/\/karibiandescanso.com\/wp-content\/uploads\/2017\/06\/Ikaro-portfolio.jpg\" class=\"attachment-full size-full wp-post-image\" alt=\"\" srcset=\"https:\/\/karibiandescanso.com\/wp-content\/uploads\/2017\/06\/Ikaro-portfolio.jpg 800w, https:\/\/karibiandescanso.com\/wp-content\/uploads\/2017\/06\/Ikaro-portfolio-300x188.jpg 300w\" sizes=\"auto, (max-width: 800px) 100vw, 800px\" \/><\/span>                <\/a>\n\n                <span class='text_holder'>\n    <span class='text_outer'>\n        <span class='text_inner'>\n            <span class='feature_holder'>\n                        <\/span>\n        <\/span>\n    <\/span>\n<\/span>            <\/div>\n                <div class='portfolio_description text_align_left' >\n\n        \n    <h6 itemprop=\"name\" class=\"portfolio_title entry_title\"><a itemprop=\"url\" href=\"https:\/\/karibiandescanso.com\/pl\/catalogo-de-productos\/colchon-ikaro\/\"  target=\"_self\"> MATERAC IKARO<\/a><\/h6>\n\n\n        \n            <span class=\"project_category\"  >\n    Articulados    <\/span>\n\n    <\/div>\n        \n<\/article>\n<article class='mix portfolio_category_17 default' style=''>\n    \n    \n    \n                <div class='image_holder'>\n                <a itemprop='url' class='portfolio_link_for_touch' href='https:\/\/karibiandescanso.com\/pl\/catalogo-de-productos\/colchon-adapta-v3\/' target=''>\n                    \n<span class='image'><img loading=\"lazy\" decoding=\"async\" width=\"1000\" height=\"625\" src=\"https:\/\/karibiandescanso.com\/wp-content\/uploads\/2023\/05\/ADAPTA-PORTADA.jpg\" class=\"attachment-full size-full wp-post-image\" alt=\"\" \/><\/span>                <\/a>\n\n                <span class='text_holder'>\n    <span class='text_outer'>\n        <span class='text_inner'>\n            <span class='feature_holder'>\n                        <\/span>\n        <\/span>\n    <\/span>\n<\/span>            <\/div>\n                <div class='portfolio_description text_align_left' >\n\n        \n    <h6 itemprop=\"name\" class=\"portfolio_title entry_title\"><a itemprop=\"url\" href=\"https:\/\/karibiandescanso.com\/pl\/catalogo-de-productos\/colchon-adapta-v3\/\"  target=\"_self\"> MATERAC ADAPTA V3<\/a><\/h6>\n\n\n        \n            <span class=\"project_category\"  >\n    Articulados    <\/span>\n\n    <\/div>\n        \n<\/article>\n<article class='mix portfolio_category_17 default' style=''>\n    \n    \n    \n                <div class='image_holder'>\n                <a itemprop='url' class='portfolio_link_for_touch' href='https:\/\/karibiandescanso.com\/pl\/catalogo-de-productos\/colchon-bamboo-latex\/' target=''>\n                    \n<span class='image'><img loading=\"lazy\" decoding=\"async\" width=\"1000\" height=\"625\" src=\"https:\/\/karibiandescanso.com\/wp-content\/uploads\/2024\/06\/BAMBOO-PORTADA.jpg\" class=\"attachment-full size-full wp-post-image\" alt=\"\" \/><\/span>                <\/a>\n\n                <span class='text_holder'>\n    <span class='text_outer'>\n        <span class='text_inner'>\n            <span class='feature_holder'>\n                        <\/span>\n        <\/span>\n    <\/span>\n<\/span>            <\/div>\n                <div class='portfolio_description text_align_left' >\n\n        \n    <h6 itemprop=\"name\" class=\"portfolio_title entry_title\"><a itemprop=\"url\" href=\"https:\/\/karibiandescanso.com\/pl\/catalogo-de-productos\/colchon-bamboo-latex\/\"  target=\"_self\"> MATERAC BAMBOO LATEX<\/a><\/h6>\n\n\n        \n            <span class=\"project_category\"  >\n    Articulados    <\/span>\n\n    <\/div>\n        \n<\/article>\n        <div class='filler'><\/div>\n            <div class='filler'><\/div>\n            <div class='filler'><\/div>\n            <div class='filler'><\/div>\n        <\/div>\n\n    \n    <\/div>[\/vc_column][\/vc_row][vc_row css_animation=&#8221;&#8221; row_type=&#8221;row&#8221; use_row_as_full_screen_section=&#8221;no&#8221; type=&#8221;full_width&#8221; angled_section=&#8221;no&#8221; text_align=&#8221;left&#8221; background_image_as_pattern=&#8221;without_pattern&#8221;][vc_column][vc_empty_space height=&#8221;40px&#8221;][\/vc_column][\/vc_row]<\/p>\n","protected":false},"excerpt":{"rendered":"<p>[vc_row css_animation=&#8221;&#8221; row_type=&#8221;row&#8221; use_row_as_full_screen_section=&#8221;no&#8221; type=&#8221;grid&#8221; angled_section=&#8221;no&#8221; text_align=&#8221;left&#8221; background_image_as_pattern=&#8221;without_pattern&#8221;][vc_column][vc_empty_space height=&#8221;20px&#8221;][vc_column_text] Seria Przegubowe [\/vc_column_text][vc_separator type=&#8221;small&#8221; position=&#8221;center&#8221; color=&#8221;#545454&#8243; thickness=&#8221;3&#8243; up=&#8221;10&#8243; down=&#8221;10&#8243;][vc_empty_space height=&#8221;30px&#8221;][vc_empty_space height=&#8221;20px&#8221;][vc_column_text] W Karibian descanso dopasowujemy si\u0119 do potrzeb wszystkich naszych klient\u00f3w, staraj\u0105c si\u0119 da\u0107 mo\u017cliwo\u015b\u0107 naturalnego odpoczynku ka\u017cdej osobie. To dzi\u0119ki nim i dla nich prezentujemy&#8230;<\/p>\n","protected":false},"author":1,"featured_media":0,"parent":61,"menu_order":0,"comment_status":"closed","ping_status":"closed","template":"","meta":{"footnotes":""},"class_list":["post-704","page","type-page","status-publish","hentry"],"yoast_head":"<!-- This site is optimized with the Yoast SEO plugin v27.0 - https:\/\/yoast.com\/product\/yoast-seo-wordpress\/ -->\n<title>Seria Przegubowe - Karibian Descanso<\/title>\n<meta name=\"robots\" content=\"index, follow, max-snippet:-1, max-image-preview:large, max-video-preview:-1\" \/>\n<link rel=\"canonical\" href=\"https:\/\/karibiandescanso.com\/productos\/serie-articulados-karibian\/\" \/>\n<meta property=\"og:locale\" content=\"pl_PL\" \/>\n<meta property=\"og:type\" content=\"article\" \/>\n<meta property=\"og:title\" content=\"Seria Przegubowe - Karibian Descanso\" \/>\n<meta property=\"og:description\" content=\"[vc_row css_animation=&#8221;&#8221; row_type=&#8221;row&#8221; use_row_as_full_screen_section=&#8221;no&#8221; type=&#8221;grid&#8221; angled_section=&#8221;no&#8221; text_align=&#8221;left&#8221; background_image_as_pattern=&#8221;without_pattern&#8221;][vc_column][vc_empty_space height=&#8221;20px&#8221;][vc_column_text] Seria Przegubowe [\/vc_column_text][vc_separator type=&#8221;small&#8221; position=&#8221;center&#8221; color=&#8221;#545454&#8243; thickness=&#8221;3&#8243; up=&#8221;10&#8243; down=&#8221;10&#8243;][vc_empty_space height=&#8221;30px&#8221;][vc_empty_space height=&#8221;20px&#8221;][vc_column_text] W Karibian descanso dopasowujemy si\u0119 do potrzeb wszystkich naszych klient\u00f3w, staraj\u0105c si\u0119 da\u0107 mo\u017cliwo\u015b\u0107 naturalnego odpoczynku ka\u017cdej osobie. To dzi\u0119ki nim i dla nich prezentujemy...\" \/>\n<meta property=\"og:url\" content=\"https:\/\/karibiandescanso.com\/productos\/serie-articulados-karibian\/\" \/>\n<meta property=\"og:site_name\" content=\"Karibian Descanso\" \/>\n<meta property=\"article:modified_time\" content=\"2024-06-20T08:46:18+00:00\" \/>\n<meta name=\"twitter:card\" content=\"summary_large_image\" \/>\n<meta name=\"twitter:label1\" content=\"Szacowany czas czytania\" \/>\n\t<meta name=\"twitter:data1\" content=\"1 minuta\" \/>\n<script type=\"application\/ld+json\" class=\"yoast-schema-graph\">{\"@context\":\"https:\/\/schema.org\",\"@graph\":[{\"@type\":\"WebPage\",\"@id\":\"https:\/\/karibiandescanso.com\/productos\/serie-articulados-karibian\/\",\"url\":\"https:\/\/karibiandescanso.com\/productos\/serie-articulados-karibian\/\",\"name\":\"Seria Przegubowe - Karibian Descanso\",\"isPartOf\":{\"@id\":\"https:\/\/karibiandescanso.com\/#website\"},\"datePublished\":\"2017-07-13T17:14:01+00:00\",\"dateModified\":\"2024-06-20T08:46:18+00:00\",\"breadcrumb\":{\"@id\":\"https:\/\/karibiandescanso.com\/productos\/serie-articulados-karibian\/#breadcrumb\"},\"inLanguage\":\"pl-PL\",\"potentialAction\":[{\"@type\":\"ReadAction\",\"target\":[\"https:\/\/karibiandescanso.com\/productos\/serie-articulados-karibian\/\"]}]},{\"@type\":\"BreadcrumbList\",\"@id\":\"https:\/\/karibiandescanso.com\/productos\/serie-articulados-karibian\/#breadcrumb\",\"itemListElement\":[{\"@type\":\"ListItem\",\"position\":1,\"name\":\"Portada\",\"item\":\"https:\/\/karibiandescanso.com\/\"},{\"@type\":\"ListItem\",\"position\":2,\"name\":\"Productos\",\"item\":\"https:\/\/karibiandescanso.com\/productos\/\"},{\"@type\":\"ListItem\",\"position\":3,\"name\":\"Serie Articulados\"}]},{\"@type\":\"WebSite\",\"@id\":\"https:\/\/karibiandescanso.com\/#website\",\"url\":\"https:\/\/karibiandescanso.com\/\",\"name\":\"Karibian Descanso\",\"description\":\"Gdzie jest odpoczynek\",\"potentialAction\":[{\"@type\":\"SearchAction\",\"target\":{\"@type\":\"EntryPoint\",\"urlTemplate\":\"https:\/\/karibiandescanso.com\/?s={search_term_string}\"},\"query-input\":{\"@type\":\"PropertyValueSpecification\",\"valueRequired\":true,\"valueName\":\"search_term_string\"}}],\"inLanguage\":\"pl-PL\"}]}<\/script>\n<!-- \/ Yoast SEO plugin. -->","yoast_head_json":{"title":"Seria Przegubowe - Karibian Descanso","robots":{"index":"index","follow":"follow","max-snippet":"max-snippet:-1","max-image-preview":"max-image-preview:large","max-video-preview":"max-video-preview:-1"},"canonical":"https:\/\/karibiandescanso.com\/productos\/serie-articulados-karibian\/","og_locale":"pl_PL","og_type":"article","og_title":"Seria Przegubowe - Karibian Descanso","og_description":"[vc_row css_animation=&#8221;&#8221; row_type=&#8221;row&#8221; use_row_as_full_screen_section=&#8221;no&#8221; type=&#8221;grid&#8221; angled_section=&#8221;no&#8221; text_align=&#8221;left&#8221; background_image_as_pattern=&#8221;without_pattern&#8221;][vc_column][vc_empty_space height=&#8221;20px&#8221;][vc_column_text] Seria Przegubowe [\/vc_column_text][vc_separator type=&#8221;small&#8221; position=&#8221;center&#8221; color=&#8221;#545454&#8243; thickness=&#8221;3&#8243; up=&#8221;10&#8243; down=&#8221;10&#8243;][vc_empty_space height=&#8221;30px&#8221;][vc_empty_space height=&#8221;20px&#8221;][vc_column_text] W Karibian descanso dopasowujemy si\u0119 do potrzeb wszystkich naszych klient\u00f3w, staraj\u0105c si\u0119 da\u0107 mo\u017cliwo\u015b\u0107 naturalnego odpoczynku ka\u017cdej osobie. To dzi\u0119ki nim i dla nich prezentujemy...","og_url":"https:\/\/karibiandescanso.com\/productos\/serie-articulados-karibian\/","og_site_name":"Karibian Descanso","article_modified_time":"2024-06-20T08:46:18+00:00","twitter_card":"summary_large_image","twitter_misc":{"Szacowany czas czytania":"1 minuta"},"schema":{"@context":"https:\/\/schema.org","@graph":[{"@type":"WebPage","@id":"https:\/\/karibiandescanso.com\/productos\/serie-articulados-karibian\/","url":"https:\/\/karibiandescanso.com\/productos\/serie-articulados-karibian\/","name":"Seria Przegubowe - Karibian Descanso","isPartOf":{"@id":"https:\/\/karibiandescanso.com\/#website"},"datePublished":"2017-07-13T17:14:01+00:00","dateModified":"2024-06-20T08:46:18+00:00","breadcrumb":{"@id":"https:\/\/karibiandescanso.com\/productos\/serie-articulados-karibian\/#breadcrumb"},"inLanguage":"pl-PL","potentialAction":[{"@type":"ReadAction","target":["https:\/\/karibiandescanso.com\/productos\/serie-articulados-karibian\/"]}]},{"@type":"BreadcrumbList","@id":"https:\/\/karibiandescanso.com\/productos\/serie-articulados-karibian\/#breadcrumb","itemListElement":[{"@type":"ListItem","position":1,"name":"Portada","item":"https:\/\/karibiandescanso.com\/"},{"@type":"ListItem","position":2,"name":"Productos","item":"https:\/\/karibiandescanso.com\/productos\/"},{"@type":"ListItem","position":3,"name":"Serie Articulados"}]},{"@type":"WebSite","@id":"https:\/\/karibiandescanso.com\/#website","url":"https:\/\/karibiandescanso.com\/","name":"Karibian Descanso","description":"Gdzie jest odpoczynek","potentialAction":[{"@type":"SearchAction","target":{"@type":"EntryPoint","urlTemplate":"https:\/\/karibiandescanso.com\/?s={search_term_string}"},"query-input":{"@type":"PropertyValueSpecification","valueRequired":true,"valueName":"search_term_string"}}],"inLanguage":"pl-PL"}]}},"_links":{"self":[{"href":"https:\/\/karibiandescanso.com\/pl\/wp-json\/wp\/v2\/pages\/704","targetHints":{"allow":["GET"]}}],"collection":[{"href":"https:\/\/karibiandescanso.com\/pl\/wp-json\/wp\/v2\/pages"}],"about":[{"href":"https:\/\/karibiandescanso.com\/pl\/wp-json\/wp\/v2\/types\/page"}],"author":[{"embeddable":true,"href":"https:\/\/karibiandescanso.com\/pl\/wp-json\/wp\/v2\/users\/1"}],"replies":[{"embeddable":true,"href":"https:\/\/karibiandescanso.com\/pl\/wp-json\/wp\/v2\/comments?post=704"}],"version-history":[{"count":0,"href":"https:\/\/karibiandescanso.com\/pl\/wp-json\/wp\/v2\/pages\/704\/revisions"}],"up":[{"embeddable":true,"href":"https:\/\/karibiandescanso.com\/pl\/wp-json\/wp\/v2\/pages\/61"}],"wp:attachment":[{"href":"https:\/\/karibiandescanso.com\/pl\/wp-json\/wp\/v2\/media?parent=704"}],"curies":[{"name":"wp","href":"https:\/\/api.w.org\/{rel}","templated":true}]}}