{"id":61,"date":"2017-03-06T16:05:49","date_gmt":"2017-03-06T16:05:49","guid":{"rendered":"https:\/\/www.karibiandescanso.com\/?page_id=61"},"modified":"2024-07-17T15:25:07","modified_gmt":"2024-07-17T13:25:07","slug":"productos","status":"publish","type":"page","link":"https:\/\/karibiandescanso.com\/ru\/productos\/","title":{"rendered":"\u041f\u0420\u041e\u0414\u0423\u041a\u0426\u0418\u042f"},"content":{"rendered":"<p>[vc_row css_animation=&#8221;&#8221; row_type=&#8221;row&#8221; use_row_as_full_screen_section=&#8221;no&#8221; type=&#8221;grid&#8221; angled_section=&#8221;no&#8221; text_align=&#8221;left&#8221; background_image_as_pattern=&#8221;without_pattern&#8221;][vc_column][vc_empty_space height=&#8221;35px&#8221;]<div class=\"custom_font_holder\" style=\"font-family: Karla,Arial, Helvetica, sans-serif; font-size: 12px; line-height: 18px; font-style: normal; font-weight: 700; color: #333333; text-decoration: none; letter-spacing: 3px; text-align: center;\">\u042d\u041c\u041e\u0426\u0418\u0418, \u0427\u0423\u0412\u0421\u0422\u0412\u0410 \u0418 \u041e\u0422\u0414\u042b\u0425<\/div>[vc_empty_space height=&#8221;20px&#8221;][vc_column_text]<\/p>\n<p style=\"text-align: center;\">\u041c\u044b \u0445\u043e\u0442\u0438\u043c, \u0447\u0442\u043e\u0431\u044b \u0432\u0430\u043c \u0431\u044b\u043b\u043e \u043a\u043e\u043c\u0444\u043e\u0440\u0442\u043d\u043e, \u043a\u0430\u043a \u0434\u043e\u043c\u0430, \u043d\u043e \u043f\u0440\u0438 \u044d\u0442\u043e\u043c \u0432\u044b \u0441\u043c\u043e\u0433\u043b\u0438 \u0443\u0432\u0438\u0434\u0435\u0442\u044c, \u043f\u043e\u0447\u0443\u0432\u0441\u0442\u0432\u043e\u0432\u0430\u0442\u044c \u0438 \u043f\u043e\u043f\u0440\u043e\u0431\u043e\u0432\u0430\u0442\u044c \u0447\u0442\u043e-\u0442\u043e \u043d\u043e\u0432\u043e\u0435. \u0412\u043d\u0438\u043c\u0430\u043d\u0438\u044e \u043a\u043b\u0438\u0435\u043d\u0442\u043e\u0432 \u043f\u0440\u0435\u0434\u043b\u0430\u0433\u0430\u0435\u0442\u0441\u044f 6 \u043a\u043e\u043b\u043b\u0435\u043a\u0446\u0438\u0439 \u2014 \u0432 \u043e\u0431\u0449\u0435\u0439 \u0441\u043b\u043e\u0436\u043d\u043e\u0441\u0442\u0438 \u0431\u043e\u043b\u0435\u0435 40 \u0440\u0430\u0437\u043b\u0438\u0447\u043d\u044b\u0445 \u043d\u0430\u0438\u043c\u0435\u043d\u043e\u0432\u0430\u043d\u0438\u0439 \u0442\u043e\u0432\u0430\u0440\u043e\u0432 \u0434\u043b\u044f \u043e\u0442\u0434\u044b\u0445\u0430. \u041d\u0435 \u0432\u0430\u0436\u043d\u043e, \u0447\u0442\u043e \u0438\u043c\u0435\u043d\u043d\u043e \u0432\u044b \u0438\u0449\u0435\u0442\u0435 \u0438\u043b\u0438 \u043f\u0440\u0435\u0434\u043f\u043e\u0447\u0438\u0442\u0430\u0435\u0442\u0435, \u2014 \u0443 \u043d\u0430\u0441 \u0432\u044b \u043d\u0435\u043f\u0440\u0435\u043c\u0435\u043d\u043d\u043e \u043f\u043e\u0434\u0431\u0435\u0440\u0435\u0442\u0435 \u043d\u0430\u0438\u0431\u043e\u043b\u0435\u0435 \u043f\u043e\u0434\u0445\u043e\u0434\u044f\u0449\u0438\u0439 \u043c\u0430\u0442\u0440\u0430\u0441 \u0434\u043b\u044f \u0441\u0435\u0431\u044f \u0438 \u0441\u0432\u043e\u0438\u0445 \u0431\u043b\u0438\u0437\u043a\u0438\u0445.<br \/>\n\u0412\u044b \u0433\u043e\u0442\u043e\u0432\u044b \u0438\u0441\u043f\u044b\u0442\u0430\u0442\u044c \u043f\u0440\u0438\u044f\u0442\u043d\u044b\u0435 \u043e\u0449\u0443\u0449\u0435\u043d\u0438\u044f, \u043e\u0442\u0440\u0435\u0448\u0438\u0442\u044c\u0441\u044f \u043e\u0442 \u0437\u0430\u0431\u043e\u0442 \u0438, \u043a\u043e\u043d\u0435\u0447\u043d\u043e \u0436\u0435, \u0445\u043e\u0440\u043e\u0448\u043e \u043e\u0442\u0434\u043e\u0445\u043d\u0443\u0442\u044c?<\/p>\n<p>[\/vc_column_text][vc_empty_space height=&#8221;20px&#8221;]<div class=\"custom_font_holder\" style=\"font-family: Karla,Arial, Helvetica, sans-serif; font-size: 10px; line-height: 14px; font-style: normal; font-weight: 700; color: #333333; text-decoration: none; letter-spacing: 3px; text-align: center;\">&#8220;\u041f\u0420\u0418\u0413\u041b\u0410\u0428\u0410\u0415\u041c \u0412\u0410\u0421 \u041e\u0417\u041d\u0410\u041a\u041e\u041c\u0418\u0422\u042c\u0421\u042f \u0421 \u041d\u0410\u0428\u0415\u0419 \u041f\u0420\u041e\u0414\u0423\u041a\u0426\u0418\u0415\u0419&#8221;<\/div>[\/vc_column][\/vc_row][vc_row css_animation=&#8221;&#8221; row_type=&#8221;row&#8221; use_row_as_full_screen_section=&#8221;no&#8221; type=&#8221;full_width&#8221; angled_section=&#8221;no&#8221; text_align=&#8221;center&#8221; background_image_as_pattern=&#8221;without_pattern&#8221;][vc_column width=&#8221;1\/2&#8243; css=&#8221;.vc_custom_1559661347513{padding-top: 25px !important;padding-right: 0px !important;padding-bottom: 5px !important;padding-left: 25px !important;}&#8221; offset=&#8221;vc_hidden-xs&#8221;][vc_row_inner row_type=&#8221;row&#8221; type=&#8221;full_width&#8221; text_align=&#8221;left&#8221; css_animation=&#8221;&#8221;][vc_column_inner css=&#8221;.vc_custom_1559660851578{padding-top: 25px !important;padding-right: 22px !important;padding-bottom: 5px !important;padding-left: 22px !important;}&#8221;]<div class=\"qode-banner qode-banner-va-center\"><a class=\"qode-banner-link\" href=\"\/productos\/serie-platinum-karibian\/\" target=\"_self\"><\/a><div class=\"qode-banner-image\"><img decoding=\"async\" itemprop=\"image\" src=\"https:\/\/karibiandescanso.com\/wp-content\/uploads\/2022\/08\/PLATINUM.png\" alt=\"\" \/><\/div><div class=\"qode-banner-content\"><div class=\"qode-banner-content-inner\"><div class=\"qode-banner-text-holder\">\n<h5 style=\"text-align: center; color: #ffffff; font-size: 32px;\">\u041a\u041e\u041b\u041b\u0415\u041a\u0426\u0418\u042f<br \/>\nPlatinum<\/h5>\n<\/div><\/div><\/div><\/div>[\/vc_column_inner][\/vc_row_inner][vc_row_inner row_type=&#8221;row&#8221; type=&#8221;full_width&#8221; text_align=&#8221;left&#8221; css_animation=&#8221;&#8221;][vc_column_inner width=&#8221;1\/2&#8243; css=&#8221;.vc_custom_1559660860128{padding-top: 10px !important;padding-right: 8px !important;padding-bottom: 8px !important;padding-left: 22px !important;}&#8221;]<div class=\"qode-banner qode-banner-va-center\"><a class=\"qode-banner-link\" href=\"\/productos\/serie-silver-karibian\/\" target=\"_self\"><\/a><div class=\"qode-banner-image\"><img decoding=\"async\" itemprop=\"image\" src=\"https:\/\/karibiandescanso.com\/wp-content\/uploads\/2022\/09\/SILVER.png\" alt=\"\" \/><\/div><div class=\"qode-banner-content\"><div class=\"qode-banner-content-inner\"><div class=\"qode-banner-text-holder\">\n<h5 style=\"text-align: center; color: #ffffff; font-size: 32px;\">\u041a\u041e\u041b\u041b\u0415\u041a\u0426\u0418\u042f<br \/>\nSilver<\/h5>\n<\/div><\/div><\/div><\/div>[\/vc_column_inner][vc_column_inner width=&#8221;1\/2&#8243; css=&#8221;.vc_custom_1559660855695{padding-top: 10px !important;padding-right: 22px !important;padding-bottom: 8px !important;padding-left: 8px !important;}&#8221;]<div class=\"qode-banner qode-banner-va-center\"><a class=\"qode-banner-link\" href=\"\/productos\/serie-juvenil-karibian\/\" target=\"_self\"><\/a><div class=\"qode-banner-image\"><img decoding=\"async\" itemprop=\"image\" src=\"https:\/\/karibiandescanso.com\/wp-content\/uploads\/2022\/09\/JUVENIL.png\" alt=\"\" \/><\/div><div class=\"qode-banner-content\"><div class=\"qode-banner-content-inner\"><div class=\"qode-banner-text-holder\">\n<h5 style=\"text-align: center; color: #ffffff; font-size: 32px;\">\u041a\u041e\u041b\u041b\u0415\u041a\u0426\u0418\u042f<br \/>\n\u0414\u0415\u0422\u0421\u041a\u0418\u0425 \u041c\u0410\u0422\u0420\u0410\u0421\u041e\u0412<\/h5>\n<\/div><\/div><\/div><\/div>[\/vc_column_inner][\/vc_row_inner][\/vc_column][vc_column width=&#8221;1\/2&#8243; css=&#8221;.vc_custom_1559661351917{padding-top: 25px !important;padding-right: 25px !important;padding-bottom: 5px !important;padding-left: 0px !important;}&#8221; offset=&#8221;vc_hidden-xs&#8221;][vc_row_inner row_type=&#8221;row&#8221; type=&#8221;full_width&#8221; text_align=&#8221;left&#8221; css_animation=&#8221;&#8221;][vc_column_inner width=&#8221;1\/2&#8243; css=&#8221;.vc_custom_1559660864695{padding-top: 25px !important;padding-right: 8px !important;padding-bottom: 5px !important;padding-left: 22px !important;}&#8221;]<div class=\"qode-banner qode-banner-va-center\"><a class=\"qode-banner-link\" href=\"\/productos\/serie-gold-karibian\/\" target=\"_self\"><\/a><div class=\"qode-banner-image\"><img decoding=\"async\" itemprop=\"image\" src=\"https:\/\/karibiandescanso.com\/wp-content\/uploads\/2022\/09\/GOLD.png\" alt=\"\" \/><\/div><div class=\"qode-banner-content\"><div class=\"qode-banner-content-inner\"><div class=\"qode-banner-text-holder\">\n<h5 style=\"text-align: center; color: #ffffff; font-size: 32px;\">\u041a\u041e\u041b\u041b\u0415\u041a\u0426\u0418\u042f<br \/>\nGold<\/h5>\n<\/div><\/div><\/div><\/div>[\/vc_column_inner][vc_column_inner width=&#8221;1\/2&#8243; css=&#8221;.vc_custom_1559660870152{padding-top: 25px !important;padding-right: 22px !important;padding-bottom: 5px !important;padding-left: 8px !important;}&#8221;]<div class=\"qode-banner qode-banner-va-center\"><a class=\"qode-banner-link\" href=\"\/productos\/serie-articulados-karibian\/\" target=\"_self\"><\/a><div class=\"qode-banner-image\"><img decoding=\"async\" itemprop=\"image\" src=\"https:\/\/karibiandescanso.com\/wp-content\/uploads\/2022\/09\/ARTICULADO.png\" alt=\"\" \/><\/div><div class=\"qode-banner-content\"><div class=\"qode-banner-content-inner\"><div class=\"qode-banner-text-holder\">\n<h5 style=\"text-align: center; color: #ffffff; font-size: 32px;\">\u041a\u041e\u041b\u041b\u0415\u041a\u0426\u0418\u042f<br \/>\n\u0420\u0415\u0413\u0423\u041b\u0418\u0420\u0423\u0415\u041c\u042b\u0425 \u041c\u0410\u0422\u0420\u0410\u0421\u041e\u0412<\/h5>\n<\/div><\/div><\/div><\/div>[\/vc_column_inner][\/vc_row_inner][vc_row_inner row_type=&#8221;row&#8221; type=&#8221;full_width&#8221; text_align=&#8221;left&#8221; css_animation=&#8221;&#8221;][vc_column_inner css=&#8221;.vc_custom_1559660876898{padding-top: 10px !important;padding-right: 22px !important;padding-bottom: 5px !important;padding-left: 22px !important;}&#8221;]<div class=\"qode-banner qode-banner-va-center\"><a class=\"qode-banner-link\" href=\"\/productos\/serie-pocket-springs\/\" target=\"_self\"><\/a><div class=\"qode-banner-image\"><img decoding=\"async\" itemprop=\"image\" src=\"https:\/\/karibiandescanso.com\/wp-content\/uploads\/2022\/08\/POCKET-SPRING.png\" alt=\"\" \/><\/div><div class=\"qode-banner-content\"><div class=\"qode-banner-content-inner\"><div class=\"qode-banner-text-holder\">\n<h5 style=\"text-align: center; color: #ffffff; font-size: 32px;\">\u041a\u041e\u041b\u041b\u0415\u041a\u0426\u0418\u042f<br \/>\nPocket Spring<\/h5>\n<\/div><\/div><\/div><\/div>[\/vc_column_inner][\/vc_row_inner][\/vc_column][\/vc_row][vc_row css_animation=&#8221;&#8221; row_type=&#8221;row&#8221; use_row_as_full_screen_section=&#8221;no&#8221; type=&#8221;full_width&#8221; angled_section=&#8221;no&#8221; text_align=&#8221;left&#8221; background_image_as_pattern=&#8221;without_pattern&#8221;][vc_column offset=&#8221;vc_hidden-lg vc_hidden-md&#8221;][vc_row_inner row_type=&#8221;row&#8221; type=&#8221;full_width&#8221; text_align=&#8221;left&#8221; css_animation=&#8221;&#8221;][vc_column_inner css=&#8221;.vc_custom_1559661167097{padding-top: 20px !important;padding-right: 20px !important;padding-bottom: 10px !important;padding-left: 20px !important;}&#8221;]<div class=\"qode-banner qode-banner-va-center\"><a class=\"qode-banner-link\" href=\"\/productos\/serie-platinum-karibian\/\" target=\"_self\"><\/a><div class=\"qode-banner-image\"><img decoding=\"async\" itemprop=\"image\" src=\"https:\/\/karibiandescanso.com\/wp-content\/uploads\/2019\/06\/SERIE-PLATINUM-.png\" alt=\"\" \/><\/div><div class=\"qode-banner-content\"><div class=\"qode-banner-content-inner\"><div class=\"qode-banner-text-holder\">\n<h5 style=\"text-align: center; color: #ffffff; font-size: 32px;\">\u041a\u041e\u041b\u041b\u0415\u041a\u0426\u0418\u042f<br \/>\nPlatinum<\/h5>\n<\/div><\/div><\/div><\/div>[\/vc_column_inner][\/vc_row_inner][vc_row_inner row_type=&#8221;row&#8221; type=&#8221;full_width&#8221; text_align=&#8221;left&#8221; css_animation=&#8221;&#8221;][vc_column_inner css=&#8221;.vc_custom_1559661226823{padding-top: 10px !important;padding-right: 20px !important;padding-bottom: 10px !important;padding-left: 20px !important;}&#8221;]<div class=\"qode-banner qode-banner-va-center\"><a class=\"qode-banner-link\" href=\"\/productos\/serie-pocket-springs\/\" target=\"_self\"><\/a><div class=\"qode-banner-image\"><img decoding=\"async\" itemprop=\"image\" src=\"https:\/\/karibiandescanso.com\/wp-content\/uploads\/2019\/06\/SERIE-POCKET-SPRING-WEB.png\" alt=\"\" \/><\/div><div class=\"qode-banner-content\"><div class=\"qode-banner-content-inner\"><div class=\"qode-banner-text-holder\">\n<h5 style=\"text-align: center; color: #ffffff; font-size: 32px;\">\u041a\u041e\u041b\u041b\u0415\u041a\u0426\u0418\u042f<br \/>\nPocket Spring<\/h5>\n<\/div><\/div><\/div><\/div>[\/vc_column_inner][\/vc_row_inner][vc_row_inner row_type=&#8221;row&#8221; type=&#8221;full_width&#8221; text_align=&#8221;left&#8221; css_animation=&#8221;&#8221;][vc_column_inner css=&#8221;.vc_custom_1559661201233{padding-top: 10px !important;padding-right: 20px !important;padding-bottom: 10px !important;padding-left: 20px !important;}&#8221;]<div class=\"qode-banner qode-banner-va-center\"><a class=\"qode-banner-link\" href=\"\/productos\/serie-gold-karibian\/\" target=\"_self\"><\/a><div class=\"qode-banner-image\"><img decoding=\"async\" itemprop=\"image\" src=\"https:\/\/karibiandescanso.com\/wp-content\/uploads\/2019\/06\/SERIE-GOLD-.png\" alt=\"\" \/><\/div><div class=\"qode-banner-content\"><div class=\"qode-banner-content-inner\"><div class=\"qode-banner-text-holder\">\n<h5 style=\"text-align: center; color: #ffffff; font-size: 32px;\">\u041a\u041e\u041b\u041b\u0415\u041a\u0426\u0418\u042f<br \/>\nGold<\/h5>\n<\/div><\/div><\/div><\/div>[\/vc_column_inner][\/vc_row_inner][vc_row_inner row_type=&#8221;row&#8221; type=&#8221;full_width&#8221; text_align=&#8221;left&#8221; css_animation=&#8221;&#8221;][vc_column_inner css=&#8221;.vc_custom_1559661222223{padding-top: 10px !important;padding-right: 20px !important;padding-bottom: 10px !important;padding-left: 20px !important;}&#8221;]<div class=\"qode-banner qode-banner-va-center\"><a class=\"qode-banner-link\" href=\"\/productos\/serie-silver-karibian\/\" target=\"_self\"><\/a><div class=\"qode-banner-image\"><img decoding=\"async\" itemprop=\"image\" src=\"https:\/\/karibiandescanso.com\/wp-content\/uploads\/2019\/06\/serie-silver-.png\" alt=\"\" \/><\/div><div class=\"qode-banner-content\"><div class=\"qode-banner-content-inner\"><div class=\"qode-banner-text-holder\">\n<h5 style=\"text-align: center; color: #ffffff; font-size: 32px;\">\u041a\u041e\u041b\u041b\u0415\u041a\u0426\u0418\u042f<br \/>\nSilver<\/h5>\n<\/div><\/div><\/div><\/div>[\/vc_column_inner][\/vc_row_inner][vc_row_inner row_type=&#8221;row&#8221; type=&#8221;full_width&#8221; text_align=&#8221;left&#8221; css_animation=&#8221;&#8221;][vc_column_inner css=&#8221;.vc_custom_1559661226823{padding-top: 10px !important;padding-right: 20px !important;padding-bottom: 10px !important;padding-left: 20px !important;}&#8221;]<div class=\"qode-banner qode-banner-va-center\"><a class=\"qode-banner-link\" href=\"\/productos\/serie-articulados-karibian\/\" target=\"_self\"><\/a><div class=\"qode-banner-image\"><img decoding=\"async\" itemprop=\"image\" src=\"https:\/\/karibiandescanso.com\/wp-content\/uploads\/2019\/06\/SERIE-ARTICULADOS-.png\" alt=\"\" \/><\/div><div class=\"qode-banner-content\"><div class=\"qode-banner-content-inner\"><div class=\"qode-banner-text-holder\">\n<h5 style=\"text-align: center; color: #ffffff; font-size: 32px;\">\u041a\u041e\u041b\u041b\u0415\u041a\u0426\u0418\u042f<br \/>\n\u0420\u0415\u0413\u0423\u041b\u0418\u0420\u0423\u0415\u041c\u042b\u0425 \u041c\u0410\u0422\u0420\u0410\u0421\u041e\u0412<\/h5>\n<\/div><\/div><\/div><\/div>[\/vc_column_inner][\/vc_row_inner][vc_row_inner row_type=&#8221;row&#8221; type=&#8221;full_width&#8221; text_align=&#8221;left&#8221; css_animation=&#8221;&#8221;][vc_column_inner css=&#8221;.vc_custom_1559661226823{padding-top: 10px !important;padding-right: 20px !important;padding-bottom: 10px !important;padding-left: 20px !important;}&#8221;]<div class=\"qode-banner qode-banner-va-center\"><a class=\"qode-banner-link\" href=\"\/productos\/serie-juvenil-karibian\/\" target=\"_self\"><\/a><div class=\"qode-banner-image\"><img decoding=\"async\" itemprop=\"image\" src=\"https:\/\/karibiandescanso.com\/wp-content\/uploads\/2019\/06\/SERIE-JUVENIL-.png\" alt=\"\" \/><\/div><div class=\"qode-banner-content\"><div class=\"qode-banner-content-inner\"><div class=\"qode-banner-text-holder\">\n<h5 style=\"text-align: center; color: #ffffff; font-size: 32px;\">\u041a\u041e\u041b\u041b\u0415\u041a\u0426\u0418\u042f<br \/>\n\u0414\u0415\u0422\u0421\u041a\u0418\u0425 \u041c\u0410\u0422\u0420\u0410\u0421\u041e\u0412<\/h5>\n<\/div><\/div><\/div><\/div>[\/vc_column_inner][\/vc_row_inner][\/vc_column][\/vc_row]<\/p>\n","protected":false},"excerpt":{"rendered":"<p>[vc_row css_animation=&#8221;&#8221; row_type=&#8221;row&#8221; use_row_as_full_screen_section=&#8221;no&#8221; type=&#8221;grid&#8221; angled_section=&#8221;no&#8221; text_align=&#8221;left&#8221; background_image_as_pattern=&#8221;without_pattern&#8221;][vc_column][vc_empty_space height=&#8221;35px&#8221;][vc_empty_space height=&#8221;20px&#8221;][vc_column_text] \u041c\u044b \u0445\u043e\u0442\u0438\u043c, \u0447\u0442\u043e\u0431\u044b \u0432\u0430\u043c \u0431\u044b\u043b\u043e \u043a\u043e\u043c\u0444\u043e\u0440\u0442\u043d\u043e, \u043a\u0430\u043a \u0434\u043e\u043c\u0430, \u043d\u043e \u043f\u0440\u0438 \u044d\u0442\u043e\u043c \u0432\u044b \u0441\u043c\u043e\u0433\u043b\u0438 \u0443\u0432\u0438\u0434\u0435\u0442\u044c, \u043f\u043e\u0447\u0443\u0432\u0441\u0442\u0432\u043e\u0432\u0430\u0442\u044c \u0438 \u043f\u043e\u043f\u0440\u043e\u0431\u043e\u0432\u0430\u0442\u044c \u0447\u0442\u043e-\u0442\u043e \u043d\u043e\u0432\u043e\u0435. \u0412\u043d\u0438\u043c\u0430\u043d\u0438\u044e \u043a\u043b\u0438\u0435\u043d\u0442\u043e\u0432 \u043f\u0440\u0435\u0434\u043b\u0430\u0433\u0430\u0435\u0442\u0441\u044f 6 \u043a\u043e\u043b\u043b\u0435\u043a\u0446\u0438\u0439 \u2014 \u0432 \u043e\u0431\u0449\u0435\u0439 \u0441\u043b\u043e\u0436\u043d\u043e\u0441\u0442\u0438 \u0431\u043e\u043b\u0435\u0435 40 \u0440\u0430\u0437\u043b\u0438\u0447\u043d\u044b\u0445 \u043d\u0430\u0438\u043c\u0435\u043d\u043e\u0432\u0430\u043d\u0438\u0439 \u0442\u043e\u0432\u0430\u0440\u043e\u0432 \u0434\u043b\u044f \u043e\u0442\u0434\u044b\u0445\u0430&#8230;.<\/p>\n","protected":false},"author":1,"featured_media":0,"parent":0,"menu_order":0,"comment_status":"closed","ping_status":"closed","template":"full_width.php","meta":{"footnotes":""},"class_list":["post-61","page","type-page","status-publish","hentry"],"yoast_head":"<!-- This site is optimized with the Yoast SEO plugin v27.0 - https:\/\/yoast.com\/product\/yoast-seo-wordpress\/ -->\n<title>Colchones Karibian Descanso - Donde est\u00e1 el Descanso<\/title>\n<meta name=\"description\" content=\"Colchones de la firma Karibian Descanso de gran calidad, fabricados con las mejores materiales y la m\u00e1s avanzada tecnolog\u00eda. Descubre nuestro cat\u00e1logo\" \/>\n<meta name=\"robots\" content=\"index, follow, max-snippet:-1, max-image-preview:large, max-video-preview:-1\" \/>\n<link rel=\"canonical\" href=\"https:\/\/karibiandescanso.com\/productos\/\" \/>\n<meta property=\"og:locale\" content=\"ru_RU\" \/>\n<meta property=\"og:type\" content=\"article\" \/>\n<meta property=\"og:title\" content=\"Colchones Karibian Descanso - Donde est\u00e1 el Descanso\" \/>\n<meta property=\"og:description\" content=\"Colchones de la firma Karibian Descanso de gran calidad, fabricados con las mejores materiales y la m\u00e1s avanzada tecnolog\u00eda. Descubre nuestro cat\u00e1logo\" \/>\n<meta property=\"og:url\" content=\"https:\/\/karibiandescanso.com\/productos\/\" \/>\n<meta property=\"og:site_name\" content=\"Karibian Descanso\" \/>\n<meta property=\"article:modified_time\" content=\"2024-07-17T13:25:07+00:00\" \/>\n<meta name=\"twitter:card\" content=\"summary_large_image\" \/>\n<meta name=\"twitter:label1\" content=\"\u041f\u0440\u0438\u043c\u0435\u0440\u043d\u043e\u0435 \u0432\u0440\u0435\u043c\u044f \u0434\u043b\u044f \u0447\u0442\u0435\u043d\u0438\u044f\" \/>\n\t<meta name=\"twitter:data1\" content=\"2 \u043c\u0438\u043d\u0443\u0442\u044b\" \/>\n<script type=\"application\/ld+json\" class=\"yoast-schema-graph\">{\"@context\":\"https:\/\/schema.org\",\"@graph\":[{\"@type\":\"WebPage\",\"@id\":\"https:\/\/karibiandescanso.com\/productos\/\",\"url\":\"https:\/\/karibiandescanso.com\/productos\/\",\"name\":\"Colchones Karibian Descanso - Donde est\u00e1 el Descanso\",\"isPartOf\":{\"@id\":\"https:\/\/karibiandescanso.com\/#website\"},\"datePublished\":\"2017-03-06T16:05:49+00:00\",\"dateModified\":\"2024-07-17T13:25:07+00:00\",\"description\":\"Colchones de la firma Karibian Descanso de gran calidad, fabricados con las mejores materiales y la m\u00e1s avanzada tecnolog\u00eda. Descubre nuestro cat\u00e1logo\",\"breadcrumb\":{\"@id\":\"https:\/\/karibiandescanso.com\/productos\/#breadcrumb\"},\"inLanguage\":\"ru-RU\",\"potentialAction\":[{\"@type\":\"ReadAction\",\"target\":[\"https:\/\/karibiandescanso.com\/productos\/\"]}]},{\"@type\":\"BreadcrumbList\",\"@id\":\"https:\/\/karibiandescanso.com\/productos\/#breadcrumb\",\"itemListElement\":[{\"@type\":\"ListItem\",\"position\":1,\"name\":\"Portada\",\"item\":\"https:\/\/karibiandescanso.com\/\"},{\"@type\":\"ListItem\",\"position\":2,\"name\":\"Productos\"}]},{\"@type\":\"WebSite\",\"@id\":\"https:\/\/karibiandescanso.com\/#website\",\"url\":\"https:\/\/karibiandescanso.com\/\",\"name\":\"Karibian Descanso\",\"description\":\"\u0433\u0434\u0435 \u043e\u0442\u0434\u044b\u0445\",\"potentialAction\":[{\"@type\":\"SearchAction\",\"target\":{\"@type\":\"EntryPoint\",\"urlTemplate\":\"https:\/\/karibiandescanso.com\/?s={search_term_string}\"},\"query-input\":{\"@type\":\"PropertyValueSpecification\",\"valueRequired\":true,\"valueName\":\"search_term_string\"}}],\"inLanguage\":\"ru-RU\"}]}<\/script>\n<!-- \/ Yoast SEO plugin. -->","yoast_head_json":{"title":"Colchones Karibian Descanso - Donde est\u00e1 el Descanso","description":"Colchones de la firma Karibian Descanso de gran calidad, fabricados con las mejores materiales y la m\u00e1s avanzada tecnolog\u00eda. Descubre nuestro cat\u00e1logo","robots":{"index":"index","follow":"follow","max-snippet":"max-snippet:-1","max-image-preview":"max-image-preview:large","max-video-preview":"max-video-preview:-1"},"canonical":"https:\/\/karibiandescanso.com\/productos\/","og_locale":"ru_RU","og_type":"article","og_title":"Colchones Karibian Descanso - Donde est\u00e1 el Descanso","og_description":"Colchones de la firma Karibian Descanso de gran calidad, fabricados con las mejores materiales y la m\u00e1s avanzada tecnolog\u00eda. Descubre nuestro cat\u00e1logo","og_url":"https:\/\/karibiandescanso.com\/productos\/","og_site_name":"Karibian Descanso","article_modified_time":"2024-07-17T13:25:07+00:00","twitter_card":"summary_large_image","twitter_misc":{"\u041f\u0440\u0438\u043c\u0435\u0440\u043d\u043e\u0435 \u0432\u0440\u0435\u043c\u044f \u0434\u043b\u044f \u0447\u0442\u0435\u043d\u0438\u044f":"2 \u043c\u0438\u043d\u0443\u0442\u044b"},"schema":{"@context":"https:\/\/schema.org","@graph":[{"@type":"WebPage","@id":"https:\/\/karibiandescanso.com\/productos\/","url":"https:\/\/karibiandescanso.com\/productos\/","name":"Colchones Karibian Descanso - Donde est\u00e1 el Descanso","isPartOf":{"@id":"https:\/\/karibiandescanso.com\/#website"},"datePublished":"2017-03-06T16:05:49+00:00","dateModified":"2024-07-17T13:25:07+00:00","description":"Colchones de la firma Karibian Descanso de gran calidad, fabricados con las mejores materiales y la m\u00e1s avanzada tecnolog\u00eda. Descubre nuestro cat\u00e1logo","breadcrumb":{"@id":"https:\/\/karibiandescanso.com\/productos\/#breadcrumb"},"inLanguage":"ru-RU","potentialAction":[{"@type":"ReadAction","target":["https:\/\/karibiandescanso.com\/productos\/"]}]},{"@type":"BreadcrumbList","@id":"https:\/\/karibiandescanso.com\/productos\/#breadcrumb","itemListElement":[{"@type":"ListItem","position":1,"name":"Portada","item":"https:\/\/karibiandescanso.com\/"},{"@type":"ListItem","position":2,"name":"Productos"}]},{"@type":"WebSite","@id":"https:\/\/karibiandescanso.com\/#website","url":"https:\/\/karibiandescanso.com\/","name":"Karibian Descanso","description":"\u0433\u0434\u0435 \u043e\u0442\u0434\u044b\u0445","potentialAction":[{"@type":"SearchAction","target":{"@type":"EntryPoint","urlTemplate":"https:\/\/karibiandescanso.com\/?s={search_term_string}"},"query-input":{"@type":"PropertyValueSpecification","valueRequired":true,"valueName":"search_term_string"}}],"inLanguage":"ru-RU"}]}},"_links":{"self":[{"href":"https:\/\/karibiandescanso.com\/ru\/wp-json\/wp\/v2\/pages\/61","targetHints":{"allow":["GET"]}}],"collection":[{"href":"https:\/\/karibiandescanso.com\/ru\/wp-json\/wp\/v2\/pages"}],"about":[{"href":"https:\/\/karibiandescanso.com\/ru\/wp-json\/wp\/v2\/types\/page"}],"author":[{"embeddable":true,"href":"https:\/\/karibiandescanso.com\/ru\/wp-json\/wp\/v2\/users\/1"}],"replies":[{"embeddable":true,"href":"https:\/\/karibiandescanso.com\/ru\/wp-json\/wp\/v2\/comments?post=61"}],"version-history":[{"count":0,"href":"https:\/\/karibiandescanso.com\/ru\/wp-json\/wp\/v2\/pages\/61\/revisions"}],"wp:attachment":[{"href":"https:\/\/karibiandescanso.com\/ru\/wp-json\/wp\/v2\/media?parent=61"}],"curies":[{"name":"wp","href":"https:\/\/api.w.org\/{rel}","templated":true}]}}